{"id":2059,"date":"2024-09-18T09:37:31","date_gmt":"2024-09-18T07:37:31","guid":{"rendered":"https:\/\/blogsaverroes.juntadeandalucia.es\/bibliotecapoetajosemarcelo\/?page_id=2059"},"modified":"2024-09-18T09:37:31","modified_gmt":"2024-09-18T07:37:31","slug":"aprendemos-con-arte","status":"publish","type":"page","link":"https:\/\/blogsaverroes.juntadeandalucia.es\/bibliotecapoetajosemarcelo\/aprendemos-con-arte\/","title":{"rendered":"Aprendemos con Arte"},"content":{"rendered":"<p><a href=\"https:\/\/blogsaverroes.juntadeandalucia.es\/bibliotecapoetajosemarcelo\/2024\/09\/06\/aprendemos-con-arte\/\"><img loading=\"lazy\" decoding=\"async\" class=\"alignnone size-medium wp-image-2044 aligncenter\" src=\"https:\/\/blogsaverroes.juntadeandalucia.es\/bibliotecapoetajosemarcelo\/files\/2024\/09\/VICENTE-SORPRENDENTE-18-EL-VICENTE-TIENE-ARTE-200x300.jpg\" alt=\"\" width=\"200\" height=\"300\" srcset=\"https:\/\/blogsaverroes.juntadeandalucia.es\/bibliotecapoetajosemarcelo\/files\/2024\/09\/VICENTE-SORPRENDENTE-18-EL-VICENTE-TIENE-ARTE-200x300.jpg 200w, https:\/\/blogsaverroes.juntadeandalucia.es\/bibliotecapoetajosemarcelo\/files\/2024\/09\/VICENTE-SORPRENDENTE-18-EL-VICENTE-TIENE-ARTE.jpg 505w\" sizes=\"(max-width: 200px) 100vw, 200px\" \/><\/a><\/p>\n<p>En el Vicente, el verdadero aprendizaje se lleva a cabo gracias a ese Arte que todos y todas llevamos dentro:<\/p>\n<p style=\"text-align: center\"><strong><span style=\"color: #0000ff\"><a style=\"color: #0000ff\" href=\"https:\/\/drive.google.com\/file\/d\/1Y309Xyy1RVuVHJDwnCSaQ-Txsc6QQzDd\/view?usp=sharing\"> Aprender con Arte<\/a><\/span><\/strong>.<\/p>\n<p>Y <em><strong>Aprender con Arte<\/strong><\/em> se consigue gracias a la ilusi\u00f3n y creatividad de todos los que participamos en la elaboraci\u00f3n de algo distinto a la ense\u00f1anza tradicional. La edificaci\u00f3n del arte de ense\u00f1ar y a la vez aprender, con actividades y situaciones que nos obligan a entender que: somos personas iguales, ni\u00f1os y ni\u00f1as, diversos pero unidos por la alegr\u00eda de construir juntos, venciendo temores y fatigas, emocion\u00e1ndonos con la solidaridad y compromiso con los dem\u00e1s, confiando en mejorar el mundo m\u00e1s pr\u00f3ximo que nos rodea, creciendo en la esperanza de ser m\u00e1s personas.<\/p>\n<p>Esta revista quiere ser un compendio de parte del trabajo art\u00edstico-educativo que ha tenido lugar en el curso escolar 2023\/2024.<\/p>\n<p><span style=\"font-family: 'times new roman', times, serif\"><strong>\u00bfQu\u00e9 te ha parecido?<\/strong><\/span><\/p>\n<p>Para completarlo te esperamos en N\u00ba 19 de nuestra revista escolar<\/p>\n<p style=\"text-align: center\"><span style=\"font-size: 14pt\"><strong><em><span style=\"font-family: 'comic sans ms', sans-serif;color: #ff0000\"> \u00abEL VICENTE TIENE ARTE\u00bb<\/span><\/em><\/strong><\/span><\/p>\n","protected":false},"excerpt":{"rendered":"<p>En el Vicente, el verdadero aprendizaje se lleva a cabo gracias a ese Arte que todos y todas llevamos dentro: Aprender con Arte. Y Aprender con Arte se consigue gracias a la ilusi\u00f3n y creatividad de todos los que participamos en la elaboraci\u00f3n de algo distinto a la ense\u00f1anza tradicional. La edificaci\u00f3n del arte de &hellip; <\/p>\n<p><a class=\"more-link btn\" href=\"https:\/\/blogsaverroes.juntadeandalucia.es\/bibliotecapoetajosemarcelo\/aprendemos-con-arte\/\">Seguir leyendo<\/a><\/p>\n","protected":false},"author":2262,"featured_media":0,"parent":0,"menu_order":0,"comment_status":"closed","ping_status":"closed","template":"","meta":{"ngg_post_thumbnail":0,"footnotes":""},"aioseo_notices":[],"post_mailing_queue_ids":[],"_links":{"self":[{"href":"https:\/\/blogsaverroes.juntadeandalucia.es\/bibliotecapoetajosemarcelo\/wp-json\/wp\/v2\/pages\/2059"}],"collection":[{"href":"https:\/\/blogsaverroes.juntadeandalucia.es\/bibliotecapoetajosemarcelo\/wp-json\/wp\/v2\/pages"}],"about":[{"href":"https:\/\/blogsaverroes.juntadeandalucia.es\/bibliotecapoetajosemarcelo\/wp-json\/wp\/v2\/types\/page"}],"author":[{"embeddable":true,"href":"https:\/\/blogsaverroes.juntadeandalucia.es\/bibliotecapoetajosemarcelo\/wp-json\/wp\/v2\/users\/2262"}],"replies":[{"embeddable":true,"href":"https:\/\/blogsaverroes.juntadeandalucia.es\/bibliotecapoetajosemarcelo\/wp-json\/wp\/v2\/comments?post=2059"}],"version-history":[{"count":1,"href":"https:\/\/blogsaverroes.juntadeandalucia.es\/bibliotecapoetajosemarcelo\/wp-json\/wp\/v2\/pages\/2059\/revisions"}],"predecessor-version":[{"id":2060,"href":"https:\/\/blogsaverroes.juntadeandalucia.es\/bibliotecapoetajosemarcelo\/wp-json\/wp\/v2\/pages\/2059\/revisions\/2060"}],"wp:attachment":[{"href":"https:\/\/blogsaverroes.juntadeandalucia.es\/bibliotecapoetajosemarcelo\/wp-json\/wp\/v2\/media?parent=2059"}],"curies":[{"name":"wp","href":"https:\/\/api.w.org\/{rel}","templated":true}]}}