{"id":22,"date":"2020-11-30T11:48:29","date_gmt":"2020-11-30T10:48:29","guid":{"rendered":"https:\/\/blogsaverroes.juntadeandalucia.es\/bibliotecapoetajosemarcelo\/?page_id=22"},"modified":"2021-01-04T11:52:20","modified_gmt":"2021-01-04T10:52:20","slug":"revista-escolar","status":"publish","type":"page","link":"https:\/\/blogsaverroes.juntadeandalucia.es\/bibliotecapoetajosemarcelo\/revista-escolar\/","title":{"rendered":"Revista escolar"},"content":{"rendered":"<p><a href=\"http:\/\/elgusanillodelalectura.blogspot.com\/p\/revista.html\"><strong style=\"font-style: inherit\"><em>\u00abVicente Sorprendente\u00bb<\/em><\/strong>&nbsp;<\/a>es el nombre de nuestra revista escolar.<\/p>\n<p>En esta p\u00e1gina vamos a poder encontrar todas las publicaciones. Iremos colgando las nuevas cuando se vayan editando para que pod\u00e1is acceder a ellas&nbsp; forma digital y la disfrut\u00e9is desde cualquier lugar.<\/p>\n<p>El equipo de trabajo est\u00e1 compuesto por alumnado de 2\u00ba a 6\u00ba de Primaria. La coordinaci\u00f3n y maquetaci\u00f3n est\u00e1 formada por un equipo de tres docentes y, el consejo de redacci\u00f3n, es el claustros de maestros y maestros.<\/p>\n<p>Nuestra revista presenta el formato digital y en papel.&nbsp;<\/p>\n<p>Se publican dos n\u00fameros al a\u00f1o.<\/p>\n<p>Os invitamos a descubrirla, disfrutarla y conocernos.<\/p>\n<p style=\"text-align: center\"><span style=\"color: #008000\"><a style=\"color: #008000\" href=\"http:\/\/elgusanillodelalectura.blogspot.com\/p\/revista.html\"><span style=\"font-family: 'comic sans ms', sans-serif;font-size: 24pt\"><strong><span style=\"font-size: 36pt\">V<\/span>icente <span style=\"font-size: 36pt\">S<\/span>orprendente<\/strong><\/span><\/a><\/span><\/p>\n<p>&nbsp;<\/p>\n<p>&nbsp;<\/p>\n<p>&nbsp;<\/p>\n<p>&nbsp;<\/p>\n","protected":false},"excerpt":{"rendered":"<p>\u00abVicente Sorprendente\u00bb&nbsp;es el nombre de nuestra revista escolar. En esta p\u00e1gina vamos a poder encontrar todas las publicaciones. Iremos colgando las nuevas cuando se vayan editando para que pod\u00e1is acceder a ellas&nbsp; forma digital y la disfrut\u00e9is desde cualquier lugar. El equipo de trabajo est\u00e1 compuesto por alumnado de 2\u00ba a 6\u00ba de Primaria. La &hellip; <\/p>\n<p><a class=\"more-link btn\" href=\"https:\/\/blogsaverroes.juntadeandalucia.es\/bibliotecapoetajosemarcelo\/revista-escolar\/\">Seguir leyendo<\/a><\/p>\n","protected":false},"author":2262,"featured_media":0,"parent":0,"menu_order":0,"comment_status":"closed","ping_status":"closed","template":"","meta":{"ngg_post_thumbnail":0,"footnotes":""},"aioseo_notices":[],"post_mailing_queue_ids":[],"_links":{"self":[{"href":"https:\/\/blogsaverroes.juntadeandalucia.es\/bibliotecapoetajosemarcelo\/wp-json\/wp\/v2\/pages\/22"}],"collection":[{"href":"https:\/\/blogsaverroes.juntadeandalucia.es\/bibliotecapoetajosemarcelo\/wp-json\/wp\/v2\/pages"}],"about":[{"href":"https:\/\/blogsaverroes.juntadeandalucia.es\/bibliotecapoetajosemarcelo\/wp-json\/wp\/v2\/types\/page"}],"author":[{"embeddable":true,"href":"https:\/\/blogsaverroes.juntadeandalucia.es\/bibliotecapoetajosemarcelo\/wp-json\/wp\/v2\/users\/2262"}],"replies":[{"embeddable":true,"href":"https:\/\/blogsaverroes.juntadeandalucia.es\/bibliotecapoetajosemarcelo\/wp-json\/wp\/v2\/comments?post=22"}],"version-history":[{"count":3,"href":"https:\/\/blogsaverroes.juntadeandalucia.es\/bibliotecapoetajosemarcelo\/wp-json\/wp\/v2\/pages\/22\/revisions"}],"predecessor-version":[{"id":342,"href":"https:\/\/blogsaverroes.juntadeandalucia.es\/bibliotecapoetajosemarcelo\/wp-json\/wp\/v2\/pages\/22\/revisions\/342"}],"wp:attachment":[{"href":"https:\/\/blogsaverroes.juntadeandalucia.es\/bibliotecapoetajosemarcelo\/wp-json\/wp\/v2\/media?parent=22"}],"curies":[{"name":"wp","href":"https:\/\/api.w.org\/{rel}","templated":true}]}}