{"id":23,"date":"2022-03-30T11:48:29","date_gmt":"2022-03-30T09:48:29","guid":{"rendered":"https:\/\/blogsaverroes.juntadeandalucia.es\/bibliotecapoetajosemarcelo\/?page_id=23"},"modified":"2023-01-31T10:55:21","modified_gmt":"2023-01-31T09:55:21","slug":"recursos","status":"publish","type":"page","link":"https:\/\/blogsaverroes.juntadeandalucia.es\/bibliotecapoetajosemarcelo\/recursos\/","title":{"rendered":"Recursos"},"content":{"rendered":"<p><img loading=\"lazy\" decoding=\"async\" class=\"alignnone size-medium wp-image-109 aligncenter\" src=\"https:\/\/blogsaverroes.juntadeandalucia.es\/bibliotecapoetajosemarcelo\/files\/2020\/04\/Libro-con-dibujos-300x180.png\" alt=\"\" width=\"300\" height=\"180\" srcset=\"https:\/\/blogsaverroes.juntadeandalucia.es\/bibliotecapoetajosemarcelo\/files\/2020\/04\/Libro-con-dibujos-300x180.png 300w, https:\/\/blogsaverroes.juntadeandalucia.es\/bibliotecapoetajosemarcelo\/files\/2020\/04\/Libro-con-dibujos-768x460.png 768w, https:\/\/blogsaverroes.juntadeandalucia.es\/bibliotecapoetajosemarcelo\/files\/2020\/04\/Libro-con-dibujos-24x14.png 24w, https:\/\/blogsaverroes.juntadeandalucia.es\/bibliotecapoetajosemarcelo\/files\/2020\/04\/Libro-con-dibujos-36x22.png 36w, https:\/\/blogsaverroes.juntadeandalucia.es\/bibliotecapoetajosemarcelo\/files\/2020\/04\/Libro-con-dibujos-48x29.png 48w, https:\/\/blogsaverroes.juntadeandalucia.es\/bibliotecapoetajosemarcelo\/files\/2020\/04\/Libro-con-dibujos.png 800w\" sizes=\"(max-width: 300px) 100vw, 300px\" \/> <img loading=\"lazy\" decoding=\"async\" class=\"alignnone size-medium wp-image-114 aligncenter\" src=\"https:\/\/blogsaverroes.juntadeandalucia.es\/bibliotecapoetajosemarcelo\/files\/2020\/04\/social-media-2-791x675-300x256.png\" alt=\"\" width=\"300\" height=\"256\" srcset=\"https:\/\/blogsaverroes.juntadeandalucia.es\/bibliotecapoetajosemarcelo\/files\/2020\/04\/social-media-2-791x675-300x256.png 300w, https:\/\/blogsaverroes.juntadeandalucia.es\/bibliotecapoetajosemarcelo\/files\/2020\/04\/social-media-2-791x675-768x655.png 768w, https:\/\/blogsaverroes.juntadeandalucia.es\/bibliotecapoetajosemarcelo\/files\/2020\/04\/social-media-2-791x675-24x20.png 24w, https:\/\/blogsaverroes.juntadeandalucia.es\/bibliotecapoetajosemarcelo\/files\/2020\/04\/social-media-2-791x675-36x31.png 36w, https:\/\/blogsaverroes.juntadeandalucia.es\/bibliotecapoetajosemarcelo\/files\/2020\/04\/social-media-2-791x675-48x41.png 48w, https:\/\/blogsaverroes.juntadeandalucia.es\/bibliotecapoetajosemarcelo\/files\/2020\/04\/social-media-2-791x675.png 791w\" sizes=\"(max-width: 300px) 100vw, 300px\" \/><\/p>\n<p>En esta p\u00e1gina vamos a ir alojando recursos diversos que se pueden adaptar a la etapa de Educaci\u00f3n Infantil y Primaria.<\/p>\n<p>Vamos a establecer distintos categor\u00edas:<\/p>\n<ul>\n<li>Cortos y documentales.<\/li>\n<li>Cuentos.<\/li>\n<li>Pel\u00edculas.<\/li>\n<li>Programa de atenci\u00f3n, habilidades sociales, &#8230;<\/li>\n<\/ul>\n","protected":false},"excerpt":{"rendered":"<p>En esta p\u00e1gina vamos a ir alojando recursos diversos que se pueden adaptar a la etapa de Educaci\u00f3n Infantil y Primaria. Vamos a establecer distintos categor\u00edas: Cortos y documentales. Cuentos. Pel\u00edculas. Programa de atenci\u00f3n, habilidades sociales, &#8230;<\/p>\n","protected":false},"author":2262,"featured_media":0,"parent":0,"menu_order":0,"comment_status":"closed","ping_status":"closed","template":"","meta":{"ngg_post_thumbnail":0,"footnotes":""},"aioseo_notices":[],"post_mailing_queue_ids":[],"_links":{"self":[{"href":"https:\/\/blogsaverroes.juntadeandalucia.es\/bibliotecapoetajosemarcelo\/wp-json\/wp\/v2\/pages\/23"}],"collection":[{"href":"https:\/\/blogsaverroes.juntadeandalucia.es\/bibliotecapoetajosemarcelo\/wp-json\/wp\/v2\/pages"}],"about":[{"href":"https:\/\/blogsaverroes.juntadeandalucia.es\/bibliotecapoetajosemarcelo\/wp-json\/wp\/v2\/types\/page"}],"author":[{"embeddable":true,"href":"https:\/\/blogsaverroes.juntadeandalucia.es\/bibliotecapoetajosemarcelo\/wp-json\/wp\/v2\/users\/2262"}],"replies":[{"embeddable":true,"href":"https:\/\/blogsaverroes.juntadeandalucia.es\/bibliotecapoetajosemarcelo\/wp-json\/wp\/v2\/comments?post=23"}],"version-history":[{"count":4,"href":"https:\/\/blogsaverroes.juntadeandalucia.es\/bibliotecapoetajosemarcelo\/wp-json\/wp\/v2\/pages\/23\/revisions"}],"predecessor-version":[{"id":1567,"href":"https:\/\/blogsaverroes.juntadeandalucia.es\/bibliotecapoetajosemarcelo\/wp-json\/wp\/v2\/pages\/23\/revisions\/1567"}],"wp:attachment":[{"href":"https:\/\/blogsaverroes.juntadeandalucia.es\/bibliotecapoetajosemarcelo\/wp-json\/wp\/v2\/media?parent=23"}],"curies":[{"name":"wp","href":"https:\/\/api.w.org\/{rel}","templated":true}]}}