{"id":312,"date":"2020-12-28T14:07:55","date_gmt":"2020-12-28T13:07:55","guid":{"rendered":"https:\/\/blogsaverroes.juntadeandalucia.es\/bibliotecapoetajosemarcelo\/?page_id=312"},"modified":"2021-01-04T11:38:29","modified_gmt":"2021-01-04T10:38:29","slug":"comparte-libros-comparte-suenos","status":"publish","type":"page","link":"https:\/\/blogsaverroes.juntadeandalucia.es\/bibliotecapoetajosemarcelo\/comparte-libros-comparte-suenos\/","title":{"rendered":"Comparte libros, comparte sue\u00f1os"},"content":{"rendered":"<p style=\"text-align: justify\"><a href=\"https:\/\/blogsaverroes.juntadeandalucia.es\/ceipvicentealeixandre\/files\/2020\/03\/descarga-2.jpg\"><img loading=\"lazy\" decoding=\"async\" class=\"alignnone size-full wp-image-2661 aligncenter\" src=\"https:\/\/blogsaverroes.juntadeandalucia.es\/ceipvicentealeixandre\/files\/2020\/03\/descarga-2.jpg\" alt=\"\" width=\"286\" height=\"176\"><span style=\"color: #000000\">Compartir vivencias y experiencia es la herramienta de comunicaci\u00f3n m\u00e1s potente que tenemos.&nbsp;<\/span><\/a><\/p>\n<p style=\"text-align: justify\">En esta p\u00e1gina, os invitamos a compartir aquellos libros que son y han sido importante para vosotros y vosotras. <span style=\"color: #0000ff\"><strong>Pincha en la imagen y abr\u00e1zalos.<\/strong><\/span><\/p>\n<p><a href=\"http:\/\/elgusanillodelalectura.blogspot.com\/p\/leer-por-placer.html\"><img loading=\"lazy\" decoding=\"async\" class=\"alignnone size-full wp-image-336 aligncenter\" src=\"https:\/\/blogsaverroes.juntadeandalucia.es\/bibliotecapoetajosemarcelo\/files\/2021\/01\/libros-y-personajes.jpg\" alt=\"\" width=\"200\" height=\"170\" srcset=\"https:\/\/blogsaverroes.juntadeandalucia.es\/bibliotecapoetajosemarcelo\/files\/2021\/01\/libros-y-personajes.jpg 200w, https:\/\/blogsaverroes.juntadeandalucia.es\/bibliotecapoetajosemarcelo\/files\/2021\/01\/libros-y-personajes-24x20.jpg 24w, https:\/\/blogsaverroes.juntadeandalucia.es\/bibliotecapoetajosemarcelo\/files\/2021\/01\/libros-y-personajes-36x31.jpg 36w, https:\/\/blogsaverroes.juntadeandalucia.es\/bibliotecapoetajosemarcelo\/files\/2021\/01\/libros-y-personajes-48x41.jpg 48w\" sizes=\"(max-width: 200px) 100vw, 200px\" \/><\/a><\/p>\n<h1 style=\"text-align: center\"><em><span style=\"color: #ff0000\">\u00abLEER TE HACE VOLAR Y <\/span><\/em><\/h1>\n<h1 style=\"text-align: center\"><em><span style=\"color: #ff0000\">BUSCAR NUEVOS MUNDOS\u00bb<\/span><\/em><\/h1>\n<p>&nbsp;<\/p>\n","protected":false},"excerpt":{"rendered":"<p>Compartir vivencias y experiencia es la herramienta de comunicaci\u00f3n m\u00e1s potente que tenemos.&nbsp; En esta p\u00e1gina, os invitamos a compartir aquellos libros que son y han sido importante para vosotros y vosotras. Pincha en la imagen y abr\u00e1zalos. \u00abLEER TE HACE VOLAR Y BUSCAR NUEVOS MUNDOS\u00bb &nbsp;<\/p>\n","protected":false},"author":2262,"featured_media":0,"parent":0,"menu_order":0,"comment_status":"closed","ping_status":"closed","template":"","meta":{"ngg_post_thumbnail":0,"footnotes":""},"aioseo_notices":[],"post_mailing_queue_ids":[],"_links":{"self":[{"href":"https:\/\/blogsaverroes.juntadeandalucia.es\/bibliotecapoetajosemarcelo\/wp-json\/wp\/v2\/pages\/312"}],"collection":[{"href":"https:\/\/blogsaverroes.juntadeandalucia.es\/bibliotecapoetajosemarcelo\/wp-json\/wp\/v2\/pages"}],"about":[{"href":"https:\/\/blogsaverroes.juntadeandalucia.es\/bibliotecapoetajosemarcelo\/wp-json\/wp\/v2\/types\/page"}],"author":[{"embeddable":true,"href":"https:\/\/blogsaverroes.juntadeandalucia.es\/bibliotecapoetajosemarcelo\/wp-json\/wp\/v2\/users\/2262"}],"replies":[{"embeddable":true,"href":"https:\/\/blogsaverroes.juntadeandalucia.es\/bibliotecapoetajosemarcelo\/wp-json\/wp\/v2\/comments?post=312"}],"version-history":[{"count":3,"href":"https:\/\/blogsaverroes.juntadeandalucia.es\/bibliotecapoetajosemarcelo\/wp-json\/wp\/v2\/pages\/312\/revisions"}],"predecessor-version":[{"id":338,"href":"https:\/\/blogsaverroes.juntadeandalucia.es\/bibliotecapoetajosemarcelo\/wp-json\/wp\/v2\/pages\/312\/revisions\/338"}],"wp:attachment":[{"href":"https:\/\/blogsaverroes.juntadeandalucia.es\/bibliotecapoetajosemarcelo\/wp-json\/wp\/v2\/media?parent=312"}],"curies":[{"name":"wp","href":"https:\/\/api.w.org\/{rel}","templated":true}]}}