{"id":326,"date":"2020-12-29T11:09:50","date_gmt":"2020-12-29T10:09:50","guid":{"rendered":"https:\/\/blogsaverroes.juntadeandalucia.es\/bibliotecapoetajosemarcelo\/?page_id=326"},"modified":"2020-12-29T11:14:14","modified_gmt":"2020-12-29T10:14:14","slug":"felicitaciones-navidenas","status":"publish","type":"page","link":"https:\/\/blogsaverroes.juntadeandalucia.es\/bibliotecapoetajosemarcelo\/felicitaciones-navidenas\/","title":{"rendered":"Felicitaciones Navide\u00f1as 2020"},"content":{"rendered":"<p>El <strong><em><span style=\"color: #008000\">C<\/span><\/em><\/strong><span style=\"font-size: 14pt\"><em><strong><span style=\"color: #008000\">oncurso de Felicitaciones Navide\u00f1as<\/span><\/strong><\/em><\/span> es una de las primeras actividades que realizamos a nivel colectivo. Cada curso escolar la tem\u00e1tica est\u00e1 relacionada con el proyecto de trabajo, que es el hilo conductor, de las actividades a realizar.<\/p>\n<p><strong><span style=\"font-size: 14pt;color: #800000\">CURSO ESCOLAR 2020\/2021<\/span><\/strong><\/p>\n<p style=\"text-align: center\"><img loading=\"lazy\" decoding=\"async\" class=\"alignnone size-medium wp-image-266\" src=\"https:\/\/blogsaverroes.juntadeandalucia.es\/bibliotecapoetajosemarcelo\/files\/2020\/12\/CONCURSO-FELICITACIONES-NAVIDE\u00d1AS-212x300.png\" alt=\"\" width=\"212\" height=\"300\" srcset=\"https:\/\/blogsaverroes.juntadeandalucia.es\/bibliotecapoetajosemarcelo\/files\/2020\/12\/CONCURSO-FELICITACIONES-NAVIDE\u00d1AS-212x300.png 212w, https:\/\/blogsaverroes.juntadeandalucia.es\/bibliotecapoetajosemarcelo\/files\/2020\/12\/CONCURSO-FELICITACIONES-NAVIDE\u00d1AS-724x1024.png 724w, https:\/\/blogsaverroes.juntadeandalucia.es\/bibliotecapoetajosemarcelo\/files\/2020\/12\/CONCURSO-FELICITACIONES-NAVIDE\u00d1AS-768x1086.png 768w, https:\/\/blogsaverroes.juntadeandalucia.es\/bibliotecapoetajosemarcelo\/files\/2020\/12\/CONCURSO-FELICITACIONES-NAVIDE\u00d1AS-1086x1536.png 1086w, https:\/\/blogsaverroes.juntadeandalucia.es\/bibliotecapoetajosemarcelo\/files\/2020\/12\/CONCURSO-FELICITACIONES-NAVIDE\u00d1AS-1448x2048.png 1448w, https:\/\/blogsaverroes.juntadeandalucia.es\/bibliotecapoetajosemarcelo\/files\/2020\/12\/CONCURSO-FELICITACIONES-NAVIDE\u00d1AS-17x24.png 17w, https:\/\/blogsaverroes.juntadeandalucia.es\/bibliotecapoetajosemarcelo\/files\/2020\/12\/CONCURSO-FELICITACIONES-NAVIDE\u00d1AS-25x36.png 25w, https:\/\/blogsaverroes.juntadeandalucia.es\/bibliotecapoetajosemarcelo\/files\/2020\/12\/CONCURSO-FELICITACIONES-NAVIDE\u00d1AS-34x48.png 34w, https:\/\/blogsaverroes.juntadeandalucia.es\/bibliotecapoetajosemarcelo\/files\/2020\/12\/CONCURSO-FELICITACIONES-NAVIDE\u00d1AS.png 1587w\" sizes=\"(max-width: 212px) 100vw, 212px\" \/>&nbsp; &nbsp; &nbsp; &nbsp; &nbsp; &nbsp; &nbsp;<img loading=\"lazy\" decoding=\"async\" class=\"alignnone size-medium wp-image-287\" src=\"https:\/\/blogsaverroes.juntadeandalucia.es\/bibliotecapoetajosemarcelo\/files\/2020\/12\/Relacion-de-alumnado-ganador-Concurso-de-Felicitaciones-Navide\u00f1as-2020-219x300.jpeg\" alt=\"\" width=\"219\" height=\"300\" srcset=\"https:\/\/blogsaverroes.juntadeandalucia.es\/bibliotecapoetajosemarcelo\/files\/2020\/12\/Relacion-de-alumnado-ganador-Concurso-de-Felicitaciones-Navide\u00f1as-2020-219x300.jpeg 219w, https:\/\/blogsaverroes.juntadeandalucia.es\/bibliotecapoetajosemarcelo\/files\/2020\/12\/Relacion-de-alumnado-ganador-Concurso-de-Felicitaciones-Navide\u00f1as-2020-746x1024.jpeg 746w, https:\/\/blogsaverroes.juntadeandalucia.es\/bibliotecapoetajosemarcelo\/files\/2020\/12\/Relacion-de-alumnado-ganador-Concurso-de-Felicitaciones-Navide\u00f1as-2020-768x1054.jpeg 768w, https:\/\/blogsaverroes.juntadeandalucia.es\/bibliotecapoetajosemarcelo\/files\/2020\/12\/Relacion-de-alumnado-ganador-Concurso-de-Felicitaciones-Navide\u00f1as-2020-1119x1536.jpeg 1119w, https:\/\/blogsaverroes.juntadeandalucia.es\/bibliotecapoetajosemarcelo\/files\/2020\/12\/Relacion-de-alumnado-ganador-Concurso-de-Felicitaciones-Navide\u00f1as-2020-1492x2048.jpeg 1492w, https:\/\/blogsaverroes.juntadeandalucia.es\/bibliotecapoetajosemarcelo\/files\/2020\/12\/Relacion-de-alumnado-ganador-Concurso-de-Felicitaciones-Navide\u00f1as-2020-17x24.jpeg 17w, https:\/\/blogsaverroes.juntadeandalucia.es\/bibliotecapoetajosemarcelo\/files\/2020\/12\/Relacion-de-alumnado-ganador-Concurso-de-Felicitaciones-Navide\u00f1as-2020-26x36.jpeg 26w, https:\/\/blogsaverroes.juntadeandalucia.es\/bibliotecapoetajosemarcelo\/files\/2020\/12\/Relacion-de-alumnado-ganador-Concurso-de-Felicitaciones-Navide\u00f1as-2020-35x48.jpeg 35w, https:\/\/blogsaverroes.juntadeandalucia.es\/bibliotecapoetajosemarcelo\/files\/2020\/12\/Relacion-de-alumnado-ganador-Concurso-de-Felicitaciones-Navide\u00f1as-2020.jpeg 1654w\" sizes=\"(max-width: 219px) 100vw, 219px\" \/><\/p>\n<p>&nbsp;<\/p>\n<p>La felicitaci\u00f3n ganadora ha sido la dise\u00f1ada por <strong><em><span style=\"color: #800080\">DANIELA CORNEJO SANTOS PEREIRA<\/span><\/em><\/strong>, alumna de 6\u00ba C. Pincha en la imagen para ver todas las felicitaciones seleccionadas.<\/p>\n<p><a href=\"https:\/\/drive.google.com\/drive\/u\/2\/folders\/1hrxvuyhp9Po74s-nXQnrMCMLmjYqhpeL\"><img loading=\"lazy\" decoding=\"async\" class=\"alignnone size-medium wp-image-286 aligncenter\" src=\"https:\/\/blogsaverroes.juntadeandalucia.es\/bibliotecapoetajosemarcelo\/files\/2020\/12\/FELICITACIONES-NAVIDE\u00d1AS-2020-2-300x141.jpg\" alt=\"\" width=\"300\" height=\"141\" srcset=\"https:\/\/blogsaverroes.juntadeandalucia.es\/bibliotecapoetajosemarcelo\/files\/2020\/12\/FELICITACIONES-NAVIDE\u00d1AS-2020-2-300x141.jpg 300w, https:\/\/blogsaverroes.juntadeandalucia.es\/bibliotecapoetajosemarcelo\/files\/2020\/12\/FELICITACIONES-NAVIDE\u00d1AS-2020-2-24x11.jpg 24w, https:\/\/blogsaverroes.juntadeandalucia.es\/bibliotecapoetajosemarcelo\/files\/2020\/12\/FELICITACIONES-NAVIDE\u00d1AS-2020-2-36x17.jpg 36w, https:\/\/blogsaverroes.juntadeandalucia.es\/bibliotecapoetajosemarcelo\/files\/2020\/12\/FELICITACIONES-NAVIDE\u00d1AS-2020-2-48x23.jpg 48w, https:\/\/blogsaverroes.juntadeandalucia.es\/bibliotecapoetajosemarcelo\/files\/2020\/12\/FELICITACIONES-NAVIDE\u00d1AS-2020-2.jpg 752w\" sizes=\"(max-width: 300px) 100vw, 300px\" \/><\/a><\/p>\n<p>&nbsp;<\/p>\n<p>&nbsp;<\/p>\n","protected":false},"excerpt":{"rendered":"<p>El Concurso de Felicitaciones Navide\u00f1as es una de las primeras actividades que realizamos a nivel colectivo. Cada curso escolar la tem\u00e1tica est\u00e1 relacionada con el proyecto de trabajo, que es el hilo conductor, de las actividades a realizar. CURSO ESCOLAR 2020\/2021 &nbsp; &nbsp; &nbsp; &nbsp; &nbsp; &nbsp; &nbsp; &nbsp; La felicitaci\u00f3n ganadora ha sido la &hellip; <\/p>\n<p><a class=\"more-link btn\" href=\"https:\/\/blogsaverroes.juntadeandalucia.es\/bibliotecapoetajosemarcelo\/felicitaciones-navidenas\/\">Seguir leyendo<\/a><\/p>\n","protected":false},"author":2262,"featured_media":0,"parent":0,"menu_order":0,"comment_status":"closed","ping_status":"closed","template":"","meta":{"ngg_post_thumbnail":0,"footnotes":""},"aioseo_notices":[],"post_mailing_queue_ids":[],"_links":{"self":[{"href":"https:\/\/blogsaverroes.juntadeandalucia.es\/bibliotecapoetajosemarcelo\/wp-json\/wp\/v2\/pages\/326"}],"collection":[{"href":"https:\/\/blogsaverroes.juntadeandalucia.es\/bibliotecapoetajosemarcelo\/wp-json\/wp\/v2\/pages"}],"about":[{"href":"https:\/\/blogsaverroes.juntadeandalucia.es\/bibliotecapoetajosemarcelo\/wp-json\/wp\/v2\/types\/page"}],"author":[{"embeddable":true,"href":"https:\/\/blogsaverroes.juntadeandalucia.es\/bibliotecapoetajosemarcelo\/wp-json\/wp\/v2\/users\/2262"}],"replies":[{"embeddable":true,"href":"https:\/\/blogsaverroes.juntadeandalucia.es\/bibliotecapoetajosemarcelo\/wp-json\/wp\/v2\/comments?post=326"}],"version-history":[{"count":2,"href":"https:\/\/blogsaverroes.juntadeandalucia.es\/bibliotecapoetajosemarcelo\/wp-json\/wp\/v2\/pages\/326\/revisions"}],"predecessor-version":[{"id":330,"href":"https:\/\/blogsaverroes.juntadeandalucia.es\/bibliotecapoetajosemarcelo\/wp-json\/wp\/v2\/pages\/326\/revisions\/330"}],"wp:attachment":[{"href":"https:\/\/blogsaverroes.juntadeandalucia.es\/bibliotecapoetajosemarcelo\/wp-json\/wp\/v2\/media?parent=326"}],"curies":[{"name":"wp","href":"https:\/\/api.w.org\/{rel}","templated":true}]}}