{"id":51,"date":"2020-04-01T11:43:24","date_gmt":"2020-04-01T09:43:24","guid":{"rendered":"https:\/\/blogsaverroes.juntadeandalucia.es\/bibliotecapoetajosemarcelo\/?page_id=51"},"modified":"2020-04-01T11:43:24","modified_gmt":"2020-04-01T09:43:24","slug":"matematicas","status":"publish","type":"page","link":"https:\/\/blogsaverroes.juntadeandalucia.es\/bibliotecapoetajosemarcelo\/matematicas\/","title":{"rendered":"Matem\u00e1ticas"},"content":{"rendered":"<p>En esta secci\u00f3n podr\u00e1s encontrar recursos educativos para trabajar la competencia matem\u00e1tica en todos los niveles.<\/p>\n","protected":false},"excerpt":{"rendered":"<p>En esta secci\u00f3n podr\u00e1s encontrar recursos educativos para trabajar la competencia matem\u00e1tica en todos los niveles.<\/p>\n","protected":false},"author":2262,"featured_media":0,"parent":0,"menu_order":0,"comment_status":"closed","ping_status":"closed","template":"","meta":{"ngg_post_thumbnail":0,"footnotes":""},"aioseo_notices":[],"post_mailing_queue_ids":[],"_links":{"self":[{"href":"https:\/\/blogsaverroes.juntadeandalucia.es\/bibliotecapoetajosemarcelo\/wp-json\/wp\/v2\/pages\/51"}],"collection":[{"href":"https:\/\/blogsaverroes.juntadeandalucia.es\/bibliotecapoetajosemarcelo\/wp-json\/wp\/v2\/pages"}],"about":[{"href":"https:\/\/blogsaverroes.juntadeandalucia.es\/bibliotecapoetajosemarcelo\/wp-json\/wp\/v2\/types\/page"}],"author":[{"embeddable":true,"href":"https:\/\/blogsaverroes.juntadeandalucia.es\/bibliotecapoetajosemarcelo\/wp-json\/wp\/v2\/users\/2262"}],"replies":[{"embeddable":true,"href":"https:\/\/blogsaverroes.juntadeandalucia.es\/bibliotecapoetajosemarcelo\/wp-json\/wp\/v2\/comments?post=51"}],"version-history":[{"count":1,"href":"https:\/\/blogsaverroes.juntadeandalucia.es\/bibliotecapoetajosemarcelo\/wp-json\/wp\/v2\/pages\/51\/revisions"}],"predecessor-version":[{"id":52,"href":"https:\/\/blogsaverroes.juntadeandalucia.es\/bibliotecapoetajosemarcelo\/wp-json\/wp\/v2\/pages\/51\/revisions\/52"}],"wp:attachment":[{"href":"https:\/\/blogsaverroes.juntadeandalucia.es\/bibliotecapoetajosemarcelo\/wp-json\/wp\/v2\/media?parent=51"}],"curies":[{"name":"wp","href":"https:\/\/api.w.org\/{rel}","templated":true}]}}