{"id":918,"date":"2022-01-02T18:34:50","date_gmt":"2022-01-02T17:34:50","guid":{"rendered":"https:\/\/blogsaverroes.juntadeandalucia.es\/bibliotecapoetajosemarcelo\/?page_id=918"},"modified":"2022-02-02T18:40:49","modified_gmt":"2022-02-02T17:40:49","slug":"malaga-marenga","status":"publish","type":"page","link":"https:\/\/blogsaverroes.juntadeandalucia.es\/bibliotecapoetajosemarcelo\/concursos\/malaga-marenga\/","title":{"rendered":"M\u00e1laga marenga"},"content":{"rendered":"<p style=\"text-align: center\"><img loading=\"lazy\" decoding=\"async\" class=\"alignnone size-medium wp-image-780\" src=\"https:\/\/blogsaverroes.juntadeandalucia.es\/bibliotecapoetajosemarcelo\/files\/2021\/12\/Certamen-felicitaciones-navide\u00f1as-212x300.png\" alt=\"\" width=\"212\" height=\"300\" srcset=\"https:\/\/blogsaverroes.juntadeandalucia.es\/bibliotecapoetajosemarcelo\/files\/2021\/12\/Certamen-felicitaciones-navide\u00f1as-212x300.png 212w, https:\/\/blogsaverroes.juntadeandalucia.es\/bibliotecapoetajosemarcelo\/files\/2021\/12\/Certamen-felicitaciones-navide\u00f1as-724x1024.png 724w, https:\/\/blogsaverroes.juntadeandalucia.es\/bibliotecapoetajosemarcelo\/files\/2021\/12\/Certamen-felicitaciones-navide\u00f1as-768x1086.png 768w, https:\/\/blogsaverroes.juntadeandalucia.es\/bibliotecapoetajosemarcelo\/files\/2021\/12\/Certamen-felicitaciones-navide\u00f1as-1086x1536.png 1086w, https:\/\/blogsaverroes.juntadeandalucia.es\/bibliotecapoetajosemarcelo\/files\/2021\/12\/Certamen-felicitaciones-navide\u00f1as-1448x2048.png 1448w, https:\/\/blogsaverroes.juntadeandalucia.es\/bibliotecapoetajosemarcelo\/files\/2021\/12\/Certamen-felicitaciones-navide\u00f1as.png 1587w\" sizes=\"(max-width: 212px) 100vw, 212px\" \/>&nbsp; &nbsp; &nbsp;<img loading=\"lazy\" decoding=\"async\" class=\"alignnone size-medium wp-image-781\" src=\"https:\/\/blogsaverroes.juntadeandalucia.es\/bibliotecapoetajosemarcelo\/files\/2021\/12\/Certamen-felicitaciones-navide\u00f1as-1-212x300.png\" alt=\"\" width=\"212\" height=\"300\" srcset=\"https:\/\/blogsaverroes.juntadeandalucia.es\/bibliotecapoetajosemarcelo\/files\/2021\/12\/Certamen-felicitaciones-navide\u00f1as-1-212x300.png 212w, https:\/\/blogsaverroes.juntadeandalucia.es\/bibliotecapoetajosemarcelo\/files\/2021\/12\/Certamen-felicitaciones-navide\u00f1as-1-724x1024.png 724w, https:\/\/blogsaverroes.juntadeandalucia.es\/bibliotecapoetajosemarcelo\/files\/2021\/12\/Certamen-felicitaciones-navide\u00f1as-1-768x1086.png 768w, https:\/\/blogsaverroes.juntadeandalucia.es\/bibliotecapoetajosemarcelo\/files\/2021\/12\/Certamen-felicitaciones-navide\u00f1as-1-1086x1536.png 1086w, https:\/\/blogsaverroes.juntadeandalucia.es\/bibliotecapoetajosemarcelo\/files\/2021\/12\/Certamen-felicitaciones-navide\u00f1as-1-1448x2048.png 1448w, https:\/\/blogsaverroes.juntadeandalucia.es\/bibliotecapoetajosemarcelo\/files\/2021\/12\/Certamen-felicitaciones-navide\u00f1as-1.png 1587w\" sizes=\"(max-width: 212px) 100vw, 212px\" \/><\/p>\n<p>La felicitaci\u00f3n ganadora del Centro ha sido la realizada por Jos\u00e9 \u00c1ngel Ruiz Villena de 6\u00ba A. Pincha en la imagen y ver\u00e1s las felicitaciones premiadas en cada curso.<\/p>\n<p><a href=\"https:\/\/www.canva.com\/design\/DAEysZz9Q_k\/view?utm_content=DAEysZz9Q_k&amp;utm_campaign=designshare&amp;utm_medium=link&amp;utm_source=publishsharelink\"><img loading=\"lazy\" decoding=\"async\" class=\"alignnone size-medium wp-image-804 aligncenter\" src=\"https:\/\/blogsaverroes.juntadeandalucia.es\/bibliotecapoetajosemarcelo\/files\/2021\/12\/FELICITACI\u00d3N-NAVIDE\u00d1A-2021-300x142.jpeg\" alt=\"\" width=\"300\" height=\"142\" srcset=\"https:\/\/blogsaverroes.juntadeandalucia.es\/bibliotecapoetajosemarcelo\/files\/2021\/12\/FELICITACI\u00d3N-NAVIDE\u00d1A-2021-300x142.jpeg 300w, https:\/\/blogsaverroes.juntadeandalucia.es\/bibliotecapoetajosemarcelo\/files\/2021\/12\/FELICITACI\u00d3N-NAVIDE\u00d1A-2021-1024x483.jpeg 1024w, https:\/\/blogsaverroes.juntadeandalucia.es\/bibliotecapoetajosemarcelo\/files\/2021\/12\/FELICITACI\u00d3N-NAVIDE\u00d1A-2021-768x362.jpeg 768w, https:\/\/blogsaverroes.juntadeandalucia.es\/bibliotecapoetajosemarcelo\/files\/2021\/12\/FELICITACI\u00d3N-NAVIDE\u00d1A-2021-1536x725.jpeg 1536w, https:\/\/blogsaverroes.juntadeandalucia.es\/bibliotecapoetajosemarcelo\/files\/2021\/12\/FELICITACI\u00d3N-NAVIDE\u00d1A-2021.jpeg 1632w\" sizes=\"(max-width: 300px) 100vw, 300px\" \/><\/a><\/p>\n<h3 style=\"text-align: center\"><span style=\"color: #800080\"><em>FELICIDADES A TODOS LOS NI\u00d1OS Y NI\u00d1AS QUE HAN PARTICIPADO EN EL CERTAMEN<\/em><\/span><\/h3>\n","protected":false},"excerpt":{"rendered":"<p>&nbsp; &nbsp; &nbsp; La felicitaci\u00f3n ganadora del Centro ha sido la realizada por Jos\u00e9 \u00c1ngel Ruiz Villena de 6\u00ba A. Pincha en la imagen y ver\u00e1s las felicitaciones premiadas en cada curso. FELICIDADES A TODOS LOS NI\u00d1OS Y NI\u00d1AS QUE HAN PARTICIPADO EN EL CERTAMEN<\/p>\n","protected":false},"author":2262,"featured_media":0,"parent":192,"menu_order":0,"comment_status":"closed","ping_status":"closed","template":"","meta":{"ngg_post_thumbnail":0,"footnotes":""},"aioseo_notices":[],"post_mailing_queue_ids":[],"_links":{"self":[{"href":"https:\/\/blogsaverroes.juntadeandalucia.es\/bibliotecapoetajosemarcelo\/wp-json\/wp\/v2\/pages\/918"}],"collection":[{"href":"https:\/\/blogsaverroes.juntadeandalucia.es\/bibliotecapoetajosemarcelo\/wp-json\/wp\/v2\/pages"}],"about":[{"href":"https:\/\/blogsaverroes.juntadeandalucia.es\/bibliotecapoetajosemarcelo\/wp-json\/wp\/v2\/types\/page"}],"author":[{"embeddable":true,"href":"https:\/\/blogsaverroes.juntadeandalucia.es\/bibliotecapoetajosemarcelo\/wp-json\/wp\/v2\/users\/2262"}],"replies":[{"embeddable":true,"href":"https:\/\/blogsaverroes.juntadeandalucia.es\/bibliotecapoetajosemarcelo\/wp-json\/wp\/v2\/comments?post=918"}],"version-history":[{"count":1,"href":"https:\/\/blogsaverroes.juntadeandalucia.es\/bibliotecapoetajosemarcelo\/wp-json\/wp\/v2\/pages\/918\/revisions"}],"predecessor-version":[{"id":919,"href":"https:\/\/blogsaverroes.juntadeandalucia.es\/bibliotecapoetajosemarcelo\/wp-json\/wp\/v2\/pages\/918\/revisions\/919"}],"up":[{"embeddable":true,"href":"https:\/\/blogsaverroes.juntadeandalucia.es\/bibliotecapoetajosemarcelo\/wp-json\/wp\/v2\/pages\/192"}],"wp:attachment":[{"href":"https:\/\/blogsaverroes.juntadeandalucia.es\/bibliotecapoetajosemarcelo\/wp-json\/wp\/v2\/media?parent=918"}],"curies":[{"name":"wp","href":"https:\/\/api.w.org\/{rel}","templated":true}]}}