{"id":921,"date":"2022-02-02T18:49:29","date_gmt":"2022-02-02T17:49:29","guid":{"rendered":"https:\/\/blogsaverroes.juntadeandalucia.es\/bibliotecapoetajosemarcelo\/?page_id=921"},"modified":"2022-02-02T18:49:41","modified_gmt":"2022-02-02T17:49:41","slug":"felicitaciones-navidenas-2","status":"publish","type":"page","link":"https:\/\/blogsaverroes.juntadeandalucia.es\/bibliotecapoetajosemarcelo\/felicitaciones-navidenas-2\/","title":{"rendered":"Felicitaciones Navide\u00f1as"},"content":{"rendered":"<p><img loading=\"lazy\" decoding=\"async\" class=\"alignnone size-medium wp-image-812 aligncenter\" src=\"https:\/\/blogsaverroes.juntadeandalucia.es\/bibliotecapoetajosemarcelo\/files\/2021\/12\/IMG-20211213-WA0005-138x300.jpg\" alt=\"\" width=\"138\" height=\"300\" srcset=\"https:\/\/blogsaverroes.juntadeandalucia.es\/bibliotecapoetajosemarcelo\/files\/2021\/12\/IMG-20211213-WA0005-138x300.jpg 138w, https:\/\/blogsaverroes.juntadeandalucia.es\/bibliotecapoetajosemarcelo\/files\/2021\/12\/IMG-20211213-WA0005-472x1024.jpg 472w, https:\/\/blogsaverroes.juntadeandalucia.es\/bibliotecapoetajosemarcelo\/files\/2021\/12\/IMG-20211213-WA0005-768x1666.jpg 768w, https:\/\/blogsaverroes.juntadeandalucia.es\/bibliotecapoetajosemarcelo\/files\/2021\/12\/IMG-20211213-WA0005-708x1536.jpg 708w, https:\/\/blogsaverroes.juntadeandalucia.es\/bibliotecapoetajosemarcelo\/files\/2021\/12\/IMG-20211213-WA0005.jpg 922w\" sizes=\"(max-width: 138px) 100vw, 138px\" \/><\/p>\n<p>Nuestro Centro inicia la Navidad con el Certamen de Felicitaciones Navide\u00f1as.<\/p>\n<p>La tem\u00e1tica est\u00e1 relacionada con el Proyecto de trabajo que desarrollamos a nivel de Centro y que ser\u00e1 el hilo conductor de todas las actividades complementarias.<\/p>\n<p>Cada grupo-aula selecciona tres felicitaciones.&nbsp;<\/p>\n<p>El jurado, representado por el AMPA, los docentes y el personal no docente, elegir\u00e1 la ganadora de cada curso y la que representar\u00e1 al Centro para felicitar a la Comunidad Educativa.<\/p>\n","protected":false},"excerpt":{"rendered":"<p>Nuestro Centro inicia la Navidad con el Certamen de Felicitaciones Navide\u00f1as. La tem\u00e1tica est\u00e1 relacionada con el Proyecto de trabajo que desarrollamos a nivel de Centro y que ser\u00e1 el hilo conductor de todas las actividades complementarias. Cada grupo-aula selecciona tres felicitaciones.&nbsp; El jurado, representado por el AMPA, los docentes y el personal no docente, &hellip; <\/p>\n<p><a class=\"more-link btn\" href=\"https:\/\/blogsaverroes.juntadeandalucia.es\/bibliotecapoetajosemarcelo\/felicitaciones-navidenas-2\/\">Seguir leyendo<\/a><\/p>\n","protected":false},"author":2262,"featured_media":0,"parent":0,"menu_order":0,"comment_status":"closed","ping_status":"closed","template":"","meta":{"ngg_post_thumbnail":0,"footnotes":""},"aioseo_notices":[],"post_mailing_queue_ids":[],"_links":{"self":[{"href":"https:\/\/blogsaverroes.juntadeandalucia.es\/bibliotecapoetajosemarcelo\/wp-json\/wp\/v2\/pages\/921"}],"collection":[{"href":"https:\/\/blogsaverroes.juntadeandalucia.es\/bibliotecapoetajosemarcelo\/wp-json\/wp\/v2\/pages"}],"about":[{"href":"https:\/\/blogsaverroes.juntadeandalucia.es\/bibliotecapoetajosemarcelo\/wp-json\/wp\/v2\/types\/page"}],"author":[{"embeddable":true,"href":"https:\/\/blogsaverroes.juntadeandalucia.es\/bibliotecapoetajosemarcelo\/wp-json\/wp\/v2\/users\/2262"}],"replies":[{"embeddable":true,"href":"https:\/\/blogsaverroes.juntadeandalucia.es\/bibliotecapoetajosemarcelo\/wp-json\/wp\/v2\/comments?post=921"}],"version-history":[{"count":1,"href":"https:\/\/blogsaverroes.juntadeandalucia.es\/bibliotecapoetajosemarcelo\/wp-json\/wp\/v2\/pages\/921\/revisions"}],"predecessor-version":[{"id":922,"href":"https:\/\/blogsaverroes.juntadeandalucia.es\/bibliotecapoetajosemarcelo\/wp-json\/wp\/v2\/pages\/921\/revisions\/922"}],"wp:attachment":[{"href":"https:\/\/blogsaverroes.juntadeandalucia.es\/bibliotecapoetajosemarcelo\/wp-json\/wp\/v2\/media?parent=921"}],"curies":[{"name":"wp","href":"https:\/\/api.w.org\/{rel}","templated":true}]}}