{"id":29,"date":"2021-02-07T17:21:25","date_gmt":"2021-02-07T17:21:25","guid":{"rendered":"https:\/\/blogsaverroes.juntadeandalucia.es\/bibliotecas2021\/?page_id=29"},"modified":"2021-02-07T20:18:38","modified_gmt":"2021-02-07T20:18:38","slug":"origen","status":"publish","type":"page","link":"https:\/\/blogsaverroes.juntadeandalucia.es\/bibliotecas2021\/origen\/","title":{"rendered":"ORIGEN"},"content":{"rendered":"<p><img loading=\"lazy\" decoding=\"async\" class=\"alignnone size-medium wp-image-59 aligncenter\" src=\"https:\/\/blogsaverroes.juntadeandalucia.es\/bibliotecas2021\/files\/2021\/02\/GRUPO-DE-COOPERACI\u00d3N-BIBLIOTECARIA-ALMU\u00c9CAR-1-300x61.png\" alt=\"\" width=\"300\" height=\"61\" srcset=\"https:\/\/blogsaverroes.juntadeandalucia.es\/bibliotecas2021\/files\/2021\/02\/GRUPO-DE-COOPERACI\u00d3N-BIBLIOTECARIA-ALMU\u00c9CAR-1-300x61.png 300w, https:\/\/blogsaverroes.juntadeandalucia.es\/bibliotecas2021\/files\/2021\/02\/GRUPO-DE-COOPERACI\u00d3N-BIBLIOTECARIA-ALMU\u00c9CAR-1-1024x208.png 1024w, https:\/\/blogsaverroes.juntadeandalucia.es\/bibliotecas2021\/files\/2021\/02\/GRUPO-DE-COOPERACI\u00d3N-BIBLIOTECARIA-ALMU\u00c9CAR-1-768x156.png 768w, https:\/\/blogsaverroes.juntadeandalucia.es\/bibliotecas2021\/files\/2021\/02\/GRUPO-DE-COOPERACI\u00d3N-BIBLIOTECARIA-ALMU\u00c9CAR-1.png 1380w\" sizes=\"(max-width: 300px) 100vw, 300px\" \/><\/p>\n<p><strong><span style=\"font-size: 18pt\">GRUPO DE COOPERACI\u00d3N BIBLIOTECARIA DE ALMU\u00d1\u00c9CAR<\/span><\/strong><\/p>\n<p style=\"text-align: left\">El Grupo de Cooperaci\u00f3n Bibliotecaria busca planificar actividades, actuaciones y proyectos comunes entre bibliotecas de la zona geogr\u00e1fica y educativa&nbsp; de Almu\u00f1\u00e9car aprovechando y rentabilizando los recursos disponibles entre las bibliotecas de la zona, elaborando documentaci\u00f3n de manera conjunta y desarrollando proyectos y programas entre las bibliotecas de la zona.<\/p>\n<p>Durante este curso 2020\/2021 se pondr\u00e1 en marcha el Grupo de Cooperaci\u00f3n Bibliotecaria de Almu\u00f1\u00e9car.<\/p>\n","protected":false},"excerpt":{"rendered":"<p>GRUPO DE COOPERACI\u00d3N BIBLIOTECARIA DE ALMU\u00d1\u00c9CAR El Grupo de Cooperaci\u00f3n Bibliotecaria busca planificar actividades, actuaciones y proyectos comunes entre bibliotecas de la zona geogr\u00e1fica y educativa&nbsp; de Almu\u00f1\u00e9car aprovechando y rentabilizando los recursos disponibles&#46;&#46;&#46;<\/p>\n","protected":false},"author":9943,"featured_media":0,"parent":0,"menu_order":0,"comment_status":"closed","ping_status":"closed","template":"","meta":{"ngg_post_thumbnail":0,"footnotes":""},"aioseo_notices":[],"_links":{"self":[{"href":"https:\/\/blogsaverroes.juntadeandalucia.es\/bibliotecas2021\/wp-json\/wp\/v2\/pages\/29"}],"collection":[{"href":"https:\/\/blogsaverroes.juntadeandalucia.es\/bibliotecas2021\/wp-json\/wp\/v2\/pages"}],"about":[{"href":"https:\/\/blogsaverroes.juntadeandalucia.es\/bibliotecas2021\/wp-json\/wp\/v2\/types\/page"}],"author":[{"embeddable":true,"href":"https:\/\/blogsaverroes.juntadeandalucia.es\/bibliotecas2021\/wp-json\/wp\/v2\/users\/9943"}],"replies":[{"embeddable":true,"href":"https:\/\/blogsaverroes.juntadeandalucia.es\/bibliotecas2021\/wp-json\/wp\/v2\/comments?post=29"}],"version-history":[{"count":4,"href":"https:\/\/blogsaverroes.juntadeandalucia.es\/bibliotecas2021\/wp-json\/wp\/v2\/pages\/29\/revisions"}],"predecessor-version":[{"id":67,"href":"https:\/\/blogsaverroes.juntadeandalucia.es\/bibliotecas2021\/wp-json\/wp\/v2\/pages\/29\/revisions\/67"}],"wp:attachment":[{"href":"https:\/\/blogsaverroes.juntadeandalucia.es\/bibliotecas2021\/wp-json\/wp\/v2\/media?parent=29"}],"curies":[{"name":"wp","href":"https:\/\/api.w.org\/{rel}","templated":true}]}}