{"id":33,"date":"2021-02-07T17:22:17","date_gmt":"2021-02-07T17:22:17","guid":{"rendered":"https:\/\/blogsaverroes.juntadeandalucia.es\/bibliotecas2021\/?page_id=33"},"modified":"2021-02-21T10:55:27","modified_gmt":"2021-02-21T10:55:27","slug":"miembros","status":"publish","type":"page","link":"https:\/\/blogsaverroes.juntadeandalucia.es\/bibliotecas2021\/miembros\/","title":{"rendered":"MIEMBROS"},"content":{"rendered":"<p><strong><span style=\"font-size: 18pt\">MIEMBROS DEL GRUPO DE COOPERACI\u00d3N BIBLIOTECARIA DE ALMU\u00d1\u00c9CAR.<\/span><\/strong><\/p>\n<p>Los miembros que constituyen el grupo son:<\/p>\n<table style=\"border-collapse: collapse;width: 100%;height: 1331px\">\n<tbody>\n<tr style=\"height: 140px\">\n<td style=\"width: 100%;height: 140px\"><img loading=\"lazy\" decoding=\"async\" class=\"alignnone wp-image-69\" src=\"https:\/\/blogsaverroes.juntadeandalucia.es\/bibliotecas2021\/files\/2021\/02\/escudo-9-193x300.png\" alt=\"\" width=\"40\" height=\"62\" srcset=\"https:\/\/blogsaverroes.juntadeandalucia.es\/bibliotecas2021\/files\/2021\/02\/escudo-9-193x300.png 193w, https:\/\/blogsaverroes.juntadeandalucia.es\/bibliotecas2021\/files\/2021\/02\/escudo-9-659x1024.png 659w, https:\/\/blogsaverroes.juntadeandalucia.es\/bibliotecas2021\/files\/2021\/02\/escudo-9-768x1193.png 768w, https:\/\/blogsaverroes.juntadeandalucia.es\/bibliotecas2021\/files\/2021\/02\/escudo-9-989x1536.png 989w, https:\/\/blogsaverroes.juntadeandalucia.es\/bibliotecas2021\/files\/2021\/02\/escudo-9.png 1200w\" sizes=\"(max-width: 40px) 100vw, 40px\" \/> BIBLIOTECA MUNICIPAL Y ESCUELAS INFANTILES<\/p>\n<p>&nbsp; &nbsp; &nbsp; &nbsp; &nbsp; &nbsp; &nbsp; WEB: <a href=\"https:\/\/www.bibliotecaspublicas.es\/almunecar\/\">https:\/\/www.bibliotecaspublicas.es\/almunecar\/<\/a><\/td>\n<\/tr>\n<tr style=\"height: 111px\">\n<td style=\"width: 100%;height: 111px\"><img loading=\"lazy\" decoding=\"async\" class=\"alignnone wp-image-71\" src=\"https:\/\/blogsaverroes.juntadeandalucia.es\/bibliotecas2021\/files\/2021\/02\/escudo-1-ies-al-andalus-300x192.png\" alt=\"\" width=\"53\" height=\"34\" srcset=\"https:\/\/blogsaverroes.juntadeandalucia.es\/bibliotecas2021\/files\/2021\/02\/escudo-1-ies-al-andalus-300x192.png 300w, https:\/\/blogsaverroes.juntadeandalucia.es\/bibliotecas2021\/files\/2021\/02\/escudo-1-ies-al-andalus.png 371w\" sizes=\"(max-width: 53px) 100vw, 53px\" \/> IES AL-ANDALUS<\/p>\n<p>&nbsp; &nbsp; &nbsp; &nbsp; &nbsp; &nbsp; &nbsp;WEB :<a href=\"https:\/\/www.iesalandalus.es\/\">https:\/\/www.iesalandalus.es\/<\/a><\/td>\n<\/tr>\n<tr style=\"height: 123px\">\n<td style=\"width: 100%;height: 123px\"><img loading=\"lazy\" decoding=\"async\" class=\"alignnone wp-image-70\" src=\"https:\/\/blogsaverroes.juntadeandalucia.es\/bibliotecas2021\/files\/2021\/02\/antigua-sexi-297x300.jpg\" alt=\"\" width=\"45\" height=\"45\" srcset=\"https:\/\/blogsaverroes.juntadeandalucia.es\/bibliotecas2021\/files\/2021\/02\/antigua-sexi-297x300.jpg 297w, https:\/\/blogsaverroes.juntadeandalucia.es\/bibliotecas2021\/files\/2021\/02\/antigua-sexi-150x150.jpg 150w, https:\/\/blogsaverroes.juntadeandalucia.es\/bibliotecas2021\/files\/2021\/02\/antigua-sexi-80x80.jpg 80w, https:\/\/blogsaverroes.juntadeandalucia.es\/bibliotecas2021\/files\/2021\/02\/antigua-sexi-320x320.jpg 320w, https:\/\/blogsaverroes.juntadeandalucia.es\/bibliotecas2021\/files\/2021\/02\/antigua-sexi.jpg 439w\" sizes=\"(max-width: 45px) 100vw, 45px\" \/> IES ANTIGUA SEXI<\/p>\n<p>&nbsp; &nbsp; &nbsp; &nbsp; &nbsp; &nbsp; WEB:<a href=\"http:\/\/www.antiguasexi.es\/wordpress\/category\/novedades\/\"> http:\/\/www.antiguasexi.es\/wordpress\/category\/novedades\/<\/a><\/td>\n<\/tr>\n<tr style=\"height: 140px\">\n<td style=\"width: 100%;height: 140px\"><img loading=\"lazy\" decoding=\"async\" class=\"alignnone wp-image-72\" src=\"https:\/\/blogsaverroes.juntadeandalucia.es\/bibliotecas2021\/files\/2021\/02\/ies-puerta-del-mar-207x300.png\" alt=\"\" width=\"43\" height=\"62\" srcset=\"https:\/\/blogsaverroes.juntadeandalucia.es\/bibliotecas2021\/files\/2021\/02\/ies-puerta-del-mar-207x300.png 207w, https:\/\/blogsaverroes.juntadeandalucia.es\/bibliotecas2021\/files\/2021\/02\/ies-puerta-del-mar.png 445w\" sizes=\"(max-width: 43px) 100vw, 43px\" \/>&nbsp; IES PUERTA DEL MAR&nbsp;&nbsp;<\/p>\n<p>&nbsp; &nbsp; &nbsp; &nbsp; &nbsp; &nbsp; &nbsp; &nbsp; WEB : <a href=\"http:\/\/www.iespuertadelmar.es\/\">http:\/\/www.iespuertadelmar.es\/<\/a><\/td>\n<\/tr>\n<tr style=\"height: 23px\">\n<td style=\"width: 100%;height: 23px\"><img loading=\"lazy\" decoding=\"async\" class=\"wp-image-73 alignleft\" src=\"https:\/\/blogsaverroes.juntadeandalucia.es\/bibliotecas2021\/files\/2021\/02\/c.e.per_.-mare-nostrum-3-300x106.jpg\" alt=\"\" width=\"74\" height=\"26\" srcset=\"https:\/\/blogsaverroes.juntadeandalucia.es\/bibliotecas2021\/files\/2021\/02\/c.e.per_.-mare-nostrum-3-300x106.jpg 300w, https:\/\/blogsaverroes.juntadeandalucia.es\/bibliotecas2021\/files\/2021\/02\/c.e.per_.-mare-nostrum-3-600x220.jpg 600w, https:\/\/blogsaverroes.juntadeandalucia.es\/bibliotecas2021\/files\/2021\/02\/c.e.per_.-mare-nostrum-3.jpg 762w\" sizes=\"(max-width: 74px) 100vw, 74px\" \/>CEPER MARE NOSTRUM<\/p>\n<p>WEB:<\/td>\n<\/tr>\n<tr style=\"height: 23px\">\n<td style=\"width: 100%;height: 23px\"><img loading=\"lazy\" decoding=\"async\" class=\"alignnone wp-image-74\" src=\"https:\/\/blogsaverroes.juntadeandalucia.es\/bibliotecas2021\/files\/2021\/02\/usar-escudos.png\" alt=\"\" width=\"56\" height=\"56\" srcset=\"https:\/\/blogsaverroes.juntadeandalucia.es\/bibliotecas2021\/files\/2021\/02\/usar-escudos.png 291w, https:\/\/blogsaverroes.juntadeandalucia.es\/bibliotecas2021\/files\/2021\/02\/usar-escudos-150x150.png 150w, https:\/\/blogsaverroes.juntadeandalucia.es\/bibliotecas2021\/files\/2021\/02\/usar-escudos-80x80.png 80w\" sizes=\"(max-width: 56px) 100vw, 56px\" \/> CEIP LA NORIA<\/p>\n<p>&nbsp; &nbsp; &nbsp; &nbsp; &nbsp; &nbsp; &nbsp; &nbsp; &nbsp; &nbsp;WEB: <a href=\"https:\/\/blogsaverroes.juntadeandalucia.es\/colegiolanoria\/\">https:\/\/blogsaverroes.juntadeandalucia.es\/colegiolanoria\/<\/a><\/td>\n<\/tr>\n<tr style=\"height: 23px\">\n<td style=\"width: 100%;height: 23px\"><img loading=\"lazy\" decoding=\"async\" class=\"alignnone wp-image-75\" src=\"https:\/\/blogsaverroes.juntadeandalucia.es\/bibliotecas2021\/files\/2021\/02\/escudo-4-1-300x262.png\" alt=\"\" width=\"56\" height=\"49\" srcset=\"https:\/\/blogsaverroes.juntadeandalucia.es\/bibliotecas2021\/files\/2021\/02\/escudo-4-1-300x262.png 300w, https:\/\/blogsaverroes.juntadeandalucia.es\/bibliotecas2021\/files\/2021\/02\/escudo-4-1.png 423w\" sizes=\"(max-width: 56px) 100vw, 56px\" \/>&nbsp; CEIP ARCOS DE TORRECUEVAS<\/p>\n<p>&nbsp; &nbsp; &nbsp; &nbsp; &nbsp; &nbsp; &nbsp; &nbsp; &nbsp; &nbsp; WEB: <a href=\"http:\/\/colegiotorrecuevas.blogspot.com\/\">http:\/\/colegiotorrecuevas.blogspot.com\/<\/a><\/td>\n<\/tr>\n<tr style=\"height: 23px\">\n<td style=\"width: 100%;height: 23px\"><img loading=\"lazy\" decoding=\"async\" class=\"alignnone wp-image-76\" src=\"https:\/\/blogsaverroes.juntadeandalucia.es\/bibliotecas2021\/files\/2021\/02\/cpr-valle-verde-1-285x300.jpg\" alt=\"\" width=\"52\" height=\"55\" srcset=\"https:\/\/blogsaverroes.juntadeandalucia.es\/bibliotecas2021\/files\/2021\/02\/cpr-valle-verde-1-285x300.jpg 285w, https:\/\/blogsaverroes.juntadeandalucia.es\/bibliotecas2021\/files\/2021\/02\/cpr-valle-verde-1-974x1024.jpg 974w, https:\/\/blogsaverroes.juntadeandalucia.es\/bibliotecas2021\/files\/2021\/02\/cpr-valle-verde-1-768x808.jpg 768w, https:\/\/blogsaverroes.juntadeandalucia.es\/bibliotecas2021\/files\/2021\/02\/cpr-valle-verde-1.jpg 1234w\" sizes=\"(max-width: 52px) 100vw, 52px\" \/>&nbsp; CPR VALLE VERDE&nbsp; (OT\u00cdVAR)<\/p>\n<p>&nbsp; &nbsp; &nbsp; &nbsp; &nbsp; &nbsp; &nbsp; &nbsp; &nbsp; &nbsp; &nbsp; &nbsp; WEB: <a href=\"https:\/\/colegiovalleverde.es\/\">https:\/\/colegiovalleverde.es\/<\/a><\/td>\n<\/tr>\n<tr style=\"height: 23px\">\n<td style=\"width: 100%;height: 23px\"><img loading=\"lazy\" decoding=\"async\" class=\"alignnone wp-image-78\" src=\"https:\/\/blogsaverroes.juntadeandalucia.es\/bibliotecas2021\/files\/2021\/02\/escudo-7-292x300.jpg\" alt=\"\" width=\"67\" height=\"69\" srcset=\"https:\/\/blogsaverroes.juntadeandalucia.es\/bibliotecas2021\/files\/2021\/02\/escudo-7-292x300.jpg 292w, https:\/\/blogsaverroes.juntadeandalucia.es\/bibliotecas2021\/files\/2021\/02\/escudo-7.jpg 510w\" sizes=\"(max-width: 67px) 100vw, 67px\" \/>CEIP R\u00cdO&nbsp; VERDE&nbsp;<\/p>\n<p>&nbsp; &nbsp; &nbsp; &nbsp; &nbsp; &nbsp; &nbsp; &nbsp; &nbsp; &nbsp; &nbsp; WEB:<\/td>\n<\/tr>\n<tr style=\"height: 158px\">\n<td style=\"width: 100%;height: 158px\"><img loading=\"lazy\" decoding=\"async\" class=\"alignnone wp-image-79\" src=\"https:\/\/blogsaverroes.juntadeandalucia.es\/bibliotecas2021\/files\/2021\/02\/escudo-8-212x300.png\" alt=\"\" width=\"57\" height=\"81\" srcset=\"https:\/\/blogsaverroes.juntadeandalucia.es\/bibliotecas2021\/files\/2021\/02\/escudo-8-212x300.png 212w, https:\/\/blogsaverroes.juntadeandalucia.es\/bibliotecas2021\/files\/2021\/02\/escudo-8-724x1024.png 724w, https:\/\/blogsaverroes.juntadeandalucia.es\/bibliotecas2021\/files\/2021\/02\/escudo-8-768x1086.png 768w, https:\/\/blogsaverroes.juntadeandalucia.es\/bibliotecas2021\/files\/2021\/02\/escudo-8-1087x1536.png 1087w, https:\/\/blogsaverroes.juntadeandalucia.es\/bibliotecas2021\/files\/2021\/02\/escudo-8.png 1415w\" sizes=\"(max-width: 57px) 100vw, 57px\" \/> CEIP SAN MIGUEL<\/p>\n<p>&nbsp; &nbsp; &nbsp; &nbsp; &nbsp; &nbsp; &nbsp; &nbsp; &nbsp; &nbsp;WEB: <a href=\"http:\/\/ceipsanmiguel1.blogspot.com\/\">http:\/\/ceipsanmiguel1.blogspot.com\/<\/a><\/td>\n<\/tr>\n<tr style=\"height: 143px\">\n<td style=\"width: 100%;height: 143px\"><img loading=\"lazy\" decoding=\"async\" class=\"alignnone wp-image-80\" src=\"https:\/\/blogsaverroes.juntadeandalucia.es\/bibliotecas2021\/files\/2021\/02\/Escudo-CEIP-La-Santa-Cruz-220x300.png\" alt=\"\" width=\"48\" height=\"65\" srcset=\"https:\/\/blogsaverroes.juntadeandalucia.es\/bibliotecas2021\/files\/2021\/02\/Escudo-CEIP-La-Santa-Cruz-220x300.png 220w, https:\/\/blogsaverroes.juntadeandalucia.es\/bibliotecas2021\/files\/2021\/02\/Escudo-CEIP-La-Santa-Cruz.png 418w\" sizes=\"(max-width: 48px) 100vw, 48px\" \/> CEIP LA SANTA CRUZ<\/p>\n<p>&nbsp; &nbsp; &nbsp; &nbsp; &nbsp; &nbsp; &nbsp; &nbsp; &nbsp;WEB:&nbsp;<\/td>\n<\/tr>\n<tr style=\"height: 195px\">\n<td style=\"width: 100%;height: 195px\"><img loading=\"lazy\" decoding=\"async\" class=\"alignnone wp-image-81\" src=\"https:\/\/blogsaverroes.juntadeandalucia.es\/bibliotecas2021\/files\/2021\/02\/escudo-227x300.png\" alt=\"\" width=\"59\" height=\"78\" srcset=\"https:\/\/blogsaverroes.juntadeandalucia.es\/bibliotecas2021\/files\/2021\/02\/escudo-227x300.png 227w, https:\/\/blogsaverroes.juntadeandalucia.es\/bibliotecas2021\/files\/2021\/02\/escudo.png 401w\" sizes=\"(max-width: 59px) 100vw, 59px\" \/> CEIP VIRGEN DE LA ANTIGUA<\/p>\n<p>&nbsp; &nbsp; &nbsp; &nbsp; &nbsp; &nbsp; &nbsp; &nbsp; &nbsp;WEB: <a href=\"https:\/\/blogsaverroes.juntadeandalucia.es\/ceipvirgendelaantigua\/\">https:\/\/blogsaverroes.juntadeandalucia.es\/ceipvirgendelaantigua\/<\/a><\/p>\n<p>&nbsp; &nbsp; &nbsp; &nbsp; &nbsp; &nbsp; &nbsp; &nbsp; &nbsp; BIBLIOTECA : <a href=\"https:\/\/bibliotecaescolarvirgendelaantigua.blogspot.com\/\">https:\/\/bibliotecaescolarvirgendelaantigua.blogspot.com\/<\/a><\/td>\n<\/tr>\n<tr style=\"height: 206px\">\n<td style=\"width: 100%;height: 206px\"><img loading=\"lazy\" decoding=\"async\" class=\"alignnone wp-image-120\" src=\"https:\/\/blogsaverroes.juntadeandalucia.es\/bibliotecas2021\/files\/2021\/02\/las-gaviotas-300x195.png\" alt=\"\" width=\"74\" height=\"48\" srcset=\"https:\/\/blogsaverroes.juntadeandalucia.es\/bibliotecas2021\/files\/2021\/02\/las-gaviotas-300x195.png 300w, https:\/\/blogsaverroes.juntadeandalucia.es\/bibliotecas2021\/files\/2021\/02\/las-gaviotas.png 496w\" sizes=\"(max-width: 74px) 100vw, 74px\" \/> CEIP LAS GAVIOTAS (LA HERRADURA )<\/p>\n<p>&nbsp; &nbsp; &nbsp; &nbsp; &nbsp; &nbsp; &nbsp; &nbsp; &nbsp; &nbsp; &nbsp; &nbsp; &nbsp;WEB:<\/p>\n<p>&nbsp; &nbsp; &nbsp; &nbsp; &nbsp; &nbsp; &nbsp; &nbsp; &nbsp; &nbsp; &nbsp; &nbsp; BIBLIOTECA:<\/td>\n<\/tr>\n<tr>\n<td style=\"width: 100%\"><img loading=\"lazy\" decoding=\"async\" class=\"alignnone wp-image-121\" src=\"https:\/\/blogsaverroes.juntadeandalucia.es\/bibliotecas2021\/files\/2021\/02\/villanueva-del-mar.png\" alt=\"\" width=\"67\" height=\"63\"> IES VILLANUEVA DEL MAR ( LA HERRADURA)<\/p>\n<p>&nbsp; &nbsp; &nbsp; &nbsp; &nbsp; &nbsp; &nbsp; &nbsp; &nbsp; &nbsp; &nbsp; &nbsp;WEB: <a href=\"https:\/\/blogsaverroes.juntadeandalucia.es\/iesvillanuevamar\/\">https:\/\/blogsaverroes.juntadeandalucia.es\/iesvillanuevamar\/<\/a><\/p>\n<p>&nbsp; &nbsp; &nbsp; &nbsp; &nbsp; &nbsp; &nbsp; &nbsp; &nbsp; &nbsp; &nbsp;BIBLIOTECA:&nbsp;<\/td>\n<\/tr>\n<\/tbody>\n<\/table>\n<p>&nbsp;<\/p>\n<p>&nbsp;<\/p>\n<p>&nbsp;<\/p>\n<p>&nbsp;<\/p>\n<p>&nbsp;<\/p>\n<p>&nbsp;<\/p>\n<p>&nbsp;<\/p>\n<p>&nbsp;<\/p>\n<p>&nbsp;&nbsp;&nbsp;<\/p>\n<p>&nbsp;<\/p>\n<p>&nbsp;<\/p>\n<p>&nbsp; &nbsp; &nbsp; &nbsp; &nbsp; &nbsp; &nbsp; &nbsp; &nbsp; &nbsp; &nbsp; &nbsp; &nbsp; &nbsp; &nbsp; &nbsp; &nbsp; &nbsp;&nbsp; &nbsp; &nbsp; &nbsp; &nbsp; &nbsp;&nbsp; &nbsp; &nbsp; &nbsp;<\/p>\n","protected":false},"excerpt":{"rendered":"<p>MIEMBROS DEL GRUPO DE COOPERACI\u00d3N BIBLIOTECARIA DE ALMU\u00d1\u00c9CAR. Los miembros que constituyen el grupo son: BIBLIOTECA MUNICIPAL Y ESCUELAS INFANTILES &nbsp; &nbsp; &nbsp; &nbsp; &nbsp; &nbsp; &nbsp; WEB: https:\/\/www.bibliotecaspublicas.es\/almunecar\/ IES AL-ANDALUS &nbsp; &nbsp; &nbsp;&#46;&#46;&#46;<\/p>\n","protected":false},"author":9943,"featured_media":0,"parent":0,"menu_order":0,"comment_status":"closed","ping_status":"closed","template":"","meta":{"ngg_post_thumbnail":0,"footnotes":""},"aioseo_notices":[],"_links":{"self":[{"href":"https:\/\/blogsaverroes.juntadeandalucia.es\/bibliotecas2021\/wp-json\/wp\/v2\/pages\/33"}],"collection":[{"href":"https:\/\/blogsaverroes.juntadeandalucia.es\/bibliotecas2021\/wp-json\/wp\/v2\/pages"}],"about":[{"href":"https:\/\/blogsaverroes.juntadeandalucia.es\/bibliotecas2021\/wp-json\/wp\/v2\/types\/page"}],"author":[{"embeddable":true,"href":"https:\/\/blogsaverroes.juntadeandalucia.es\/bibliotecas2021\/wp-json\/wp\/v2\/users\/9943"}],"replies":[{"embeddable":true,"href":"https:\/\/blogsaverroes.juntadeandalucia.es\/bibliotecas2021\/wp-json\/wp\/v2\/comments?post=33"}],"version-history":[{"count":10,"href":"https:\/\/blogsaverroes.juntadeandalucia.es\/bibliotecas2021\/wp-json\/wp\/v2\/pages\/33\/revisions"}],"predecessor-version":[{"id":123,"href":"https:\/\/blogsaverroes.juntadeandalucia.es\/bibliotecas2021\/wp-json\/wp\/v2\/pages\/33\/revisions\/123"}],"wp:attachment":[{"href":"https:\/\/blogsaverroes.juntadeandalucia.es\/bibliotecas2021\/wp-json\/wp\/v2\/media?parent=33"}],"curies":[{"name":"wp","href":"https:\/\/api.w.org\/{rel}","templated":true}]}}