{"id":181,"date":"2024-03-13T08:53:15","date_gmt":"2024-03-13T08:53:15","guid":{"rendered":"https:\/\/blogsaverroes.juntadeandalucia.es\/biblipinos\/?page_id=181"},"modified":"2024-03-13T08:53:15","modified_gmt":"2024-03-13T08:53:15","slug":"tematica-inglesa","status":"publish","type":"page","link":"https:\/\/blogsaverroes.juntadeandalucia.es\/biblipinos\/tematica-inglesa\/","title":{"rendered":"Tem\u00e1tica Inglesa"},"content":{"rendered":"<p>En esta p\u00e1gina iremos a\u00f1adiendo todo lo relacionado con la lectura y el ingl\u00e9s. Vamos a empezar a\u00f1adiendo una serie de libros en ingl\u00e9s para todos los ciclos. Os animamos a que los le\u00e1is y disfrut\u00e9is de esta secci\u00f3n de nuestra biblioteca.&nbsp;<\/p>\n<p>&nbsp;<\/p>\n<p><iframe class=\"wp-embedded-content\" sandbox=\"allow-scripts\" security=\"restricted\" title=\"Talking books\" frameborder='0' width='1200' height='675' src='https:\/\/view.genial.ly\/61a912906994df0ddfe57c2f#?secret=zuU0VaeOCW' data-secret='zuU0VaeOCW' scrolling='yes'><\/iframe><\/p>\n","protected":false},"excerpt":{"rendered":"<p>En esta p\u00e1gina iremos a\u00f1adiendo todo lo relacionado con la lectura y el ingl\u00e9s. Vamos a empezar a\u00f1adiendo una serie de libros en ingl\u00e9s para todos los ciclos. Os animamos a que los le\u00e1is&#46;&#46;&#46;<\/p>\n","protected":false},"author":4351,"featured_media":0,"parent":0,"menu_order":0,"comment_status":"closed","ping_status":"closed","template":"","meta":{"ngg_post_thumbnail":0,"footnotes":""},"aioseo_notices":[],"_links":{"self":[{"href":"https:\/\/blogsaverroes.juntadeandalucia.es\/biblipinos\/wp-json\/wp\/v2\/pages\/181"}],"collection":[{"href":"https:\/\/blogsaverroes.juntadeandalucia.es\/biblipinos\/wp-json\/wp\/v2\/pages"}],"about":[{"href":"https:\/\/blogsaverroes.juntadeandalucia.es\/biblipinos\/wp-json\/wp\/v2\/types\/page"}],"author":[{"embeddable":true,"href":"https:\/\/blogsaverroes.juntadeandalucia.es\/biblipinos\/wp-json\/wp\/v2\/users\/4351"}],"replies":[{"embeddable":true,"href":"https:\/\/blogsaverroes.juntadeandalucia.es\/biblipinos\/wp-json\/wp\/v2\/comments?post=181"}],"version-history":[{"count":1,"href":"https:\/\/blogsaverroes.juntadeandalucia.es\/biblipinos\/wp-json\/wp\/v2\/pages\/181\/revisions"}],"predecessor-version":[{"id":182,"href":"https:\/\/blogsaverroes.juntadeandalucia.es\/biblipinos\/wp-json\/wp\/v2\/pages\/181\/revisions\/182"}],"wp:attachment":[{"href":"https:\/\/blogsaverroes.juntadeandalucia.es\/biblipinos\/wp-json\/wp\/v2\/media?parent=181"}],"curies":[{"name":"wp","href":"https:\/\/api.w.org\/{rel}","templated":true}]}}