{"id":189,"date":"2024-03-13T09:01:00","date_gmt":"2024-03-13T09:01:00","guid":{"rendered":"https:\/\/blogsaverroes.juntadeandalucia.es\/biblipinos\/?page_id=189"},"modified":"2024-03-20T08:51:49","modified_gmt":"2024-03-20T08:51:49","slug":"educacion-infantil","status":"publish","type":"page","link":"https:\/\/blogsaverroes.juntadeandalucia.es\/biblipinos\/educacion-infantil\/","title":{"rendered":"Educaci\u00f3n Infantil"},"content":{"rendered":"<p>En esta secci\u00f3n iremos subiendo libros adecuados para la etapa de Educaci\u00f3n Infantil.&nbsp;<\/p>\n<p>Incorporamos un nuevo libro para esta colecci\u00f3n. (20-3-2024)<\/p>\n<p><img loading=\"lazy\" decoding=\"async\" class=\"size-medium wp-image-221 aligncenter\" src=\"https:\/\/blogsaverroes.juntadeandalucia.es\/biblipinos\/files\/2024\/03\/FEDERICO-LIBRO-296x300.jpg\" alt=\"\" width=\"296\" height=\"300\" srcset=\"https:\/\/blogsaverroes.juntadeandalucia.es\/biblipinos\/files\/2024\/03\/FEDERICO-LIBRO-296x300.jpg 296w, https:\/\/blogsaverroes.juntadeandalucia.es\/biblipinos\/files\/2024\/03\/FEDERICO-LIBRO-80x80.jpg 80w, https:\/\/blogsaverroes.juntadeandalucia.es\/biblipinos\/files\/2024\/03\/FEDERICO-LIBRO.jpg 744w\" sizes=\"(max-width: 296px) 100vw, 296px\" \/><\/p>\n<p style=\"text-align: center\"><a href=\"https:\/\/blogsaverroes.juntadeandalucia.es\/biblipinos\/files\/2024\/03\/Leo-Arias-FEDERICO-C\u00f3mo-HACES-ESE-RUIDITO.pdf\">FEDERICO C\u00f3mo HACES ESE RUIDITO<\/a><\/p>\n<p>&nbsp;<\/p>\n<p style=\"text-align: center\"><a href=\"https:\/\/blogsaverroes.juntadeandalucia.es\/biblipinos\/files\/2024\/03\/vaya-rabieta.jpg\"><img loading=\"lazy\" decoding=\"async\" class=\"aligncenter wp-image-210 size-medium\" src=\"https:\/\/blogsaverroes.juntadeandalucia.es\/biblipinos\/files\/2024\/03\/vaya-rabieta-237x300.jpg\" alt=\"\" width=\"237\" height=\"300\" srcset=\"https:\/\/blogsaverroes.juntadeandalucia.es\/biblipinos\/files\/2024\/03\/vaya-rabieta-237x300.jpg 237w, https:\/\/blogsaverroes.juntadeandalucia.es\/biblipinos\/files\/2024\/03\/vaya-rabieta.jpg 630w\" sizes=\"(max-width: 237px) 100vw, 237px\" \/><\/a><\/p>\n<p style=\"text-align: center\"><span style=\"font-size: 18pt\"><a href=\"https:\/\/blogsaverroes.juntadeandalucia.es\/biblipinos\/files\/2024\/03\/Vaya-Rabieta-Mireille.pdf\">Vaya Rabieta -Mireille<\/a><\/span><\/p>\n<p>&nbsp;<\/p>\n<p>&nbsp;<\/p>\n<p><img loading=\"lazy\" decoding=\"async\" class=\"size-medium wp-image-212 aligncenter\" src=\"https:\/\/blogsaverroes.juntadeandalucia.es\/biblipinos\/files\/2024\/03\/que-ocurre-en-la-oscuridad-300x300.png\" alt=\"\" width=\"300\" height=\"300\" srcset=\"https:\/\/blogsaverroes.juntadeandalucia.es\/biblipinos\/files\/2024\/03\/que-ocurre-en-la-oscuridad-300x300.png 300w, https:\/\/blogsaverroes.juntadeandalucia.es\/biblipinos\/files\/2024\/03\/que-ocurre-en-la-oscuridad-150x150.png 150w, https:\/\/blogsaverroes.juntadeandalucia.es\/biblipinos\/files\/2024\/03\/que-ocurre-en-la-oscuridad-768x769.png 768w, https:\/\/blogsaverroes.juntadeandalucia.es\/biblipinos\/files\/2024\/03\/que-ocurre-en-la-oscuridad-80x80.png 80w, https:\/\/blogsaverroes.juntadeandalucia.es\/biblipinos\/files\/2024\/03\/que-ocurre-en-la-oscuridad-320x320.png 320w, https:\/\/blogsaverroes.juntadeandalucia.es\/biblipinos\/files\/2024\/03\/que-ocurre-en-la-oscuridad.png 853w\" sizes=\"(max-width: 300px) 100vw, 300px\" \/><\/p>\n<p style=\"text-align: center\"><span style=\"font-size: 18pt\"><a href=\"https:\/\/blogsaverroes.juntadeandalucia.es\/biblipinos\/files\/2024\/03\/Angelica-Satiro-\u00bfQu\u00e9-ocurre-en-la-oscuridad-Octaedro-1.pdf\">Angelica Satiro &#8211; \u00bfQu\u00e9 ocurre en la oscuridad &#8211; Octaedro<\/a><\/span><\/p>\n","protected":false},"excerpt":{"rendered":"<p>En esta secci\u00f3n iremos subiendo libros adecuados para la etapa de Educaci\u00f3n Infantil.&nbsp; Incorporamos un nuevo libro para esta colecci\u00f3n. (20-3-2024) FEDERICO C\u00f3mo HACES ESE RUIDITO &nbsp; Vaya Rabieta -Mireille &nbsp; &nbsp; Angelica Satiro&#46;&#46;&#46;<\/p>\n","protected":false},"author":4351,"featured_media":0,"parent":0,"menu_order":0,"comment_status":"closed","ping_status":"closed","template":"","meta":{"ngg_post_thumbnail":0,"footnotes":""},"aioseo_notices":[],"_links":{"self":[{"href":"https:\/\/blogsaverroes.juntadeandalucia.es\/biblipinos\/wp-json\/wp\/v2\/pages\/189"}],"collection":[{"href":"https:\/\/blogsaverroes.juntadeandalucia.es\/biblipinos\/wp-json\/wp\/v2\/pages"}],"about":[{"href":"https:\/\/blogsaverroes.juntadeandalucia.es\/biblipinos\/wp-json\/wp\/v2\/types\/page"}],"author":[{"embeddable":true,"href":"https:\/\/blogsaverroes.juntadeandalucia.es\/biblipinos\/wp-json\/wp\/v2\/users\/4351"}],"replies":[{"embeddable":true,"href":"https:\/\/blogsaverroes.juntadeandalucia.es\/biblipinos\/wp-json\/wp\/v2\/comments?post=189"}],"version-history":[{"count":3,"href":"https:\/\/blogsaverroes.juntadeandalucia.es\/biblipinos\/wp-json\/wp\/v2\/pages\/189\/revisions"}],"predecessor-version":[{"id":222,"href":"https:\/\/blogsaverroes.juntadeandalucia.es\/biblipinos\/wp-json\/wp\/v2\/pages\/189\/revisions\/222"}],"wp:attachment":[{"href":"https:\/\/blogsaverroes.juntadeandalucia.es\/biblipinos\/wp-json\/wp\/v2\/media?parent=189"}],"curies":[{"name":"wp","href":"https:\/\/api.w.org\/{rel}","templated":true}]}}