{"id":190,"date":"2024-03-13T09:01:00","date_gmt":"2024-03-13T09:01:00","guid":{"rendered":"https:\/\/blogsaverroes.juntadeandalucia.es\/biblipinos\/?page_id=190"},"modified":"2024-03-13T09:16:46","modified_gmt":"2024-03-13T09:16:46","slug":"primer-ciclo","status":"publish","type":"page","link":"https:\/\/blogsaverroes.juntadeandalucia.es\/biblipinos\/primer-ciclo\/","title":{"rendered":"Primer Ciclo"},"content":{"rendered":"<p>En esta secci\u00f3n iremos a\u00f1adiendo lecturas adaptadas al Primer Ciclo de la Educaci\u00f3n Primaria. Esperamos que os gusten.&nbsp;<\/p>\n<p><img loading=\"lazy\" decoding=\"async\" class=\"size-medium wp-image-215 aligncenter\" src=\"https:\/\/blogsaverroes.juntadeandalucia.es\/biblipinos\/files\/2024\/03\/adivina-cuanto-te-quiero-261x300.jpg\" alt=\"\" width=\"261\" height=\"300\" srcset=\"https:\/\/blogsaverroes.juntadeandalucia.es\/biblipinos\/files\/2024\/03\/adivina-cuanto-te-quiero-261x300.jpg 261w, https:\/\/blogsaverroes.juntadeandalucia.es\/biblipinos\/files\/2024\/03\/adivina-cuanto-te-quiero.jpg 697w\" sizes=\"(max-width: 261px) 100vw, 261px\" \/><\/p>\n<p style=\"text-align: center\"><span style=\"font-size: 18pt\"><a href=\"https:\/\/blogsaverroes.juntadeandalucia.es\/biblipinos\/files\/2024\/03\/Adivina-cuanto-te-quiero.pdf\">Adivina cu\u00e1nto te quiero<\/a><\/span><\/p>\n","protected":false},"excerpt":{"rendered":"<p>En esta secci\u00f3n iremos a\u00f1adiendo lecturas adaptadas al Primer Ciclo de la Educaci\u00f3n Primaria. Esperamos que os gusten.&nbsp; Adivina cu\u00e1nto te quiero<\/p>\n","protected":false},"author":4351,"featured_media":0,"parent":0,"menu_order":0,"comment_status":"closed","ping_status":"closed","template":"","meta":{"ngg_post_thumbnail":0,"footnotes":""},"aioseo_notices":[],"_links":{"self":[{"href":"https:\/\/blogsaverroes.juntadeandalucia.es\/biblipinos\/wp-json\/wp\/v2\/pages\/190"}],"collection":[{"href":"https:\/\/blogsaverroes.juntadeandalucia.es\/biblipinos\/wp-json\/wp\/v2\/pages"}],"about":[{"href":"https:\/\/blogsaverroes.juntadeandalucia.es\/biblipinos\/wp-json\/wp\/v2\/types\/page"}],"author":[{"embeddable":true,"href":"https:\/\/blogsaverroes.juntadeandalucia.es\/biblipinos\/wp-json\/wp\/v2\/users\/4351"}],"replies":[{"embeddable":true,"href":"https:\/\/blogsaverroes.juntadeandalucia.es\/biblipinos\/wp-json\/wp\/v2\/comments?post=190"}],"version-history":[{"count":3,"href":"https:\/\/blogsaverroes.juntadeandalucia.es\/biblipinos\/wp-json\/wp\/v2\/pages\/190\/revisions"}],"predecessor-version":[{"id":218,"href":"https:\/\/blogsaverroes.juntadeandalucia.es\/biblipinos\/wp-json\/wp\/v2\/pages\/190\/revisions\/218"}],"wp:attachment":[{"href":"https:\/\/blogsaverroes.juntadeandalucia.es\/biblipinos\/wp-json\/wp\/v2\/media?parent=190"}],"curies":[{"name":"wp","href":"https:\/\/api.w.org\/{rel}","templated":true}]}}