{"id":279,"date":"2022-04-21T09:38:08","date_gmt":"2022-04-21T09:38:08","guid":{"rendered":"https:\/\/blogsaverroes.juntadeandalucia.es\/bilingualqsd\/?page_id=279"},"modified":"2023-03-09T09:43:44","modified_gmt":"2023-03-09T09:43:44","slug":"trabajos-de-2o-eso","status":"publish","type":"page","link":"https:\/\/blogsaverroes.juntadeandalucia.es\/bilingualqsd\/students-works\/trabajos-de-2o-eso\/","title":{"rendered":"Trabajos de 2\u00ba ESO"},"content":{"rendered":"<p>En esta p\u00e1gina, iremos recopilando los trabajos que realice el alumnado de 2\u00ba de ESO en el marco del programa biling\u00fce.<\/p>\n<p>Aqu\u00ed tienes los enlaces correspondientes:<\/p>\n<ul>\n<li><a title=\"\u00bfEs sano lo que comes?\" href=\"https:\/\/blogsaverroes.juntadeandalucia.es\/bilingualqsd\/trabajos-de-2o-eso\/es-sano-lo-que-comes\/\">\u00bfEs sano lo que comes?<\/a><\/li>\n<li><a title=\"Trilingual metaphores (2\u00ba ESO)\" href=\"https:\/\/blogsaverroes.juntadeandalucia.es\/bilingualqsd\/trilingual-metaphores-2o-eso\/\">Met\u00e1foras triling\u00fces<\/a>.<\/li>\n<li><a title=\"More trilingual metaphores (2\u00ba ESO)\" href=\"https:\/\/blogsaverroes.juntadeandalucia.es\/bilingualqsd\/more-trilingual-metaphores-2o-eso\/\">M\u00e1s met\u00e1foras triling\u00fces<\/a>.<\/li>\n<li><a title=\"Carteles biling\u00fces (2\u00ba ESO)\" href=\"https:\/\/blogsaverroes.juntadeandalucia.es\/bilingualqsd\/carteles-bilingues-2o-eso\/\">Carteles biling\u00fces<\/a>.<\/li>\n<\/ul>\n","protected":false},"excerpt":{"rendered":"<p>En esta p\u00e1gina, iremos recopilando los trabajos que realice el alumnado de 2\u00ba de ESO en el marco del programa biling\u00fce. Aqu\u00ed tienes los enlaces correspondientes: \u00bfEs sano lo que comes? Met\u00e1foras triling\u00fces. M\u00e1s&#46;&#46;&#46;<\/p>\n","protected":false},"author":11076,"featured_media":0,"parent":344,"menu_order":0,"comment_status":"closed","ping_status":"closed","template":"","meta":{"ngg_post_thumbnail":0,"footnotes":""},"aioseo_notices":[],"_links":{"self":[{"href":"https:\/\/blogsaverroes.juntadeandalucia.es\/bilingualqsd\/wp-json\/wp\/v2\/pages\/279"}],"collection":[{"href":"https:\/\/blogsaverroes.juntadeandalucia.es\/bilingualqsd\/wp-json\/wp\/v2\/pages"}],"about":[{"href":"https:\/\/blogsaverroes.juntadeandalucia.es\/bilingualqsd\/wp-json\/wp\/v2\/types\/page"}],"author":[{"embeddable":true,"href":"https:\/\/blogsaverroes.juntadeandalucia.es\/bilingualqsd\/wp-json\/wp\/v2\/users\/11076"}],"replies":[{"embeddable":true,"href":"https:\/\/blogsaverroes.juntadeandalucia.es\/bilingualqsd\/wp-json\/wp\/v2\/comments?post=279"}],"version-history":[{"count":2,"href":"https:\/\/blogsaverroes.juntadeandalucia.es\/bilingualqsd\/wp-json\/wp\/v2\/pages\/279\/revisions"}],"predecessor-version":[{"id":328,"href":"https:\/\/blogsaverroes.juntadeandalucia.es\/bilingualqsd\/wp-json\/wp\/v2\/pages\/279\/revisions\/328"}],"up":[{"embeddable":true,"href":"https:\/\/blogsaverroes.juntadeandalucia.es\/bilingualqsd\/wp-json\/wp\/v2\/pages\/344"}],"wp:attachment":[{"href":"https:\/\/blogsaverroes.juntadeandalucia.es\/bilingualqsd\/wp-json\/wp\/v2\/media?parent=279"}],"curies":[{"name":"wp","href":"https:\/\/api.w.org\/{rel}","templated":true}]}}