{"id":12,"date":"2022-10-22T17:14:22","date_gmt":"2022-10-22T17:14:22","guid":{"rendered":"https:\/\/blogsaverroes.juntadeandalucia.es\/bilingueferrobus\/?page_id=12"},"modified":"2022-10-22T17:54:27","modified_gmt":"2022-10-22T17:54:27","slug":"welcome","status":"publish","type":"page","link":"https:\/\/blogsaverroes.juntadeandalucia.es\/bilingueferrobus\/","title":{"rendered":"\u00a1WELCOME!"},"content":{"rendered":"<p><img loading=\"lazy\" decoding=\"async\" class=\"aligncenter wp-image-28 size-full\" src=\"https:\/\/blogsaverroes.juntadeandalucia.es\/bilingueferrobus\/files\/2022\/10\/\u00a1Bienvenidosas-a-la-p\u00e1gina-del-Proyecto-Biling\u00fce-del-CEIP-FERROB\u00daS-1.png\" alt=\"\" width=\"2000\" height=\"2000\" srcset=\"https:\/\/blogsaverroes.juntadeandalucia.es\/bilingueferrobus\/files\/2022\/10\/\u00a1Bienvenidosas-a-la-p\u00e1gina-del-Proyecto-Biling\u00fce-del-CEIP-FERROB\u00daS-1.png 2000w, https:\/\/blogsaverroes.juntadeandalucia.es\/bilingueferrobus\/files\/2022\/10\/\u00a1Bienvenidosas-a-la-p\u00e1gina-del-Proyecto-Biling\u00fce-del-CEIP-FERROB\u00daS-1-300x300.png 300w, https:\/\/blogsaverroes.juntadeandalucia.es\/bilingueferrobus\/files\/2022\/10\/\u00a1Bienvenidosas-a-la-p\u00e1gina-del-Proyecto-Biling\u00fce-del-CEIP-FERROB\u00daS-1-1024x1024.png 1024w, https:\/\/blogsaverroes.juntadeandalucia.es\/bilingueferrobus\/files\/2022\/10\/\u00a1Bienvenidosas-a-la-p\u00e1gina-del-Proyecto-Biling\u00fce-del-CEIP-FERROB\u00daS-1-150x150.png 150w, https:\/\/blogsaverroes.juntadeandalucia.es\/bilingueferrobus\/files\/2022\/10\/\u00a1Bienvenidosas-a-la-p\u00e1gina-del-Proyecto-Biling\u00fce-del-CEIP-FERROB\u00daS-1-768x768.png 768w, https:\/\/blogsaverroes.juntadeandalucia.es\/bilingueferrobus\/files\/2022\/10\/\u00a1Bienvenidosas-a-la-p\u00e1gina-del-Proyecto-Biling\u00fce-del-CEIP-FERROB\u00daS-1-1536x1536.png 1536w\" sizes=\"(max-width: 2000px) 100vw, 2000px\" \/><\/p>\n","protected":false},"excerpt":{"rendered":"","protected":false},"author":16059,"featured_media":0,"parent":0,"menu_order":0,"comment_status":"closed","ping_status":"closed","template":"","meta":{"ngg_post_thumbnail":0,"footnotes":""},"aioseo_notices":[],"_links":{"self":[{"href":"https:\/\/blogsaverroes.juntadeandalucia.es\/bilingueferrobus\/wp-json\/wp\/v2\/pages\/12"}],"collection":[{"href":"https:\/\/blogsaverroes.juntadeandalucia.es\/bilingueferrobus\/wp-json\/wp\/v2\/pages"}],"about":[{"href":"https:\/\/blogsaverroes.juntadeandalucia.es\/bilingueferrobus\/wp-json\/wp\/v2\/types\/page"}],"author":[{"embeddable":true,"href":"https:\/\/blogsaverroes.juntadeandalucia.es\/bilingueferrobus\/wp-json\/wp\/v2\/users\/16059"}],"replies":[{"embeddable":true,"href":"https:\/\/blogsaverroes.juntadeandalucia.es\/bilingueferrobus\/wp-json\/wp\/v2\/comments?post=12"}],"version-history":[{"count":2,"href":"https:\/\/blogsaverroes.juntadeandalucia.es\/bilingueferrobus\/wp-json\/wp\/v2\/pages\/12\/revisions"}],"predecessor-version":[{"id":30,"href":"https:\/\/blogsaverroes.juntadeandalucia.es\/bilingueferrobus\/wp-json\/wp\/v2\/pages\/12\/revisions\/30"}],"wp:attachment":[{"href":"https:\/\/blogsaverroes.juntadeandalucia.es\/bilingueferrobus\/wp-json\/wp\/v2\/media?parent=12"}],"curies":[{"name":"wp","href":"https:\/\/api.w.org\/{rel}","templated":true}]}}