{"id":41,"date":"2022-10-22T17:56:37","date_gmt":"2022-10-22T17:56:37","guid":{"rendered":"https:\/\/blogsaverroes.juntadeandalucia.es\/bilingueferrobus\/?page_id=41"},"modified":"2022-10-22T18:43:40","modified_gmt":"2022-10-22T18:43:40","slug":"normativa","status":"publish","type":"page","link":"https:\/\/blogsaverroes.juntadeandalucia.es\/bilingueferrobus\/normativa\/","title":{"rendered":"NORMATIVA"},"content":{"rendered":"<p><img loading=\"lazy\" decoding=\"async\" class=\"aligncenter size-full wp-image-59\" src=\"https:\/\/blogsaverroes.juntadeandalucia.es\/bilingueferrobus\/files\/2022\/10\/3.png\" alt=\"\" width=\"2000\" height=\"673\" srcset=\"https:\/\/blogsaverroes.juntadeandalucia.es\/bilingueferrobus\/files\/2022\/10\/3.png 2000w, https:\/\/blogsaverroes.juntadeandalucia.es\/bilingueferrobus\/files\/2022\/10\/3-300x101.png 300w, https:\/\/blogsaverroes.juntadeandalucia.es\/bilingueferrobus\/files\/2022\/10\/3-1024x345.png 1024w, https:\/\/blogsaverroes.juntadeandalucia.es\/bilingueferrobus\/files\/2022\/10\/3-768x258.png 768w, https:\/\/blogsaverroes.juntadeandalucia.es\/bilingueferrobus\/files\/2022\/10\/3-1536x517.png 1536w\" sizes=\"(max-width: 2000px) 100vw, 2000px\" \/><\/p>\n<p>&nbsp;<\/p>\n<p><a href=\"https:\/\/www.juntadeandalucia.es\/educacion\/portals\/delegate\/content\/2d1fa2a2-da55-42e1-a1ac-74d0f88146ba\/Instrucciones%20ense\u00f1anza%20biling\u00fce%2022\/23\">INSTRUCCI\u00d3N 21\/2022, DE 21 DE JULIO, DE LA DIRECCI\u00d3N GENERAL DE ORDENACI\u00d3N Y EVALUACI\u00d3N EDUCATIVA, SOBRE LA ORGANIZACI\u00d3N Y FUNCIONAMIENTO DE LA ENSE\u00d1ANZA BILING\u00dcE EN LOS CENTROS ANDALUCES PARA EL CURSO 2022\/2023<\/a><\/p>\n<p>&nbsp;<\/p>\n<p><a href=\"https:\/\/www.juntadeandalucia.es\/educacion\/portals\/delegate\/content\/d360f4d0-3636-4a21-9614-e6807e260882\/Instrucciones%20auxiliares%20de%20conversaci\u00f3n%2022-23\">INSTRUCCI\u00d3N 20\/2022, DE 21 DE JULIO, DE LA DIRECCI\u00d3N GENERAL DE ORDENACI\u00d3N Y EVALUACI\u00d3N EDUCATIVA, SOBRE AUXILIARES DE CONVERSACI\u00d3N PARA EL CURSO ESCOLAR 2022\/2023<\/a><\/p>\n","protected":false},"excerpt":{"rendered":"<p>&nbsp; INSTRUCCI\u00d3N 21\/2022, DE 21 DE JULIO, DE LA DIRECCI\u00d3N GENERAL DE ORDENACI\u00d3N Y EVALUACI\u00d3N EDUCATIVA, SOBRE LA ORGANIZACI\u00d3N Y FUNCIONAMIENTO DE LA ENSE\u00d1ANZA BILING\u00dcE EN LOS CENTROS ANDALUCES PARA EL CURSO 2022\/2023 &nbsp; INSTRUCCI\u00d3N 20\/2022, DE 21 DE JULIO, DE LA DIRECCI\u00d3N GENERAL DE ORDENACI\u00d3N Y EVALUACI\u00d3N EDUCATIVA, SOBRE AUXILIARES DE CONVERSACI\u00d3N PARA EL [&hellip;]<\/p>\n","protected":false},"author":16059,"featured_media":0,"parent":0,"menu_order":0,"comment_status":"closed","ping_status":"closed","template":"","meta":{"ngg_post_thumbnail":0,"footnotes":""},"aioseo_notices":[],"_links":{"self":[{"href":"https:\/\/blogsaverroes.juntadeandalucia.es\/bilingueferrobus\/wp-json\/wp\/v2\/pages\/41"}],"collection":[{"href":"https:\/\/blogsaverroes.juntadeandalucia.es\/bilingueferrobus\/wp-json\/wp\/v2\/pages"}],"about":[{"href":"https:\/\/blogsaverroes.juntadeandalucia.es\/bilingueferrobus\/wp-json\/wp\/v2\/types\/page"}],"author":[{"embeddable":true,"href":"https:\/\/blogsaverroes.juntadeandalucia.es\/bilingueferrobus\/wp-json\/wp\/v2\/users\/16059"}],"replies":[{"embeddable":true,"href":"https:\/\/blogsaverroes.juntadeandalucia.es\/bilingueferrobus\/wp-json\/wp\/v2\/comments?post=41"}],"version-history":[{"count":5,"href":"https:\/\/blogsaverroes.juntadeandalucia.es\/bilingueferrobus\/wp-json\/wp\/v2\/pages\/41\/revisions"}],"predecessor-version":[{"id":67,"href":"https:\/\/blogsaverroes.juntadeandalucia.es\/bilingueferrobus\/wp-json\/wp\/v2\/pages\/41\/revisions\/67"}],"wp:attachment":[{"href":"https:\/\/blogsaverroes.juntadeandalucia.es\/bilingueferrobus\/wp-json\/wp\/v2\/media?parent=41"}],"curies":[{"name":"wp","href":"https:\/\/api.w.org\/{rel}","templated":true}]}}