{"id":98,"date":"2020-12-03T19:11:20","date_gmt":"2020-12-03T18:11:20","guid":{"rendered":"https:\/\/blogsaverroes.juntadeandalucia.es\/blogaulapt\/?page_id=98"},"modified":"2020-12-03T19:26:47","modified_gmt":"2020-12-03T18:26:47","slug":"contacto","status":"publish","type":"page","link":"https:\/\/blogsaverroes.juntadeandalucia.es\/blogaulapt\/contacto\/","title":{"rendered":"Contacto"},"content":{"rendered":"<p>&nbsp;<\/p>\n<p>Hola a todos, soy Mar\u00eda&nbsp; Moya , maestra de Pedagog\u00eda Terap\u00e9utica y&nbsp; desempe\u00f1o mi trabajo en el Aula de Apoyo a la Integraci\u00f3n<\/p>\n<p>\u00bfQUIERES COLABORAR CON EL BLOG?<\/p>\n<p>\u00bfTIENES MATERIALES CREADOS QUE QUIERES COMPARTIR?<\/p>\n<p>\u00bfCONOCES ALG\u00daN RECURSO QUE QUIERES DIFUNDIR?<\/p>\n<p>&nbsp;Ponte en contacto conmigo&nbsp; y COMPARTE!<\/p>\n<div class=\"container-wrapper-genially\">\n<div id=\"5e7dd3c02e1d9a0e08991746\" class=\"genially-embed genially-view-not-is-mobile\">\n<div class=\"resize-sensor\" dir=\"ltr\">\n<div class=\"resize-sensor-expand\">\n<div>&nbsp;<\/div>\n<\/div>\n<div class=\"resize-sensor-shrink\">\n<div>\n<div class=\"wpcf7 no-js\" id=\"wpcf7-f105-o1\" lang=\"es-ES\" dir=\"ltr\">\n<div class=\"screen-reader-response\"><p role=\"status\" aria-live=\"polite\" aria-atomic=\"true\"><\/p> <ul><\/ul><\/div>\n<form action=\"\/blogaulapt\/wp-json\/wp\/v2\/pages\/98#wpcf7-f105-o1\" method=\"post\" class=\"wpcf7-form init\" aria-label=\"Formulario de contacto\" novalidate=\"novalidate\" data-status=\"init\">\n<div style=\"display: none;\">\n<input type=\"hidden\" name=\"_wpcf7\" value=\"105\" \/>\n<input type=\"hidden\" name=\"_wpcf7_version\" value=\"5.9.8\" \/>\n<input type=\"hidden\" name=\"_wpcf7_locale\" value=\"es_ES\" \/>\n<input type=\"hidden\" name=\"_wpcf7_unit_tag\" value=\"wpcf7-f105-o1\" \/>\n<input type=\"hidden\" name=\"_wpcf7_container_post\" value=\"0\" \/>\n<input type=\"hidden\" name=\"_wpcf7_posted_data_hash\" value=\"\" \/>\n<\/div>\n<p><label> Nombre (requerido)<br \/>\n<span class=\"wpcf7-form-control-wrap\" data-name=\"your-name\"><input size=\"40\" maxlength=\"400\" class=\"wpcf7-form-control wpcf7-text wpcf7-validates-as-required\" aria-required=\"true\" aria-invalid=\"false\" value=\"\" type=\"text\" name=\"your-name\" \/><\/span> <\/label>\n<\/p>\n<p><label> Tu correo electr\u00f3nico (requerido)<br \/>\n<span class=\"wpcf7-form-control-wrap\" data-name=\"your-email\"><input size=\"40\" maxlength=\"400\" class=\"wpcf7-form-control wpcf7-email wpcf7-validates-as-required wpcf7-text wpcf7-validates-as-email\" aria-required=\"true\" aria-invalid=\"false\" value=\"\" type=\"email\" name=\"your-email\" \/><\/span> <\/label>\n<\/p>\n<p><label> Asunto<br \/>\n<span class=\"wpcf7-form-control-wrap\" data-name=\"your-subject\"><input size=\"40\" maxlength=\"400\" class=\"wpcf7-form-control wpcf7-text\" aria-invalid=\"false\" value=\"\" type=\"text\" name=\"your-subject\" \/><\/span> <\/label>\n<\/p>\n<p><label> Mensaje<br \/>\n<span class=\"wpcf7-form-control-wrap\" data-name=\"your-message\"><textarea cols=\"40\" rows=\"10\" maxlength=\"2000\" class=\"wpcf7-form-control wpcf7-textarea\" aria-invalid=\"false\" name=\"your-message\"><\/textarea><\/span> <\/label>\n<\/p>\n<p><input class=\"wpcf7-form-control wpcf7-submit has-spinner\" type=\"submit\" value=\"Enviar\" \/>\n<\/p><div class=\"wpcf7-response-output\" aria-hidden=\"true\"><\/div>\n<\/form>\n<\/div>\n<\/div>\n<\/div>\n<\/div>\n<\/div>\n<\/div>\n<p>&nbsp;<\/p>\n","protected":false},"excerpt":{"rendered":"<p>&nbsp; Hola a todos, soy Mar\u00eda&nbsp; Moya , maestra de Pedagog\u00eda Terap\u00e9utica y&nbsp; desempe\u00f1o mi trabajo en el Aula de Apoyo a la Integraci\u00f3n \u00bfQUIERES COLABORAR CON EL BLOG? \u00bfTIENES MATERIALES CREADOS QUE QUIERES COMPARTIR? \u00bfCONOCES ALG\u00daN RECURSO QUE QUIERES DIFUNDIR? &nbsp;Ponte en contacto conmigo&nbsp; y COMPARTE! &nbsp; &nbsp;<\/p>\n","protected":false},"author":10203,"featured_media":0,"parent":0,"menu_order":0,"comment_status":"closed","ping_status":"closed","template":"","meta":{"ngg_post_thumbnail":0,"footnotes":""},"aioseo_notices":[],"_links":{"self":[{"href":"https:\/\/blogsaverroes.juntadeandalucia.es\/blogaulapt\/wp-json\/wp\/v2\/pages\/98"}],"collection":[{"href":"https:\/\/blogsaverroes.juntadeandalucia.es\/blogaulapt\/wp-json\/wp\/v2\/pages"}],"about":[{"href":"https:\/\/blogsaverroes.juntadeandalucia.es\/blogaulapt\/wp-json\/wp\/v2\/types\/page"}],"author":[{"embeddable":true,"href":"https:\/\/blogsaverroes.juntadeandalucia.es\/blogaulapt\/wp-json\/wp\/v2\/users\/10203"}],"replies":[{"embeddable":true,"href":"https:\/\/blogsaverroes.juntadeandalucia.es\/blogaulapt\/wp-json\/wp\/v2\/comments?post=98"}],"version-history":[{"count":4,"href":"https:\/\/blogsaverroes.juntadeandalucia.es\/blogaulapt\/wp-json\/wp\/v2\/pages\/98\/revisions"}],"predecessor-version":[{"id":107,"href":"https:\/\/blogsaverroes.juntadeandalucia.es\/blogaulapt\/wp-json\/wp\/v2\/pages\/98\/revisions\/107"}],"wp:attachment":[{"href":"https:\/\/blogsaverroes.juntadeandalucia.es\/blogaulapt\/wp-json\/wp\/v2\/media?parent=98"}],"curies":[{"name":"wp","href":"https:\/\/api.w.org\/{rel}","templated":true}]}}