{"id":1756,"date":"2026-02-23T09:57:36","date_gmt":"2026-02-23T08:57:36","guid":{"rendered":"https:\/\/blogsaverroes.juntadeandalucia.es\/blogceipsanfernandohuelva\/?page_id=1756"},"modified":"2026-02-23T10:02:31","modified_gmt":"2026-02-23T09:02:31","slug":"material-curso-profesorado","status":"publish","type":"page","link":"https:\/\/blogsaverroes.juntadeandalucia.es\/blogceipsanfernandohuelva\/material-curso-profesorado\/","title":{"rendered":"Material curso profesorado."},"content":{"rendered":"<div>\n<h2>1. Manual para las coordinaciones TDE<\/h2>\n<ul>\n<li>\n<p align=\"justify\"><a href=\"https:\/\/www.juntadeandalucia.es\/educacion\/eaprendizaje\/wp-content\/uploads\/2026\/01\/260112-Cap_Tec_Manual_Cood_TDE.pdf\" target=\"_blank\" rel=\"noopener\" data-saferedirecturl=\"https:\/\/www.google.com\/url?q=https:\/\/www.juntadeandalucia.es\/educacion\/eaprendizaje\/wp-content\/uploads\/2026\/01\/260112-Cap_Tec_Manual_Cood_TDE.pdf&amp;source=gmail&amp;ust=1771922832238000&amp;usg=AOvVaw3DrkTb6aKz0Vvuo99yVQIO\">Manual de seguimiento para personas Coordinadoras TDE<\/a><\/p>\n<\/li>\n<\/ul>\n<p>&nbsp;<\/p>\n<h2>2. Documentaci\u00f3n<\/h2>\n<h2>M\u00f3dulo 1. Aulas Digitales Interactivas<\/h2>\n<ul>\n<li>Capacitaci\u00f3n t\u00e9cnica<\/li>\n<li>\n<ul>\n<li><a href=\"https:\/\/www.juntadeandalucia.es\/educacion\/eaprendizaje\/wp-content\/uploads\/2025\/12\/CT_251117_Modulo_01_ADI.pdf\" target=\"_blank\" rel=\"noopener\" data-saferedirecturl=\"https:\/\/www.google.com\/url?q=https:\/\/www.juntadeandalucia.es\/educacion\/eaprendizaje\/wp-content\/uploads\/2025\/12\/CT_251117_Modulo_01_ADI.pdf&amp;source=gmail&amp;ust=1771922832238000&amp;usg=AOvVaw3OJRueFzQ_7YIejxZv20YG\">Aulas Digitales Interactivas<\/a><\/li>\n<\/ul>\n<\/li>\n<\/ul>\n<h2>M\u00f3dulo 2. Paneles interactivos<\/h2>\n<ul>\n<li>Capacitaci\u00f3n t\u00e9cnica\n<ul>\n<li><a href=\"https:\/\/www.juntadeandalucia.es\/educacion\/eaprendizaje\/wp-content\/uploads\/2025\/12\/CT_251117_Modulo_02_Paneles.pdf\" target=\"_blank\" rel=\"noopener\" data-saferedirecturl=\"https:\/\/www.google.com\/url?q=https:\/\/www.juntadeandalucia.es\/educacion\/eaprendizaje\/wp-content\/uploads\/2025\/12\/CT_251117_Modulo_02_Paneles.pdf&amp;source=gmail&amp;ust=1771922832238000&amp;usg=AOvVaw0ktlzMNr_jMoS98N5yMn8i\">Paneles Interactivos Smart MX V5<\/a><\/li>\n<\/ul>\n<\/li>\n<li>Documentaci\u00f3n complementaria\n<ul>\n<li><a href=\"https:\/\/www.juntadeandalucia.es\/educacion\/eaprendizaje\/wp-content\/uploads\/2025\/12\/CT_251117_Modulo_02_Paneles_Doc_complementario_Lumio.pdf\" target=\"_blank\" rel=\"noopener\" data-saferedirecturl=\"https:\/\/www.google.com\/url?q=https:\/\/www.juntadeandalucia.es\/educacion\/eaprendizaje\/wp-content\/uploads\/2025\/12\/CT_251117_Modulo_02_Paneles_Doc_complementario_Lumio.pdf&amp;source=gmail&amp;ust=1771922832238000&amp;usg=AOvVaw0qrf4kUR09O5xoMn-5Mi6z\">Lumio<\/a><\/li>\n<\/ul>\n<\/li>\n<\/ul>\n<h2>M\u00f3dulo 3. ADI Audiovisual<\/h2>\n<ul>\n<li>Capacitaci\u00f3n t\u00e9cnica<\/li>\n<li>\n<ul>\n<li><a href=\"https:\/\/www.juntadeandalucia.es\/educacion\/eaprendizaje\/wp-content\/uploads\/2025\/12\/CT_251117_Modulo_03_Audiovisual.pdf\" target=\"_blank\" rel=\"noopener\" data-saferedirecturl=\"https:\/\/www.google.com\/url?q=https:\/\/www.juntadeandalucia.es\/educacion\/eaprendizaje\/wp-content\/uploads\/2025\/12\/CT_251117_Modulo_03_Audiovisual.pdf&amp;source=gmail&amp;ust=1771922832238000&amp;usg=AOvVaw1xqdr9F3JtUI7Il_mZIHOt\">Complementos de la ADI Audiovisual<\/a><\/li>\n<\/ul>\n<\/li>\n<li>Documentaci\u00f3n complementaria\n<ul>\n<li><a href=\"https:\/\/www.juntadeandalucia.es\/educacion\/eaprendizaje\/wp-content\/uploads\/2025\/12\/CT_251117_Modulo_03_Audiovisual_Doc_complementaria_Micro_tablet.pdf\" target=\"_blank\" rel=\"noopener\" data-saferedirecturl=\"https:\/\/www.google.com\/url?q=https:\/\/www.juntadeandalucia.es\/educacion\/eaprendizaje\/wp-content\/uploads\/2025\/12\/CT_251117_Modulo_03_Audiovisual_Doc_complementaria_Micro_tablet.pdf&amp;source=gmail&amp;ust=1771922832238000&amp;usg=AOvVaw2Wdge8exnnJElqCDDJbvj6\">C\u00f3mo conectar el micr\u00f3fono a la tablet<\/a><\/li>\n<li><a href=\"https:\/\/www.juntadeandalucia.es\/educacion\/eaprendizaje\/wp-content\/uploads\/2025\/12\/CT_251217_Modulo_03_Audiovisual_Kdenlive_v3.pdf\" target=\"_blank\" rel=\"noopener\" data-saferedirecturl=\"https:\/\/www.google.com\/url?q=https:\/\/www.juntadeandalucia.es\/educacion\/eaprendizaje\/wp-content\/uploads\/2025\/12\/CT_251217_Modulo_03_Audiovisual_Kdenlive_v3.pdf&amp;source=gmail&amp;ust=1771922832238000&amp;usg=AOvVaw21JSJubBzPyPB68b5CdLoC\">Kdenlive<\/a><\/li>\n<li><a href=\"https:\/\/www.juntadeandalucia.es\/educacion\/eaprendizaje\/wp-content\/uploads\/2025\/12\/CT_251217_Modulo_03_Audiovisual_Open-Broadcaster-Software-OBS.pdf\" target=\"_blank\" rel=\"noopener\" data-saferedirecturl=\"https:\/\/www.google.com\/url?q=https:\/\/www.juntadeandalucia.es\/educacion\/eaprendizaje\/wp-content\/uploads\/2025\/12\/CT_251217_Modulo_03_Audiovisual_Open-Broadcaster-Software-OBS.pdf&amp;source=gmail&amp;ust=1771922832238000&amp;usg=AOvVaw1Ac76VyKXkO221En_D8SSo\">Open Broadcaster Software (OBS)<\/a><\/li>\n<\/ul>\n<\/li>\n<\/ul>\n<p>M\u00f3dulo 4. ADI Taller de radio<\/p>\n<ul>\n<li>Capacitaci\u00f3n t\u00e9cnica\n<ul>\n<li><a href=\"https:\/\/www.juntadeandalucia.es\/educacion\/eaprendizaje\/wp-content\/uploads\/2025\/12\/CT_250911_Modulo_04_Taller_radio.pdf\" target=\"_blank\" rel=\"noopener\" data-saferedirecturl=\"https:\/\/www.google.com\/url?q=https:\/\/www.juntadeandalucia.es\/educacion\/eaprendizaje\/wp-content\/uploads\/2025\/12\/CT_250911_Modulo_04_Taller_radio.pdf&amp;source=gmail&amp;ust=1771922832238000&amp;usg=AOvVaw0jCHUSm0A_zKPlyp29dBDG\">Complementos de la ADI Taller de radio<\/a><\/li>\n<\/ul>\n<\/li>\n<li>Documentaci\u00f3n complementaria\n<ul>\n<li><a href=\"https:\/\/www.juntadeandalucia.es\/educacion\/eaprendizaje\/wp-content\/uploads\/2025\/12\/CT_251117_Modulo_04_Taller-de-Radio_Audacity_v3.pdf\" target=\"_blank\" rel=\"noopener\" data-saferedirecturl=\"https:\/\/www.google.com\/url?q=https:\/\/www.juntadeandalucia.es\/educacion\/eaprendizaje\/wp-content\/uploads\/2025\/12\/CT_251117_Modulo_04_Taller-de-Radio_Audacity_v3.pdf&amp;source=gmail&amp;ust=1771922832238000&amp;usg=AOvVaw1JHpNgH3wy1UIF49NkilmW\">Grabaci\u00f3n y edici\u00f3n de audio con Audacity<\/a><\/li>\n<li><a href=\"https:\/\/www.juntadeandalucia.es\/educacion\/eaprendizaje\/wp-content\/uploads\/2025\/12\/CT_251117_Modulo_04_Edicion_Sonido_Mixxx_v3.pdf\" target=\"_blank\" rel=\"noopener\" data-saferedirecturl=\"https:\/\/www.google.com\/url?q=https:\/\/www.juntadeandalucia.es\/educacion\/eaprendizaje\/wp-content\/uploads\/2025\/12\/CT_251117_Modulo_04_Edicion_Sonido_Mixxx_v3.pdf&amp;source=gmail&amp;ust=1771922832238000&amp;usg=AOvVaw0PyMv-yflr5VpxRKF3w79_\">Edici\u00f3n de sonido con Mixx<\/a><\/li>\n<li><a href=\"https:\/\/www.juntadeandalucia.es\/educacion\/eaprendizaje\/wp-content\/uploads\/2025\/12\/CT_251117_Modulo_04_Taller-de-radio_Doc_complementio_Zonas_mesa_mezclas.pdf\" target=\"_blank\" rel=\"noopener\" data-saferedirecturl=\"https:\/\/www.google.com\/url?q=https:\/\/www.juntadeandalucia.es\/educacion\/eaprendizaje\/wp-content\/uploads\/2025\/12\/CT_251117_Modulo_04_Taller-de-radio_Doc_complementio_Zonas_mesa_mezclas.pdf&amp;source=gmail&amp;ust=1771922832238000&amp;usg=AOvVaw1PQoSSF7kcTL24Ei7UaJIf\">Zonas y funciones principales de la mesa de mezclas<\/a><\/li>\n<li><a href=\"https:\/\/www.juntadeandalucia.es\/educacion\/eaprendizaje\/wp-content\/uploads\/2025\/12\/CT_251222_Modulo_04_Taller-de-radio_Controles-de-la-mesa-de-mezclas_v4.pdf\" target=\"_blank\" rel=\"noopener\" data-saferedirecturl=\"https:\/\/www.google.com\/url?q=https:\/\/www.juntadeandalucia.es\/educacion\/eaprendizaje\/wp-content\/uploads\/2025\/12\/CT_251222_Modulo_04_Taller-de-radio_Controles-de-la-mesa-de-mezclas_v4.pdf&amp;source=gmail&amp;ust=1771922832238000&amp;usg=AOvVaw0wXxAFgocZEZV2A60QMaxQ\">Controles de la mesa de mezclas<\/a><\/li>\n<\/ul>\n<\/li>\n<\/ul>\n<\/div>\n<div>M\u00f3dulo 5. ADI STEAM<\/p>\n<ul>\n<li>Capacitaci\u00f3n t\u00e9cnica\n<ul>\n<li><a href=\"https:\/\/www.juntadeandalucia.es\/educacion\/eaprendizaje\/wp-content\/uploads\/2025\/12\/CT_251117_Modulo_05_STEAM.pdf\" target=\"_blank\" rel=\"noopener\" data-saferedirecturl=\"https:\/\/www.google.com\/url?q=https:\/\/www.juntadeandalucia.es\/educacion\/eaprendizaje\/wp-content\/uploads\/2025\/12\/CT_251117_Modulo_05_STEAM.pdf&amp;source=gmail&amp;ust=1771922832239000&amp;usg=AOvVaw3kkcnIoQC4ch7w5QFOxCiK\">Complementos de la ADI STEAM<\/a><\/li>\n<\/ul>\n<\/li>\n<li>Documentaci\u00f3n complementaria\n<ul>\n<li><a href=\"https:\/\/www.juntadeandalucia.es\/educacion\/eaprendizaje\/wp-content\/uploads\/2025\/12\/CT_251117_Modulo_05_ADI_STEAM_Doc_complementaria_Impresora_3D_SermoonV1.pdf\" target=\"_blank\" rel=\"noopener\" data-saferedirecturl=\"https:\/\/www.google.com\/url?q=https:\/\/www.juntadeandalucia.es\/educacion\/eaprendizaje\/wp-content\/uploads\/2025\/12\/CT_251117_Modulo_05_ADI_STEAM_Doc_complementaria_Impresora_3D_SermoonV1.pdf&amp;source=gmail&amp;ust=1771922832239000&amp;usg=AOvVaw0WHCNVuDiYek8vLqGQ-pAk\">Impresora 3D Creality Sermoon\u00a0<\/a><a href=\"https:\/\/www.juntadeandalucia.es\/educacion\/eaprendizaje\/wp-content\/uploads\/2025\/12\/CT_251117_Modulo_05_ADI_STEAM_Doc_complementaria_Impresora_3D_SermoonV1.pdf\" target=\"_blank\" rel=\"noopener\" data-saferedirecturl=\"https:\/\/www.google.com\/url?q=https:\/\/www.juntadeandalucia.es\/educacion\/eaprendizaje\/wp-content\/uploads\/2025\/12\/CT_251117_Modulo_05_ADI_STEAM_Doc_complementaria_Impresora_3D_SermoonV1.pdf&amp;source=gmail&amp;ust=1771922832239000&amp;usg=AOvVaw0WHCNVuDiYek8vLqGQ-pAk\">V1\u00a0<\/a><\/li>\n<li><a href=\"https:\/\/www.juntadeandalucia.es\/educacion\/eaprendizaje\/wp-content\/uploads\/2025\/12\/CT_251223_Modulo_05_ADI_STEAM_Manual-creality-K1_v3.pdf\" target=\"_blank\" rel=\"noopener\" data-saferedirecturl=\"https:\/\/www.google.com\/url?q=https:\/\/www.juntadeandalucia.es\/educacion\/eaprendizaje\/wp-content\/uploads\/2025\/12\/CT_251223_Modulo_05_ADI_STEAM_Manual-creality-K1_v3.pdf&amp;source=gmail&amp;ust=1771922832239000&amp;usg=AOvVaw1tfMQoLzlwSMNf4YX7lE5J\">Impresora 3D Creality K1<\/a><\/li>\n<li><a href=\"https:\/\/www.juntadeandalucia.es\/educacion\/eaprendizaje\/wp-content\/uploads\/2025\/12\/CT_251117_Modulo_5.6_Steam_Diseno-3D-con-Tinkercard-e-impresion-3D-con-Cura-Ultimaker.pdf\" target=\"_blank\" rel=\"noopener\" data-saferedirecturl=\"https:\/\/www.google.com\/url?q=https:\/\/www.juntadeandalucia.es\/educacion\/eaprendizaje\/wp-content\/uploads\/2025\/12\/CT_251117_Modulo_5.6_Steam_Diseno-3D-con-Tinkercard-e-impresion-3D-con-Cura-Ultimaker.pdf&amp;source=gmail&amp;ust=1771922832239000&amp;usg=AOvVaw2gcNHW7YXS92Kj0G0GuWi7\">Dise\u00f1o 3D con Tinkercard e impresi\u00f3n 3D con Cura Ultimaker<\/a><\/li>\n<li><a href=\"https:\/\/www.juntadeandalucia.es\/educacion\/eaprendizaje\/wp-content\/uploads\/2025\/12\/CT_251217_Modulo_05.7_Programacion-de-microbit-con-Makecode.pdf\" target=\"_blank\" rel=\"noopener\" data-saferedirecturl=\"https:\/\/www.google.com\/url?q=https:\/\/www.juntadeandalucia.es\/educacion\/eaprendizaje\/wp-content\/uploads\/2025\/12\/CT_251217_Modulo_05.7_Programacion-de-microbit-con-Makecode.pdf&amp;source=gmail&amp;ust=1771922832239000&amp;usg=AOvVaw0NbNlGw-1_PUyPXxRFLiZw\">Programaci\u00f3n de Micro:bit con Makecode<\/a><\/li>\n<li><a href=\"https:\/\/www.juntadeandalucia.es\/educacion\/eaprendizaje\/wp-content\/uploads\/2025\/12\/CT_251214_Modulo_5.8_Simulacion_electronica_Microbit_con_Tinkercad.pdf\" target=\"_blank\" rel=\"noopener\" data-saferedirecturl=\"https:\/\/www.google.com\/url?q=https:\/\/www.juntadeandalucia.es\/educacion\/eaprendizaje\/wp-content\/uploads\/2025\/12\/CT_251214_Modulo_5.8_Simulacion_electronica_Microbit_con_Tinkercad.pdf&amp;source=gmail&amp;ust=1771922832239000&amp;usg=AOvVaw0SsKrRTt4Kaopyrpt5nPfL\">Simulaci\u00f3n electr\u00f3nica Micro:bit con Tinkercard<\/a><\/li>\n<\/ul>\n<\/li>\n<\/ul>\n<\/div>\n","protected":false},"excerpt":{"rendered":"<p>1. Manual para las coordinaciones TDE Manual de seguimiento para personas Coordinadoras TDE &nbsp; 2. Documentaci\u00f3n M\u00f3dulo 1. Aulas Digitales Interactivas Capacitaci\u00f3n t\u00e9cnica Aulas Digitales Interactivas M\u00f3dulo 2. Paneles interactivos Capacitaci\u00f3n t\u00e9cnica Paneles Interactivos&#46;&#46;&#46;<\/p>\n","protected":false},"author":13085,"featured_media":0,"parent":0,"menu_order":0,"comment_status":"closed","ping_status":"closed","template":"","meta":{"footnotes":""},"aioseo_notices":[],"_links":{"self":[{"href":"https:\/\/blogsaverroes.juntadeandalucia.es\/blogceipsanfernandohuelva\/wp-json\/wp\/v2\/pages\/1756"}],"collection":[{"href":"https:\/\/blogsaverroes.juntadeandalucia.es\/blogceipsanfernandohuelva\/wp-json\/wp\/v2\/pages"}],"about":[{"href":"https:\/\/blogsaverroes.juntadeandalucia.es\/blogceipsanfernandohuelva\/wp-json\/wp\/v2\/types\/page"}],"author":[{"embeddable":true,"href":"https:\/\/blogsaverroes.juntadeandalucia.es\/blogceipsanfernandohuelva\/wp-json\/wp\/v2\/users\/13085"}],"replies":[{"embeddable":true,"href":"https:\/\/blogsaverroes.juntadeandalucia.es\/blogceipsanfernandohuelva\/wp-json\/wp\/v2\/comments?post=1756"}],"version-history":[{"count":2,"href":"https:\/\/blogsaverroes.juntadeandalucia.es\/blogceipsanfernandohuelva\/wp-json\/wp\/v2\/pages\/1756\/revisions"}],"predecessor-version":[{"id":1760,"href":"https:\/\/blogsaverroes.juntadeandalucia.es\/blogceipsanfernandohuelva\/wp-json\/wp\/v2\/pages\/1756\/revisions\/1760"}],"wp:attachment":[{"href":"https:\/\/blogsaverroes.juntadeandalucia.es\/blogceipsanfernandohuelva\/wp-json\/wp\/v2\/media?parent=1756"}],"curies":[{"name":"wp","href":"https:\/\/api.w.org\/{rel}","templated":true}]}}