{"id":55,"date":"2020-01-09T12:48:16","date_gmt":"2020-01-09T11:48:16","guid":{"rendered":"http:\/\/blogsaverroes.juntadeandalucia.es\/pre\/nuevoceip2v2\/?page_id=55"},"modified":"2021-05-06T23:26:07","modified_gmt":"2021-05-06T22:26:07","slug":"planes-y-proyectos","status":"publish","type":"page","link":"https:\/\/blogsaverroes.juntadeandalucia.es\/blogceipsanfernandohuelva\/planes-y-proyectos\/","title":{"rendered":"Planes y Proyectos"},"content":{"rendered":"<p>.- Centro biling\u00fce en ingl\u00e9s, impartido por el profesorado, con auxiliares de conversaci\u00f3n.<\/p>\n<p>.- Centro TIC.<\/p>\n<p>.- Programa &#8220;Escuela: espacio de Paz&#8221;.<\/p>\n<p>.- Programa de Igualdad entre hombres y mujeres.<\/p>\n<p>.- Plan de bibliotecas escolares.<\/p>\n<p>.- Programa &#8220;Creciendo en salud&#8221;.<\/p>\n<p class=\"_04xlpA direction-ltr align-center para-style-body\"><span class=\"JsGRdQ\">.- Programa de Acompa\u00f1amiento.<\/span><\/p>\n<p class=\"_04xlpA direction-ltr align-center para-style-body\"><span class=\"JsGRdQ\">.- Programa&nbsp;<\/span><span class=\"JsGRdQ\">&#8220;Deporte en la Escuela&#8221;.<\/span><\/p>\n","protected":false},"excerpt":{"rendered":"<p>.- Centro biling\u00fce en ingl\u00e9s, impartido por el profesorado, con auxiliares de conversaci\u00f3n. .- Centro TIC. .- Programa &#8220;Escuela: espacio de Paz&#8221;. .- Programa de Igualdad entre hombres y mujeres. .- Plan de bibliotecas&#46;&#46;&#46;<\/p>\n","protected":false},"author":7051,"featured_media":0,"parent":0,"menu_order":0,"comment_status":"closed","ping_status":"closed","template":"","meta":{"footnotes":""},"aioseo_notices":[],"_links":{"self":[{"href":"https:\/\/blogsaverroes.juntadeandalucia.es\/blogceipsanfernandohuelva\/wp-json\/wp\/v2\/pages\/55"}],"collection":[{"href":"https:\/\/blogsaverroes.juntadeandalucia.es\/blogceipsanfernandohuelva\/wp-json\/wp\/v2\/pages"}],"about":[{"href":"https:\/\/blogsaverroes.juntadeandalucia.es\/blogceipsanfernandohuelva\/wp-json\/wp\/v2\/types\/page"}],"author":[{"embeddable":true,"href":"https:\/\/blogsaverroes.juntadeandalucia.es\/blogceipsanfernandohuelva\/wp-json\/wp\/v2\/users\/7051"}],"replies":[{"embeddable":true,"href":"https:\/\/blogsaverroes.juntadeandalucia.es\/blogceipsanfernandohuelva\/wp-json\/wp\/v2\/comments?post=55"}],"version-history":[{"count":6,"href":"https:\/\/blogsaverroes.juntadeandalucia.es\/blogceipsanfernandohuelva\/wp-json\/wp\/v2\/pages\/55\/revisions"}],"predecessor-version":[{"id":554,"href":"https:\/\/blogsaverroes.juntadeandalucia.es\/blogceipsanfernandohuelva\/wp-json\/wp\/v2\/pages\/55\/revisions\/554"}],"wp:attachment":[{"href":"https:\/\/blogsaverroes.juntadeandalucia.es\/blogceipsanfernandohuelva\/wp-json\/wp\/v2\/media?parent=55"}],"curies":[{"name":"wp","href":"https:\/\/api.w.org\/{rel}","templated":true}]}}