{"id":625,"date":"2024-10-26T17:58:40","date_gmt":"2024-10-26T15:58:40","guid":{"rendered":"https:\/\/blogsaverroes.juntadeandalucia.es\/blogceipsanfernandohuelva\/?page_id=625"},"modified":"2026-03-03T10:26:36","modified_gmt":"2026-03-03T09:26:36","slug":"comedor-escolar","status":"publish","type":"page","link":"https:\/\/blogsaverroes.juntadeandalucia.es\/blogceipsanfernandohuelva\/comedor-escolar\/","title":{"rendered":"Comedor escolar."},"content":{"rendered":"<p style=\"text-align: center\"><strong>MEN\u00da DEL COMEDOR ESCOLAR .- MARZO DE 2026.<\/strong><\/p>\n<p style=\"text-align: center\"><a href=\"https:\/\/blogsaverroes.juntadeandalucia.es\/blogceipsanfernandohuelva\/files\/2026\/03\/BASAL_MARZO-COMERTEL.pdf\">BASAL_MARZO COMERTEL<\/a><\/p>\n<p><img loading=\"lazy\" decoding=\"async\" class=\"size-medium wp-image-682 aligncenter\" src=\"https:\/\/blogsaverroes.juntadeandalucia.es\/blogceipsanfernandohuelva\/files\/2024\/11\/qqq-300x158.png\" alt=\"\" width=\"300\" height=\"158\" srcset=\"https:\/\/blogsaverroes.juntadeandalucia.es\/blogceipsanfernandohuelva\/files\/2024\/11\/qqq-300x158.png 300w, https:\/\/blogsaverroes.juntadeandalucia.es\/blogceipsanfernandohuelva\/files\/2024\/11\/qqq-1024x538.png 1024w, https:\/\/blogsaverroes.juntadeandalucia.es\/blogceipsanfernandohuelva\/files\/2024\/11\/qqq-768x403.png 768w, https:\/\/blogsaverroes.juntadeandalucia.es\/blogceipsanfernandohuelva\/files\/2024\/11\/qqq.png 1200w\" sizes=\"(max-width: 300px) 100vw, 300px\" \/><\/p>\n<p>Para m\u00e1s informaci\u00f3n, consulten este enlace: <span style=\"font-size: 14pt\"><a href=\"https:\/\/www.elgustodecrecer.es\/\">\u201cEl Gusto de Crecer\u201d<\/a><\/span><\/p>\n<p><span style=\"font-size: 14pt\">Condiciones Generales del Servicio:<\/span><\/p>\n<p><span style=\"font-size: 14pt\"><b>Usuarios de Comedor:<\/b><\/span><\/p>\n<p><span style=\"font-size: 14pt\">Todos los alumnos matriculados en el centro escolar y que hayan sido admitidos por la Consejer\u00eda de Desarrollo Educativo de la Junta de Andaluc\u00eda en el Servicio de Comedor y que no tengan deuda alguna con la empresa COMERTEL, S.A. en cursos anteriores.<\/span><\/p>\n<p><span style=\"font-size: 14pt\"><b>ALTA en el Servicio de Comedor:<\/b><\/span><\/p>\n<p><span style=\"font-size: 14pt\">Todos los usuarios deber\u00e1n solicitar la plaza por escrito, cumplimentando el modelo de inscripci\u00f3n al Servicio de Comedor que el centro escolar les facilitar\u00e1. En dicho formulario deber\u00e1n indicar los datos del usuario, de los progenitores o tutores y la domiciliaci\u00f3n bancaria.<\/span><\/p>\n<p><span style=\"font-size: 14pt\"><b>Bonificaciones del Servicio de Comedor:<\/b><\/span><\/p>\n<p><span style=\"font-size: 14pt\">Se tramitar\u00e1n a trav\u00e9s del centro escolar.<\/span><\/p>\n<p><span style=\"font-size: 14pt\"><b>Tipos de COMPROMISO:<\/b><\/span><\/p>\n<p><span style=\"font-size: 14pt\">La utilizaci\u00f3n del Servicio de Comedor podr\u00e1 ser solicitada por las familias por meses completos, por d\u00edas fijos todas las semanas o solamente por d\u00edas espor\u00e1dicos, ejerci\u00e9ndose la opci\u00f3n que desee al presentar la solicitud.<\/span><\/p>\n<p><span style=\"font-size: 14pt\"><b>CAMBIOS DE COMPROMISO del Servicio de Comedor:<\/b><\/span><\/p>\n<p><span style=\"font-size: 14pt\">La solicitud de modificaci\u00f3n de la opci\u00f3n inicialmente elegida para el Servicio de Comedor Escolar se comunicar\u00e1 a la Direcci\u00f3n del Centro Escolar, rellenando el documento correspondiente, y en segundo lugar a Comertel, adjuntando dicho documento con una antelaci\u00f3n de al menos una semana del inicio del mes en que se pretenda hacer el cambio de compromiso.<\/span><\/p>\n<p><span style=\"font-size: 14pt\"><b>AUSENCIAS del Servicio de Comedor:<\/b><\/span><\/p>\n<p><span style=\"font-size: 14pt\">Los usuarios podr\u00e1n avisar de sus ausencias del comedor, a trav\u00e9s de la App m\u00f3vil \u201cEl Gusto de Crecer\u201d y\/o la p\u00e1gina web (elgustodecrecer.comertel.es), con una antelaci\u00f3n de tres d\u00edas, sin coste alguno para el usuario.<\/span><\/p>\n<p><span style=\"font-size: 14pt\">Para acceder a las plataformas, tendr\u00e1n que registrarse a trav\u00e9s del men\u00fa\u00a0<b>Reg\u00edstrate.<\/b><\/span><\/p>\n<p><span style=\"font-size: 14pt\">En ambas plataformas, existe un manual de instrucciones para realizar las comunicaciones correctamente.<\/span><\/p>\n<p><span style=\"font-size: 14pt\">Las comunicaciones de ausencias v\u00eda telef\u00f3nica, v\u00eda email o v\u00eda contacto de la p\u00e1gina de \u201cEl Gusto de Crecer\u201d no\u00a0ser\u00e1n v\u00e1lidas.<\/span><\/p>\n<p><span style=\"font-size: 14pt\">La v\u00eda de contacto de El Gusto de Crecer, \u00fanicamente se utilizar\u00e1 en caso de problema de acceso a la Plataforma. El resto de los asuntos relacionados con el Servicio de Comedor se atender\u00e1n a trav\u00e9s del mail andaluciafacturacion@aramark.es<\/span><\/p>\n<p><span style=\"font-size: 14pt\">Las ausencias al Servicio de Comedor motivadas por enfermedad se podr\u00e1n justificarse remitiendo el INFORME DE ASISTENCIA A CONSULTA o JUSTIFICANTE DE ACCESO A DEMANDA DE ASISTENCIA, en un plazo m\u00e1ximo de 5 d\u00edas\u00a0lectivos, empezando a contar desde el primer d\u00eda de la ausencia. No obstante, los 3 primeros d\u00edas naturales se cancelar\u00e1n con el justificante de asistencia m\u00e9dica y a partir del cuarto d\u00eda natural, ser\u00e1n las propias familias las que justificar\u00e1n las ausencias a trav\u00e9s de las plataformas de \u201cEl Gusto de Crecer\u201d, siguiendo el procedimiento ordinario.<\/span><\/p>\n<p><span style=\"font-size: 14pt\">El mecanismo correcto para justificar las ausencias por causa de enfermedad ser\u00e1 el siguiente:<\/span><\/p>\n<p><span style=\"font-size: 14pt\">Si el primer d\u00eda de enfermedad comienza en mi\u00e9rcoles, el justificante de asistencia m\u00e9dica le justificar\u00e1 los d\u00edas mi\u00e9rcoles, jueves y viernes.<\/span><\/p>\n<p><span style=\"font-size: 14pt\">Si el primer d\u00eda de enfermedad comienza en jueves, el justificante de asistencia m\u00e9dica le justificar\u00e1 los d\u00edas jueves y viernes. En el caso de que el lunes o\/y d\u00edas venideros, el usuario no asista al Servicio de Comedor, tendr\u00e1 que realizar la comunicaci\u00f3n de la ausencia a trav\u00e9s de las plataformas de \u201cEl Gusto de Crecer\u201d.<\/span><\/p>\n<p><span style=\"font-size: 14pt\">Si el primer d\u00eda de enfermedad comienza en viernes, el justificante de asistencia m\u00e9dica le justificar\u00e1 el d\u00eda viernes. En el caso de que el lunes o\/y d\u00edas venideros, el usuario no asista al Servicio de Comedor, tendr\u00e1 que realizar la comunicaci\u00f3n de la ausencia a trav\u00e9s de las plataformas de &#8220;El Gusto de Crecer&#8221;.<\/span><\/p>\n","protected":false},"excerpt":{"rendered":"<p>MEN\u00da DEL COMEDOR ESCOLAR .- MARZO DE 2026. BASAL_MARZO COMERTEL Para m\u00e1s informaci\u00f3n, consulten este enlace: \u201cEl Gusto de Crecer\u201d Condiciones Generales del Servicio: Usuarios de Comedor: Todos los alumnos matriculados en el centro&#46;&#46;&#46;<\/p>\n","protected":false},"author":13085,"featured_media":0,"parent":0,"menu_order":0,"comment_status":"closed","ping_status":"closed","template":"","meta":{"footnotes":""},"aioseo_notices":[],"_links":{"self":[{"href":"https:\/\/blogsaverroes.juntadeandalucia.es\/blogceipsanfernandohuelva\/wp-json\/wp\/v2\/pages\/625"}],"collection":[{"href":"https:\/\/blogsaverroes.juntadeandalucia.es\/blogceipsanfernandohuelva\/wp-json\/wp\/v2\/pages"}],"about":[{"href":"https:\/\/blogsaverroes.juntadeandalucia.es\/blogceipsanfernandohuelva\/wp-json\/wp\/v2\/types\/page"}],"author":[{"embeddable":true,"href":"https:\/\/blogsaverroes.juntadeandalucia.es\/blogceipsanfernandohuelva\/wp-json\/wp\/v2\/users\/13085"}],"replies":[{"embeddable":true,"href":"https:\/\/blogsaverroes.juntadeandalucia.es\/blogceipsanfernandohuelva\/wp-json\/wp\/v2\/comments?post=625"}],"version-history":[{"count":23,"href":"https:\/\/blogsaverroes.juntadeandalucia.es\/blogceipsanfernandohuelva\/wp-json\/wp\/v2\/pages\/625\/revisions"}],"predecessor-version":[{"id":1765,"href":"https:\/\/blogsaverroes.juntadeandalucia.es\/blogceipsanfernandohuelva\/wp-json\/wp\/v2\/pages\/625\/revisions\/1765"}],"wp:attachment":[{"href":"https:\/\/blogsaverroes.juntadeandalucia.es\/blogceipsanfernandohuelva\/wp-json\/wp\/v2\/media?parent=625"}],"curies":[{"name":"wp","href":"https:\/\/api.w.org\/{rel}","templated":true}]}}