{"id":1049,"date":"2021-11-19T12:19:43","date_gmt":"2021-11-19T11:19:43","guid":{"rendered":"https:\/\/blogsaverroes.juntadeandalucia.es\/blogcprmaestrorafaelchacon\/?page_id=1049"},"modified":"2025-02-07T13:42:43","modified_gmt":"2025-02-07T12:42:43","slug":"programaciones-2o-ciclo","status":"publish","type":"page","link":"https:\/\/blogsaverroes.juntadeandalucia.es\/blogcprmaestrorafaelchacon\/programaciones-2o-ciclo\/","title":{"rendered":"Programaciones 2\u00ba Ciclo"},"content":{"rendered":"<p style=\"text-align: center\"><span style=\"font-size: 24pt\"><strong>ART\u00cdSTICA<\/strong><\/span><\/p>\n<p style=\"text-align: center\"><iframe loading=\"lazy\" src=\"https:\/\/drive.google.com\/file\/d\/1Qf3aku_uNCIQZkrX7lXoFkhRtdg_hUgy\/preview\" width=\"640\" height=\"480\"><\/iframe>&nbsp;<\/p>\n<p style=\"text-align: center\"><strong><span style=\"font-size: 24pt\">CONOCIMIENTO DEL MEDIO<\/span><\/strong><\/p>\n<p style=\"text-align: center\">&nbsp;<\/p>\n<p style=\"text-align: center\">&nbsp;<\/p>\n<p style=\"text-align: center\"><span style=\"font-size: 24pt\"><strong>EDUCACI\u00d3N F\u00cdSICA<\/strong><\/span><\/p>\n<p style=\"text-align: center\"><iframe loading=\"lazy\" src=\"https:\/\/drive.google.com\/file\/d\/1E_ebusV5q4JQ2CTv_lFCd-pl-sb1zwbt\/preview\" width=\"640\" height=\"480\"><\/iframe>&nbsp;<\/p>\n<p style=\"text-align: center\">&nbsp;<\/p>\n<p style=\"text-align: center\"><span style=\"font-size: 24pt\"><strong>INGL\u00c9S<\/strong><\/span><\/p>\n<p style=\"text-align: center\"><iframe loading=\"lazy\" src=\"https:\/\/drive.google.com\/file\/d\/1s15TLda9rdFxc0OPv_I4fCVqmuZjyo1J\/preview\" width=\"640\" height=\"480\"><\/iframe>&nbsp;<\/p>\n<p style=\"text-align: center\"><span style=\"font-size: 24pt\"><strong>LENGUA CASTELLANA<\/strong><\/span><\/p>\n<p style=\"text-align: center\"><iframe loading=\"lazy\" src=\"https:\/\/drive.google.com\/file\/d\/1aQGTRORze6wvrm28H7OyxTD0qnnjpfCo\/preview\" width=\"640\" height=\"480\"><\/iframe>&nbsp;<\/p>\n<p style=\"text-align: center\"><span style=\"font-size: 24pt\"><strong>MATEM\u00c1TICAS<\/strong><\/span><\/p>\n<p style=\"text-align: center\"><iframe loading=\"lazy\" src=\"https:\/\/drive.google.com\/file\/d\/1rVSI7iFn8u_8qZbnPoDfB6Vjby_R-UBS\/preview\" width=\"640\" height=\"480\"><\/iframe>&nbsp;<\/p>\n<p style=\"text-align: center\">&nbsp;<\/p>\n<p style=\"text-align: center\">&nbsp;<\/p>\n<p style=\"text-align: center\">&nbsp;<\/p>\n<p style=\"text-align: center\">&nbsp;<\/p>\n","protected":false},"excerpt":{"rendered":"<p>ART\u00cdSTICA &nbsp; CONOCIMIENTO DEL MEDIO &nbsp; &nbsp; EDUCACI\u00d3N F\u00cdSICA &nbsp; &nbsp; INGL\u00c9S &nbsp; LENGUA CASTELLANA &nbsp; MATEM\u00c1TICAS &nbsp; &nbsp; &nbsp; &nbsp; &nbsp;<\/p>\n","protected":false},"author":10542,"featured_media":0,"parent":0,"menu_order":0,"comment_status":"closed","ping_status":"closed","template":"","meta":{"ngg_post_thumbnail":0,"footnotes":""},"aioseo_notices":[],"_links":{"self":[{"href":"https:\/\/blogsaverroes.juntadeandalucia.es\/blogcprmaestrorafaelchacon\/wp-json\/wp\/v2\/pages\/1049"}],"collection":[{"href":"https:\/\/blogsaverroes.juntadeandalucia.es\/blogcprmaestrorafaelchacon\/wp-json\/wp\/v2\/pages"}],"about":[{"href":"https:\/\/blogsaverroes.juntadeandalucia.es\/blogcprmaestrorafaelchacon\/wp-json\/wp\/v2\/types\/page"}],"author":[{"embeddable":true,"href":"https:\/\/blogsaverroes.juntadeandalucia.es\/blogcprmaestrorafaelchacon\/wp-json\/wp\/v2\/users\/10542"}],"replies":[{"embeddable":true,"href":"https:\/\/blogsaverroes.juntadeandalucia.es\/blogcprmaestrorafaelchacon\/wp-json\/wp\/v2\/comments?post=1049"}],"version-history":[{"count":4,"href":"https:\/\/blogsaverroes.juntadeandalucia.es\/blogcprmaestrorafaelchacon\/wp-json\/wp\/v2\/pages\/1049\/revisions"}],"predecessor-version":[{"id":1652,"href":"https:\/\/blogsaverroes.juntadeandalucia.es\/blogcprmaestrorafaelchacon\/wp-json\/wp\/v2\/pages\/1049\/revisions\/1652"}],"wp:attachment":[{"href":"https:\/\/blogsaverroes.juntadeandalucia.es\/blogcprmaestrorafaelchacon\/wp-json\/wp\/v2\/media?parent=1049"}],"curies":[{"name":"wp","href":"https:\/\/api.w.org\/{rel}","templated":true}]}}