{"id":1055,"date":"2021-11-21T12:55:22","date_gmt":"2021-11-21T11:55:22","guid":{"rendered":"https:\/\/blogsaverroes.juntadeandalucia.es\/blogcprmaestrorafaelchacon\/?page_id=1055"},"modified":"2025-02-07T13:50:10","modified_gmt":"2025-02-07T12:50:10","slug":"programaciones-3o-ciclo","status":"publish","type":"page","link":"https:\/\/blogsaverroes.juntadeandalucia.es\/blogcprmaestrorafaelchacon\/programaciones-3o-ciclo\/","title":{"rendered":"Programaciones 3\u00ba Ciclo"},"content":{"rendered":"<p style=\"text-align: center\"><span style=\"font-size: 24pt\"><strong><span style=\"font-family: 'comic sans ms', sans-serif\">ART\u00cdSTICA<\/span><\/strong><\/span><\/p>\n<p style=\"text-align: center\"><iframe loading=\"lazy\" src=\"https:\/\/drive.google.com\/file\/d\/1vlrBDK_YUDAAEKudvS50gonwC4zuVOpT\/preview\" width=\"640\" height=\"480\"><\/iframe>&nbsp;<\/p>\n<p style=\"text-align: center\"><span style=\"font-size: 24pt\"><strong><span style=\"font-family: 'comic sans ms', sans-serif\">CONOCIMIENTO DEL MEDIO<\/span><\/strong><\/span><\/p>\n<p style=\"text-align: center\">&nbsp;<\/p>\n<p style=\"text-align: center\">&nbsp;<\/p>\n<p style=\"text-align: center\">&nbsp;<\/p>\n<p style=\"text-align: center\"><span style=\"font-family: 'comic sans ms', sans-serif;font-size: 24pt\"><strong>EDUCACI\u00d3N F\u00cdSICA<\/strong><\/span><\/p>\n<p style=\"text-align: center\"><iframe loading=\"lazy\" src=\"https:\/\/drive.google.com\/file\/d\/1rmYQciPpKIIbswDyGI-xqkEtV5ZhjAnD\/preview\" width=\"640\" height=\"480\"><\/iframe>&nbsp;<\/p>\n<p style=\"text-align: center\"><span style=\"font-family: 'comic sans ms', sans-serif;font-size: 24pt\"><strong>FRANC\u00c9S&nbsp;<\/strong><\/span><\/p>\n<p style=\"text-align: center\"><iframe loading=\"lazy\" src=\"https:\/\/drive.google.com\/file\/d\/1jnT4U_eeLKkbBQj_VnBwjlcr1YF3be-3\/preview\" width=\"640\" height=\"480\"><\/iframe>&nbsp;<\/p>\n<p style=\"text-align: center\"><strong><span style=\"font-family: 'comic sans ms', sans-serif;font-size: 24pt\">INGL\u00c9S<\/span><\/strong><\/p>\n<p style=\"text-align: center\"><iframe loading=\"lazy\" src=\"https:\/\/drive.google.com\/file\/d\/1Ukr0Ya3pZCdkiPgv3Ljy8gJkjHgyG71Q\/preview\" width=\"640\" height=\"480\"><\/iframe>&nbsp;<\/p>\n<p style=\"text-align: center\"><span style=\"font-family: 'comic sans ms', sans-serif;font-size: 24pt\"><strong>LENGUA CASTELLANA<\/strong><\/span><\/p>\n<p style=\"text-align: center\"><iframe loading=\"lazy\" src=\"https:\/\/drive.google.com\/file\/d\/1tByyFNicCDsrQppRyoMdnNlsNdp7jLxu\/preview\" width=\"640\" height=\"480\"><\/iframe>&nbsp;<\/p>\n<p style=\"text-align: center\"><span style=\"font-family: 'comic sans ms', sans-serif;font-size: 24pt\"><strong>MATEM\u00c1TICAS<\/strong><\/span><\/p>\n<p style=\"text-align: center\"><iframe loading=\"lazy\" src=\"https:\/\/drive.google.com\/file\/d\/1fouQAEhDNbCbZHw3oJA6cOX2iEKKWEDB\/preview\" width=\"640\" height=\"480\"><\/iframe>&nbsp;<\/p>\n<p style=\"text-align: center\">&nbsp;<\/p>\n<p style=\"text-align: center\">&nbsp;<\/p>\n<p style=\"text-align: center\"><span style=\"font-family: 'comic sans ms', sans-serif;font-size: 24pt\"><strong>VALORES SOCIALES Y C\u00cdVICOS<\/strong><\/span><\/p>\n<p style=\"text-align: center\"><iframe loading=\"lazy\" src=\"https:\/\/drive.google.com\/file\/d\/13x8W_YZ5-GEm2uvckQ5Ku4y5VLBWCbKR\/preview\" width=\"640\" height=\"480\"><\/iframe>&nbsp;<\/p>\n","protected":false},"excerpt":{"rendered":"<p>ART\u00cdSTICA &nbsp; CONOCIMIENTO DEL MEDIO &nbsp; &nbsp; &nbsp; EDUCACI\u00d3N F\u00cdSICA &nbsp; FRANC\u00c9S&nbsp; &nbsp; INGL\u00c9S &nbsp; LENGUA CASTELLANA &nbsp; MATEM\u00c1TICAS &nbsp; &nbsp; &nbsp; VALORES SOCIALES Y C\u00cdVICOS &nbsp;<\/p>\n","protected":false},"author":10542,"featured_media":0,"parent":0,"menu_order":0,"comment_status":"closed","ping_status":"closed","template":"","meta":{"ngg_post_thumbnail":0,"footnotes":""},"aioseo_notices":[],"_links":{"self":[{"href":"https:\/\/blogsaverroes.juntadeandalucia.es\/blogcprmaestrorafaelchacon\/wp-json\/wp\/v2\/pages\/1055"}],"collection":[{"href":"https:\/\/blogsaverroes.juntadeandalucia.es\/blogcprmaestrorafaelchacon\/wp-json\/wp\/v2\/pages"}],"about":[{"href":"https:\/\/blogsaverroes.juntadeandalucia.es\/blogcprmaestrorafaelchacon\/wp-json\/wp\/v2\/types\/page"}],"author":[{"embeddable":true,"href":"https:\/\/blogsaverroes.juntadeandalucia.es\/blogcprmaestrorafaelchacon\/wp-json\/wp\/v2\/users\/10542"}],"replies":[{"embeddable":true,"href":"https:\/\/blogsaverroes.juntadeandalucia.es\/blogcprmaestrorafaelchacon\/wp-json\/wp\/v2\/comments?post=1055"}],"version-history":[{"count":5,"href":"https:\/\/blogsaverroes.juntadeandalucia.es\/blogcprmaestrorafaelchacon\/wp-json\/wp\/v2\/pages\/1055\/revisions"}],"predecessor-version":[{"id":1654,"href":"https:\/\/blogsaverroes.juntadeandalucia.es\/blogcprmaestrorafaelchacon\/wp-json\/wp\/v2\/pages\/1055\/revisions\/1654"}],"wp:attachment":[{"href":"https:\/\/blogsaverroes.juntadeandalucia.es\/blogcprmaestrorafaelchacon\/wp-json\/wp\/v2\/media?parent=1055"}],"curies":[{"name":"wp","href":"https:\/\/api.w.org\/{rel}","templated":true}]}}