{"id":1373,"date":"2022-08-30T12:55:21","date_gmt":"2022-08-30T11:55:21","guid":{"rendered":"https:\/\/blogsaverroes.juntadeandalucia.es\/blogcprmaestrorafaelchacon\/?page_id=1373"},"modified":"2024-11-14T13:18:57","modified_gmt":"2024-11-14T12:18:57","slug":"proyecto-de-centro","status":"publish","type":"page","link":"https:\/\/blogsaverroes.juntadeandalucia.es\/blogcprmaestrorafaelchacon\/proyecto-de-centro\/","title":{"rendered":"PROYECTO DE CENTRO"},"content":{"rendered":"<p style=\"text-align: center\"><span style=\"font-size: 36pt\">PROYECTO EDUCATIVO<\/span><\/p>\n<p style=\"text-align: center\">&nbsp;<\/p>\n<p style=\"text-align: center\"><iframe loading=\"lazy\" src=\"https:\/\/drive.google.com\/file\/d\/1h6_UU3q15XFDQPUeePbJCcK3d2LUjD3G\/preview\" width=\"640\" height=\"480\"><\/iframe>&nbsp;<\/p>\n<p>&nbsp;<\/p>\n<p style=\"text-align: center\"><span style=\"font-size: 36pt\">PROYECTO DE GESTI\u00d3N<\/span><\/p>\n<p style=\"text-align: center\"><iframe loading=\"lazy\" src=\"https:\/\/drive.google.com\/file\/d\/1i-IJhiP9lk01PkpBMXKMJF2zuMQRStby\/preview\" width=\"640\" height=\"480\"><\/iframe><\/p>\n<p style=\"text-align: center\">&nbsp;<\/p>\n<p style=\"text-align: center\"><span style=\"font-size: 36pt\">REGLAMENTO DE ORGANIZACI\u00d3N Y FUNCIONAMIENTO<\/span><\/p>\n<p style=\"text-align: center\"><iframe loading=\"lazy\" src=\"https:\/\/drive.google.com\/file\/d\/1mFQ_4kelTGE6LahdCxqnMEXRHwm8bR35\/preview\" width=\"640\" height=\"480\"><\/iframe><\/p>\n<p style=\"text-align: center\"><span style=\"font-size: 36pt\">PLAN DE ORIENTACI\u00d3N Y ACCI\u00d3N TUTORIAL<\/span><\/p>\n<p style=\"text-align: center\">&nbsp;<iframe loading=\"lazy\" src=\"https:\/\/drive.google.com\/file\/d\/1mLx_UP5B-6UNgc3CEUbDbPnQlQ_0-4GV\/preview\" width=\"640\" height=\"480\"><\/iframe><\/p>\n<p style=\"text-align: center\">&nbsp;<\/p>\n<p style=\"text-align: center\">&nbsp;<\/p>\n<p style=\"text-align: center\">&nbsp;<\/p>\n<p style=\"text-align: center\">&nbsp;<\/p>\n<p style=\"text-align: center\">&nbsp;<\/p>\n<p style=\"text-align: center\">&nbsp;<\/p>\n<p style=\"text-align: center\">&nbsp;<\/p>\n<p style=\"text-align: center\">&nbsp;<\/p>\n","protected":false},"excerpt":{"rendered":"<p>PROYECTO EDUCATIVO &nbsp; &nbsp; &nbsp; PROYECTO DE GESTI\u00d3N &nbsp; REGLAMENTO DE ORGANIZACI\u00d3N Y FUNCIONAMIENTO PLAN DE ORIENTACI\u00d3N Y ACCI\u00d3N TUTORIAL &nbsp; &nbsp; &nbsp; &nbsp; &nbsp; &nbsp; &nbsp; &nbsp; &nbsp;<\/p>\n","protected":false},"author":10542,"featured_media":0,"parent":0,"menu_order":0,"comment_status":"closed","ping_status":"closed","template":"","meta":{"ngg_post_thumbnail":0,"footnotes":""},"aioseo_notices":[],"_links":{"self":[{"href":"https:\/\/blogsaverroes.juntadeandalucia.es\/blogcprmaestrorafaelchacon\/wp-json\/wp\/v2\/pages\/1373"}],"collection":[{"href":"https:\/\/blogsaverroes.juntadeandalucia.es\/blogcprmaestrorafaelchacon\/wp-json\/wp\/v2\/pages"}],"about":[{"href":"https:\/\/blogsaverroes.juntadeandalucia.es\/blogcprmaestrorafaelchacon\/wp-json\/wp\/v2\/types\/page"}],"author":[{"embeddable":true,"href":"https:\/\/blogsaverroes.juntadeandalucia.es\/blogcprmaestrorafaelchacon\/wp-json\/wp\/v2\/users\/10542"}],"replies":[{"embeddable":true,"href":"https:\/\/blogsaverroes.juntadeandalucia.es\/blogcprmaestrorafaelchacon\/wp-json\/wp\/v2\/comments?post=1373"}],"version-history":[{"count":5,"href":"https:\/\/blogsaverroes.juntadeandalucia.es\/blogcprmaestrorafaelchacon\/wp-json\/wp\/v2\/pages\/1373\/revisions"}],"predecessor-version":[{"id":1578,"href":"https:\/\/blogsaverroes.juntadeandalucia.es\/blogcprmaestrorafaelchacon\/wp-json\/wp\/v2\/pages\/1373\/revisions\/1578"}],"wp:attachment":[{"href":"https:\/\/blogsaverroes.juntadeandalucia.es\/blogcprmaestrorafaelchacon\/wp-json\/wp\/v2\/media?parent=1373"}],"curies":[{"name":"wp","href":"https:\/\/api.w.org\/{rel}","templated":true}]}}