{"id":1550,"date":"2024-04-22T08:31:05","date_gmt":"2024-04-22T07:31:05","guid":{"rendered":"https:\/\/blogsaverroes.juntadeandalucia.es\/blogcprmaestrorafaelchacon\/?page_id=1550"},"modified":"2025-05-26T20:20:17","modified_gmt":"2025-05-26T19:20:17","slug":"feria-de-plurilinguismo","status":"publish","type":"page","link":"https:\/\/blogsaverroes.juntadeandalucia.es\/blogcprmaestrorafaelchacon\/proyecto-etwinning\/feria-de-plurilinguismo\/","title":{"rendered":"Proyecto: Let Your Light Shine Bright (Curso 2023\/24)"},"content":{"rendered":"<p><img loading=\"lazy\" decoding=\"async\" class=\"aligncenter size-full wp-image-1608\" src=\"https:\/\/blogsaverroes.juntadeandalucia.es\/blogcprmaestrorafaelchacon\/files\/2025\/01\/light.png\" alt=\"\" width=\"500\" height=\"500\" srcset=\"https:\/\/blogsaverroes.juntadeandalucia.es\/blogcprmaestrorafaelchacon\/files\/2025\/01\/light.png 500w, https:\/\/blogsaverroes.juntadeandalucia.es\/blogcprmaestrorafaelchacon\/files\/2025\/01\/light-300x300.png 300w, https:\/\/blogsaverroes.juntadeandalucia.es\/blogcprmaestrorafaelchacon\/files\/2025\/01\/light-150x150.png 150w, https:\/\/blogsaverroes.juntadeandalucia.es\/blogcprmaestrorafaelchacon\/files\/2025\/01\/light-480x480.png 480w\" sizes=\"(max-width: 500px) 100vw, 500px\" \/><\/p>\n<div>\n<div>\n<p style=\"text-align: center\"><span style=\"color: #993366\"><strong><em><span style=\"font-family: 'comic sans ms', sans-serif;font-size: 14pt\">Let Your Light Shine Bright<\/span><\/em><\/strong><\/span><\/p>\n<\/div>\n<div>\n<p style=\"text-align: center\"><span style=\"font-family: 'comic sans ms', sans-serif;color: #000000;font-size: 12pt\">El proyecto europeo <em>\u2019Let your light shine bright<\/em>\u2019 pertenece a la web educativa de <em>eTwinning<\/em>. Este proyecto est\u00e1 creado para alumnos de Educaci\u00f3n Primaria con el fin de desarrollar sus habilidades art\u00edsticas a trav\u00e9s de una forma diferente y divertida como es la creaci\u00f3n de falsas vidrieras. Les ofrece la oportunidad de estimular su curiosidad, creatividad, imaginaci\u00f3n y tambi\u00e9n apoya el desarrollo de habilidades comunicativas. Ser creativo ayuda a los estudiantes a expresarse y afrontar sus sentimientos y miedos, as\u00ed como a gestionar sus estados emocionales. Promueve el bienestar y crea un espacio para la interacci\u00f3n social.<\/span><\/p>\n<p><img loading=\"lazy\" decoding=\"async\" class=\"aligncenter size-large wp-image-1609\" src=\"https:\/\/blogsaverroes.juntadeandalucia.es\/blogcprmaestrorafaelchacon\/files\/2025\/01\/triptico-light-1024x483.jpg\" alt=\"\" width=\"1024\" height=\"483\" srcset=\"https:\/\/blogsaverroes.juntadeandalucia.es\/blogcprmaestrorafaelchacon\/files\/2025\/01\/triptico-light-1024x483.jpg 1024w, https:\/\/blogsaverroes.juntadeandalucia.es\/blogcprmaestrorafaelchacon\/files\/2025\/01\/triptico-light-300x141.jpg 300w, https:\/\/blogsaverroes.juntadeandalucia.es\/blogcprmaestrorafaelchacon\/files\/2025\/01\/triptico-light-768x362.jpg 768w, https:\/\/blogsaverroes.juntadeandalucia.es\/blogcprmaestrorafaelchacon\/files\/2025\/01\/triptico-light-1536x724.jpg 1536w, https:\/\/blogsaverroes.juntadeandalucia.es\/blogcprmaestrorafaelchacon\/files\/2025\/01\/triptico-light-2048x966.jpg 2048w, https:\/\/blogsaverroes.juntadeandalucia.es\/blogcprmaestrorafaelchacon\/files\/2025\/01\/triptico-light-1080x509.jpg 1080w, https:\/\/blogsaverroes.juntadeandalucia.es\/blogcprmaestrorafaelchacon\/files\/2025\/01\/triptico-light-1280x604.jpg 1280w, https:\/\/blogsaverroes.juntadeandalucia.es\/blogcprmaestrorafaelchacon\/files\/2025\/01\/triptico-light-980x462.jpg 980w, https:\/\/blogsaverroes.juntadeandalucia.es\/blogcprmaestrorafaelchacon\/files\/2025\/01\/triptico-light-480x226.jpg 480w\" sizes=\"(max-width: 1024px) 100vw, 1024px\" \/><\/p>\n<p><img loading=\"lazy\" decoding=\"async\" class=\"aligncenter size-large wp-image-1610\" src=\"https:\/\/blogsaverroes.juntadeandalucia.es\/blogcprmaestrorafaelchacon\/files\/2025\/01\/triptico-light-1-1024x483.jpg\" alt=\"\" width=\"1024\" height=\"483\" srcset=\"https:\/\/blogsaverroes.juntadeandalucia.es\/blogcprmaestrorafaelchacon\/files\/2025\/01\/triptico-light-1-1024x483.jpg 1024w, https:\/\/blogsaverroes.juntadeandalucia.es\/blogcprmaestrorafaelchacon\/files\/2025\/01\/triptico-light-1-300x141.jpg 300w, https:\/\/blogsaverroes.juntadeandalucia.es\/blogcprmaestrorafaelchacon\/files\/2025\/01\/triptico-light-1-768x362.jpg 768w, https:\/\/blogsaverroes.juntadeandalucia.es\/blogcprmaestrorafaelchacon\/files\/2025\/01\/triptico-light-1-1536x724.jpg 1536w, https:\/\/blogsaverroes.juntadeandalucia.es\/blogcprmaestrorafaelchacon\/files\/2025\/01\/triptico-light-1-2048x966.jpg 2048w, https:\/\/blogsaverroes.juntadeandalucia.es\/blogcprmaestrorafaelchacon\/files\/2025\/01\/triptico-light-1-1080x509.jpg 1080w, https:\/\/blogsaverroes.juntadeandalucia.es\/blogcprmaestrorafaelchacon\/files\/2025\/01\/triptico-light-1-1280x604.jpg 1280w, https:\/\/blogsaverroes.juntadeandalucia.es\/blogcprmaestrorafaelchacon\/files\/2025\/01\/triptico-light-1-980x462.jpg 980w, https:\/\/blogsaverroes.juntadeandalucia.es\/blogcprmaestrorafaelchacon\/files\/2025\/01\/triptico-light-1-480x226.jpg 480w\" sizes=\"(max-width: 1024px) 100vw, 1024px\" \/><\/p>\n<div>\n<div style=\"text-align: center\">\n<div>\n<p><strong><em><span style=\"font-family: 'comic sans ms', sans-serif;color: #993366;font-size: 14pt\">Feria del Pluriling\u00fcismo de C\u00f3rdoba<\/span><\/em><\/strong><\/p>\n<\/div>\n<div>\n<p><span style=\"font-family: 'comic sans ms', sans-serif;color: #000000;font-size: 12pt\">El d\u00eda 18 de abril el profesorado de nuestro centro particip\u00f3 en la Feria del Pluriling\u00fcismo organizada por la Delegaci\u00f3n Provincial de Educaci\u00f3n y celebrada en el CEP de C\u00f3rdoba. El principal objetivo de este evento era compartir las buenas pr\u00e1cticas realizadas por los centros biling\u00fces de la provincia e intercambiar ideas para la ense\u00f1anza biling\u00fce. Nuestro centro difundi\u00f3 el maravilloso trabajo de nuestro alumnado y profesorado as\u00ed como los resultados de nuestro proyecto <em>eTwinning<\/em> <em>\u201cLet your light shine bright\u201d<\/em> que se lleva a cabo en nuestro centro desde el inicio de este curso escolar participando con un cartel digital y un stand que provocaron un gran inter\u00e9s y recibieron muy buena aceptaci\u00f3n por parte de todo el p\u00fablico. <em>Let your light shine bright!<\/em> \u00a1Deja que tu luz brille intensamente!<\/span><\/p>\n<\/div>\n<\/div>\n<p style=\"text-align: center\"><img loading=\"lazy\" decoding=\"async\" class=\"aligncenter size-large wp-image-1611\" src=\"https:\/\/blogsaverroes.juntadeandalucia.es\/blogcprmaestrorafaelchacon\/files\/2025\/01\/feria-plurilinguismo-1024x483.png\" alt=\"\" width=\"1024\" height=\"483\" srcset=\"https:\/\/blogsaverroes.juntadeandalucia.es\/blogcprmaestrorafaelchacon\/files\/2025\/01\/feria-plurilinguismo-1024x483.png 1024w, https:\/\/blogsaverroes.juntadeandalucia.es\/blogcprmaestrorafaelchacon\/files\/2025\/01\/feria-plurilinguismo-300x141.png 300w, https:\/\/blogsaverroes.juntadeandalucia.es\/blogcprmaestrorafaelchacon\/files\/2025\/01\/feria-plurilinguismo-768x362.png 768w, https:\/\/blogsaverroes.juntadeandalucia.es\/blogcprmaestrorafaelchacon\/files\/2025\/01\/feria-plurilinguismo-1536x724.png 1536w, https:\/\/blogsaverroes.juntadeandalucia.es\/blogcprmaestrorafaelchacon\/files\/2025\/01\/feria-plurilinguismo-2048x966.png 2048w, https:\/\/blogsaverroes.juntadeandalucia.es\/blogcprmaestrorafaelchacon\/files\/2025\/01\/feria-plurilinguismo-1080x509.png 1080w, https:\/\/blogsaverroes.juntadeandalucia.es\/blogcprmaestrorafaelchacon\/files\/2025\/01\/feria-plurilinguismo-1280x604.png 1280w, https:\/\/blogsaverroes.juntadeandalucia.es\/blogcprmaestrorafaelchacon\/files\/2025\/01\/feria-plurilinguismo-980x462.png 980w, https:\/\/blogsaverroes.juntadeandalucia.es\/blogcprmaestrorafaelchacon\/files\/2025\/01\/feria-plurilinguismo-480x226.png 480w\" sizes=\"(max-width: 1024px) 100vw, 1024px\" \/><\/p>\n<div>\n<div style=\"text-align: center\">\n<p><span style=\"color: #993366\"><em><strong><span style=\"font-family: 'comic sans ms', sans-serif;font-size: 14pt\">Visita de los Socios Italianos a la Sede del Palomar y al Aula Multinivel de la Ribera Baja<\/span><\/strong><\/em><\/span><\/p>\n<\/div>\n<div style=\"text-align: center\">\n<p><span style=\"font-family: 'comic sans ms', sans-serif;color: #000000;font-size: 12pt\">Durante el mes de mayo, hemos recibido en nuestro centro la visita de nuestros socios italianos del anterior proyecto <em>eTwinning \u201cDrop by drop\u201d<\/em>: 4 docentes y 12 alumnos y alumnas del instituto Viola en el marco de su proyecto <em>Erasmus<\/em>+. Fue una experiencia sumamente enriquecedora para ambos centros. Nuestro claustro, alumnado y sus familias nos hemos esforzado para ser unos buenos anfitriones organizando las actividades y los talleres que no solo fueran de car\u00e1cter educativo sino tambi\u00e9n divertido y l\u00fadico promoviendo un valioso intercambio cultural y favoreciendo la competencia ling\u00fc\u00edstica del alumnado de ambos centros. Esta experiencia nos ha mostrado que no solo podemos aprender sino tambi\u00e9n tenemos muchas cosas para ense\u00f1ar y compartir tanto en el \u00e1mbito cultural como educativo.<\/span><\/p>\n<\/div>\n<div style=\"text-align: center\">\n<p><span style=\"color: #993366\"><em><strong><span style=\"font-family: 'comic sans ms', sans-serif;font-size: 14pt\">Participaci\u00f3n de las Familias y del Claustro en la Visita de los Socios Italianos<\/span><\/strong><\/em><\/span><\/p>\n<\/div>\n<div style=\"text-align: center\">\n<p><span style=\"font-family: 'comic sans ms', sans-serif;color: #000000;font-size: 12pt\">La visita de los socios italianos a nuestro centro educativo no solo fue una experiencia enriquecedora para los estudiantes y docentes, sino que tambi\u00e9n fue una oportunidad para que el alumnado, sus familias y el claustro se involucraran activamente en el intercambio cultural. Las familias y el profesorado del centro jugaron un papel crucial en la organizaci\u00f3n y ejecuci\u00f3n de diversas actividades que permitieron a nuestros visitantes italianos sumergirse en la rica cultura andaluza.<\/span><\/p>\n<\/div>\n<div style=\"text-align: center\">\n<p><strong><em><span style=\"font-family: 'comic sans ms', sans-serif;color: #993366;font-size: 14pt\">Talleres Culturales en la Sede del Palomar<\/span><\/em><\/strong><\/p>\n<\/div>\n<div>\n<p style=\"text-align: center\"><span style=\"font-family: 'comic sans ms', sans-serif;color: #000000;font-size: 12pt\">Las familias colaboraron estrechamente con nuestro personal docente para planificar y llevar a cabo una serie de talleres culturales. Estos talleres fueron dise\u00f1ados para resaltar las tradiciones y costumbres de Andaluc\u00eda, permitiendo a los estudiantes italianos y sus profesores experimentar de primera mano la esencia de nuestra regi\u00f3n. Algunos de los talleres incluyeron lecciones de baile flamenco, gracias a Roc\u00edo de la academia <em>Sense<\/em> que siempre nos hace un hueco en su apretada agenda, donde los participantes pudieron aprender los pasos b\u00e1sicos de esta danza tan emblem\u00e1tica, as\u00ed como talleres de manualidades en los que pudieron crear sus propias piezas de arte inspiradas en el estilo local.<\/span><\/p>\n<p style=\"text-align: center\"><img loading=\"lazy\" decoding=\"async\" class=\"aligncenter size-large wp-image-1612\" src=\"https:\/\/blogsaverroes.juntadeandalucia.es\/blogcprmaestrorafaelchacon\/files\/2025\/01\/it-palomar-1024x768.jpg\" alt=\"\" width=\"1024\" height=\"768\" srcset=\"https:\/\/blogsaverroes.juntadeandalucia.es\/blogcprmaestrorafaelchacon\/files\/2025\/01\/it-palomar-1024x768.jpg 1024w, https:\/\/blogsaverroes.juntadeandalucia.es\/blogcprmaestrorafaelchacon\/files\/2025\/01\/it-palomar-300x225.jpg 300w, https:\/\/blogsaverroes.juntadeandalucia.es\/blogcprmaestrorafaelchacon\/files\/2025\/01\/it-palomar-768x576.jpg 768w, https:\/\/blogsaverroes.juntadeandalucia.es\/blogcprmaestrorafaelchacon\/files\/2025\/01\/it-palomar-1536x1152.jpg 1536w, https:\/\/blogsaverroes.juntadeandalucia.es\/blogcprmaestrorafaelchacon\/files\/2025\/01\/it-palomar-2048x1536.jpg 2048w, https:\/\/blogsaverroes.juntadeandalucia.es\/blogcprmaestrorafaelchacon\/files\/2025\/01\/it-palomar-510x382.jpg 510w, https:\/\/blogsaverroes.juntadeandalucia.es\/blogcprmaestrorafaelchacon\/files\/2025\/01\/it-palomar-1080x810.jpg 1080w, https:\/\/blogsaverroes.juntadeandalucia.es\/blogcprmaestrorafaelchacon\/files\/2025\/01\/it-palomar-1280x960.jpg 1280w, https:\/\/blogsaverroes.juntadeandalucia.es\/blogcprmaestrorafaelchacon\/files\/2025\/01\/it-palomar-980x735.jpg 980w, https:\/\/blogsaverroes.juntadeandalucia.es\/blogcprmaestrorafaelchacon\/files\/2025\/01\/it-palomar-480x360.jpg 480w\" sizes=\"(max-width: 1024px) 100vw, 1024px\" \/><\/p>\n<div>\n<div style=\"text-align: center\">\n<p><em><strong><span style=\"font-family: 'comic sans ms', sans-serif;color: #993366;font-size: 14pt\">Preparaci\u00f3n de Dulces T\u00edpicos en el Aula Multinivel de la Ribera Baja<\/span><\/strong><\/em><\/p>\n<\/div>\n<div style=\"text-align: center\">\n<p><span style=\"font-family: 'comic sans ms', sans-serif;color: #000000;font-size: 12pt\">Uno de los momentos m\u00e1s memorables de la visita fue la preparaci\u00f3n de dulces t\u00edpicos andaluces en la sede de Ribera Baja. Las familias se organizaron para preparar recetas tradicionales de nuestra tierra. Esta actividad no solo fue una oportunidad para degustar sabores \u00fanicos, sino tambi\u00e9n para fomentar la interacci\u00f3n y el intercambio cultural entre las familias anfitrionas y los invitados italianos.<\/span><\/p>\n<\/div>\n<div style=\"text-align: center\">\n<p><span style=\"color: #993366\"><em><strong><span style=\"font-family: 'comic sans ms', sans-serif;font-size: 14pt\">Un Intercambio de Tradiciones<\/span><\/strong><\/em><\/span><\/p>\n<\/div>\n<div>\n<p style=\"text-align: center\"><span style=\"font-family: 'comic sans ms', sans-serif;color: #000000;font-size: 12pt\">A lo largo de la visita, la colaboraci\u00f3n entre las familias y el centro educativo demostr\u00f3 ser fundamental para el \u00e9xito del intercambio. Los talleres y actividades organizados no solo fortalecieron los lazos entre ambos grupos, sino que tambi\u00e9n promovieron el entendimiento y el respeto por la diversidad cultural. Las familias y todo el claustro, con su entusiasmo y dedicaci\u00f3n, ayudaron a crear un ambiente acogedor y amistoso, asegurando que nuestros socios italianos se llevaran consigo un recuerdo imborrable de su estancia en Andaluc\u00eda.<\/span><\/p>\n<p style=\"text-align: center\"><img loading=\"lazy\" decoding=\"async\" class=\"aligncenter size-large wp-image-1613\" src=\"https:\/\/blogsaverroes.juntadeandalucia.es\/blogcprmaestrorafaelchacon\/files\/2025\/01\/it-ribera-baja-1024x768.jpg\" alt=\"\" width=\"1024\" height=\"768\" srcset=\"https:\/\/blogsaverroes.juntadeandalucia.es\/blogcprmaestrorafaelchacon\/files\/2025\/01\/it-ribera-baja-1024x768.jpg 1024w, https:\/\/blogsaverroes.juntadeandalucia.es\/blogcprmaestrorafaelchacon\/files\/2025\/01\/it-ribera-baja-300x225.jpg 300w, https:\/\/blogsaverroes.juntadeandalucia.es\/blogcprmaestrorafaelchacon\/files\/2025\/01\/it-ribera-baja-768x576.jpg 768w, https:\/\/blogsaverroes.juntadeandalucia.es\/blogcprmaestrorafaelchacon\/files\/2025\/01\/it-ribera-baja-1536x1152.jpg 1536w, https:\/\/blogsaverroes.juntadeandalucia.es\/blogcprmaestrorafaelchacon\/files\/2025\/01\/it-ribera-baja-2048x1536.jpg 2048w, https:\/\/blogsaverroes.juntadeandalucia.es\/blogcprmaestrorafaelchacon\/files\/2025\/01\/it-ribera-baja-510x382.jpg 510w, https:\/\/blogsaverroes.juntadeandalucia.es\/blogcprmaestrorafaelchacon\/files\/2025\/01\/it-ribera-baja-1080x810.jpg 1080w, https:\/\/blogsaverroes.juntadeandalucia.es\/blogcprmaestrorafaelchacon\/files\/2025\/01\/it-ribera-baja-1280x960.jpg 1280w, https:\/\/blogsaverroes.juntadeandalucia.es\/blogcprmaestrorafaelchacon\/files\/2025\/01\/it-ribera-baja-980x735.jpg 980w, https:\/\/blogsaverroes.juntadeandalucia.es\/blogcprmaestrorafaelchacon\/files\/2025\/01\/it-ribera-baja-480x360.jpg 480w\" sizes=\"(max-width: 1024px) 100vw, 1024px\" \/><\/p>\n<div>\n<div style=\"text-align: center\">\n<p><span style=\"color: #993366\"><em><strong><span style=\"font-family: 'comic sans ms', sans-serif;font-size: 14pt\">Participaci\u00f3n del alumnado de Ribera Baja en el Concurso Europeo \u201cLeonardo4children\u201d<\/span><\/strong><\/em><\/span><\/p>\n<\/div>\n<div style=\"text-align: center\">\n<p><span style=\"font-family: 'comic sans ms', sans-serif;color: #000000;font-size: 12pt\">El alumnado de Ribera Baja ha brillado con luz propia en el prestigioso concurso europeo <em>&#8220;Leonardo4children&#8221;<\/em>, destac\u00e1ndose con su inspiradora f\u00e1bula ecol\u00f3gica titulada <em>&#8220;Magical Colours&#8221;<\/em>. Esta f\u00e1bula, que re\u00fane todas las vidrieras creadas por los estudiantes durante su proyecto <em>eTwinning<\/em> de este curso, es un homenaje a la creatividad y al compromiso con el medio ambiente.<\/span><\/p>\n<\/div>\n<div style=\"text-align: center\">\n<p><span style=\"color: #993366\"><em><strong><span style=\"font-family: 'comic sans ms', sans-serif;font-size: 14pt\">&#8220;Magical Colours&#8221;: Una F\u00e1bula Ecol\u00f3gica<\/span><\/strong><\/em><\/span><\/p>\n<\/div>\n<div style=\"text-align: center\">\n<p><span style=\"font-family: 'comic sans ms', sans-serif;color: #000000;font-size: 12pt\"><em>&#8220;Magical Colours&#8221;<\/em> es una obra que combina la narrativa con el arte de las vidrieras, ofreciendo una visi\u00f3n m\u00e1gica y colorida del mundo natural. La f\u00e1bula invita a los lectores a reflexionar sobre la importancia de preservar nuestra biodiversidad y a valorar la belleza que nos rodea. Las vidrieras, que fueron elaboradas por los alumnos a lo largo del proyecto, se integran en el relato como ventanas a un mundo mejor, donde la naturaleza y el arte se entrelazan.<\/span><\/p>\n<\/div>\n<div style=\"text-align: center\">\n<p><span style=\"color: #993366\"><em><strong><span style=\"font-family: 'comic sans ms', sans-serif;font-size: 14pt\">Un Reconocimiento Internacional<\/span><\/strong><\/em><\/span><\/p>\n<\/div>\n<div style=\"text-align: center\">\n<p><span style=\"font-family: 'comic sans ms', sans-serif;color: #000000;font-size: 12pt\">El esfuerzo y dedicaci\u00f3n del alumnado de Ribera Baja no pasaron desapercibidos, ya que lograron posicionarse entre los diez mejores del concurso. Este logro les ha valido un merecido reconocimiento en forma de diploma y medalla, destacando su talento y compromiso. Adem\u00e1s, su f\u00e1bula ha sido publicada en el libro del concurso, lo que les brinda una plataforma para compartir su mensaje con una audiencia m\u00e1s amplia.<\/span><\/p>\n<\/div>\n<div style=\"text-align: center\">\n<p><span style=\"color: #993366\"><em><strong><span style=\"font-family: 'comic sans ms', sans-serif;font-size: 14pt\">Apoyo a las Actividades Art\u00edsticas<\/span><\/strong><\/em><\/span><\/p>\n<\/div>\n<div style=\"text-align: center\">\n<p><span style=\"font-family: 'comic sans ms', sans-serif;color: #000000;font-size: 12pt\">Como parte del reconocimiento, el alumnado ha recibido 200 euros que han sido destinados a la compra de material escolar para continuar desarrollando sus habilidades art\u00edsticas. Este premio ha permitido adquirir rotuladores, l\u00e1pices de colores, ceras, fluorescentes, libretas y muchos otros recursos que enriquecer\u00e1n sus futuras creaciones.<\/span><\/p>\n<\/div>\n<div>\n<p style=\"text-align: center\"><span style=\"font-family: 'comic sans ms', sans-serif;color: #000000;font-size: 12pt\">La participaci\u00f3n del alumnado de Ribera Baja en el concurso <em>&#8220;Leonardo4children&#8221;<\/em> no solo ha sido un \u00e9xito en t\u00e9rminos de logros y premios, sino que tambi\u00e9n ha reforzado su autoestima y su pasi\u00f3n por el arte y el medio ambiente. Su experiencia es un testimonio del poder de la creatividad y la colaboraci\u00f3n del alumnado de un centro rural, inspirando a otros a dejar brillar su luz intensamente.<\/span><\/p>\n<p style=\"text-align: center\"><img loading=\"lazy\" decoding=\"async\" class=\"aligncenter size-large wp-image-1666\" src=\"https:\/\/blogsaverroes.juntadeandalucia.es\/blogcprmaestrorafaelchacon\/files\/2025\/02\/magical-colours-1024x819.png\" alt=\"\" width=\"1024\" height=\"819\" srcset=\"https:\/\/blogsaverroes.juntadeandalucia.es\/blogcprmaestrorafaelchacon\/files\/2025\/02\/magical-colours-1024x819.png 1024w, https:\/\/blogsaverroes.juntadeandalucia.es\/blogcprmaestrorafaelchacon\/files\/2025\/02\/magical-colours-300x240.png 300w, https:\/\/blogsaverroes.juntadeandalucia.es\/blogcprmaestrorafaelchacon\/files\/2025\/02\/magical-colours-768x614.png 768w, https:\/\/blogsaverroes.juntadeandalucia.es\/blogcprmaestrorafaelchacon\/files\/2025\/02\/magical-colours-1536x1229.png 1536w, https:\/\/blogsaverroes.juntadeandalucia.es\/blogcprmaestrorafaelchacon\/files\/2025\/02\/magical-colours-1080x864.png 1080w, https:\/\/blogsaverroes.juntadeandalucia.es\/blogcprmaestrorafaelchacon\/files\/2025\/02\/magical-colours-1280x1024.png 1280w, https:\/\/blogsaverroes.juntadeandalucia.es\/blogcprmaestrorafaelchacon\/files\/2025\/02\/magical-colours-980x784.png 980w, https:\/\/blogsaverroes.juntadeandalucia.es\/blogcprmaestrorafaelchacon\/files\/2025\/02\/magical-colours-480x384.png 480w, https:\/\/blogsaverroes.juntadeandalucia.es\/blogcprmaestrorafaelchacon\/files\/2025\/02\/magical-colours.png 2000w\" sizes=\"(max-width: 1024px) 100vw, 1024px\" \/><\/p>\n<\/div>\n<\/div>\n<\/div>\n<\/div>\n<\/div>\n<\/div>\n<\/div>\n<\/div>\n<\/div>\n","protected":false},"excerpt":{"rendered":"<p>Let Your Light Shine Bright El proyecto europeo \u2019Let your light shine bright\u2019 pertenece a la web educativa de eTwinning. Este proyecto est\u00e1 creado para alumnos de Educaci\u00f3n Primaria con el fin de desarrollar&#46;&#46;&#46;<\/p>\n","protected":false},"author":10542,"featured_media":1608,"parent":1519,"menu_order":0,"comment_status":"closed","ping_status":"closed","template":"","meta":{"ngg_post_thumbnail":0,"footnotes":""},"aioseo_notices":[],"_links":{"self":[{"href":"https:\/\/blogsaverroes.juntadeandalucia.es\/blogcprmaestrorafaelchacon\/wp-json\/wp\/v2\/pages\/1550"}],"collection":[{"href":"https:\/\/blogsaverroes.juntadeandalucia.es\/blogcprmaestrorafaelchacon\/wp-json\/wp\/v2\/pages"}],"about":[{"href":"https:\/\/blogsaverroes.juntadeandalucia.es\/blogcprmaestrorafaelchacon\/wp-json\/wp\/v2\/types\/page"}],"author":[{"embeddable":true,"href":"https:\/\/blogsaverroes.juntadeandalucia.es\/blogcprmaestrorafaelchacon\/wp-json\/wp\/v2\/users\/10542"}],"replies":[{"embeddable":true,"href":"https:\/\/blogsaverroes.juntadeandalucia.es\/blogcprmaestrorafaelchacon\/wp-json\/wp\/v2\/comments?post=1550"}],"version-history":[{"count":15,"href":"https:\/\/blogsaverroes.juntadeandalucia.es\/blogcprmaestrorafaelchacon\/wp-json\/wp\/v2\/pages\/1550\/revisions"}],"predecessor-version":[{"id":1669,"href":"https:\/\/blogsaverroes.juntadeandalucia.es\/blogcprmaestrorafaelchacon\/wp-json\/wp\/v2\/pages\/1550\/revisions\/1669"}],"up":[{"embeddable":true,"href":"https:\/\/blogsaverroes.juntadeandalucia.es\/blogcprmaestrorafaelchacon\/wp-json\/wp\/v2\/pages\/1519"}],"wp:featuredmedia":[{"embeddable":true,"href":"https:\/\/blogsaverroes.juntadeandalucia.es\/blogcprmaestrorafaelchacon\/wp-json\/wp\/v2\/media\/1608"}],"wp:attachment":[{"href":"https:\/\/blogsaverroes.juntadeandalucia.es\/blogcprmaestrorafaelchacon\/wp-json\/wp\/v2\/media?parent=1550"}],"curies":[{"name":"wp","href":"https:\/\/api.w.org\/{rel}","templated":true}]}}