{"id":985,"date":"2021-11-15T16:30:13","date_gmt":"2021-11-15T15:30:13","guid":{"rendered":"https:\/\/blogsaverroes.juntadeandalucia.es\/blogcprmaestrorafaelchacon\/?page_id=985"},"modified":"2025-02-07T13:43:19","modified_gmt":"2025-02-07T12:43:19","slug":"programaciones-1o-ciclo-primaria","status":"publish","type":"page","link":"https:\/\/blogsaverroes.juntadeandalucia.es\/blogcprmaestrorafaelchacon\/programaciones-1o-ciclo-primaria\/","title":{"rendered":"Programaciones 1\u00ba Ciclo"},"content":{"rendered":"<h1 style=\"text-align: center\"><span style=\"font-family: comic sans ms, sans-serif\"><b>CONOCIMIENTO DEL MEDIO<\/b><\/span><\/h1>\n<p style=\"text-align: center\">&nbsp;<\/p>\n<h1 style=\"text-align: center\"><strong><span style=\"font-family: comic sans ms, sans-serif\">EDUCAC\u00cdON ART\u00cdSTICA<\/span><br \/>\n<\/strong><\/h1>\n<p style=\"text-align: center\"><iframe loading=\"lazy\" src=\"https:\/\/drive.google.com\/file\/d\/1qpiPMf_9Ot1x6TgKmx0jq6sFzxpBvylN\/preview\" width=\"640\" height=\"480\"><\/iframe><\/p>\n<h1 style=\"text-align: center\"><span style=\"font-family: comic sans ms, sans-serif\"><strong>EDUCACI\u00d3N F\u00cdSICA<\/strong><\/span><\/h1>\n<p style=\"text-align: center\"><iframe loading=\"lazy\" src=\"https:\/\/drive.google.com\/file\/d\/1FF5eK7o5o-yWv35okEj8Q5STYyhLqib1\/preview\" width=\"640\" height=\"480\"><\/iframe>&nbsp;<\/p>\n<h1 style=\"text-align: center\"><span style=\"font-family: comic sans ms, sans-serif\"><strong>INGL\u00c9S<\/strong><\/span><\/h1>\n<p style=\"text-align: center\"><iframe loading=\"lazy\" src=\"https:\/\/drive.google.com\/file\/d\/1L4S5S6YmbCxlp0TJ7EhaS82MSt38pFfm\/preview\" width=\"640\" height=\"480\"><\/iframe>&nbsp;<\/p>\n<h1 style=\"text-align: center\"><strong><span style=\"font-family: comic sans ms, sans-serif\">LENGUA CASTELLANA Y LITERATURA<\/span><\/strong><\/h1>\n<p style=\"text-align: center\"><iframe loading=\"lazy\" src=\"https:\/\/drive.google.com\/file\/d\/1sKRwPRYvLVt8f4vSeroMoyJd3FTSCqoc\/preview\" width=\"640\" height=\"480\"><\/iframe>&nbsp;<\/p>\n<h1 style=\"text-align: center\"><span style=\"font-family: comic sans ms, sans-serif\"><strong>MATEM\u00c1TICAS<\/strong><\/span><\/h1>\n<p style=\"text-align: center\"><iframe loading=\"lazy\" src=\"https:\/\/drive.google.com\/file\/d\/1fzsUtijM-nuV55MdaIsp888VeEStwEAg\/preview\" width=\"640\" height=\"480\"><\/iframe>&nbsp;<\/p>\n<h1 style=\"text-align: center\">&nbsp;<\/h1>\n<p style=\"text-align: center\">&nbsp;<\/p>\n<p>&nbsp;<\/p>\n","protected":false},"excerpt":{"rendered":"<p>CONOCIMIENTO DEL MEDIO &nbsp; EDUCAC\u00cdON ART\u00cdSTICA EDUCACI\u00d3N F\u00cdSICA &nbsp; INGL\u00c9S &nbsp; LENGUA CASTELLANA Y LITERATURA &nbsp; MATEM\u00c1TICAS &nbsp; &nbsp; &nbsp; &nbsp;<\/p>\n","protected":false},"author":13685,"featured_media":0,"parent":0,"menu_order":0,"comment_status":"closed","ping_status":"closed","template":"","meta":{"ngg_post_thumbnail":0,"footnotes":""},"aioseo_notices":[],"_links":{"self":[{"href":"https:\/\/blogsaverroes.juntadeandalucia.es\/blogcprmaestrorafaelchacon\/wp-json\/wp\/v2\/pages\/985"}],"collection":[{"href":"https:\/\/blogsaverroes.juntadeandalucia.es\/blogcprmaestrorafaelchacon\/wp-json\/wp\/v2\/pages"}],"about":[{"href":"https:\/\/blogsaverroes.juntadeandalucia.es\/blogcprmaestrorafaelchacon\/wp-json\/wp\/v2\/types\/page"}],"author":[{"embeddable":true,"href":"https:\/\/blogsaverroes.juntadeandalucia.es\/blogcprmaestrorafaelchacon\/wp-json\/wp\/v2\/users\/13685"}],"replies":[{"embeddable":true,"href":"https:\/\/blogsaverroes.juntadeandalucia.es\/blogcprmaestrorafaelchacon\/wp-json\/wp\/v2\/comments?post=985"}],"version-history":[{"count":17,"href":"https:\/\/blogsaverroes.juntadeandalucia.es\/blogcprmaestrorafaelchacon\/wp-json\/wp\/v2\/pages\/985\/revisions"}],"predecessor-version":[{"id":1653,"href":"https:\/\/blogsaverroes.juntadeandalucia.es\/blogcprmaestrorafaelchacon\/wp-json\/wp\/v2\/pages\/985\/revisions\/1653"}],"wp:attachment":[{"href":"https:\/\/blogsaverroes.juntadeandalucia.es\/blogcprmaestrorafaelchacon\/wp-json\/wp\/v2\/media?parent=985"}],"curies":[{"name":"wp","href":"https:\/\/api.w.org\/{rel}","templated":true}]}}