{"id":100,"date":"2025-10-26T21:04:17","date_gmt":"2025-10-26T20:04:17","guid":{"rendered":"https:\/\/blogsaverroes.juntadeandalucia.es\/blogdelosvalientes\/?page_id=100"},"modified":"2026-01-13T17:33:22","modified_gmt":"2026-01-13T16:33:22","slug":"matematicas-2","status":"publish","type":"page","link":"https:\/\/blogsaverroes.juntadeandalucia.es\/blogdelosvalientes\/matematicas-2\/","title":{"rendered":"MATEM\u00c1TICAS"},"content":{"rendered":"<p>TEMA 2<\/p>\n<p><a href=\"https:\/\/blogsaverroes.juntadeandalucia.es\/blogdelosvalientes\/files\/2025\/11\/NUMEROS-ENTEROS.pdf\">TEOR\u00cdA SOBRE LOS N\u00daMEROS ENTEROS<\/a><\/p>\n<p><a href=\"https:\/\/blogsaverroes.juntadeandalucia.es\/blogdelosvalientes\/files\/2025\/11\/Operaciones-numeros-enteros.pdf\">C\u00d3MO REALIZAR OPERACIONES CON LOS N\u00daMEROS ENTEROS.<\/a><\/p>\n<p>TEMA 3 Y TEMA 4<\/p>\n<p><a href=\"https:\/\/sites.google.com\/g.educaand.es\/numerosracionales\/n%C3%BAmeros-racionales\">FRACCIONES Y N\u00daMEROS DECIMALES<\/a><\/p>\n<p><a href=\"https:\/\/sites.google.com\/g.educaand.es\/laboratorio-de-fracciones-oper\/laboratorio-de-fracciones\">OPERACIONES CON FRACCIONES<\/a><\/p>\n","protected":false},"excerpt":{"rendered":"<p>TEMA 2 TEOR\u00cdA SOBRE LOS N\u00daMEROS ENTEROS C\u00d3MO REALIZAR OPERACIONES CON LOS N\u00daMEROS ENTEROS. TEMA 3 Y TEMA 4 FRACCIONES Y N\u00daMEROS DECIMALES OPERACIONES CON FRACCIONES<\/p>\n","protected":false},"author":16123,"featured_media":0,"parent":0,"menu_order":0,"comment_status":"closed","ping_status":"closed","template":"","meta":{"footnotes":""},"aioseo_notices":[],"_links":{"self":[{"href":"https:\/\/blogsaverroes.juntadeandalucia.es\/blogdelosvalientes\/wp-json\/wp\/v2\/pages\/100"}],"collection":[{"href":"https:\/\/blogsaverroes.juntadeandalucia.es\/blogdelosvalientes\/wp-json\/wp\/v2\/pages"}],"about":[{"href":"https:\/\/blogsaverroes.juntadeandalucia.es\/blogdelosvalientes\/wp-json\/wp\/v2\/types\/page"}],"author":[{"embeddable":true,"href":"https:\/\/blogsaverroes.juntadeandalucia.es\/blogdelosvalientes\/wp-json\/wp\/v2\/users\/16123"}],"replies":[{"embeddable":true,"href":"https:\/\/blogsaverroes.juntadeandalucia.es\/blogdelosvalientes\/wp-json\/wp\/v2\/comments?post=100"}],"version-history":[{"count":5,"href":"https:\/\/blogsaverroes.juntadeandalucia.es\/blogdelosvalientes\/wp-json\/wp\/v2\/pages\/100\/revisions"}],"predecessor-version":[{"id":126,"href":"https:\/\/blogsaverroes.juntadeandalucia.es\/blogdelosvalientes\/wp-json\/wp\/v2\/pages\/100\/revisions\/126"}],"wp:attachment":[{"href":"https:\/\/blogsaverroes.juntadeandalucia.es\/blogdelosvalientes\/wp-json\/wp\/v2\/media?parent=100"}],"curies":[{"name":"wp","href":"https:\/\/api.w.org\/{rel}","templated":true}]}}