{"id":95,"date":"2025-10-26T21:02:27","date_gmt":"2025-10-26T20:02:27","guid":{"rendered":"https:\/\/blogsaverroes.juntadeandalucia.es\/blogdelosvalientes\/?page_id=95"},"modified":"2026-04-06T17:38:31","modified_gmt":"2026-04-06T15:38:31","slug":"matematicas","status":"publish","type":"page","link":"https:\/\/blogsaverroes.juntadeandalucia.es\/blogdelosvalientes\/matematicas\/","title":{"rendered":"C.MEDIO"},"content":{"rendered":"<p><span style=\"font-size: 18pt\"><strong>TEMA 1<\/strong><\/span><\/p>\n<ul>\n<li>SER VIVO VS SER INERTE.<\/li>\n<\/ul>\n<p><a href=\"https:\/\/blogsaverroes.juntadeandalucia.es\/blogdelosvalientes\/files\/2025\/10\/Seres-vivos-vs-seres-inertes-scaled-1.jpg\"><img loading=\"lazy\" decoding=\"async\" class=\"alignleft size-medium wp-image-107\" src=\"https:\/\/blogsaverroes.juntadeandalucia.es\/blogdelosvalientes\/files\/2025\/10\/Seres-vivos-vs-seres-inertes-scaled-1-300x163.jpg\" alt=\"\" width=\"300\" height=\"163\" srcset=\"https:\/\/blogsaverroes.juntadeandalucia.es\/blogdelosvalientes\/files\/2025\/10\/Seres-vivos-vs-seres-inertes-scaled-1-300x163.jpg 300w, https:\/\/blogsaverroes.juntadeandalucia.es\/blogdelosvalientes\/files\/2025\/10\/Seres-vivos-vs-seres-inertes-scaled-1-1024x555.jpg 1024w, https:\/\/blogsaverroes.juntadeandalucia.es\/blogdelosvalientes\/files\/2025\/10\/Seres-vivos-vs-seres-inertes-scaled-1-768x416.jpg 768w, https:\/\/blogsaverroes.juntadeandalucia.es\/blogdelosvalientes\/files\/2025\/10\/Seres-vivos-vs-seres-inertes-scaled-1-1536x832.jpg 1536w, https:\/\/blogsaverroes.juntadeandalucia.es\/blogdelosvalientes\/files\/2025\/10\/Seres-vivos-vs-seres-inertes-scaled-1-2048x1110.jpg 2048w, https:\/\/blogsaverroes.juntadeandalucia.es\/blogdelosvalientes\/files\/2025\/10\/Seres-vivos-vs-seres-inertes-scaled-1-750x406.jpg 750w\" sizes=\"(max-width: 300px) 100vw, 300px\" \/><\/a><\/p>\n<p>&nbsp;<\/p>\n<p>&nbsp;<\/p>\n<p>&nbsp;<\/p>\n<p>&nbsp;<\/p>\n<ul>\n<li>LAS FUNCIONES VITALES Y LOS SISTEMAS QUE INTERVIENEN.<\/li>\n<\/ul>\n<p><a href=\"https:\/\/blogsaverroes.juntadeandalucia.es\/blogdelosvalientes\/files\/2025\/10\/FUNCIONES-VITALES.jpg\"><img loading=\"lazy\" decoding=\"async\" class=\"alignleft size-medium wp-image-105\" src=\"https:\/\/blogsaverroes.juntadeandalucia.es\/blogdelosvalientes\/files\/2025\/10\/FUNCIONES-VITALES-300x103.jpg\" alt=\"\" width=\"300\" height=\"103\" srcset=\"https:\/\/blogsaverroes.juntadeandalucia.es\/blogdelosvalientes\/files\/2025\/10\/FUNCIONES-VITALES-300x103.jpg 300w, https:\/\/blogsaverroes.juntadeandalucia.es\/blogdelosvalientes\/files\/2025\/10\/FUNCIONES-VITALES-1024x353.jpg 1024w, https:\/\/blogsaverroes.juntadeandalucia.es\/blogdelosvalientes\/files\/2025\/10\/FUNCIONES-VITALES-768x265.jpg 768w, https:\/\/blogsaverroes.juntadeandalucia.es\/blogdelosvalientes\/files\/2025\/10\/FUNCIONES-VITALES-1536x529.jpg 1536w, https:\/\/blogsaverroes.juntadeandalucia.es\/blogdelosvalientes\/files\/2025\/10\/FUNCIONES-VITALES-2048x706.jpg 2048w, https:\/\/blogsaverroes.juntadeandalucia.es\/blogdelosvalientes\/files\/2025\/10\/FUNCIONES-VITALES-750x258.jpg 750w\" sizes=\"(max-width: 300px) 100vw, 300px\" \/><\/a><\/p>\n<p>&nbsp;<\/p>\n<p>&nbsp;<\/p>\n<p>&nbsp;<\/p>\n<ul>\n<li>LOS CINCO REINOS DE LOS SERES VIVOS.<\/li>\n<\/ul>\n<p><a href=\"https:\/\/blogsaverroes.juntadeandalucia.es\/blogdelosvalientes\/files\/2025\/10\/REINOS-DE-LOS-SERES-VIVOS-.jpg\"><img loading=\"lazy\" decoding=\"async\" class=\"alignleft size-medium wp-image-106\" src=\"https:\/\/blogsaverroes.juntadeandalucia.es\/blogdelosvalientes\/files\/2025\/10\/REINOS-DE-LOS-SERES-VIVOS--300x121.jpg\" alt=\"\" width=\"300\" height=\"121\" srcset=\"https:\/\/blogsaverroes.juntadeandalucia.es\/blogdelosvalientes\/files\/2025\/10\/REINOS-DE-LOS-SERES-VIVOS--300x121.jpg 300w, https:\/\/blogsaverroes.juntadeandalucia.es\/blogdelosvalientes\/files\/2025\/10\/REINOS-DE-LOS-SERES-VIVOS--1024x412.jpg 1024w, https:\/\/blogsaverroes.juntadeandalucia.es\/blogdelosvalientes\/files\/2025\/10\/REINOS-DE-LOS-SERES-VIVOS--768x309.jpg 768w, https:\/\/blogsaverroes.juntadeandalucia.es\/blogdelosvalientes\/files\/2025\/10\/REINOS-DE-LOS-SERES-VIVOS--1536x617.jpg 1536w, https:\/\/blogsaverroes.juntadeandalucia.es\/blogdelosvalientes\/files\/2025\/10\/REINOS-DE-LOS-SERES-VIVOS--2048x823.jpg 2048w, https:\/\/blogsaverroes.juntadeandalucia.es\/blogdelosvalientes\/files\/2025\/10\/REINOS-DE-LOS-SERES-VIVOS--750x301.jpg 750w\" sizes=\"(max-width: 300px) 100vw, 300px\" \/><\/a><\/p>\n<p>&nbsp;<\/p>\n<p>&nbsp;<\/p>\n<p>&nbsp;<\/p>\n<p>&nbsp;<\/p>\n<p><strong><span style=\"font-size: 18pt\">TEMA 2<\/span><\/strong><\/p>\n<ul>\n<li>LA FUNCI\u00d3N DE NUTRICI\u00d3N<\/li>\n<\/ul>\n<p><a href=\"https:\/\/blogsaverroes.juntadeandalucia.es\/blogdelosvalientes\/matematicas\/funcion-de-nutricion\/\" rel=\"attachment wp-att-147\"><img loading=\"lazy\" decoding=\"async\" class=\"alignleft wp-image-147 size-medium\" src=\"https:\/\/blogsaverroes.juntadeandalucia.es\/blogdelosvalientes\/files\/2025\/12\/FUNCION-DE-NUTRICION-300x150.jpg\" alt=\"\" width=\"300\" height=\"150\" srcset=\"https:\/\/blogsaverroes.juntadeandalucia.es\/blogdelosvalientes\/files\/2025\/12\/FUNCION-DE-NUTRICION-300x150.jpg 300w, https:\/\/blogsaverroes.juntadeandalucia.es\/blogdelosvalientes\/files\/2025\/12\/FUNCION-DE-NUTRICION-1024x513.jpg 1024w, https:\/\/blogsaverroes.juntadeandalucia.es\/blogdelosvalientes\/files\/2025\/12\/FUNCION-DE-NUTRICION-768x385.jpg 768w, https:\/\/blogsaverroes.juntadeandalucia.es\/blogdelosvalientes\/files\/2025\/12\/FUNCION-DE-NUTRICION-1536x769.jpg 1536w, https:\/\/blogsaverroes.juntadeandalucia.es\/blogdelosvalientes\/files\/2025\/12\/FUNCION-DE-NUTRICION-2048x1026.jpg 2048w, https:\/\/blogsaverroes.juntadeandalucia.es\/blogdelosvalientes\/files\/2025\/12\/FUNCION-DE-NUTRICION-750x376.jpg 750w, https:\/\/blogsaverroes.juntadeandalucia.es\/blogdelosvalientes\/files\/2025\/12\/FUNCION-DE-NUTRICION-375x187.jpg 375w\" sizes=\"(max-width: 300px) 100vw, 300px\" \/><\/a><\/p>\n<p>&nbsp;<\/p>\n<p>&nbsp;<\/p>\n<p>&nbsp;<\/p>\n<p>&nbsp;<\/p>\n<ul>\n<li>APARATOS Y SISTEMAS DEL CUERPO HUMANO.<\/li>\n<\/ul>\n<p><a href=\"https:\/\/blogsaverroes.juntadeandalucia.es\/blogdelosvalientes\/matematicas\/aparatos-y-sistemas\/\" rel=\"attachment wp-att-146\"><img loading=\"lazy\" decoding=\"async\" class=\"alignleft wp-image-146 size-medium\" src=\"https:\/\/blogsaverroes.juntadeandalucia.es\/blogdelosvalientes\/files\/2025\/12\/APARATOS-Y-SISTEMAS-300x186.png\" alt=\"\" width=\"300\" height=\"186\" srcset=\"https:\/\/blogsaverroes.juntadeandalucia.es\/blogdelosvalientes\/files\/2025\/12\/APARATOS-Y-SISTEMAS-300x186.png 300w, https:\/\/blogsaverroes.juntadeandalucia.es\/blogdelosvalientes\/files\/2025\/12\/APARATOS-Y-SISTEMAS-1024x636.png 1024w, https:\/\/blogsaverroes.juntadeandalucia.es\/blogdelosvalientes\/files\/2025\/12\/APARATOS-Y-SISTEMAS-768x477.png 768w, https:\/\/blogsaverroes.juntadeandalucia.es\/blogdelosvalientes\/files\/2025\/12\/APARATOS-Y-SISTEMAS-750x466.png 750w, https:\/\/blogsaverroes.juntadeandalucia.es\/blogdelosvalientes\/files\/2025\/12\/APARATOS-Y-SISTEMAS.png 1052w\" sizes=\"(max-width: 300px) 100vw, 300px\" \/><\/a><\/p>\n<p>&nbsp;<\/p>\n<p>&nbsp;<\/p>\n<p>&nbsp;<\/p>\n<p>&nbsp;<\/p>\n<p>&nbsp;<\/p>\n<p><strong><span style=\"font-size: 18pt\">TEMA 3<\/span><\/strong><\/p>\n<p><a href=\"https:\/\/sites.google.com\/g.educaand.es\/la-reproduccin\/untitled-page\">LA REPRODUCCI\u00d3N DE LOS SERES VIVOS<\/a><\/p>\n<p><strong>ESQUEMA REPRODUCCI\u00d3N DE LOS SERES VIVOS<\/strong><\/p>\n<p><a href=\"https:\/\/blogsaverroes.juntadeandalucia.es\/blogdelosvalientes\/matematicas\/mapa-conceptual-reproduccion\/\" rel=\"attachment wp-att-154\"><img loading=\"lazy\" decoding=\"async\" class=\"alignleft wp-image-154 size-thumbnail\" src=\"https:\/\/blogsaverroes.juntadeandalucia.es\/blogdelosvalientes\/files\/2025\/12\/Mapa-conceptual-reproduccion-150x150.png\" alt=\"\" width=\"150\" height=\"150\" \/><\/a><\/p>\n<p>&nbsp;<\/p>\n<p>&nbsp;<\/p>\n<p>&nbsp;<\/p>\n<p>&nbsp;<\/p>\n<p><strong><span style=\"font-size: 18pt\">TEMA 4<\/span><\/strong><\/p>\n<p><a href=\"https:\/\/sites.google.com\/g.educaand.es\/cm-2-trimestre\/funci%C3%B3n-de-relaci%C3%B3n\">LA RELACI\u00d3N: EXPLICACI\u00d3N Y GAMIFICACI\u00d3N<\/a><\/p>\n<p><strong>FUNCI\u00d3N DE RELACI\u00d3N<\/strong><\/p>\n<p><a href=\"https:\/\/blogsaverroes.juntadeandalucia.es\/blogdelosvalientes\/matematicas\/mapas-conceptuales-la-relacion\/\" rel=\"attachment wp-att-164\"><img loading=\"lazy\" decoding=\"async\" class=\"aligncenter size-large wp-image-164\" src=\"https:\/\/blogsaverroes.juntadeandalucia.es\/blogdelosvalientes\/files\/2026\/01\/Mapas-conceptuales-La-Relacion-1024x559.png\" alt=\"\" width=\"750\" height=\"409\" srcset=\"https:\/\/blogsaverroes.juntadeandalucia.es\/blogdelosvalientes\/files\/2026\/01\/Mapas-conceptuales-La-Relacion-1024x559.png 1024w, https:\/\/blogsaverroes.juntadeandalucia.es\/blogdelosvalientes\/files\/2026\/01\/Mapas-conceptuales-La-Relacion-300x164.png 300w, https:\/\/blogsaverroes.juntadeandalucia.es\/blogdelosvalientes\/files\/2026\/01\/Mapas-conceptuales-La-Relacion-768x419.png 768w, https:\/\/blogsaverroes.juntadeandalucia.es\/blogdelosvalientes\/files\/2026\/01\/Mapas-conceptuales-La-Relacion-750x409.png 750w, https:\/\/blogsaverroes.juntadeandalucia.es\/blogdelosvalientes\/files\/2026\/01\/Mapas-conceptuales-La-Relacion.png 1408w\" sizes=\"(max-width: 750px) 100vw, 750px\" \/><\/a><\/p>\n<p><a href=\"https:\/\/blogsaverroes.juntadeandalucia.es\/blogdelosvalientes\/matematicas\/mapas-conceptuales-la-relacion\/\" rel=\"attachment wp-att-164\"><strong><span style=\"font-size: 18pt\">TEMA 5<\/span><\/strong><\/a><\/p>\n<p style=\"text-align: center\"><strong><span style=\"font-size: 14pt\">L\u00cdNEA DEL TIEMPO<\/span><\/strong><a href=\"https:\/\/blogsaverroes.juntadeandalucia.es\/blogdelosvalientes\/matematicas\/linea-del-tiempo\/\" rel=\"attachment wp-att-169\"><img loading=\"lazy\" decoding=\"async\" class=\"alignleft size-large wp-image-169\" src=\"https:\/\/blogsaverroes.juntadeandalucia.es\/blogdelosvalientes\/files\/2026\/03\/linea-del-tiempo-1024x718.jpg\" alt=\"\" width=\"750\" height=\"526\" srcset=\"https:\/\/blogsaverroes.juntadeandalucia.es\/blogdelosvalientes\/files\/2026\/03\/linea-del-tiempo-1024x718.jpg 1024w, https:\/\/blogsaverroes.juntadeandalucia.es\/blogdelosvalientes\/files\/2026\/03\/linea-del-tiempo-300x210.jpg 300w, https:\/\/blogsaverroes.juntadeandalucia.es\/blogdelosvalientes\/files\/2026\/03\/linea-del-tiempo-768x539.jpg 768w, https:\/\/blogsaverroes.juntadeandalucia.es\/blogdelosvalientes\/files\/2026\/03\/linea-del-tiempo-750x526.jpg 750w, https:\/\/blogsaverroes.juntadeandalucia.es\/blogdelosvalientes\/files\/2026\/03\/linea-del-tiempo.jpg 1232w\" sizes=\"(max-width: 750px) 100vw, 750px\" \/><\/a><\/p>\n<p style=\"text-align: center\"><strong><span style=\"font-size: 18pt\">TEMA 6<\/span><\/strong><\/p>\n<p style=\"text-align: left\"><a href=\"https:\/\/sites.google.com\/g.educaand.es\/pre-historia\/prehistoria\"><strong><span style=\"font-size: 14pt\">PREHISTORIA<\/span><\/strong><\/a><a href=\"https:\/\/blogsaverroes.juntadeandalucia.es\/blogdelosvalientes\/matematicas\/paleolitico-mapa\/\" rel=\"attachment wp-att-172\"><img loading=\"lazy\" decoding=\"async\" class=\"aligncenter wp-image-172 size-large\" src=\"https:\/\/blogsaverroes.juntadeandalucia.es\/blogdelosvalientes\/files\/2026\/03\/Paleolitico-MAPA-1024x559.png\" alt=\"\" width=\"750\" height=\"409\" srcset=\"https:\/\/blogsaverroes.juntadeandalucia.es\/blogdelosvalientes\/files\/2026\/03\/Paleolitico-MAPA-1024x559.png 1024w, https:\/\/blogsaverroes.juntadeandalucia.es\/blogdelosvalientes\/files\/2026\/03\/Paleolitico-MAPA-300x164.png 300w, https:\/\/blogsaverroes.juntadeandalucia.es\/blogdelosvalientes\/files\/2026\/03\/Paleolitico-MAPA-768x419.png 768w, https:\/\/blogsaverroes.juntadeandalucia.es\/blogdelosvalientes\/files\/2026\/03\/Paleolitico-MAPA-750x409.png 750w, https:\/\/blogsaverroes.juntadeandalucia.es\/blogdelosvalientes\/files\/2026\/03\/Paleolitico-MAPA.png 1408w\" sizes=\"(max-width: 750px) 100vw, 750px\" \/><\/a><a href=\"https:\/\/blogsaverroes.juntadeandalucia.es\/blogdelosvalientes\/matematicas\/paleolitico-explicacion\/\" rel=\"attachment wp-att-183\">Paleolitico-explicacion<\/a><\/p>\n<p style=\"text-align: left\"><a href=\"https:\/\/blogsaverroes.juntadeandalucia.es\/blogdelosvalientes\/matematicas\/neolitico-mapa\/\" rel=\"attachment wp-att-179\"><br \/>\n<img loading=\"lazy\" decoding=\"async\" class=\"aligncenter size-large wp-image-179\" src=\"https:\/\/blogsaverroes.juntadeandalucia.es\/blogdelosvalientes\/files\/2026\/04\/Neolitico-MAPA-1024x559.png\" alt=\"\" width=\"750\" height=\"409\" srcset=\"https:\/\/blogsaverroes.juntadeandalucia.es\/blogdelosvalientes\/files\/2026\/04\/Neolitico-MAPA-1024x559.png 1024w, https:\/\/blogsaverroes.juntadeandalucia.es\/blogdelosvalientes\/files\/2026\/04\/Neolitico-MAPA-300x164.png 300w, https:\/\/blogsaverroes.juntadeandalucia.es\/blogdelosvalientes\/files\/2026\/04\/Neolitico-MAPA-768x419.png 768w, https:\/\/blogsaverroes.juntadeandalucia.es\/blogdelosvalientes\/files\/2026\/04\/Neolitico-MAPA-750x409.png 750w, https:\/\/blogsaverroes.juntadeandalucia.es\/blogdelosvalientes\/files\/2026\/04\/Neolitico-MAPA.png 1408w\" sizes=\"(max-width: 750px) 100vw, 750px\" \/><\/a><a href=\"https:\/\/blogsaverroes.juntadeandalucia.es\/blogdelosvalientes\/matematicas\/explicacion-neolitico\/\" rel=\"attachment wp-att-182\">Explicacion-Neolitico<\/a><\/p>\n<p style=\"text-align: left\"><a href=\"https:\/\/blogsaverroes.juntadeandalucia.es\/blogdelosvalientes\/matematicas\/edad-de-los-metales-mapa\/\" rel=\"attachment wp-att-180\"><img loading=\"lazy\" decoding=\"async\" class=\"aligncenter size-large wp-image-180\" src=\"https:\/\/blogsaverroes.juntadeandalucia.es\/blogdelosvalientes\/files\/2026\/04\/Edad-de-los-metales-MAPA-1024x559.png\" alt=\"\" width=\"750\" height=\"409\" srcset=\"https:\/\/blogsaverroes.juntadeandalucia.es\/blogdelosvalientes\/files\/2026\/04\/Edad-de-los-metales-MAPA-1024x559.png 1024w, https:\/\/blogsaverroes.juntadeandalucia.es\/blogdelosvalientes\/files\/2026\/04\/Edad-de-los-metales-MAPA-300x164.png 300w, https:\/\/blogsaverroes.juntadeandalucia.es\/blogdelosvalientes\/files\/2026\/04\/Edad-de-los-metales-MAPA-768x419.png 768w, https:\/\/blogsaverroes.juntadeandalucia.es\/blogdelosvalientes\/files\/2026\/04\/Edad-de-los-metales-MAPA-750x409.png 750w, https:\/\/blogsaverroes.juntadeandalucia.es\/blogdelosvalientes\/files\/2026\/04\/Edad-de-los-metales-MAPA.png 1408w\" sizes=\"(max-width: 750px) 100vw, 750px\" \/><\/a><a href=\"https:\/\/blogsaverroes.juntadeandalucia.es\/blogdelosvalientes\/matematicas\/edad-de-los-metales-explicacion\/\" rel=\"attachment wp-att-181\">Edad-de-los-Metales-Explicacion<\/a><\/p>\n<p style=\"text-align: center\"><a href=\"https:\/\/sites.google.com\/g.educaand.es\/lagranlneadeltiempo\/definitivo?authuser=2\"><span style=\"font-size: 18pt;font-family: 'comic sans ms', sans-serif;color: #ff9900\">JUEGO: LA GRAN L\u00cdNEA DEL TIEMPO<\/span><\/a><\/p>\n","protected":false},"excerpt":{"rendered":"<p>TEMA 1 SER VIVO VS SER INERTE. &nbsp; &nbsp; &nbsp; &nbsp; LAS FUNCIONES VITALES Y LOS SISTEMAS QUE INTERVIENEN. &nbsp; &nbsp; &nbsp; LOS CINCO REINOS DE LOS SERES VIVOS. &nbsp; &nbsp; &nbsp; &nbsp; TEMA 2 LA FUNCI\u00d3N DE NUTRICI\u00d3N &nbsp; &nbsp; &nbsp; &nbsp; APARATOS Y SISTEMAS DEL CUERPO HUMANO. &nbsp; &nbsp; &nbsp; &nbsp; &nbsp; TEMA &hellip; <\/p>\n<p><a class=\"more-link btn\" href=\"https:\/\/blogsaverroes.juntadeandalucia.es\/blogdelosvalientes\/matematicas\/\">Seguir leyendo<\/a><\/p>\n","protected":false},"author":16123,"featured_media":0,"parent":0,"menu_order":0,"comment_status":"closed","ping_status":"closed","template":"","meta":{"footnotes":""},"aioseo_notices":[],"_links":{"self":[{"href":"https:\/\/blogsaverroes.juntadeandalucia.es\/blogdelosvalientes\/wp-json\/wp\/v2\/pages\/95"}],"collection":[{"href":"https:\/\/blogsaverroes.juntadeandalucia.es\/blogdelosvalientes\/wp-json\/wp\/v2\/pages"}],"about":[{"href":"https:\/\/blogsaverroes.juntadeandalucia.es\/blogdelosvalientes\/wp-json\/wp\/v2\/types\/page"}],"author":[{"embeddable":true,"href":"https:\/\/blogsaverroes.juntadeandalucia.es\/blogdelosvalientes\/wp-json\/wp\/v2\/users\/16123"}],"replies":[{"embeddable":true,"href":"https:\/\/blogsaverroes.juntadeandalucia.es\/blogdelosvalientes\/wp-json\/wp\/v2\/comments?post=95"}],"version-history":[{"count":20,"href":"https:\/\/blogsaverroes.juntadeandalucia.es\/blogdelosvalientes\/wp-json\/wp\/v2\/pages\/95\/revisions"}],"predecessor-version":[{"id":185,"href":"https:\/\/blogsaverroes.juntadeandalucia.es\/blogdelosvalientes\/wp-json\/wp\/v2\/pages\/95\/revisions\/185"}],"wp:attachment":[{"href":"https:\/\/blogsaverroes.juntadeandalucia.es\/blogdelosvalientes\/wp-json\/wp\/v2\/media?parent=95"}],"curies":[{"name":"wp","href":"https:\/\/api.w.org\/{rel}","templated":true}]}}