{"id":706,"date":"2018-10-03T07:45:00","date_gmt":"2018-10-03T07:45:00","guid":{"rendered":"http:\/\/blogsaverroes.juntadeandalucia.es\/blogtic\/?page_id=706"},"modified":"2018-10-03T07:58:46","modified_gmt":"2018-10-03T07:58:46","slug":"inicio","status":"publish","type":"page","link":"https:\/\/blogsaverroes.juntadeandalucia.es\/blogtic\/","title":{"rendered":"Inicio"},"content":{"rendered":"<div class=\"pt-cv-wrapper\"><div class=\"pt-cv-view pt-cv-grid pt-cv-colsys\" id=\"pt-cv-view-5b66e75me6\"><div data-id=\"pt-cv-page-1\" class=\"pt-cv-page\" data-cvc=\"1\"><div class=\"col-md-12 col-sm-6 col-xs-12 pt-cv-content-item pt-cv-1-col\" ><div class='pt-cv-ifield'><a href=\"https:\/\/blogsaverroes.juntadeandalucia.es\/blogtic\/2019\/09\/23\/red-de-dinamizacion-digital-de-centros-educativos-2019-2020\/\" class=\"_self pt-cv-href-thumbnail pt-cv-thumb-default\" target=\"_self\" ><img loading=\"lazy\" decoding=\"async\" width=\"300\" height=\"183\" src=\"https:\/\/blogsaverroes.juntadeandalucia.es\/blogtic\/files\/2019\/09\/personas-que-utilizan-dispositivos-digitales-oficina-moderna_1262-19462-300x183.jpg\" class=\"pt-cv-thumbnail\" alt=\"\" srcset=\"https:\/\/blogsaverroes.juntadeandalucia.es\/blogtic\/files\/2019\/09\/personas-que-utilizan-dispositivos-digitales-oficina-moderna_1262-19462-300x183.jpg 300w, https:\/\/blogsaverroes.juntadeandalucia.es\/blogtic\/files\/2019\/09\/personas-que-utilizan-dispositivos-digitales-oficina-moderna_1262-19462-332x202.jpg 332w, https:\/\/blogsaverroes.juntadeandalucia.es\/blogtic\/files\/2019\/09\/personas-que-utilizan-dispositivos-digitales-oficina-moderna_1262-19462-268x164.jpg 268w, https:\/\/blogsaverroes.juntadeandalucia.es\/blogtic\/files\/2019\/09\/personas-que-utilizan-dispositivos-digitales-oficina-moderna_1262-19462-24x15.jpg 24w, https:\/\/blogsaverroes.juntadeandalucia.es\/blogtic\/files\/2019\/09\/personas-que-utilizan-dispositivos-digitales-oficina-moderna_1262-19462-36x22.jpg 36w, https:\/\/blogsaverroes.juntadeandalucia.es\/blogtic\/files\/2019\/09\/personas-que-utilizan-dispositivos-digitales-oficina-moderna_1262-19462-48x29.jpg 48w, https:\/\/blogsaverroes.juntadeandalucia.es\/blogtic\/files\/2019\/09\/personas-que-utilizan-dispositivos-digitales-oficina-moderna_1262-19462.jpg 626w\" sizes=\"(max-width: 300px) 100vw, 300px\" \/><\/a>\n<h4 class=\"pt-cv-title\"><a href=\"https:\/\/blogsaverroes.juntadeandalucia.es\/blogtic\/2019\/09\/23\/red-de-dinamizacion-digital-de-centros-educativos-2019-2020\/\" class=\"_self\" target=\"_self\" >RED DE DINAMIZACI\u00d3N DIGITAL DE CENTROS EDUCATIVOS 2019\/2020<\/a><\/h4>\n<div class=\"pt-cv-content\"><p>Este curso volvemos a retomar las jornadas de coordinaci\u00f3n TIC, que en esta edici\u00f3n llevan por t\u00edtulo <a href=\"https:\/\/www.juntadeandalucia.es\/educacion\/secretariavirtual\/consultaCEP\/actividad\/201408GE049\/\">RED DE DINAMIZACI\u00d3N DIGITAL DE CENTROS EDUCATIVOS 2019\/202<\/a>0, y que tienen como principal objetivo de dar soporte y ayuda, y tejer una red solvente entre las personas que lideran el uso de las TIC en los procesos de ense\u00f1anza-aprendizaje y gesti\u00f3n en sus centros educativos. Esta actividad no va exclusivamente dirigida a las personas que coordinan el proyecto digital del centro (TIC o PRODIG), si no que est\u00e1n abiertas a todas aquellas que tengan inter\u00e9s en esta tem\u00e1tica, e incluso recomendamos que participen m\u00e1s de una por centro.<\/p>\n<p><img decoding=\"async\" class=\"aligncenter\" src=\"https:\/\/image.freepik.com\/foto-gratis\/amigos-redes-sociales_53876-90180.jpg\" alt=\"Amigos en las redes sociales Foto gratis\"\/><\/p>\n<p>Para el dise\u00f1o de la actividad hemos tenido en cuenta todas las opiniones vertidas por los participantes a trav\u00e9s de los canales de evaluaci\u00f3n de la actividad durante el curso pasado: foros en el aula virtual, encuestas de S\u00e9neca y evaluaciones grupales realizadas con Mentimeter.<\/p>\n<p>As\u00ed, seguimos con el mismo esquema, reuni\u00e9ndonos el \u00faltimo jueves de cada mes (siempre que no sea festivo o v\u00edspera) durante dos horas, promoviendo que queden tiempos y espacios informales antes y despu\u00e9s para tejer una verdadera red.<\/p>\n<p>El resultado es el programa que se detalla a continuaci\u00f3n:<\/p>\n<ul>\n<li>17 de octubre: \u00abTRANSFORMACI\u00d3N DE ESPACIOS Y ADQUISICI\u00d3N DE MATERIALES. LIDERAZGO PEDAG\u00d3GICO CON TIC Y SU USO COTIDIANO EN EL AULA\u00bb. Presentaci\u00f3n de novedades para este curso y ponencia\/tertulia, a cargo de <a href=\"http:\/\/twitter.com\/eusebiocordoba\">Eusebio C\u00f3rdoba<\/a>.<\/li>\n<li>28 de noviembre: \u00abTALLER ANTIOBSOLESCENCIA: SACANDO PROVECHO DEL EQUIPAMIENTO DISPONIBLE\u00bb. Instalaci\u00f3n de distribuciones ligeras, puesta a punto de equipos provenientes de donaciones, configuraci\u00f3n de microcontroladores de bajo coste.<\/li>\n<li>30 de enero: \u00abPRIVACIDAD Y DATOS DE CAR\u00c1CTER PERSONAL\u00bb. Ponencia a cargo de Juan Jos\u00e9 Bautista, delegado de protecci\u00f3n de datos de la Consejer\u00eda de Educaci\u00f3n ante la Agencia Espa\u00f1ola de Protecci\u00f3n de Datos.<\/li>\n<li>20 de febrero: \u00abSOLUCI\u00d3N A INCIDENCIAS FRECUENTES\u00bb. Visita a centros donde se provocar\u00e1n y resolver\u00e1n los problemas m\u00e1s cotidianos que dificultan el uso cotidiano de la tecnolog\u00eda en el aula.<\/li>\n<li>26 de marzo: \u00abMEDIDAS DE CIBERSEGURIDAD EN CENTROS EDUCATIVOS\u00bb. Ponencia a cargo de <a href=\"https:\/\/twitter.com\/edusatoe\">Eduardo S\u00e1nchez Toril<\/a>. Profesor de Inform\u00e1tica y experto en Seguridad Inform\u00e1tica.<\/li>\n<li>23 abril:&nbsp; \u00abALUMNADO QUE PRODUCE CON LAS TIC\u00bb. C\u00f3mo las herramientas digitales pueden integrarse, hacer posible o mejorar proyectos en el aula. Talleres simult\u00e1neos sobre producci\u00f3n multimedia con el alumnado. Terminaremos con una evaluaci\u00f3n grupal de la actividad.<\/li>\n<\/ul>\n<p>Esperando que el programa sea de vuestro agrado, y que nos ayude a aprender y mejorar en nuestra tarea, \u00a1nos vemos en el CEP otro a\u00f1o m\u00e1s!<\/p>\n<p style=\"text-align: right\"><span style=\"color: #999999\"><a style=\"color: #999999\" href=\"https:\/\/www.freepik.es\/foto-gratis\/amigos-redes-sociales_4191298.htm\">Imagen de freepik<\/a><\/span><\/p>\n<\/div><\/div><\/div>\n<div class=\"col-md-12 col-sm-6 col-xs-12 pt-cv-content-item pt-cv-1-col\" ><div class='pt-cv-ifield'><a href=\"https:\/\/blogsaverroes.juntadeandalucia.es\/blogtic\/2018\/10\/03\/dinamizacion-digital-de-centros-educativos-jornadas-de-coordinadores-tic\/\" class=\"_self pt-cv-href-thumbnail pt-cv-thumb-default\" target=\"_self\" ><\/a>\n<h4 class=\"pt-cv-title\"><a href=\"https:\/\/blogsaverroes.juntadeandalucia.es\/blogtic\/2018\/10\/03\/dinamizacion-digital-de-centros-educativos-jornadas-de-coordinadores-tic\/\" class=\"_self\" target=\"_self\" >DINAMIZACI\u00d3N DIGITAL DE CENTROS EDUCATIVOS: JORNADAS DE COORDINADORES TIC<\/a><\/h4>\n<div class=\"pt-cv-content\"><p>Hace a\u00f1os que las asesor\u00edas responsables de las tecnolog\u00edas de la informaci\u00f3n y la comunicaci\u00f3n (TIC) y para el aprendizaje y el conocimiento (TAC) en el CEP de C\u00f3rdoba hemos intentado crear comunidad con las personas responsables de la dinamizaci\u00f3n de los proyectos de digitalizaci\u00f3n de los centros educativos (DIG, TIC, TIC 2.0 y ahora PRODIG).<\/p>\n<p><img loading=\"lazy\" decoding=\"async\" class=\"wp-image-701 size-full aligncenter\" src=\"https:\/\/blogsaverroes.juntadeandalucia.es\/blogtic\/files\/2018\/10\/selfie-e1538551698549.png\" alt=\"\" width=\"1155\" height=\"651\" srcset=\"https:\/\/blogsaverroes.juntadeandalucia.es\/blogtic\/files\/2018\/10\/selfie-e1538551698549.png 1155w, https:\/\/blogsaverroes.juntadeandalucia.es\/blogtic\/files\/2018\/10\/selfie-e1538551698549-300x169.png 300w, https:\/\/blogsaverroes.juntadeandalucia.es\/blogtic\/files\/2018\/10\/selfie-e1538551698549-768x433.png 768w, https:\/\/blogsaverroes.juntadeandalucia.es\/blogtic\/files\/2018\/10\/selfie-e1538551698549-1024x577.png 1024w, https:\/\/blogsaverroes.juntadeandalucia.es\/blogtic\/files\/2018\/10\/selfie-e1538551698549-700x395.png 700w, https:\/\/blogsaverroes.juntadeandalucia.es\/blogtic\/files\/2018\/10\/selfie-e1538551698549-332x187.png 332w, https:\/\/blogsaverroes.juntadeandalucia.es\/blogtic\/files\/2018\/10\/selfie-e1538551698549-24x14.png 24w, https:\/\/blogsaverroes.juntadeandalucia.es\/blogtic\/files\/2018\/10\/selfie-e1538551698549-36x20.png 36w, https:\/\/blogsaverroes.juntadeandalucia.es\/blogtic\/files\/2018\/10\/selfie-e1538551698549-48x27.png 48w\" sizes=\"(max-width: 1155px) 100vw, 1155px\" \/><\/p>\n<p>El pasado curso, se nos encomend\u00f3 la elaboraci\u00f3n de <a href=\"http:\/\/revistaeco.cepcordoba.org\/index.php\/2018\/04\/11\/el-asesoramiento-educativo-en-tecnologias-para-la-ensenanza-y-el-aprendizaje\/\">un art\u00edculo para la Revista e-Co<\/a>&nbsp;sobre cu\u00e1l deb\u00eda ser la tarea de las asesor\u00edas para orientar a los centros en la evoluci\u00f3n y sostenibilidad de su proyecto TIC: Qu\u00e9 podemos hacer desde el CEP y a qu\u00e9 pueden ayudar las personas que asesoran a las que coordinan y ejercen este liderazgo en sus centros.<\/p>\n<p>Con la consecuci\u00f3n del plan \u00abEscuelas Conectadas\u00bb y con la fibra \u00f3ptica llegando a cada uno de nuestros centros, creemos solucionado uno de los grandes obst\u00e1culos que exist\u00edan hasta la fecha para una verdadera digitalizaci\u00f3n escolar. No obstante, ahora nos enfrentamos a un parque inform\u00e1tico obsolescente y a un cambio metodol\u00f3gico que nunca termin\u00f3 de materializarse del todo.<\/p>\n<p><img loading=\"lazy\" decoding=\"async\" class=\"size-full wp-image-702 aligncenter\" src=\"https:\/\/blogsaverroes.juntadeandalucia.es\/blogtic\/files\/2018\/10\/ESCUELAS-CONECTADAS-PEQUEN\u00deA.png\" alt=\"\" width=\"842\" height=\"595\" srcset=\"https:\/\/blogsaverroes.juntadeandalucia.es\/blogtic\/files\/2018\/10\/ESCUELAS-CONECTADAS-PEQUEN\u00deA.png 842w, https:\/\/blogsaverroes.juntadeandalucia.es\/blogtic\/files\/2018\/10\/ESCUELAS-CONECTADAS-PEQUEN\u00deA-300x212.png 300w, https:\/\/blogsaverroes.juntadeandalucia.es\/blogtic\/files\/2018\/10\/ESCUELAS-CONECTADAS-PEQUEN\u00deA-768x543.png 768w, https:\/\/blogsaverroes.juntadeandalucia.es\/blogtic\/files\/2018\/10\/ESCUELAS-CONECTADAS-PEQUEN\u00deA-700x495.png 700w, https:\/\/blogsaverroes.juntadeandalucia.es\/blogtic\/files\/2018\/10\/ESCUELAS-CONECTADAS-PEQUEN\u00deA-332x235.png 332w, https:\/\/blogsaverroes.juntadeandalucia.es\/blogtic\/files\/2018\/10\/ESCUELAS-CONECTADAS-PEQUEN\u00deA-24x17.png 24w, https:\/\/blogsaverroes.juntadeandalucia.es\/blogtic\/files\/2018\/10\/ESCUELAS-CONECTADAS-PEQUEN\u00deA-36x25.png 36w, https:\/\/blogsaverroes.juntadeandalucia.es\/blogtic\/files\/2018\/10\/ESCUELAS-CONECTADAS-PEQUEN\u00deA-48x34.png 48w\" sizes=\"(max-width: 842px) 100vw, 842px\" \/><\/p>\n<p>Como parte de las respuestas a esta cuesti\u00f3n, en el art\u00edculo aportamos algunas ideas como la elaboraci\u00f3n de un Proyecto Digital de Centro con objetivos realizables y ampliables curso tras curso en los seis apartados, pilares o frentes que entendemos debe abordar este proyecto.<\/p>\n<ul>\n<li><strong>Comunicaci\u00f3n y colaboraci\u00f3n<\/strong>: c\u00f3mo y con qu\u00e9 herramientas nos comunicamos entre los docentes, con el alumnado, las familias y el exterior de nuestros centros.<\/li>\n<li><strong>Ense\u00f1anza y aprendizaje<\/strong>: c\u00f3mo cambia la tecnolog\u00eda las actividades que se hacen en clase por parte de alumnado y profesorado.<\/li>\n<li><strong>Conciencia y curriculum<\/strong>: c\u00f3mo se impregnan los documentos del centro (proyecto educativo, ROF, programaciones did\u00e1cticas&#8230;) y la cultura escolar del uso de las TIC.<\/li>\n<li><strong>Liderazgo y formaci\u00f3n<\/strong>: qu\u00e9 personas se encargan de la dinamizaci\u00f3n del proyecto, de ayudar y guiar a sus compa\u00f1eros y c\u00f3mo y con qu\u00e9 recursos lo hacen.<\/li>\n<li><strong>Infraestructuras y resoluci\u00f3n de problemas<\/strong>: con qu\u00e9 equipamiento contamos, qui\u00e9n y c\u00f3mo lo mantiene (hardware y software, equipos y plataformas), qu\u00e9 soluciones encontramos al mantenimiento.<\/li>\n<li><strong>Evaluaci\u00f3n y mejora continua<\/strong>: c\u00f3mo establecer objetivos alcanzables y revisables que permitan que el proyecto digital avance y forme parte de la cultura del centro.<\/li>\n<\/ul>\n<p>Estos apartados han sido recogidos en un organizador gr\u00e1fico, el \u00abCanvas TIC\u00bb, que nos servir\u00e1 para analizar el punto de partida en el que nos encontramos y establecer propuestas de mejora que nos hagan ir hacia donde queramos.<\/p>\n<p><a href=\"http:\/\/www.dieztiposdepersonas.es\/wp-content\/uploads\/2018\/03\/Canvas_TIC_A3.pdf\"><img loading=\"lazy\" decoding=\"async\" class=\"alignnone size-full\" src=\"http:\/\/www.dieztiposdepersonas.es\/wp-content\/uploads\/2018\/03\/canvastic-1-1024x737.png\" width=\"1024\" height=\"737\"\/><\/a><\/p>\n<p>Por tanto, la actividad que proponemos tratar\u00e1 de 6 sesiones de dos horas (una por cada apartado del canvas), el <strong>\u00faltimo jueves de cada mes<\/strong> en la franja horaria <strong>de 17:30 a 19:30 horas<\/strong>. Tratando de ser livianas, concisas y \u00faltil y de terminar temprano para promover que la reuni\u00f3n contin\u00fae en un espacio informal posterior. Concretamente, las fechas seleccionadas ,atendiendo a no coincidir con evaluaciones y semanas de mayor carga de trabajo en los centros, son:<\/p>\n<ul>\n<li>25 de octubre<\/li>\n<li>29 de noviembre<\/li>\n<li>31 de enero<\/li>\n<li>21 de febrero<\/li>\n<li>28 de marzo<\/li>\n<li>25 de abril<\/li>\n<\/ul>\n<p>Las sesiones contar\u00e1n con ponentes que expondr\u00e1n buenas pr\u00e1cticas e ideas para el desarrollo de cada uno de los apartados descritos.&nbsp;<\/p>\n<p><a href=\"https:\/\/www.juntadeandalucia.es\/educacion\/secretariavirtual\/consultaCEP\/actividad\/191408GE038\/\">La<strong> inscripci\u00f3n<\/strong> ya est\u00e1 abierta en S\u00e9neca y se puede acceder desde aqu\u00ed.<\/a><\/p>\n<p>Te esperamos.<\/p>\n<\/div><\/div><\/div><\/div><\/div><\/div>\n","protected":false},"excerpt":{"rendered":"","protected":false},"author":1432,"featured_media":0,"parent":0,"menu_order":0,"comment_status":"closed","ping_status":"closed","template":"","meta":{"ngg_post_thumbnail":0,"footnotes":""},"aioseo_notices":[],"_links":{"self":[{"href":"https:\/\/blogsaverroes.juntadeandalucia.es\/blogtic\/wp-json\/wp\/v2\/pages\/706"}],"collection":[{"href":"https:\/\/blogsaverroes.juntadeandalucia.es\/blogtic\/wp-json\/wp\/v2\/pages"}],"about":[{"href":"https:\/\/blogsaverroes.juntadeandalucia.es\/blogtic\/wp-json\/wp\/v2\/types\/page"}],"author":[{"embeddable":true,"href":"https:\/\/blogsaverroes.juntadeandalucia.es\/blogtic\/wp-json\/wp\/v2\/users\/1432"}],"replies":[{"embeddable":true,"href":"https:\/\/blogsaverroes.juntadeandalucia.es\/blogtic\/wp-json\/wp\/v2\/comments?post=706"}],"version-history":[{"count":2,"href":"https:\/\/blogsaverroes.juntadeandalucia.es\/blogtic\/wp-json\/wp\/v2\/pages\/706\/revisions"}],"predecessor-version":[{"id":710,"href":"https:\/\/blogsaverroes.juntadeandalucia.es\/blogtic\/wp-json\/wp\/v2\/pages\/706\/revisions\/710"}],"wp:attachment":[{"href":"https:\/\/blogsaverroes.juntadeandalucia.es\/blogtic\/wp-json\/wp\/v2\/media?parent=706"}],"curies":[{"name":"wp","href":"https:\/\/api.w.org\/{rel}","templated":true}]}}