{"id":2,"date":"2022-10-27T14:00:42","date_gmt":"2022-10-27T14:00:42","guid":{"rendered":"https:\/\/blogsaverroes.juntadeandalucia.es\/booktubers\/?page_id=2"},"modified":"2022-11-17T12:07:29","modified_gmt":"2022-11-17T12:07:29","slug":"pagina-ejemplo","status":"publish","type":"page","link":"https:\/\/blogsaverroes.juntadeandalucia.es\/booktubers\/","title":{"rendered":""},"content":{"rendered":"<p style=\"text-align: center\"><a href=\"https:\/\/blogsaverroes.juntadeandalucia.es\/booktubers\"><button>INICIO<\/button><\/a>&nbsp; &nbsp;<a href=\"https:\/\/blogsaverroes.juntadeandalucia.es\/booktubers\/1ciclo\/\"><button>1\u00ba CICLO<\/button><\/a>&nbsp; &nbsp;<a href=\"https:\/\/blogsaverroes.juntadeandalucia.es\/booktubers\/2ciclo\/\"><button>2\u00ba CICLO<\/button><\/a><\/p>\n<p style=\"text-align: center\"><a href=\"https:\/\/blogsaverroes.juntadeandalucia.es\/booktubers\/3ciclo\/\"><button>3\u00ba CICLO<\/button><\/a> &nbsp;<a href=\"https:\/\/blogsaverroes.juntadeandalucia.es\/booktubers\/extras\/\"><button>EXTRAS<\/button><\/a><\/p>\n<p>&nbsp;<\/p>\n<p style=\"text-align: center\"><span style=\"font-size: 24pt\"><strong>\u00bfQu\u00e9 es booktubers?<\/strong><\/span><\/p>\n<p style=\"text-align: center\"><iframe loading=\"lazy\" src=\"\/\/www.youtube.com\/embed\/OtX9IR5-QY4\" width=\"373\" height=\"210\" frameborder=\"0\"><\/iframe><\/p>\n<p style=\"text-align: center\">V\u00eddeo de promoci\u00f3n y presentaci\u00f3n del proyecto<\/p>\n<p style=\"text-align: center\"><iframe loading=\"lazy\" src=\"\/\/www.youtube.com\/embed\/gLdsKxcpwCc\" width=\"373\" height=\"210\" frameborder=\"0\"><\/iframe><\/p>\n<p style=\"text-align: center\">&nbsp;<\/p>\n","protected":false},"excerpt":{"rendered":"<p>INICIO&nbsp; &nbsp;1\u00ba CICLO&nbsp; &nbsp;2\u00ba CICLO 3\u00ba CICLO &nbsp;EXTRAS &nbsp; \u00bfQu\u00e9 es booktubers? V\u00eddeo de promoci\u00f3n y presentaci\u00f3n del proyecto &nbsp;<\/p>\n","protected":false},"author":11264,"featured_media":0,"parent":0,"menu_order":0,"comment_status":"closed","ping_status":"open","template":"","meta":{"ngg_post_thumbnail":0,"footnotes":""},"aioseo_notices":[],"_links":{"self":[{"href":"https:\/\/blogsaverroes.juntadeandalucia.es\/booktubers\/wp-json\/wp\/v2\/pages\/2"}],"collection":[{"href":"https:\/\/blogsaverroes.juntadeandalucia.es\/booktubers\/wp-json\/wp\/v2\/pages"}],"about":[{"href":"https:\/\/blogsaverroes.juntadeandalucia.es\/booktubers\/wp-json\/wp\/v2\/types\/page"}],"author":[{"embeddable":true,"href":"https:\/\/blogsaverroes.juntadeandalucia.es\/booktubers\/wp-json\/wp\/v2\/users\/11264"}],"replies":[{"embeddable":true,"href":"https:\/\/blogsaverroes.juntadeandalucia.es\/booktubers\/wp-json\/wp\/v2\/comments?post=2"}],"version-history":[{"count":27,"href":"https:\/\/blogsaverroes.juntadeandalucia.es\/booktubers\/wp-json\/wp\/v2\/pages\/2\/revisions"}],"predecessor-version":[{"id":98,"href":"https:\/\/blogsaverroes.juntadeandalucia.es\/booktubers\/wp-json\/wp\/v2\/pages\/2\/revisions\/98"}],"wp:attachment":[{"href":"https:\/\/blogsaverroes.juntadeandalucia.es\/booktubers\/wp-json\/wp\/v2\/media?parent=2"}],"curies":[{"name":"wp","href":"https:\/\/api.w.org\/{rel}","templated":true}]}}