{"id":18,"date":"2023-12-13T10:50:27","date_gmt":"2023-12-13T10:50:27","guid":{"rendered":"https:\/\/blogsaverroes.juntadeandalucia.es\/breakouts\/?page_id=18"},"modified":"2024-03-20T13:57:02","modified_gmt":"2024-03-20T13:57:02","slug":"el-proyecto","status":"publish","type":"page","link":"https:\/\/blogsaverroes.juntadeandalucia.es\/breakouts\/el-proyecto\/","title":{"rendered":"El proyecto"},"content":{"rendered":"<p style=\"text-align: justify\"><span style=\"font-weight: 400\">En los \u00faltimos a\u00f1os venimos apostando por ense\u00f1ar las lenguas extranjeras haciendo uso de <strong>metodolog\u00edas activas<\/strong> e innovando en los recursos que usamos con nuestro alumnado. Recientemente hemos practicado con \u00e9xito el trabajo en estaciones de aprendizaje y la aplicaci\u00f3n del pensamiento visual. Para el curso 2023\/2024 queremos dar un paso hacia la gamificaci\u00f3n de la ense\u00f1anza a trav\u00e9s de la creaci\u00f3n de breakouts educativos que motiven a nuestro alumnado y que sean inclusivos a la hora de tratar los contenidos del \u00e1rea de lengua extranjera en ingl\u00e9s.<\/span><\/p>\n<p style=\"text-align: justify\"><span style=\"font-weight: 400\">El proyecto pretende crear breakouts tanto digitales como anal\u00f3gicos que estar\u00e1n disponibles para su descarga en esta p\u00e1gina web. Adem\u00e1s de<\/span> las tem\u00e1ticas sugeridas por el alumnado, se incluir\u00e1n otros breakouts con tem\u00e1ticas culturales propias de la lengua extranjera, como Halloween, por ejemplo.<\/p>\n<p><span style=\"font-weight: 400\">La mayor\u00eda de pruebas ser\u00e1n de car\u00e1cter manipulativo pero tambi\u00e9n habr\u00e1 pruebas&nbsp; dedicadas a mejorar&nbsp; la competencia digital. Por ello, contaremos con soportes impresos como puzzles, domin\u00f3s, fichas, juegos pero tambi\u00e9n pruebas digitales que tendr\u00edan que resolver usando los port\u00e1tiles o tablets. Si tenemos suficiente tiempo y formaci\u00f3n adecuada, se podr\u00edan crear breakouts educativos totalmente digitales que estar\u00edan accesibles online, usando<strong> Genial.ly<\/strong> como herramienta preferente, por su facilidad de acceso y sus posibilidades.<\/span><\/p>\n<p><span style=\"font-weight: 400\">El <\/span><b>objetivo principal<\/b><span style=\"font-weight: 400\"> de este proyecto es adaptarse a las necesidades del alumnado para acercarlos y motivarlos en el aprendizaje de la lengua extranjera. Los <\/span><b>objetivos<\/b><span style=\"font-weight: 400\"> m\u00e1s espec\u00edficos que se persiguen con este proyecto son:<\/span><\/p>\n<ul>\n<li><span style=\"font-weight: 400\"> Mejorar la calidad educativa a trav\u00e9s de la introducci\u00f3n de breakouts educativos.<\/span><\/li>\n<li><span style=\"font-weight: 400\"> Mejorar las competencias del alumnado en la adquisici\u00f3n de la lengua extranjera (ingl\u00e9s)<\/span><\/li>\n<li><span style=\"font-weight: 400\"> Fomentar la formaci\u00f3n continua del profesorado y profundizar en el uso de las TICs y las metodolog\u00edas activas.<\/span><\/li>\n<li><span style=\"font-weight: 400\"> Fomentar la creatividad, la participaci\u00f3n y el trabajo cooperativo.<\/span><\/li>\n<li><span style=\"font-weight: 400\"> Acondicionar los espacios del centro para adecuarse a metodolog\u00edas activas.<\/span><\/li>\n<li><span style=\"font-weight: 400\"> Mejorar la atenci\u00f3n a la diversidad en el aula de forma inclusiva a trav\u00e9s de la mejora de la comprensi\u00f3n lectora.<\/span><\/li>\n<li><span style=\"font-weight: 400\"> Trabajar la competencia de aprender a aprender para gestionar el proceso de aprendizaje.<\/span><\/li>\n<li><span style=\"font-weight: 400\"> Hacer visibles los procesos de evaluaci\u00f3n.<\/span><\/li>\n<li><span style=\"font-weight: 400\"> Desarrollar la competencia digital experimentando con nuevas formas de expresi\u00f3n.<\/span><\/li>\n<\/ul>\n<p>&nbsp;<\/p>\n<p>CALENDARIO<\/p>\n<table>\n<tbody>\n<tr>\n<td><span style=\"font-weight: 400\">FASE<\/span><\/td>\n<td><span style=\"font-weight: 400\">TAREAS<\/span><\/td>\n<td><span style=\"font-weight: 400\">RESPONSABLES<\/span><\/td>\n<td><span style=\"font-weight: 400\">TEMPORALIZACI\u00d3N<\/span><\/td>\n<\/tr>\n<tr>\n<td rowspan=\"2\"><span style=\"font-weight: 400\">preparaci\u00f3n<\/span><\/td>\n<td>\n<ol>\n<li style=\"font-weight: 400\"><span style=\"font-weight: 400\">Solicitar acciones <\/span><span style=\"font-weight: 400\">formativas al CEP<\/span><\/li>\n<li style=\"font-weight: 400\"><span style=\"font-weight: 400\">Solicitar presupuestos <\/span><span style=\"font-weight: 400\">de materiales y <\/span><span style=\"font-weight: 400\">adquisici\u00f3n de libros<\/span><\/li>\n<li style=\"font-weight: 400\"><span style=\"font-weight: 400\">Informar del proyecto al <\/span><span style=\"font-weight: 400\">Claustro y al Consejo escolar<\/span><\/li>\n<\/ol>\n<\/td>\n<td>\n<ol>\n<li style=\"font-weight: 400\"><span style=\"font-weight: 400\">Departamento <\/span><span style=\"font-weight: 400\">de Formaci\u00f3n<\/span><\/li>\n<li style=\"font-weight: 400\"><span style=\"font-weight: 400\">Coordinadora<\/span><\/li>\n<li style=\"font-weight: 400\"><span style=\"font-weight: 400\">Direcci\u00f3n<\/span><span style=\"font-weight: 400\">\/Coordinadora<\/span><\/li>\n<\/ol>\n<\/td>\n<td><span style=\"font-weight: 400\">septiembre 2023<\/span><\/td>\n<\/tr>\n<tr>\n<td>\n<ol>\n<li style=\"font-weight: 400\"><span style=\"font-weight: 400\">Participar en acciones <\/span><span style=\"font-weight: 400\">formativas<\/span><\/li>\n<li style=\"font-weight: 400\"><span style=\"font-weight: 400\">Organizar un plan de <\/span><span style=\"font-weight: 400\">actividades<\/span><\/li>\n<\/ol>\n<\/td>\n<td><span style=\"font-weight: 400\">Coordinadora<\/span><\/td>\n<td><span style=\"font-weight: 400\">octubre 2023<\/span><\/td>\n<\/tr>\n<tr>\n<td><span style=\"font-weight: 400\">planificaci\u00f3n<\/span><\/td>\n<td><span style=\"font-weight: 400\">Borrador de los materiales.&nbsp;<\/span><\/p>\n<p><span style=\"font-weight: 400\">Encuesta de intereses del alumnado<\/span><\/td>\n<td><span style=\"font-weight: 400\">Coordinadora<\/span><\/td>\n<td><span style=\"font-weight: 400\">noviembre 2023<\/span><\/td>\n<\/tr>\n<tr>\n<td><span style=\"font-weight: 400\">creaci\u00f3n<\/span><\/td>\n<td><span style=\"font-weight: 400\">Creaci\u00f3n de los materiales y realizaci\u00f3n de compras necesarias<\/span><\/td>\n<td><span style=\"font-weight: 400\">Coordinadora<\/span><\/td>\n<td><span style=\"font-weight: 400\">noviembre 2023 -enero 2024<\/span><\/td>\n<\/tr>\n<tr>\n<td><span style=\"font-weight: 400\">implementaci\u00f3n<\/span><\/td>\n<td><span style=\"font-weight: 400\">Puesta en pr\u00e1ctica<\/span><\/td>\n<td><span style=\"font-weight: 400\">Coordinadora<\/span><\/td>\n<td><span style=\"font-weight: 400\">enero- mayo 2024<\/span><\/td>\n<\/tr>\n<tr>\n<td><span style=\"font-weight: 400\">consolidaci\u00f3n<\/span><\/td>\n<td><span style=\"font-weight: 400\">Memoria final&nbsp;<\/span><\/p>\n<p><span style=\"font-weight: 400\">Encuestas<\/span><\/p>\n<p><span style=\"font-weight: 400\">evaluaci\u00f3n de resultados y presentaci\u00f3n al claustro<\/span><\/td>\n<td><span style=\"font-weight: 400\">Coordinadora<\/span><\/td>\n<td><span style=\"font-weight: 400\">junio 2024<\/span><\/td>\n<\/tr>\n<\/tbody>\n<\/table>\n","protected":false},"excerpt":{"rendered":"<p>En los \u00faltimos a\u00f1os venimos apostando por ense\u00f1ar las lenguas extranjeras haciendo uso de metodolog\u00edas activas e innovando en los recursos que usamos con nuestro alumnado. Recientemente hemos practicado con \u00e9xito el trabajo en&#46;&#46;&#46;<\/p>\n","protected":false},"author":17091,"featured_media":0,"parent":0,"menu_order":0,"comment_status":"closed","ping_status":"closed","template":"","meta":{"ngg_post_thumbnail":0,"footnotes":""},"aioseo_notices":[],"_links":{"self":[{"href":"https:\/\/blogsaverroes.juntadeandalucia.es\/breakouts\/wp-json\/wp\/v2\/pages\/18"}],"collection":[{"href":"https:\/\/blogsaverroes.juntadeandalucia.es\/breakouts\/wp-json\/wp\/v2\/pages"}],"about":[{"href":"https:\/\/blogsaverroes.juntadeandalucia.es\/breakouts\/wp-json\/wp\/v2\/types\/page"}],"author":[{"embeddable":true,"href":"https:\/\/blogsaverroes.juntadeandalucia.es\/breakouts\/wp-json\/wp\/v2\/users\/17091"}],"replies":[{"embeddable":true,"href":"https:\/\/blogsaverroes.juntadeandalucia.es\/breakouts\/wp-json\/wp\/v2\/comments?post=18"}],"version-history":[{"count":4,"href":"https:\/\/blogsaverroes.juntadeandalucia.es\/breakouts\/wp-json\/wp\/v2\/pages\/18\/revisions"}],"predecessor-version":[{"id":80,"href":"https:\/\/blogsaverroes.juntadeandalucia.es\/breakouts\/wp-json\/wp\/v2\/pages\/18\/revisions\/80"}],"wp:attachment":[{"href":"https:\/\/blogsaverroes.juntadeandalucia.es\/breakouts\/wp-json\/wp\/v2\/media?parent=18"}],"curies":[{"name":"wp","href":"https:\/\/api.w.org\/{rel}","templated":true}]}}