{"id":759,"date":"2022-02-08T19:26:31","date_gmt":"2022-02-08T18:26:31","guid":{"rendered":"https:\/\/blogsaverroes.juntadeandalucia.es\/calasanzrota\/?page_id=759"},"modified":"2022-02-08T20:00:19","modified_gmt":"2022-02-08T19:00:19","slug":"claustro-de-profesores","status":"publish","type":"page","link":"https:\/\/blogsaverroes.juntadeandalucia.es\/calasanzrota\/claustro-de-profesores\/","title":{"rendered":"Claustro de Profesores"},"content":{"rendered":"<p><span style=\"color: #ff00ff\"><strong>Educaci\u00f3n Infantil<\/strong><\/span><\/p>\n<p>Ruiz de Lacanal Ruiz-Mateos, Cristina \u2013 Tutora 3 a\u00f1os A<\/p>\n<p>&nbsp;Ledo Barroso, Pilar- Tutora 3 a\u00f1os B &#8211; Coordinadora Ciclo Infantil<\/p>\n<p>Avil\u00e9s Aguilera, Ver\u00f3nica- Tutora 4 a\u00f1os A<\/p>\n<p>Quir\u00f3s M\u00e1rquez, Mar\u00eda del Carmen \u2013 Tutora 4 a\u00f1os B<\/p>\n<p>Rulli Sabbatini, Carolina \u2013 Tutora 5 a\u00f1os A<\/p>\n<p>Laynez Bernal, Rosario \u2013 Tutora 5 a\u00f1os B<\/p>\n<p>Gordillo Carmona, Almudena \u2013 Maestra de Apoyo Infantil<\/p>\n<p>Andrade Fern\u00e1ndez, Cintia&nbsp; &#8211; Especialista de Ingl\u00e9s<\/p>\n<p>L\u00f3pez Gallego, Paula &nbsp;\u2013 Religi\u00f3n Infantil<\/p>\n<p>&nbsp;<\/p>\n<p><strong>Educaci\u00f3n Primaria<\/strong><\/p>\n<p><strong>1\u00ba Ciclo<\/strong><\/p>\n<p>Barbecho Failde, Roc\u00edo \u2013 Tutora 1\u00baA &#8211; Especialista Primaria &#8211; Coordinadora 1\u00ba Ciclo<\/p>\n<p>Flethes Bernal, Nieves \u2013 Tutora 1\u00baB \u2013 Especialista Primaria Biling\u00fce<\/p>\n<p>Andr\u00e9s Jim\u00e9nez, Bel\u00f1en \u2013 Tutora 2\u00baA &#8211; Especialista Primaria Biling\u00fce<\/p>\n<p>L\u00f3pez Morales, Abraham \u2013 Tutora 2\u00baB \u2013 Especialista EF Biling\u00fce<\/p>\n<p>&nbsp;<\/p>\n<p><strong>2\u00ba Ciclo<\/strong><\/p>\n<p>Castellano Bernal, Francisco \u2013 Tutor 3\u00baA- Especialista Primaria<\/p>\n<p>M\u00e1rquez Izquierdo,Cristina \u2013 Tutora 3\u00baB \u2013 Especialista Primaria Biling\u00fce &#8211; Coordinadora 2\u00ba Ciclo<\/p>\n<p>Vilari\u00f1o R\u00edos, M\u00aa \u00c1ngeles- Tutora 4\u00baA \u2013 &nbsp;Especialista Primaria<\/p>\n<p>Lucero Helices, M\u00aa del Carmen \u2013 Tutora 4\u00ba B \u2013 Especialista Ingl\u00e9s<\/p>\n<p>&nbsp;<\/p>\n<p>&nbsp;<\/p>\n<p>&nbsp;<\/p>\n<p><strong>3\u00ba Ciclo<\/strong><\/p>\n<p>&nbsp;Arauz de la Rosa, Marif\u00e9- Tutora 5\u00baA \u2013 Especialista Primaria Biling\u00fce<\/p>\n<p>Alcedo Cutilla, Ana M\u00aa- Tutora 5\u00baB \u2013 Especialista Primaria Biling\u00fce &#8211; Coordinadora Biling\u00fce<\/p>\n<p>S\u00e1nchez Alonso, Francisco \u2013 Tutor 6\u00baA \u2013 Especialista Primaria &#8211; Coordinador 3\u00ba Ciclo<\/p>\n<p>Garc\u00eda Lorenzo, Rebeca \u2013 Tutora 6\u00baB \u2013 Especialista Franc\u00e9s<\/p>\n<p>&nbsp;<\/p>\n<p><strong>Especialistas Primaria<\/strong><\/p>\n<p>S\u00e1nchez Pallero, Juan \u2013 Religi\u00f3n Primaria<\/p>\n<p>Andrade Fern\u00e1ndez, Cintia \u2013 Ingl\u00e9s<\/p>\n<p>Fern\u00e1ndez Gallego, David \u2013 Educaci\u00f3n Art\u00edstica<\/p>\n<p>Fashho Rodr\u00edoguez, Nicol\u00e1s &#8211; Especialista EF Biling\u00fce<\/p>\n<p>&nbsp;<\/p>\n<p><strong>Equipo de Orientaci\u00f3n<\/strong><\/p>\n<p>Puyana Molina, Elizabeth &#8211; Audici\u00f3n Y Lenguaje \u2013 Coordinadora EO<\/p>\n<p>P\u00e9rez cano, Sonia &#8211; Pedagog\u00eda Terap\u00e9utica<\/p>\n<p>Villalba La O \u2013 Refuerzo<\/p>\n","protected":false},"excerpt":{"rendered":"<p>Educaci\u00f3n Infantil Ruiz de Lacanal Ruiz-Mateos, Cristina \u2013 Tutora 3 a\u00f1os A &nbsp;Ledo Barroso, Pilar- Tutora 3 a\u00f1os B &#8211; Coordinadora Ciclo Infantil Avil\u00e9s Aguilera, Ver\u00f3nica- Tutora 4 a\u00f1os A Quir\u00f3s M\u00e1rquez, Mar\u00eda del Carmen \u2013 Tutora 4 a\u00f1os B Rulli Sabbatini, Carolina \u2013 Tutora 5 a\u00f1os A Laynez Bernal, Rosario \u2013 Tutora 5 a\u00f1os [&hellip;]<\/p>\n","protected":false},"author":13810,"featured_media":0,"parent":0,"menu_order":0,"comment_status":"closed","ping_status":"closed","template":"","meta":{"_et_pb_use_builder":"","_et_pb_old_content":"","_et_gb_content_width":"","ngg_post_thumbnail":0,"footnotes":""},"aioseo_notices":[],"_links":{"self":[{"href":"https:\/\/blogsaverroes.juntadeandalucia.es\/calasanzrota\/wp-json\/wp\/v2\/pages\/759"}],"collection":[{"href":"https:\/\/blogsaverroes.juntadeandalucia.es\/calasanzrota\/wp-json\/wp\/v2\/pages"}],"about":[{"href":"https:\/\/blogsaverroes.juntadeandalucia.es\/calasanzrota\/wp-json\/wp\/v2\/types\/page"}],"author":[{"embeddable":true,"href":"https:\/\/blogsaverroes.juntadeandalucia.es\/calasanzrota\/wp-json\/wp\/v2\/users\/13810"}],"replies":[{"embeddable":true,"href":"https:\/\/blogsaverroes.juntadeandalucia.es\/calasanzrota\/wp-json\/wp\/v2\/comments?post=759"}],"version-history":[{"count":4,"href":"https:\/\/blogsaverroes.juntadeandalucia.es\/calasanzrota\/wp-json\/wp\/v2\/pages\/759\/revisions"}],"predecessor-version":[{"id":771,"href":"https:\/\/blogsaverroes.juntadeandalucia.es\/calasanzrota\/wp-json\/wp\/v2\/pages\/759\/revisions\/771"}],"wp:attachment":[{"href":"https:\/\/blogsaverroes.juntadeandalucia.es\/calasanzrota\/wp-json\/wp\/v2\/media?parent=759"}],"curies":[{"name":"wp","href":"https:\/\/api.w.org\/{rel}","templated":true}]}}