{"id":40,"date":"2015-03-09T18:43:18","date_gmt":"2015-03-09T17:43:18","guid":{"rendered":"http:\/\/blogsaverroes.juntadeandalucia.es\/calidad\/?page_id=40"},"modified":"2015-03-18T12:16:20","modified_gmt":"2015-03-18T11:16:20","slug":"quienes-somos","status":"publish","type":"page","link":"https:\/\/blogsaverroes.juntadeandalucia.es\/calidad\/?page_id=40","title":{"rendered":"\u00bfQui\u00e9nes somos?"},"content":{"rendered":"<p>Nos encontramos en el IES La Rosaleda situado el la Avenida Luis Bu\u00f1uel, 8 (M\u00e1laga).<\/p>\n<figure id=\"attachment_106\" aria-describedby=\"caption-attachment-106\" style=\"width: 300px\" class=\"wp-caption aligncenter\"><a href=\"http:\/\/blogsaverroes.juntadeandalucia.es\/calidad\/files\/2015\/03\/2_IES-La-Rosaleda_18.jpg\"><img loading=\"lazy\" decoding=\"async\" class=\"wp-image-106 size-medium\" src=\"http:\/\/blogsaverroes.juntadeandalucia.es\/calidad\/files\/2015\/03\/2_IES-La-Rosaleda_18-300x199.jpg\" alt=\"La imagen muestra la entrada al instituto La Rosaleda en M\u00e1laga.\" width=\"300\" height=\"199\" srcset=\"https:\/\/blogsaverroes.juntadeandalucia.es\/calidad\/files\/2015\/03\/2_IES-La-Rosaleda_18-300x199.jpg 300w, https:\/\/blogsaverroes.juntadeandalucia.es\/calidad\/files\/2015\/03\/2_IES-La-Rosaleda_18.jpg 640w\" sizes=\"(max-width: 300px) 100vw, 300px\" \/><\/a><figcaption id=\"caption-attachment-106\" class=\"wp-caption-text\">IES La Rosaleda<\/figcaption><\/figure>\n<p>Todos los contenidos de este blog se encuadran en el m\u00f3dulo <strong>Gesti\u00f3n de la Calidad y de la Seguridad e Higiene Alimentarias<\/strong>\u00a0que se imparte en el\u00a0primer curso del Ciclo Formativo de Grado Superior\u00a0de Direcci\u00f3n de Servicios en Restauraci\u00f3n\u00a0 perteneciente a la Familia Profesional de Hosteler\u00eda y Turismo,<\/p>\n","protected":false},"excerpt":{"rendered":"<p>Nos encontramos en el IES La Rosaleda situado el la Avenida Luis Bu\u00f1uel, 8 (M\u00e1laga). Todos los contenidos de este blog se encuadran en el m\u00f3dulo Gesti\u00f3n de la Calidad y de la Seguridad e Higiene Alimentarias\u00a0que se imparte en el\u00a0primer curso del Ciclo Formativo de Grado Superior\u00a0de Direcci\u00f3n de Servicios en Restauraci\u00f3n\u00a0 perteneciente a &hellip; <a href=\"https:\/\/blogsaverroes.juntadeandalucia.es\/calidad\/?page_id=40\" class=\"more-link\">Seguir leyendo <span class=\"screen-reader-text\">\u00bfQui\u00e9nes somos?<\/span> <span class=\"meta-nav\">&rarr;<\/span><\/a><\/p>\n","protected":false},"author":1541,"featured_media":0,"parent":0,"menu_order":0,"comment_status":"closed","ping_status":"open","template":"","meta":{"ngg_post_thumbnail":0,"footnotes":""},"aioseo_notices":[],"_links":{"self":[{"href":"https:\/\/blogsaverroes.juntadeandalucia.es\/calidad\/index.php?rest_route=\/wp\/v2\/pages\/40"}],"collection":[{"href":"https:\/\/blogsaverroes.juntadeandalucia.es\/calidad\/index.php?rest_route=\/wp\/v2\/pages"}],"about":[{"href":"https:\/\/blogsaverroes.juntadeandalucia.es\/calidad\/index.php?rest_route=\/wp\/v2\/types\/page"}],"author":[{"embeddable":true,"href":"https:\/\/blogsaverroes.juntadeandalucia.es\/calidad\/index.php?rest_route=\/wp\/v2\/users\/1541"}],"replies":[{"embeddable":true,"href":"https:\/\/blogsaverroes.juntadeandalucia.es\/calidad\/index.php?rest_route=%2Fwp%2Fv2%2Fcomments&post=40"}],"version-history":[{"count":4,"href":"https:\/\/blogsaverroes.juntadeandalucia.es\/calidad\/index.php?rest_route=\/wp\/v2\/pages\/40\/revisions"}],"predecessor-version":[{"id":112,"href":"https:\/\/blogsaverroes.juntadeandalucia.es\/calidad\/index.php?rest_route=\/wp\/v2\/pages\/40\/revisions\/112"}],"wp:attachment":[{"href":"https:\/\/blogsaverroes.juntadeandalucia.es\/calidad\/index.php?rest_route=%2Fwp%2Fv2%2Fmedia&parent=40"}],"curies":[{"name":"wp","href":"https:\/\/api.w.org\/{rel}","templated":true}]}}