{"id":20,"date":"2022-10-22T07:40:35","date_gmt":"2022-10-22T05:40:35","guid":{"rendered":"http:\/\/blogsaverroes.juntadeandalucia.es\/pre\/nuevoiesv2\/?page_id=20"},"modified":"2025-09-11T18:05:35","modified_gmt":"2025-09-11T16:05:35","slug":"primaria","status":"publish","type":"page","link":"https:\/\/blogsaverroes.juntadeandalucia.es\/castillodealhabar\/primaria\/","title":{"rendered":"PRIMARIA"},"content":{"rendered":"<p>[et_pb_section fb_built=&#8221;1&#8243; _builder_version=&#8221;4.16&#8243; custom_padding=&#8221;0px||0px|&#8221; z_index_tablet=&#8221;500&#8243; box_shadow_horizontal_tablet=&#8221;0px&#8221; box_shadow_vertical_tablet=&#8221;0px&#8221; box_shadow_blur_tablet=&#8221;40px&#8221; box_shadow_spread_tablet=&#8221;0px&#8221; global_colors_info=&#8221;{}&#8221;][et_pb_row _builder_version=&#8221;4.16&#8243; background_size=&#8221;initial&#8221; background_position=&#8221;top_left&#8221; background_repeat=&#8221;repeat&#8221; global_colors_info=&#8221;{}&#8221;][et_pb_column type=&#8221;4_4&#8243; _builder_version=&#8221;4.16&#8243; custom_padding=&#8221;|||&#8221; global_colors_info=&#8221;{}&#8221; custom_padding__hover=&#8221;|||&#8221;][et_pb_image src=&#8221;https:\/\/blogsaverroes.juntadeandalucia.es\/castillodealhabar\/files\/2020\/01\/cabecera-interior-ies-3-1.png&#8221; admin_label=&#8221;Imagen de la portada&#8221; _builder_version=&#8221;4.16&#8243; vertical_offset_tablet=&#8221;0&#8243; horizontal_offset_tablet=&#8221;0&#8243; z_index_tablet=&#8221;500&#8243; box_shadow_horizontal_tablet=&#8221;0px&#8221; box_shadow_vertical_tablet=&#8221;0px&#8221; box_shadow_blur_tablet=&#8221;40px&#8221; box_shadow_spread_tablet=&#8221;0px&#8221; global_colors_info=&#8221;{}&#8221;][\/et_pb_image][et_pb_text admin_label=&#8221;Texto descriptivo&#8221; _builder_version=&#8221;4.16&#8243; z_index_tablet=&#8221;500&#8243; text_text_shadow_horizontal_length_tablet=&#8221;0px&#8221; text_text_shadow_vertical_length_tablet=&#8221;0px&#8221; text_text_shadow_blur_strength_tablet=&#8221;1px&#8221; link_text_shadow_horizontal_length_tablet=&#8221;0px&#8221; link_text_shadow_vertical_length_tablet=&#8221;0px&#8221; link_text_shadow_blur_strength_tablet=&#8221;1px&#8221; ul_text_shadow_horizontal_length_tablet=&#8221;0px&#8221; ul_text_shadow_vertical_length_tablet=&#8221;0px&#8221; ul_text_shadow_blur_strength_tablet=&#8221;1px&#8221; ol_text_shadow_horizontal_length_tablet=&#8221;0px&#8221; ol_text_shadow_vertical_length_tablet=&#8221;0px&#8221; ol_text_shadow_blur_strength_tablet=&#8221;1px&#8221; quote_text_shadow_horizontal_length_tablet=&#8221;0px&#8221; quote_text_shadow_vertical_length_tablet=&#8221;0px&#8221; quote_text_shadow_blur_strength_tablet=&#8221;1px&#8221; header_text_shadow_horizontal_length_tablet=&#8221;0px&#8221; header_text_shadow_vertical_length_tablet=&#8221;0px&#8221; header_text_shadow_blur_strength_tablet=&#8221;1px&#8221; header_2_text_shadow_horizontal_length_tablet=&#8221;0px&#8221; header_2_text_shadow_vertical_length_tablet=&#8221;0px&#8221; header_2_text_shadow_blur_strength_tablet=&#8221;1px&#8221; header_3_text_shadow_horizontal_length_tablet=&#8221;0px&#8221; header_3_text_shadow_vertical_length_tablet=&#8221;0px&#8221; header_3_text_shadow_blur_strength_tablet=&#8221;1px&#8221; header_4_text_shadow_horizontal_length_tablet=&#8221;0px&#8221; header_4_text_shadow_vertical_length_tablet=&#8221;0px&#8221; header_4_text_shadow_blur_strength_tablet=&#8221;1px&#8221; header_5_text_shadow_horizontal_length_tablet=&#8221;0px&#8221; header_5_text_shadow_vertical_length_tablet=&#8221;0px&#8221; header_5_text_shadow_blur_strength_tablet=&#8221;1px&#8221; header_6_text_shadow_horizontal_length_tablet=&#8221;0px&#8221; header_6_text_shadow_vertical_length_tablet=&#8221;0px&#8221; header_6_text_shadow_blur_strength_tablet=&#8221;1px&#8221; box_shadow_horizontal_tablet=&#8221;0px&#8221; box_shadow_vertical_tablet=&#8221;0px&#8221; box_shadow_blur_tablet=&#8221;40px&#8221; box_shadow_spread_tablet=&#8221;0px&#8221; global_colors_info=&#8221;{}&#8221;]<\/p>\n<h2><\/h2>\n<h2>PRIMARIA Y SECUNDARIA<\/h2>\n<p>&nbsp;<\/p>\n<p>EQUIPO DOCENTE<\/p>\n<p><span>Carvajal Sutil, Raquel\u00a0 ZTS<\/span><\/p>\n<p><span>Garc\u00eda Lechuga, Nicolasa. REFUERZO<\/span><\/p>\n<p><span>Prieto Rodr\u00edguez, V\u00edctor Emilio INGL\u00c9S (Coordinador biling\u00fc\u00edsmo)<\/span><\/p>\n<p><span>Casas L\u00f3pez, Juana. PT aula espec\u00edfica<\/span><\/p>\n<p><span>Solana Almaz\u00e1n, Rosario. RELIGI\u00d3N<\/span><\/p>\n<p><span><\/span><\/p>\n<p>1\u00ba DE PRIMARIA: <span>Osma D\u00edaz, Beatriz (Jefatura de Estudios)<\/span>\u00a0<span><\/span><\/p>\n<p>2\u00ba DE PRIMARIA: <span>L\u00e1zaro L\u00f3pez, Silvia <\/span><span><\/span><\/p>\n<p>3\u00ba DE PRIMARIA: <span>Cruz Mart\u00ednez, Mar\u00eda \u00c1ngeles ( Coordinadora Erasmus)<\/span><span><\/span><\/p>\n<p>4\u00ba DE PRIMARIA: <span>Fern\u00e1ndez Guzm\u00e1n, Ana Mar\u00eda (Secretaria)<\/span><span><\/span><\/p>\n<p>5\u00ba DE PRIMARIA: <span>C\u00e1rdenas Labella, Mar\u00eda Dolores (EF)<\/span><span><\/span><\/p>\n<p><span>6\u00ba DE PRIMARIA: Castillo G\u00f3mez, Mar\u00eda Jos\u00e9. (FRANC\u00c9S)<\/span><\/p>\n<p>1\u00ba ESO:\u00a0 <span>Barrionuevo de la Torre, Mar\u00eda \u00c1ngeles (MATEM\u00c1TICAS, FYQ Y BIOLOG\u00cdA)<\/span><span><\/span><\/p>\n<p>2\u00ba ESO: <span>Ruz Mu\u00f1oz, Pedro (INGL\u00c9S Y LENGUA)<\/span><span><\/span><\/p>\n<p><span>Sutil Martos, Pedro Jose (GYH, DIRECCI\u00d3N)<\/span><\/p>\n<p><span>Navarro Escribano, Ana Mar\u00eda (RELIGI\u00d3N SECUNDARIA)<\/span><span><\/span><\/p>\n<p><span>Jim\u00e9nez Jim\u00e9nez, Isabel Mar\u00eda (ART\u00cdSTICA PRIMARIA Y SECUNDARIA)<\/span><span><\/span><span><\/span><\/p>\n<p><span>Guirado Torres, Ver\u00f3nica (EF SECUNDARIA Y TECNOLOG\u00cdA)<\/span><span><\/span><\/p>\n<p>&nbsp;<\/p>\n<p>&nbsp;<\/p>\n<p>[\/et_pb_text][\/et_pb_column][\/et_pb_row][et_pb_row _builder_version=&#8221;4.16&#8243; _module_preset=&#8221;default&#8221; global_colors_info=&#8221;{}&#8221;][et_pb_column type=&#8221;4_4&#8243; _builder_version=&#8221;4.16&#8243; _module_preset=&#8221;default&#8221; global_colors_info=&#8221;{}&#8221;][et_pb_slider _builder_version=&#8221;4.24.2&#8243; _module_preset=&#8221;default&#8221; hover_enabled=&#8221;0&#8243; global_colors_info=&#8221;{}&#8221; sticky_enabled=&#8221;0&#8243;][et_pb_slide heading=&#8221;1\u00ba PRIMARIA &#8221; button_text=&#8221;Clics&#8221; image=&#8221;https:\/\/blogsaverroes.juntadeandalucia.es\/castillodealhabar\/files\/2025\/09\/Captura-de-Pantalla-2025-09-11-a-las-17.51.31.png&#8221; _builder_version=&#8221;4.24.2&#8243; _module_preset=&#8221;default&#8221; hover_enabled=&#8221;0&#8243; global_colors_info=&#8221;{}&#8221; sticky_transition=&#8221;on&#8221; title_text=&#8221;Captura de Pantalla 2025-09-11 a las 17.51.31&#8243; sticky_enabled=&#8221;0&#8243;][\/et_pb_slide][et_pb_slide heading=&#8221;2\u00ba PRIMARIA&#8221; button_text=&#8221;Clics&#8221; image=&#8221;https:\/\/blogsaverroes.juntadeandalucia.es\/castillodealhabar\/files\/2025\/09\/Captura-de-Pantalla-2025-09-11-a-las-17.51.38.png&#8221; _builder_version=&#8221;4.24.2&#8243; _module_preset=&#8221;default&#8221; hover_enabled=&#8221;0&#8243; global_colors_info=&#8221;{}&#8221; sticky_transition=&#8221;on&#8221; title_text=&#8221;Captura de Pantalla 2025-09-11 a las 17.51.38&#8243; sticky_enabled=&#8221;0&#8243;][\/et_pb_slide][et_pb_slide heading=&#8221;3\u00ba PRIMARIA&#8221; button_text=&#8221;Clics&#8221; image=&#8221;https:\/\/blogsaverroes.juntadeandalucia.es\/castillodealhabar\/files\/2025\/09\/Captura-de-Pantalla-2025-09-11-a-las-17.51.45.png&#8221; _builder_version=&#8221;4.24.2&#8243; _module_preset=&#8221;default&#8221; hover_enabled=&#8221;0&#8243; global_colors_info=&#8221;{}&#8221; sticky_transition=&#8221;on&#8221; title_text=&#8221;Captura de Pantalla 2025-09-11 a las 17.51.45&#8243; sticky_enabled=&#8221;0&#8243;]<\/p>\n<p>i<\/p>\n<p>[\/et_pb_slide][et_pb_slide heading=&#8221;4\u00ba PRIMARIA&#8221; button_text=&#8221;Clics&#8221; image=&#8221;https:\/\/blogsaverroes.juntadeandalucia.es\/castillodealhabar\/files\/2025\/09\/Captura-de-Pantalla-2025-09-11-a-las-17.51.52.png&#8221; _builder_version=&#8221;4.24.2&#8243; _module_preset=&#8221;default&#8221; hover_enabled=&#8221;0&#8243; global_colors_info=&#8221;{}&#8221; sticky_transition=&#8221;on&#8221; title_text=&#8221;Captura de Pantalla 2025-09-11 a las 17.51.52&#8243; sticky_enabled=&#8221;0&#8243;][\/et_pb_slide][et_pb_slide heading=&#8221;5\u00ba PRIMARIA&#8221; button_text=&#8221;Clics&#8221; image=&#8221;https:\/\/blogsaverroes.juntadeandalucia.es\/castillodealhabar\/files\/2025\/09\/Captura-de-Pantalla-2025-09-11-a-las-17.52.02.png&#8221; _builder_version=&#8221;4.24.2&#8243; _module_preset=&#8221;default&#8221; hover_enabled=&#8221;0&#8243; global_colors_info=&#8221;{}&#8221; sticky_transition=&#8221;on&#8221; title_text=&#8221;Captura de Pantalla 2025-09-11 a las 17.52.02&#8243; sticky_enabled=&#8221;0&#8243;][\/et_pb_slide][et_pb_slide heading=&#8221;6\u00ba DE PRIMARIA&#8221; button_text=&#8221;Clics&#8221; image=&#8221;https:\/\/blogsaverroes.juntadeandalucia.es\/castillodealhabar\/files\/2025\/09\/Captura-de-Pantalla-2025-09-11-a-las-17.52.08.png&#8221; _builder_version=&#8221;4.24.2&#8243; _module_preset=&#8221;default&#8221; hover_enabled=&#8221;0&#8243; global_colors_info=&#8221;{}&#8221; sticky_transition=&#8221;on&#8221; title_text=&#8221;Captura de Pantalla 2025-09-11 a las 17.52.08&#8243; sticky_enabled=&#8221;0&#8243;][\/et_pb_slide][\/et_pb_slider][\/et_pb_column][\/et_pb_row][\/et_pb_section][et_pb_section fb_built=&#8221;1&#8243; _builder_version=&#8221;4.16&#8243; _module_preset=&#8221;default&#8221; global_colors_info=&#8221;{}&#8221;][et_pb_row column_structure=&#8221;1_6,1_6,1_6,1_6,1_6,1_6&#8243; _builder_version=&#8221;4.16&#8243; _module_preset=&#8221;default&#8221; global_colors_info=&#8221;{}&#8221;][et_pb_column type=&#8221;1_6&#8243; _builder_version=&#8221;4.16&#8243; _module_preset=&#8221;default&#8221; global_colors_info=&#8221;{}&#8221;][et_pb_blurb title=&#8221;MATERIAL 2025\/2026&#8243; url=&#8221;https:\/\/drive.google.com\/file\/d\/1m3lTwQO3v94kD9Pcyygybad4z8qx1_TC\/view?usp=sharing&#8221; image=&#8221;https:\/\/blogsaverroes.juntadeandalucia.es\/castillodealhabar\/files\/2023\/06\/Dise\u00f1o-sin-t\u00edtulo-2.png&#8221; title_tablet=&#8221;MATERIAL 2023\/2024&#8243; title_phone=&#8221;MATERIAL 2023\/2024&#8243; title_last_edited=&#8221;on|desktop&#8221; _builder_version=&#8221;4.24.2&#8243; _module_preset=&#8221;default&#8221; width=&#8221;100%&#8221; hover_enabled=&#8221;0&#8243; global_colors_info=&#8221;{}&#8221; sticky_enabled=&#8221;0&#8243;]<\/p>\n<h4><\/h4>\n<p>[\/et_pb_blurb][\/et_pb_column][et_pb_column type=&#8221;1_6&#8243; _builder_version=&#8221;4.16&#8243; _module_preset=&#8221;default&#8221; global_colors_info=&#8221;{}&#8221;][et_pb_blurb title=&#8221;MATERIAL 2025\/2026&#8243; url=&#8221;https:\/\/drive.google.com\/file\/d\/1HEJKlIgvzw-dqzhv_yHMKLyDtCRdLFRB\/view?usp=sharing&#8221; image=&#8221;https:\/\/blogsaverroes.juntadeandalucia.es\/castillodealhabar\/files\/2023\/06\/2\u00ba-PRIMARIA.png&#8221; _builder_version=&#8221;4.24.2&#8243; _module_preset=&#8221;default&#8221; hover_enabled=&#8221;0&#8243; global_colors_info=&#8221;{}&#8221; sticky_enabled=&#8221;0&#8243;][\/et_pb_blurb][\/et_pb_column][et_pb_column type=&#8221;1_6&#8243; _builder_version=&#8221;4.16&#8243; _module_preset=&#8221;default&#8221; global_colors_info=&#8221;{}&#8221;][\/et_pb_column][et_pb_column type=&#8221;1_6&#8243; _builder_version=&#8221;4.16&#8243; _module_preset=&#8221;default&#8221; global_colors_info=&#8221;{}&#8221;][\/et_pb_column][et_pb_column type=&#8221;1_6&#8243; _builder_version=&#8221;4.16&#8243; _module_preset=&#8221;default&#8221; global_colors_info=&#8221;{}&#8221;][\/et_pb_column][et_pb_column type=&#8221;1_6&#8243; _builder_version=&#8221;4.16&#8243; _module_preset=&#8221;default&#8221; global_colors_info=&#8221;{}&#8221;][\/et_pb_column][\/et_pb_row][\/et_pb_section]<\/p>\n","protected":false},"excerpt":{"rendered":"<p>PRIMARIA Y SECUNDARIA &nbsp; EQUIPO DOCENTE Carvajal Sutil, Raquel\u00a0 ZTS Garc\u00eda Lechuga, Nicolasa. REFUERZO Prieto Rodr\u00edguez, V\u00edctor Emilio INGL\u00c9S (Coordinador biling\u00fc\u00edsmo) Casas L\u00f3pez, Juana. PT aula espec\u00edfica Solana Almaz\u00e1n, Rosario. RELIGI\u00d3N 1\u00ba DE PRIMARIA: Osma D\u00edaz, Beatriz (Jefatura de Estudios)\u00a0 2\u00ba DE PRIMARIA: L\u00e1zaro L\u00f3pez, Silvia 3\u00ba DE PRIMARIA: Cruz Mart\u00ednez, Mar\u00eda \u00c1ngeles ( Coordinadora [&hellip;]<\/p>\n","protected":false},"author":7051,"featured_media":0,"parent":0,"menu_order":0,"comment_status":"closed","ping_status":"closed","template":"","meta":{"_et_pb_use_builder":"on","_et_pb_old_content":"","_et_gb_content_width":"","ngg_post_thumbnail":0,"footnotes":""},"aioseo_notices":[],"_links":{"self":[{"href":"https:\/\/blogsaverroes.juntadeandalucia.es\/castillodealhabar\/wp-json\/wp\/v2\/pages\/20"}],"collection":[{"href":"https:\/\/blogsaverroes.juntadeandalucia.es\/castillodealhabar\/wp-json\/wp\/v2\/pages"}],"about":[{"href":"https:\/\/blogsaverroes.juntadeandalucia.es\/castillodealhabar\/wp-json\/wp\/v2\/types\/page"}],"author":[{"embeddable":true,"href":"https:\/\/blogsaverroes.juntadeandalucia.es\/castillodealhabar\/wp-json\/wp\/v2\/users\/7051"}],"replies":[{"embeddable":true,"href":"https:\/\/blogsaverroes.juntadeandalucia.es\/castillodealhabar\/wp-json\/wp\/v2\/comments?post=20"}],"version-history":[{"count":10,"href":"https:\/\/blogsaverroes.juntadeandalucia.es\/castillodealhabar\/wp-json\/wp\/v2\/pages\/20\/revisions"}],"predecessor-version":[{"id":921,"href":"https:\/\/blogsaverroes.juntadeandalucia.es\/castillodealhabar\/wp-json\/wp\/v2\/pages\/20\/revisions\/921"}],"wp:attachment":[{"href":"https:\/\/blogsaverroes.juntadeandalucia.es\/castillodealhabar\/wp-json\/wp\/v2\/media?parent=20"}],"curies":[{"name":"wp","href":"https:\/\/api.w.org\/{rel}","templated":true}]}}