{"id":26,"date":"2023-01-10T07:42:54","date_gmt":"2023-01-10T06:42:54","guid":{"rendered":"http:\/\/blogsaverroes.juntadeandalucia.es\/pre\/nuevoiesv2\/?page_id=26"},"modified":"2024-10-29T06:19:10","modified_gmt":"2024-10-29T05:19:10","slug":"erasmus-2","status":"publish","type":"page","link":"https:\/\/blogsaverroes.juntadeandalucia.es\/castillodealhabar\/erasmus-2\/","title":{"rendered":"INTERNACIONALIZACI\u00d3N: ERASMUS+"},"content":{"rendered":"<p>[et_pb_section fb_built=&#8221;1&#8243; _builder_version=&#8221;4.16&#8243; custom_padding=&#8221;0px||0px|&#8221; z_index_tablet=&#8221;500&#8243; box_shadow_horizontal_tablet=&#8221;0px&#8221; box_shadow_vertical_tablet=&#8221;0px&#8221; box_shadow_blur_tablet=&#8221;40px&#8221; box_shadow_spread_tablet=&#8221;0px&#8221; global_colors_info=&#8221;{}&#8221;][et_pb_row _builder_version=&#8221;4.16&#8243; background_size=&#8221;initial&#8221; background_position=&#8221;top_left&#8221; background_repeat=&#8221;repeat&#8221; global_colors_info=&#8221;{}&#8221;][et_pb_column type=&#8221;4_4&#8243; _builder_version=&#8221;4.16&#8243; custom_padding=&#8221;|||&#8221; global_colors_info=&#8221;{}&#8221; custom_padding__hover=&#8221;|||&#8221;][et_pb_image src=&#8221;https:\/\/blogsaverroes.juntadeandalucia.es\/castillodealhabar\/files\/2022\/12\/erasmus.png&#8221; title_text=&#8221;erasmus&#8221; align=&#8221;center&#8221; admin_label=&#8221;Imagen de la portada&#8221; _builder_version=&#8221;4.16&#8243; background_color=&#8221;#d2f1f7&#8243; vertical_offset_tablet=&#8221;0&#8243; horizontal_offset_tablet=&#8221;0&#8243; animation_style=&#8221;flip&#8221; z_index_tablet=&#8221;500&#8243; box_shadow_horizontal_tablet=&#8221;0px&#8221; box_shadow_vertical_tablet=&#8221;0px&#8221; box_shadow_blur_tablet=&#8221;40px&#8221; box_shadow_spread_tablet=&#8221;0px&#8221; global_colors_info=&#8221;{}&#8221;][\/et_pb_image][\/et_pb_column][\/et_pb_row][\/et_pb_section][et_pb_section fb_built=&#8221;1&#8243; fullwidth=&#8221;on&#8221; _builder_version=&#8221;4.24.2&#8243; _module_preset=&#8221;default&#8221; global_colors_info=&#8221;{}&#8221;][et_pb_fullwidth_post_title _builder_version=&#8221;4.24.2&#8243; _module_preset=&#8221;default&#8221; global_colors_info=&#8221;{}&#8221;][\/et_pb_fullwidth_post_title][\/et_pb_section][et_pb_section fb_built=&#8221;1&#8243; fullwidth=&#8221;on&#8221; _builder_version=&#8221;4.24.2&#8243; _module_preset=&#8221;default&#8221; global_colors_info=&#8221;{}&#8221;][\/et_pb_section][et_pb_section fb_built=&#8221;1&#8243; theme_builder_area=&#8221;post_content&#8221; _builder_version=&#8221;4.24.2&#8243; _module_preset=&#8221;default&#8221; custom_padding=&#8221;||0px|||&#8221;][et_pb_row _builder_version=&#8221;4.24.2&#8243; _module_preset=&#8221;default&#8221; theme_builder_area=&#8221;post_content&#8221;][et_pb_column _builder_version=&#8221;4.24.2&#8243; _module_preset=&#8221;default&#8221; type=&#8221;4_4&#8243; theme_builder_area=&#8221;post_content&#8221;][et_pb_text _builder_version=&#8221;4.24.2&#8243; _module_preset=&#8221;default&#8221; theme_builder_area=&#8221;post_content&#8221; hover_enabled=&#8221;0&#8243; sticky_enabled=&#8221;0&#8243;]<\/p>\n<p class=\"Texto\">Desde 2020 nuestro centro participa en proyectos Erasmus. Durate dos cursos hemos sido beneficiarios de proyectos anuales en los que tanto como el profesorado como el alumnado ha viajado a luegares como Isladia, Croacia, Irlanda, Eslovenia, Alemania y Portugal.<\/p>\n<p class=\"Texto\">La participaci\u00f3n en el programa Erasmus+ fomenta el desarrollo de la competencia comunicativa por parte del alumnado, a la vez que se refuerzan competencias b\u00e1sicas tales como la competencia de aprender a aprender, la competencia social y ciudadana o la competencia digital. Adem\u00e1s, de esta forma, se permite el acceso a entornos culturales diferentes lo cual favorece la iniciativa y autonom\u00eda personal.<\/p>\n<p>En 2021\u00a0 nuestro centro obtuvo la<span>\u00a0<\/span><strong>\u00abAcreditaci\u00f3n Erasmus+\u00bb<\/strong>, Esta acreditaci\u00f3n nos permitir\u00e1 seguir trabajando estas competencias en nuestros alumnos.<\/p>\n<p>Desde nuestros inicios hasta ahora nuestras experiencias han sido las siguientes:<\/p>\n<p>2021- Curso de formaci\u00f3n &#8220;Competencia digital&#8221; en Reikiavik, Islandia.<\/p>\n<p>2022- Curso de formaci\u00f3n &#8220;Metodolog\u00edas activas&#8221; en Dubl\u00edn, Irlanda.<\/p>\n<p>2022- Movilidad con alumnado a Eslovenia<\/p>\n<p>2022- Curso de formaci\u00f3n &#8220;Hacia una escuela m\u00e1s sostenible&#8221; Split, Croacia<\/p>\n<p>2023- Movilidad con alumnado a Le Mans, Francia<\/p>\n<p>2023- Curso de formaci\u00f3n &#8220;Sistema educativo finland\u00e9s&#8221;\u00a0 en Porvoo, Finlandia.<\/p>\n<p>2023- Aprendizaje por observaci\u00f3n en Colonia, Alemania<\/p>\n<p>2023- Curso perfeccionamiento del ingl\u00e9s, Oporto, Portugal<\/p>\n<p>2024- Movilidad con alumnado a Oporto, Portugal<\/p>\n<p>2024- Movilidad con alumnado a Messina, Italia<\/p>\n<p>2024- Curso de formaci\u00f3n &#8220;Dramatizaci\u00f3n en el aula&#8221; en Corf\u00fa, Grecia<\/p>\n<p>Pr\u00f3ximamente<\/p>\n<p>Noviembre 2024- Movilidad con alumnado a Catania, Italia<\/p>\n<p>Febrero 2025- Movilidad con alumnado a Castellanza, Italia<\/p>\n<p>Marzo 2025 &#8211; Aprendizaje por observaci\u00f3n a Skopje, Macedonia del Norte<\/p>\n<p>Mayo 2025 &#8211; Movilidad con alumnado a Zadar, Croacia<\/p>\n<p>&nbsp;<\/p>\n<p>&nbsp;<\/p>\n<p>[\/et_pb_text][\/et_pb_column][\/et_pb_row][\/et_pb_section][et_pb_section fb_built=&#8221;1&#8243; theme_builder_area=&#8221;post_content&#8221; _builder_version=&#8221;4.24.2&#8243; _module_preset=&#8221;default&#8221; custom_padding=&#8221;57px|||||&#8221;][et_pb_row _builder_version=&#8221;4.24.2&#8243; _module_preset=&#8221;default&#8221; column_structure=&#8221;1_4,1_4,1_4,1_4&#8243; theme_builder_area=&#8221;post_content&#8221;][et_pb_column _builder_version=&#8221;4.24.2&#8243; _module_preset=&#8221;default&#8221; type=&#8221;1_4&#8243; theme_builder_area=&#8221;post_content&#8221;][et_pb_image src=&#8221;https:\/\/blogsaverroes.juntadeandalucia.es\/castillodealhabar\/files\/2022\/12\/Foto-de-Pedro-Sutil.jpg&#8221; _builder_version=&#8221;4.24.2&#8243; _module_preset=&#8221;default&#8221; theme_builder_area=&#8221;post_content&#8221; title_text=&#8221;Foto de Pedro Sutil&#8221; hover_enabled=&#8221;0&#8243; sticky_enabled=&#8221;0&#8243;][\/et_pb_image][\/et_pb_column][et_pb_column _builder_version=&#8221;4.24.2&#8243; _module_preset=&#8221;default&#8221; type=&#8221;1_4&#8243; theme_builder_area=&#8221;post_content&#8221;][et_pb_image src=&#8221;https:\/\/blogsaverroes.juntadeandalucia.es\/castillodealhabar\/files\/2022\/12\/1633161716653.jpg&#8221; _builder_version=&#8221;4.24.2&#8243; _module_preset=&#8221;default&#8221; theme_builder_area=&#8221;post_content&#8221; title_text=&#8221;1633161716653&#8243; hover_enabled=&#8221;0&#8243; sticky_enabled=&#8221;0&#8243;][\/et_pb_image][\/et_pb_column][et_pb_column _builder_version=&#8221;4.24.2&#8243; _module_preset=&#8221;default&#8221; type=&#8221;1_4&#8243; theme_builder_area=&#8221;post_content&#8221;][et_pb_image src=&#8221;https:\/\/blogsaverroes.juntadeandalucia.es\/castillodealhabar\/files\/2020\/02\/eslovenia.jpeg&#8221; _builder_version=&#8221;4.24.2&#8243; _module_preset=&#8221;default&#8221; theme_builder_area=&#8221;post_content&#8221; title_text=&#8221;eslovenia&#8221; hover_enabled=&#8221;0&#8243; sticky_enabled=&#8221;0&#8243;][\/et_pb_image][\/et_pb_column][et_pb_column _builder_version=&#8221;4.24.2&#8243; _module_preset=&#8221;default&#8221; type=&#8221;1_4&#8243; theme_builder_area=&#8221;post_content&#8221;][et_pb_image src=&#8221;https:\/\/blogsaverroes.juntadeandalucia.es\/castillodealhabar\/files\/2022\/12\/photo1672170626-2.jpeg&#8221; _builder_version=&#8221;4.24.2&#8243; _module_preset=&#8221;default&#8221; theme_builder_area=&#8221;post_content&#8221; title_text=&#8221;photo1672170626 (2)&#8221; hover_enabled=&#8221;0&#8243; sticky_enabled=&#8221;0&#8243;][\/et_pb_image][\/et_pb_column][\/et_pb_row][et_pb_row _builder_version=&#8221;4.24.2&#8243; _module_preset=&#8221;default&#8221; column_structure=&#8221;1_4,1_4,1_4,1_4&#8243; theme_builder_area=&#8221;post_content&#8221;][et_pb_column _builder_version=&#8221;4.24.2&#8243; _module_preset=&#8221;default&#8221; type=&#8221;1_4&#8243; theme_builder_area=&#8221;post_content&#8221;][et_pb_image src=&#8221;https:\/\/blogsaverroes.juntadeandalucia.es\/castillodealhabar\/files\/2022\/12\/photo1672170626-1.jpeg&#8221; _builder_version=&#8221;4.24.2&#8243; _module_preset=&#8221;default&#8221; theme_builder_area=&#8221;post_content&#8221; title_text=&#8221;photo1672170626 (1)&#8221; hover_enabled=&#8221;0&#8243; sticky_enabled=&#8221;0&#8243;][\/et_pb_image][\/et_pb_column][et_pb_column _builder_version=&#8221;4.24.2&#8243; _module_preset=&#8221;default&#8221; type=&#8221;1_4&#8243; theme_builder_area=&#8221;post_content&#8221;][et_pb_image src=&#8221;https:\/\/blogsaverroes.juntadeandalucia.es\/castillodealhabar\/files\/2022\/12\/WhatsApp-Image-2022-09-05-at-09.59.12-1.jpeg&#8221; _builder_version=&#8221;4.24.2&#8243; _module_preset=&#8221;default&#8221; theme_builder_area=&#8221;post_content&#8221; title_text=&#8221;WhatsApp Image 2022-09-05 at 09.59.12 (1)&#8221; hover_enabled=&#8221;0&#8243; sticky_enabled=&#8221;0&#8243;][\/et_pb_image][\/et_pb_column][et_pb_column _builder_version=&#8221;4.24.2&#8243; _module_preset=&#8221;default&#8221; type=&#8221;1_4&#8243; theme_builder_area=&#8221;post_content&#8221;][et_pb_image src=&#8221;https:\/\/blogsaverroes.juntadeandalucia.es\/castillodealhabar\/files\/2022\/12\/WhatsApp-Image-2022-09-05-at-09.58.27.jpeg&#8221; _builder_version=&#8221;4.24.2&#8243; _module_preset=&#8221;default&#8221; theme_builder_area=&#8221;post_content&#8221; title_text=&#8221;WhatsApp Image 2022-09-05 at 09.58.27&#8243; hover_enabled=&#8221;0&#8243; sticky_enabled=&#8221;0&#8243;][\/et_pb_image][\/et_pb_column][et_pb_column _builder_version=&#8221;4.24.2&#8243; _module_preset=&#8221;default&#8221; type=&#8221;1_4&#8243; theme_builder_area=&#8221;post_content&#8221;][et_pb_image src=&#8221;https:\/\/blogsaverroes.juntadeandalucia.es\/castillodealhabar\/files\/2022\/12\/WhatsApp-Image-2022-09-05-at-09.59.12.jpeg&#8221; _builder_version=&#8221;4.24.2&#8243; _module_preset=&#8221;default&#8221; theme_builder_area=&#8221;post_content&#8221; title_text=&#8221;WhatsApp Image 2022-09-05 at 09.59.12&#8243; hover_enabled=&#8221;0&#8243; sticky_enabled=&#8221;0&#8243;][\/et_pb_image][\/et_pb_column][\/et_pb_row][\/et_pb_section]<\/p>\n","protected":false},"excerpt":{"rendered":"<p>Desde 2020 nuestro centro participa en proyectos Erasmus. Durate dos cursos hemos sido beneficiarios de proyectos anuales en los que tanto como el profesorado como el alumnado ha viajado a luegares como Isladia, Croacia, Irlanda, Eslovenia, Alemania y Portugal. La participaci\u00f3n en el programa Erasmus+ fomenta el desarrollo de la competencia comunicativa por parte del [&hellip;]<\/p>\n","protected":false},"author":7051,"featured_media":0,"parent":0,"menu_order":0,"comment_status":"closed","ping_status":"closed","template":"","meta":{"_et_pb_use_builder":"on","_et_pb_old_content":"","_et_gb_content_width":"","ngg_post_thumbnail":0,"footnotes":""},"aioseo_notices":[],"_links":{"self":[{"href":"https:\/\/blogsaverroes.juntadeandalucia.es\/castillodealhabar\/wp-json\/wp\/v2\/pages\/26"}],"collection":[{"href":"https:\/\/blogsaverroes.juntadeandalucia.es\/castillodealhabar\/wp-json\/wp\/v2\/pages"}],"about":[{"href":"https:\/\/blogsaverroes.juntadeandalucia.es\/castillodealhabar\/wp-json\/wp\/v2\/types\/page"}],"author":[{"embeddable":true,"href":"https:\/\/blogsaverroes.juntadeandalucia.es\/castillodealhabar\/wp-json\/wp\/v2\/users\/7051"}],"replies":[{"embeddable":true,"href":"https:\/\/blogsaverroes.juntadeandalucia.es\/castillodealhabar\/wp-json\/wp\/v2\/comments?post=26"}],"version-history":[{"count":11,"href":"https:\/\/blogsaverroes.juntadeandalucia.es\/castillodealhabar\/wp-json\/wp\/v2\/pages\/26\/revisions"}],"predecessor-version":[{"id":886,"href":"https:\/\/blogsaverroes.juntadeandalucia.es\/castillodealhabar\/wp-json\/wp\/v2\/pages\/26\/revisions\/886"}],"wp:attachment":[{"href":"https:\/\/blogsaverroes.juntadeandalucia.es\/castillodealhabar\/wp-json\/wp\/v2\/media?parent=26"}],"curies":[{"name":"wp","href":"https:\/\/api.w.org\/{rel}","templated":true}]}}