{"id":79,"date":"2022-05-23T07:04:59","date_gmt":"2022-05-23T07:04:59","guid":{"rendered":"https:\/\/blogsaverroes.juntadeandalucia.es\/cdagranada\/?page_id=79"},"modified":"2022-05-23T07:04:59","modified_gmt":"2022-05-23T07:04:59","slug":"normativa","status":"publish","type":"page","link":"https:\/\/blogsaverroes.juntadeandalucia.es\/cdagranada\/normativa\/","title":{"rendered":"NORMATIVA"},"content":{"rendered":"<p style=\"text-align: justify\"><strong><em><a href=\"https:\/\/blogsaverroes.juntadeandalucia.es\/cdagranada\/files\/2022\/05\/Orden-8-de-junio-de-2012.pdf\"> <span class=\"fontstyle0\">Orden d<\/span><\/a><\/em><span class=\"fontstyle0\"><em>e 8 de junio de 2012, por la que se regula el procedimiento de inscripci\u00f3n y continuidad de centros reconocidos como \u00abComunidad de Aprendizaje\u00bb y se crea la red Andaluza \u00abComunidades de Aprendizaje\u00bb<\/em>.<\/span> <\/strong><\/p>\n<p style=\"text-align: justify\"><span class=\"fontstyle0\"><strong><a href=\"https:\/\/blogsaverroes.juntadeandalucia.es\/cdagranada\/files\/2022\/05\/2021-12-07-Instrucciones-Comisiones-CdAF-1.pdf\"><em>Instrucciones de 7 de diciembre de 2021, de la Direcci\u00f3n General de Atenci\u00f3n a la Diversidad, Participaci\u00f3n y Convivencia Escolar por las que se regula la composici\u00f3n y r\u00e9gimen de funcionamiento de las Comisiones Provinciales, as\u00ed como la Coordinaci\u00f3n del Voluntariado en los Centros Comunidades de Aprendizaje.<\/em><\/a><\/strong>                  <\/p>\n<p>          <\/span><br \/>\n<span class=\"fontstyle0\">                  <\/p>\n<p>          <\/span><br \/>\n<span class=\"fontstyle0\" style=\"color: #000000\">                   <\/p>\n<p>          <\/span><br \/>\n<span style=\"color: #000000\">  <\/span><\/p>\n<p>&nbsp;<\/p>\n","protected":false},"excerpt":{"rendered":"<p>Orden de 8 de junio de 2012, por la que se regula el procedimiento de inscripci\u00f3n y continuidad de centros reconocidos como \u00abComunidad de Aprendizaje\u00bb y se crea la red Andaluza \u00abComunidades de Aprendizaje\u00bb.&#46;&#46;&#46;<\/p>\n","protected":false},"author":3720,"featured_media":0,"parent":0,"menu_order":0,"comment_status":"closed","ping_status":"closed","template":"","meta":{"ngg_post_thumbnail":0,"footnotes":""},"aioseo_notices":[],"_links":{"self":[{"href":"https:\/\/blogsaverroes.juntadeandalucia.es\/cdagranada\/wp-json\/wp\/v2\/pages\/79"}],"collection":[{"href":"https:\/\/blogsaverroes.juntadeandalucia.es\/cdagranada\/wp-json\/wp\/v2\/pages"}],"about":[{"href":"https:\/\/blogsaverroes.juntadeandalucia.es\/cdagranada\/wp-json\/wp\/v2\/types\/page"}],"author":[{"embeddable":true,"href":"https:\/\/blogsaverroes.juntadeandalucia.es\/cdagranada\/wp-json\/wp\/v2\/users\/3720"}],"replies":[{"embeddable":true,"href":"https:\/\/blogsaverroes.juntadeandalucia.es\/cdagranada\/wp-json\/wp\/v2\/comments?post=79"}],"version-history":[{"count":1,"href":"https:\/\/blogsaverroes.juntadeandalucia.es\/cdagranada\/wp-json\/wp\/v2\/pages\/79\/revisions"}],"predecessor-version":[{"id":82,"href":"https:\/\/blogsaverroes.juntadeandalucia.es\/cdagranada\/wp-json\/wp\/v2\/pages\/79\/revisions\/82"}],"wp:attachment":[{"href":"https:\/\/blogsaverroes.juntadeandalucia.es\/cdagranada\/wp-json\/wp\/v2\/media?parent=79"}],"curies":[{"name":"wp","href":"https:\/\/api.w.org\/{rel}","templated":true}]}}