{"id":2287,"date":"2020-12-14T11:21:30","date_gmt":"2020-12-14T11:21:30","guid":{"rendered":"https:\/\/blogsaverroes.juntadeandalucia.es\/cdpeemarujadequinta\/?page_id=2287"},"modified":"2023-10-13T11:37:45","modified_gmt":"2023-10-13T11:37:45","slug":"educacion-especial","status":"publish","type":"page","link":"https:\/\/blogsaverroes.juntadeandalucia.es\/cdpeemarujadequinta\/educacion-especial\/","title":{"rendered":"Aulas del Centro"},"content":{"rendered":"<h3>Educaci\u00f3n Especial<\/h3>\n<p>La Educaci\u00f3n Especial es una modalidad del sistema escolar, de tipo transversal e interdisciplinario, encargada de potenciar y asegurar el cumplimiento del principio de equiparaci\u00f3n de oportunidades de aquellos ni\u00f1os, ni\u00f1as y j\u00f3venes que presentan Necesidades Educativas Especiales, derivadas o no de una discapacidad en todos los niveles y modalidades del sistema escolar, con el prop\u00f3sito de asegurar aprendizajes de calidad a todos los ni\u00f1os, ni\u00f1as y j\u00f3venes con necesidades educativas especiales.<\/p>\n<p>La Educaci\u00f3n Especial es una modalidad de atenci\u00f3n de Educaci\u00f3n B\u00e1sica cuyo enfoque es la Educaci\u00f3n Inclusiva, el cual permite reconocer la variedad de sujetos y contextos inmersos en el \u00e1mbito escolar, plantea el reconocimiento de las diferencias, respeto y tolerancia a lo \u00abdiverso\u00bb como aspectos de enriquecimiento. Se considera la atenci\u00f3n de alumnos de acuerdo a sus necesidades educativas y hace \u00e9nfasis en la Educaci\u00f3n para Todos.<\/p>\n","protected":false},"excerpt":{"rendered":"<p>Educaci\u00f3n Especial La Educaci\u00f3n Especial es una modalidad del sistema escolar, de tipo transversal e interdisciplinario, encargada de potenciar y asegurar el cumplimiento del principio de equiparaci\u00f3n de oportunidades de aquellos ni\u00f1os, ni\u00f1as y&#46;&#46;&#46;<\/p>\n","protected":false},"author":11784,"featured_media":0,"parent":0,"menu_order":0,"comment_status":"closed","ping_status":"closed","template":"","meta":{"ngg_post_thumbnail":0,"footnotes":"","_mc_calendar":[]},"aioseo_notices":[],"_links":{"self":[{"href":"https:\/\/blogsaverroes.juntadeandalucia.es\/cdpeemarujadequinta\/wp-json\/wp\/v2\/pages\/2287"}],"collection":[{"href":"https:\/\/blogsaverroes.juntadeandalucia.es\/cdpeemarujadequinta\/wp-json\/wp\/v2\/pages"}],"about":[{"href":"https:\/\/blogsaverroes.juntadeandalucia.es\/cdpeemarujadequinta\/wp-json\/wp\/v2\/types\/page"}],"author":[{"embeddable":true,"href":"https:\/\/blogsaverroes.juntadeandalucia.es\/cdpeemarujadequinta\/wp-json\/wp\/v2\/users\/11784"}],"replies":[{"embeddable":true,"href":"https:\/\/blogsaverroes.juntadeandalucia.es\/cdpeemarujadequinta\/wp-json\/wp\/v2\/comments?post=2287"}],"version-history":[{"count":6,"href":"https:\/\/blogsaverroes.juntadeandalucia.es\/cdpeemarujadequinta\/wp-json\/wp\/v2\/pages\/2287\/revisions"}],"predecessor-version":[{"id":3187,"href":"https:\/\/blogsaverroes.juntadeandalucia.es\/cdpeemarujadequinta\/wp-json\/wp\/v2\/pages\/2287\/revisions\/3187"}],"wp:attachment":[{"href":"https:\/\/blogsaverroes.juntadeandalucia.es\/cdpeemarujadequinta\/wp-json\/wp\/v2\/media?parent=2287"}],"curies":[{"name":"wp","href":"https:\/\/api.w.org\/{rel}","templated":true}]}}