{"id":2363,"date":"2020-12-15T09:23:04","date_gmt":"2020-12-15T09:23:04","guid":{"rendered":"https:\/\/blogsaverroes.juntadeandalucia.es\/cdpeemarujadequinta\/?page_id=2363"},"modified":"2025-01-21T16:51:11","modified_gmt":"2025-01-21T16:51:11","slug":"plan-anual-de-centro-2","status":"publish","type":"page","link":"https:\/\/blogsaverroes.juntadeandalucia.es\/cdpeemarujadequinta\/plan-anual-de-centro-2\/","title":{"rendered":"Plan de Convivencia y Bienestar"},"content":{"rendered":"<p>Educar para la convivencia es una tarea b\u00e1sica y fundamental de cualquier sistema educativo que aspire a la formaci\u00f3n de personas libres y dignas en un entorno cada vez m\u00e1s diverso y multicultural. As\u00ed pues, el \u00e1mbito de la convivencia se nos descubre como un \u00e1mbito esencial del funcionamiento de un centro y requiere el compromiso e implicaci\u00f3n de toda la comunidad educativa. Los centros escolares son enclaves de vida y crecimiento personal y constituyen una fuente natural de conflictos o, lo que es lo mismo, aut\u00e9nticas oportunidades para aprender a vivir juntos.<\/p>\n<p>El Plan de Convivencia es un documento que sirve para concretar la organizaci\u00f3n del funcionamiento del Centro en relaci\u00f3n con la convivencia escolar, as\u00ed como establecer las l\u00edneas generales del modelo de convivencia, los objetivos a alcanzar y las normas que la regular\u00e1n.<\/p>\n<p>&nbsp; &nbsp; &nbsp; &nbsp; &nbsp; &nbsp; &nbsp; &nbsp; &nbsp; &nbsp; &nbsp; &nbsp; &nbsp; &nbsp; &nbsp; &nbsp; &nbsp; &nbsp; &nbsp; &nbsp; &nbsp; &nbsp; &nbsp; &nbsp; &nbsp; &nbsp; &nbsp; &nbsp; &nbsp; &nbsp; &nbsp; &nbsp; &nbsp; &nbsp;<\/p>\n<p style=\"text-align: center\">&nbsp;&nbsp;<a href=\"https:\/\/blogsaverroes.juntadeandalucia.es\/cdpeemarujadequinta\/files\/2024\/06\/images.jpg\"> <img loading=\"lazy\" decoding=\"async\" class=\"wp-image-3611\" src=\"https:\/\/blogsaverroes.juntadeandalucia.es\/cdpeemarujadequinta\/files\/2024\/06\/images.jpg\" alt=\"\" width=\"281\" height=\"147\"><\/a><\/p>\n","protected":false},"excerpt":{"rendered":"<p>Educar para la convivencia es una tarea b\u00e1sica y fundamental de cualquier sistema educativo que aspire a la formaci\u00f3n de personas libres y dignas en un entorno cada vez m\u00e1s diverso y multicultural. As\u00ed&#46;&#46;&#46;<\/p>\n","protected":false},"author":11784,"featured_media":0,"parent":0,"menu_order":0,"comment_status":"closed","ping_status":"closed","template":"","meta":{"ngg_post_thumbnail":0,"footnotes":"","_mc_calendar":[]},"aioseo_notices":[],"_links":{"self":[{"href":"https:\/\/blogsaverroes.juntadeandalucia.es\/cdpeemarujadequinta\/wp-json\/wp\/v2\/pages\/2363"}],"collection":[{"href":"https:\/\/blogsaverroes.juntadeandalucia.es\/cdpeemarujadequinta\/wp-json\/wp\/v2\/pages"}],"about":[{"href":"https:\/\/blogsaverroes.juntadeandalucia.es\/cdpeemarujadequinta\/wp-json\/wp\/v2\/types\/page"}],"author":[{"embeddable":true,"href":"https:\/\/blogsaverroes.juntadeandalucia.es\/cdpeemarujadequinta\/wp-json\/wp\/v2\/users\/11784"}],"replies":[{"embeddable":true,"href":"https:\/\/blogsaverroes.juntadeandalucia.es\/cdpeemarujadequinta\/wp-json\/wp\/v2\/comments?post=2363"}],"version-history":[{"count":9,"href":"https:\/\/blogsaverroes.juntadeandalucia.es\/cdpeemarujadequinta\/wp-json\/wp\/v2\/pages\/2363\/revisions"}],"predecessor-version":[{"id":3707,"href":"https:\/\/blogsaverroes.juntadeandalucia.es\/cdpeemarujadequinta\/wp-json\/wp\/v2\/pages\/2363\/revisions\/3707"}],"wp:attachment":[{"href":"https:\/\/blogsaverroes.juntadeandalucia.es\/cdpeemarujadequinta\/wp-json\/wp\/v2\/media?parent=2363"}],"curies":[{"name":"wp","href":"https:\/\/api.w.org\/{rel}","templated":true}]}}