{"id":2405,"date":"2020-12-15T09:37:32","date_gmt":"2020-12-15T09:37:32","guid":{"rendered":"https:\/\/blogsaverroes.juntadeandalucia.es\/cdpeemarujadequinta\/?page_id=2405"},"modified":"2022-06-07T13:02:11","modified_gmt":"2022-06-07T13:02:11","slug":"aula-autismo","status":"publish","type":"page","link":"https:\/\/blogsaverroes.juntadeandalucia.es\/cdpeemarujadequinta\/aula-autismo\/","title":{"rendered":"Aula Autismo"},"content":{"rendered":"<p>A continuaci\u00f3n, se detallan los objetivos generales del aula de autismo:<\/p>\n<p>\u2022 Fomentar la autonom\u00eda del alumnado con TEA.<br \/>\n\u2022 Favorecer su integraci\u00f3n escolar y social.<br \/>\n\u2022 Trabajar las conductas disruptivas del alumnado con TEA para su disminuci\u00f3n y para que sepan gestionarse por ellos mismos.<br \/>\n\u2022 Establecer las necesidades individuales de cada alumno\/a y ajustar la respuesta educativa a dichas necesidades de forma individual.<br \/>\n\u2022 Ajustar la intervenci\u00f3n educativa de acuerdo a las necesidades del alumno\/a: distribuci\u00f3n de espacios en al aula, claves visuales, agendas de pictogramas, agendas de objetos reales\u2026<br \/>\n\u2022 Establecer cauces de comunicaci\u00f3n directa entre aula y familia para poder concretar l\u00edneas de actuaci\u00f3n comunes.<br \/>\n\u2022 Promover y potenciar la participaci\u00f3n e intervenci\u00f3n de las familias en la educaci\u00f3n de sus hijos\/as.<br \/>\n\u2022 Orientar a las familias sobre aspectos concretos (uso de agenda diaria, trabajar conductas disruptivas, etc.) para ofrecer al alumno\/a pautas comunes y favorecer su aprendizaje en distintos contextos.<br \/>\n\u2022 Desarrollar y fomentar el desarrollo comunicativo y ling\u00fc\u00edstico del alumnado, adaptando la metodolog\u00eda individualmente a cada alumno\/a.<br \/>\n\u2022 Trabajar tareas correspondientes al curr\u00edculo de educaci\u00f3n infantil o primaria seg\u00fan las caracter\u00edsticas del alumno\/a.<\/p>\n<p><strong>ORGANIZACI\u00d3N DEL AULA\/ACTIVIDADES<\/strong><\/p>\n<p>La jornada escolar de nuestra unidad se estructura de la siguiente manera:<\/p>\n<p>Al entrar en la unidad se quitan las mochilas y abrigos y a continuaci\u00f3n se lavan las manos. Una vez que estamos todos con las manos limpias, el encargado del calendario pone el d\u00eda en el que nos encontramos y la fecha; el aula cuenta con encargado de calendario de clase, encargado de abrir\/cerrar la puerta y encargado de la luz, para fomentar la responsabilidad del<br \/>\nalumnado.<\/p>\n<p>Una vez que hemos realizado esta tarea, cada alumno\/a lee su \u201cagenda diaria\u201d para saber que les toca hacer, cual es la tarea principal del d\u00eda (para as\u00ed tener un referente en el d\u00eda que estamos) y tener la ma\u00f1ana estructurada, sabiendo en cada momento lo que estamos haciendo y lo que les toca realizar despu\u00e9s. Tenemos estructurada la agenda en tareas pertenecientes al curr\u00edculo de infantil junto a otras del curr\u00edculo de primer ciclo de primaria, siempre dependiendo de las caracter\u00edsticas del alumno\/a y adaptando las tareas a este\/a, junto a tareas de autonom\u00eda personal (tender, barrer, doblar la ropa\u2026) para fomentar la autonom\u00eda<br \/>\ndel alumno\/a en tareas del d\u00eda a d\u00eda.<\/p>\n<p>De 11.30 a 12.00 tenemos recreo, aqu\u00ed hacemos hincapi\u00e9 en el juego libre. Una vez que volvemos del recreo cada alumno\/a se toma su desayuno y volvemos a realizar tareas curriculares.<\/p>\n<p>En el aula se trabaja tanto individualmente para potenciar la autonom\u00eda del alumno\/a, grupalmente para potenciar la colaboraci\u00f3n entre ellos, y trabajos uno a uno (alumno\/a\/profesor) para aquellas tareas nuevas o que es necesario dirigir al alumno\/a.<\/p>\n<p><strong>ORGANIZACI\u00d3N ESPACIAL DEL AULA<\/strong><\/p>\n<p>El aula est\u00e1 estructurada en espacios delimitados. En cada espacio se hace una actividad concreta y todos est\u00e1n identificados con el pictograma correspondiente.<\/p>\n<p>1. Rinc\u00f3n de trabajo individual: el rinc\u00f3n de trabajo lo forman las mesas individuales. Cada mesa est\u00e1 personalizada, de manera que cada uno tiene asignado su mesa de trabajo con su nombre y su foto.<\/p>\n<p>2. Rinc\u00f3n del material para trabajar: son estanter\u00edas donde los alumnos\/as encuentran organizado todo el material que tienen que utilizar en la mesa de trabajo.<\/p>\n<p>3. Rinc\u00f3n de trabajo \u201cuno a uno\u201d\u201d: es un espacio donde se evitan las distracciones y lo empleamos para trabajar \u201cuno a uno\u201d con el alumno\/a. Este rinc\u00f3n est\u00e1 aislado del resto de la clase y consta de una mesa y dos sillas enfrentadas para el trabajo cara a cara.<\/p>\n<p>4. Rinc\u00f3n TIC: en uno de los rincones de la clase est\u00e1 el ordenador, que utilizamos bien en grupo o de forma individual para trabajar las Tics.<\/p>\n<p>5. Rinc\u00f3n de relajaci\u00f3n: este rinc\u00f3n est\u00e1 acondicionado para poder llevar a cabo una relajaci\u00f3n efectiva. Posee una colchoneta y un mueble con los juguetes que m\u00e1s le gustan.<\/p>\n<p>6. Biblioteca: en este rinc\u00f3n encontramos una serie de libros y pel\u00edculas para el ocio del alumno\/a.<\/p>\n<p>7. Rinc\u00f3n de reciclaje: aqu\u00ed tenemos tres papeleras para reciclar papel y materia org\u00e1nica.<\/p>\n<p>Los objetivos de la estructuraci\u00f3n espacial del aula son los siguientes:<\/p>\n<p>&#8211; Dise\u00f1ar un entorno f\u00edsico para darles informaci\u00f3n por adelantado: ofrecerles sentido a la<br \/>\nactividad que est\u00e1n realizando.<\/p>\n<p>&#8211; Usar la informaci\u00f3n visual para organizar el entorno, las rutinas y las actividades.<\/p>\n<p>&#8211; Disponer de rincones y lugares de trabajo concretos para cada actividad.<\/p>\n<p><strong>ORGANIZACI\u00d3N DEL MATERIAL<\/strong><\/p>\n<p>El material que utilizamos es material adaptado al alumno, este material en su inmensa mayor\u00eda es hecho por el tutor y adaptado a las necesidades que tiene el alumno\/a y a sus capacidades, intentando sacar el m\u00e1ximo provecho de estas y que lleven a una mayor autonom\u00eda del alumno\/a.<\/p>\n<p><strong>ORGANIZACI\u00d3N DE LA METODOLOG\u00cdA<\/strong><\/p>\n<p>El trabajo que se realiza es un trabajo basado en el m\u00e9todo teacch:<br \/>\nLa metodolog\u00eda es la siguiente:<\/p>\n<p>\u2022 Cualquiera objetivo que nos planteamos debe ser adecuado a su edad cronol\u00f3gica, realista y funcional evitando planteamientos abstractos que no puedan asumir o perdernos en el curr\u00edculo acad\u00e9mico ordinario. El car\u00e1cter funcional de los objetivos<br \/>\nes la nuestra principal premisa.<\/p>\n<p>\u2022 Realizar el proceso de ense\u00f1anza-aprendizaje de forma motivadora, bas\u00e1ndonos en los gustos e intereses personales del ni\u00f1o, intercalando actividades agradables con las m\u00e1s costosas.<\/p>\n<p>\u2022 Utilizar la clasificaci\u00f3n y el emparejamiento como punto fundamental en nuestro sistema de trabajo.<\/p>\n<p>\u2022 Evitar el aprendizaje por ensayo \/ error.<\/p>\n<p>\u2022 Moldeamiento de la conducta.<\/p>\n<p>\u2022 Ocupaci\u00f3n de rutinas que puedan ser modificadas posteriormente.<\/p>\n<p>\u2022 Refuerzo positivo y negativo, siempre que sea necesario.<\/p>\n<p>\u2022 Uso preferente de la modalidad visual, siente la informaci\u00f3n clara, concisa y sin adornos utilizando materiales pictogr\u00e1ficos y objetos reales.<\/p>\n<p>\u2022 Uso de un lenguaje verbal conciso, con frases cortas y claras.<\/p>\n<p>\u2022 Evitar est\u00edmulos innecesarios (visuales, verbales\u2026), que confunden el ni\u00f1o, que centran su atenci\u00f3n en el irrelevante.<\/p>\n<p>\u2022 Fomentar la ense\u00f1anza en entornos naturales.<\/p>\n<p>\u2022 Ofrecerle al alumno\/a solo y exclusivamente la ayuda a m\u00ednima necesaria para que sea capaz de resolver cualquiera situaci\u00f3n en la que se encuentre, teniendo en cuenta no solo la ayuda que se le da sino el momento en el que se inicia esa ayuda, dando a cada<br \/>\nalumno\/a el tiempo necesario para que procese la informaci\u00f3n recogida y la respuesta<br \/>\naprendida (espera estructurada).<\/p>\n<p>\u2022 Trabajamos con una agenda de tareas donde se secuencia el trabajo a realizar en ese d\u00eda, la agenda es diferente cada d\u00eda de la semana y en cada uno de los d\u00edas hay una tarea principal para que el alumno\/a asocie la tarea con el d\u00eda de la semana en que<br \/>\nestamos.<\/p>\n<p>Trabajamos con una agenda de tareas donde se secuencia el trabajo a realizar en ese d\u00eda, la agenda es diferente cada d\u00eda de la semana y en cada uno de los d\u00edas hay una tarea principal para que el alumno\/a asocie la tarea con el d\u00eda de la semana en que estamos.<\/p>\n<p><a href=\"https:\/\/blogsaverroes.juntadeandalucia.es\/cdpeemarujadequinta\/files\/2022\/03\/A.jpg\"><img loading=\"lazy\" decoding=\"async\" class=\"size-full wp-image-2685 aligncenter\" src=\"https:\/\/blogsaverroes.juntadeandalucia.es\/cdpeemarujadequinta\/files\/2022\/03\/A.jpg\" alt=\"\" width=\"432\" height=\"266\" srcset=\"https:\/\/blogsaverroes.juntadeandalucia.es\/cdpeemarujadequinta\/files\/2022\/03\/A.jpg 432w, https:\/\/blogsaverroes.juntadeandalucia.es\/cdpeemarujadequinta\/files\/2022\/03\/A-300x185.jpg 300w\" sizes=\"(max-width: 432px) 100vw, 432px\" \/><\/a><\/p>\n","protected":false},"excerpt":{"rendered":"<p>A continuaci\u00f3n, se detallan los objetivos generales del aula de autismo: \u2022 Fomentar la autonom\u00eda del alumnado con TEA. \u2022 Favorecer su integraci\u00f3n escolar y social. \u2022 Trabajar las conductas disruptivas del alumnado con&#46;&#46;&#46;<\/p>\n","protected":false},"author":11784,"featured_media":0,"parent":0,"menu_order":0,"comment_status":"closed","ping_status":"closed","template":"","meta":{"ngg_post_thumbnail":0,"footnotes":"","_mc_calendar":[]},"aioseo_notices":[],"_links":{"self":[{"href":"https:\/\/blogsaverroes.juntadeandalucia.es\/cdpeemarujadequinta\/wp-json\/wp\/v2\/pages\/2405"}],"collection":[{"href":"https:\/\/blogsaverroes.juntadeandalucia.es\/cdpeemarujadequinta\/wp-json\/wp\/v2\/pages"}],"about":[{"href":"https:\/\/blogsaverroes.juntadeandalucia.es\/cdpeemarujadequinta\/wp-json\/wp\/v2\/types\/page"}],"author":[{"embeddable":true,"href":"https:\/\/blogsaverroes.juntadeandalucia.es\/cdpeemarujadequinta\/wp-json\/wp\/v2\/users\/11784"}],"replies":[{"embeddable":true,"href":"https:\/\/blogsaverroes.juntadeandalucia.es\/cdpeemarujadequinta\/wp-json\/wp\/v2\/comments?post=2405"}],"version-history":[{"count":7,"href":"https:\/\/blogsaverroes.juntadeandalucia.es\/cdpeemarujadequinta\/wp-json\/wp\/v2\/pages\/2405\/revisions"}],"predecessor-version":[{"id":2812,"href":"https:\/\/blogsaverroes.juntadeandalucia.es\/cdpeemarujadequinta\/wp-json\/wp\/v2\/pages\/2405\/revisions\/2812"}],"wp:attachment":[{"href":"https:\/\/blogsaverroes.juntadeandalucia.es\/cdpeemarujadequinta\/wp-json\/wp\/v2\/media?parent=2405"}],"curies":[{"name":"wp","href":"https:\/\/api.w.org\/{rel}","templated":true}]}}