{"id":2412,"date":"2020-12-15T09:39:35","date_gmt":"2020-12-15T09:39:35","guid":{"rendered":"https:\/\/blogsaverroes.juntadeandalucia.es\/cdpeemarujadequinta\/?page_id=2412"},"modified":"2022-06-07T12:32:54","modified_gmt":"2022-06-07T12:32:54","slug":"aula-plurideficientes-iii","status":"publish","type":"page","link":"https:\/\/blogsaverroes.juntadeandalucia.es\/cdpeemarujadequinta\/aula-plurideficientes-iii\/","title":{"rendered":"Aula Plurideficientes III"},"content":{"rendered":"<p>La Unidad de Pluri III est\u00e1 formada por alumnos\/as muy afectados\/as a nivel cognitivo y con diversas patolog\u00edas y\/o s\u00edndromes asociados, por los que los objetivos a desarrollar est\u00e1n basados en el curr\u00edculo de primer ciclo de infantil. En el Centro contamos con una Evaluaci\u00f3n pormenorizada de dicho curr\u00edculo, de elaboraci\u00f3n propia, que nos facilita saber el nivel que presenta el alumnado, y a partir de ella, elaborar sus adaptaciones individuales muy significativas. Damos preferencia a su bienestar y felicidad, por lo que respetamos sus ritmos de descansos y que tengan cubiertas sus necesidades b\u00e1sicas de aseo, posturas, alimentaci\u00f3n, bebidas, entre otras.<\/p>\n<p>Los alumnos\/as, dadas sus caracter\u00edsticas personales, necesitan supervisi\u00f3n constante y apoyo para realizar las tareas cotidianas, por lo que contamos con la colaboraci\u00f3n de las Auxiliares t\u00e9cnicos educativas del centro para su aseo, su alimentaci\u00f3n, vestido, etc., as\u00ed como con la profesora de apoyo para las actividades de expresi\u00f3n pl\u00e1stica.<\/p>\n<p><strong>ORGANIZACI\u00d3N DEL AULA\/ACTIVIDADES<\/strong><\/p>\n<p>La jornada la comenzamos con la recogida de los alumnos\/as que los traen al centro en la ruta escolar. Por la prevenci\u00f3n del covid-19 seguimos el protocolo establecido en nuestro Centro, toma de temperatura, lavado frecuente de manos, etc. Una vez en el aula y despu\u00e9s del aseo de manos, revisamos las mochilas y las libretas-diarios, colocamos cada pertenencia<br \/>\nde los ni\u00f1os\/as en sus percheros y pasamos a dar los \u201cbuenos d\u00edas\u201d con la canci\u00f3n correspondiente.<\/p>\n<p>Trabajamos principalmente actividades y ejercicios de estimulaci\u00f3n temprana y sensorial, buscando que nos den respuestas a los est\u00edmulos que le presentamos. Le damos significado a las emisiones orales y las reforzaremos para que las sigan emitiendo. Efectuamos las tareas cotidianas de forma rutinaria con anticipaciones para las m\u00e1s significativas, para que sepan qu\u00e9 vamos a realizar a continuaci\u00f3n, las acepten y colaboren en ellas. Debemos resaltar que tenemos asignado a cada d\u00eda de la semana una actividad muy relevante y diferente a los dem\u00e1s d\u00edas, d\u00e1ndole prioridad para que comiencen a diferenciar los<br \/>\ndistintos d\u00edas.<\/p>\n<p>Procuramos que tengan y mantengan las posturas correctas los que est\u00e1n en sus carros, asesorados por el fisioterapeuta que los atiende en el colegio. As\u00ed como el mantenimiento de las pr\u00f3tesis de manos y\/o pies de aquellos\/as que las necesitan.<\/p>\n<p>Despu\u00e9s del recreo tenemos nuestro tiempo y espacio dentro del aula, dedicado a los desayunos de media ma\u00f1ana y a beber.<\/p>\n<p>Al finalizar las clases recogemos el material usado, lo apartamos para su limpieza, pasamos al aseo personal y nos preparamos para acceder al trasporte escolar con una canci\u00f3n de despedida.<\/p>\n<p><strong>ORGANIZACI\u00d3N ESPACIAL\/MATERIAL DEL AULA<\/strong><\/p>\n<p>En nuestra unidad los espacios est\u00e1n bien diferenciados para: las actividades de psicomotricidad, de identidad (espejo), las actividades de clase (con rincones seg\u00fan las tareas individuales y\/o grupales) con sus mesas adaptadas, espacios de descansos y actividades con el ordenador.<\/p>\n<p>Contamos con mobiliario y material individualizado y adaptado a sus necesidades, adem\u00e1s de material de la ONCE para aquellos alumnos\/as que lo necesiten, ya que la mayor\u00eda presentan d\u00e9ficit visual.<\/p>\n<p><strong>ORGANIZACI\u00d3N DE LA METODOLOG\u00cdA<\/strong><\/p>\n<p>Nuestra intervenci\u00f3n educativa est\u00e1 centrada en:<\/p>\n<ul style=\"list-style-type: circle\">\n<li>Presentar las actividades de forma l\u00fadica y con material atractivo. A veces este material utilizado es de elaboraci\u00f3n propia para que est\u00e9 adaptado a sus necesidades educativas especiales.<\/li>\n<li>Actividades de estimulaci\u00f3n sensorial.<\/li>\n<li>Aprendizaje significativo.<\/li>\n<li>Contar con el apoyo e implicaci\u00f3n de la familia.<\/li>\n<li>Coordinaci\u00f3n con los dem\u00e1s profesionales que atienden a nuestro alumnado: logopeda, fisioterapeuta, auxiliares t\u00e9cnicos educativos, EOE de zona, ONCE, etc.<\/li>\n<\/ul>\n<p>Tambi\u00e9n, cabe resaltar que realizamos una evaluaci\u00f3n inicial o diagn\u00f3stica a principio de curso antes de los nuevos aprendizajes, para conocer el nivel curricular del alumno y saber desde que nivel debemos de partir. Las ACIs tienen un seguimiento trimestral donde se considerar\u00e1 el trabajo que se est\u00e1 realizando con el alumno\/a y la necesidad o no, de transformar o corregir, a\u00f1adir o anular algunos de los objetivos o contenidos de esta si no se creen necesarios o relevantes.<\/p>\n<p>Al final del curso escolar se realiza una evaluaci\u00f3n final, con el fin de comprobar si ha adquirido los objetivos que nos hemos propuesto. La evaluaci\u00f3n ser\u00e1 globalizada y continua, teniendo en cuenta el proceso de aprendizaje del alumno a lo largo del curso escolar. Los criterios de evaluaci\u00f3n vendr\u00e1n determinados por el avance y\/o consecuci\u00f3n de los objetivos propuestos, que ser\u00e1n recogidos en la evaluaci\u00f3n trimestral en base a la E.I. del propio centro.<\/p>\n<p>El tutor\/a lleva a cabo toda la documentaci\u00f3n y tareas relacionadas con el alumnado de su correspondiente tutor\u00eda: evaluaciones, informes, programaciones, asistencia, justificantes,<br \/>\nentradas y salidas, informaci\u00f3n y coordinaci\u00f3n con la familia, horarios, registro de tareas, informaci\u00f3n diaria familiar en libretas del alumno\/a, entre otros.<\/p>\n<p><a href=\"https:\/\/blogsaverroes.juntadeandalucia.es\/cdpeemarujadequinta\/files\/2022\/06\/IMG-4088-scaled.jpg\"><img loading=\"lazy\" decoding=\"async\" class=\"wp-image-2808 aligncenter\" src=\"https:\/\/blogsaverroes.juntadeandalucia.es\/cdpeemarujadequinta\/files\/2022\/06\/IMG-4088-scaled.jpg\" alt=\"\" width=\"434\" height=\"326\" srcset=\"https:\/\/blogsaverroes.juntadeandalucia.es\/cdpeemarujadequinta\/files\/2022\/06\/IMG-4088-scaled.jpg 1600w, https:\/\/blogsaverroes.juntadeandalucia.es\/cdpeemarujadequinta\/files\/2022\/06\/IMG-4088-300x225.jpg 300w, https:\/\/blogsaverroes.juntadeandalucia.es\/cdpeemarujadequinta\/files\/2022\/06\/IMG-4088-1024x768.jpg 1024w, https:\/\/blogsaverroes.juntadeandalucia.es\/cdpeemarujadequinta\/files\/2022\/06\/IMG-4088-768x576.jpg 768w, https:\/\/blogsaverroes.juntadeandalucia.es\/cdpeemarujadequinta\/files\/2022\/06\/IMG-4088-1536x1152.jpg 1536w, https:\/\/blogsaverroes.juntadeandalucia.es\/cdpeemarujadequinta\/files\/2022\/06\/IMG-4088-2048x1536.jpg 2048w\" sizes=\"(max-width: 434px) 100vw, 434px\" \/><\/a><\/p>\n","protected":false},"excerpt":{"rendered":"<p>La Unidad de Pluri III est\u00e1 formada por alumnos\/as muy afectados\/as a nivel cognitivo y con diversas patolog\u00edas y\/o s\u00edndromes asociados, por los que los objetivos a desarrollar est\u00e1n basados en el curr\u00edculo de&#46;&#46;&#46;<\/p>\n","protected":false},"author":11784,"featured_media":0,"parent":0,"menu_order":0,"comment_status":"closed","ping_status":"closed","template":"","meta":{"ngg_post_thumbnail":0,"footnotes":"","_mc_calendar":[]},"aioseo_notices":[],"_links":{"self":[{"href":"https:\/\/blogsaverroes.juntadeandalucia.es\/cdpeemarujadequinta\/wp-json\/wp\/v2\/pages\/2412"}],"collection":[{"href":"https:\/\/blogsaverroes.juntadeandalucia.es\/cdpeemarujadequinta\/wp-json\/wp\/v2\/pages"}],"about":[{"href":"https:\/\/blogsaverroes.juntadeandalucia.es\/cdpeemarujadequinta\/wp-json\/wp\/v2\/types\/page"}],"author":[{"embeddable":true,"href":"https:\/\/blogsaverroes.juntadeandalucia.es\/cdpeemarujadequinta\/wp-json\/wp\/v2\/users\/11784"}],"replies":[{"embeddable":true,"href":"https:\/\/blogsaverroes.juntadeandalucia.es\/cdpeemarujadequinta\/wp-json\/wp\/v2\/comments?post=2412"}],"version-history":[{"count":5,"href":"https:\/\/blogsaverroes.juntadeandalucia.es\/cdpeemarujadequinta\/wp-json\/wp\/v2\/pages\/2412\/revisions"}],"predecessor-version":[{"id":2809,"href":"https:\/\/blogsaverroes.juntadeandalucia.es\/cdpeemarujadequinta\/wp-json\/wp\/v2\/pages\/2412\/revisions\/2809"}],"wp:attachment":[{"href":"https:\/\/blogsaverroes.juntadeandalucia.es\/cdpeemarujadequinta\/wp-json\/wp\/v2\/media?parent=2412"}],"curies":[{"name":"wp","href":"https:\/\/api.w.org\/{rel}","templated":true}]}}