{"id":2431,"date":"2020-12-15T09:42:28","date_gmt":"2020-12-15T09:42:28","guid":{"rendered":"https:\/\/blogsaverroes.juntadeandalucia.es\/cdpeemarujadequinta\/?page_id=2431"},"modified":"2023-03-11T17:16:23","modified_gmt":"2023-03-11T17:16:23","slug":"servicio-de-logopedia","status":"publish","type":"page","link":"https:\/\/blogsaverroes.juntadeandalucia.es\/cdpeemarujadequinta\/servicio-de-logopedia\/","title":{"rendered":"Servicio de Logopedia"},"content":{"rendered":"<p>El departamento de logopedia del Centro es atendido por una logopeda, debidamente titulada y colegiada en el Colegio Oficial de Logopedas de Andaluc\u00eda.<\/p>\n<p>En el departamento son atendidos todos aquellos\/as alumnos\/as del centro que presentan d\u00e9ficits en el lenguaje y\/o comunicaci\u00f3n. Las sesiones de intervenci\u00f3n logop\u00e9dica pueden ser individuales o colectivas en funci\u00f3n de los aspectos a trabajar.<\/p>\n<p>La periodicidad de las sesiones, as\u00ed como la duraci\u00f3n de las mismas, est\u00e1 determinada por la severidad del trastorno. Durante el tratamiento se procura tener una comunicaci\u00f3n continua con los familiares de los ni\u00f1os.<\/p>\n<p>El sistema de trabajo se organiza de la siguiente manera:<\/p>\n<ul>\n<li><em><u>Alumnos que asisten por primera vez&nbsp; al centro<\/u>:<\/em> se le realiza una exploraci\u00f3n inicial, adaptada a cada patolog\u00eda, donde se valoran todas las dimensiones del lenguaje (fon\u00e9tica-fonolog\u00eda, morfosintaxis, sem\u00e1ntica y pragm\u00e1tica).En los casos de los ni\u00f1os que carecen de lenguaje oral se eval\u00faan los aspectos pref\u00f3nicos (movilidad oro facial, sialorrea, succi\u00f3n, degluci\u00f3n, masticaci\u00f3n, soplo, respiraci\u00f3n, etc.) y habilidades de atenci\u00f3n y escucha. Adem\u00e1s se procura realizar una entrevista con los padres para obtener m\u00e1s datos a cerca del ni\u00f1o. Con todos los datos obtenidos se elabora un programa individualizado de intervenci\u00f3n en base a los d\u00e9ficits y necesidades que el ni\u00f1o presente.<\/li>\n<li><em><u>Alumnos que fueron atendidos en el departamento el curso anterior<\/u>:<\/em> al inicio del curso se realiza una exploraci\u00f3n para evaluar los posibles cambios en el ni\u00f1o y as\u00ed modificar su programa de intervenci\u00f3n.<\/li>\n<\/ul>\n<p>&nbsp;<\/p>\n","protected":false},"excerpt":{"rendered":"<p>El departamento de logopedia del Centro es atendido por una logopeda, debidamente titulada y colegiada en el Colegio Oficial de Logopedas de Andaluc\u00eda. En el departamento son atendidos todos aquellos\/as alumnos\/as del centro que&#46;&#46;&#46;<\/p>\n","protected":false},"author":11784,"featured_media":0,"parent":0,"menu_order":0,"comment_status":"closed","ping_status":"closed","template":"","meta":{"ngg_post_thumbnail":0,"footnotes":"","_mc_calendar":[]},"aioseo_notices":[],"_links":{"self":[{"href":"https:\/\/blogsaverroes.juntadeandalucia.es\/cdpeemarujadequinta\/wp-json\/wp\/v2\/pages\/2431"}],"collection":[{"href":"https:\/\/blogsaverroes.juntadeandalucia.es\/cdpeemarujadequinta\/wp-json\/wp\/v2\/pages"}],"about":[{"href":"https:\/\/blogsaverroes.juntadeandalucia.es\/cdpeemarujadequinta\/wp-json\/wp\/v2\/types\/page"}],"author":[{"embeddable":true,"href":"https:\/\/blogsaverroes.juntadeandalucia.es\/cdpeemarujadequinta\/wp-json\/wp\/v2\/users\/11784"}],"replies":[{"embeddable":true,"href":"https:\/\/blogsaverroes.juntadeandalucia.es\/cdpeemarujadequinta\/wp-json\/wp\/v2\/comments?post=2431"}],"version-history":[{"count":7,"href":"https:\/\/blogsaverroes.juntadeandalucia.es\/cdpeemarujadequinta\/wp-json\/wp\/v2\/pages\/2431\/revisions"}],"predecessor-version":[{"id":2948,"href":"https:\/\/blogsaverroes.juntadeandalucia.es\/cdpeemarujadequinta\/wp-json\/wp\/v2\/pages\/2431\/revisions\/2948"}],"wp:attachment":[{"href":"https:\/\/blogsaverroes.juntadeandalucia.es\/cdpeemarujadequinta\/wp-json\/wp\/v2\/media?parent=2431"}],"curies":[{"name":"wp","href":"https:\/\/api.w.org\/{rel}","templated":true}]}}