{"id":2472,"date":"2020-12-15T12:13:23","date_gmt":"2020-12-15T12:13:23","guid":{"rendered":"https:\/\/blogsaverroes.juntadeandalucia.es\/cdpeemarujadequinta\/?page_id=2472"},"modified":"2023-10-13T11:49:45","modified_gmt":"2023-10-13T11:49:45","slug":"convenios-y-acuerdos-de-colaboracion","status":"publish","type":"page","link":"https:\/\/blogsaverroes.juntadeandalucia.es\/cdpeemarujadequinta\/convenios-y-acuerdos-de-colaboracion\/","title":{"rendered":"Convenios y acuerdos de colaboraci\u00f3n"},"content":{"rendered":"<p>El Centro escolar mantiene acuerdos de colaboraci\u00f3n con:<\/p>\n<p>o El Centro escolar mantendr\u00e1 acuerdo de colaboraci\u00f3n con <em>La Facultad de Ciencias y de Educaci\u00f3n<\/em> para recibir alumnos\/as en pr\u00e1cticas pertenecientes al <em>Grado de Magisterio especialidad en Educaci\u00f3n Especial,<\/em> para lo cual nos comprometemos a:<\/p>\n<ul>\n<li>Recibir a los alumnos\/as asignados para realizar las pr\u00e1cticas en nuestro<br \/>\nCentro, facilit\u00e1ndoles todo aquello que le sea necesario para llevar a cabo dichas<br \/>\npr\u00e1cticas.<\/li>\n<li>Tener un tutor\/a de aula para el seguimiento y evaluaci\u00f3n de sus pr\u00e1cticas, as\u00ed como para orientarlo en el desarrollo de estas.<\/li>\n<\/ul>\n<p>o El Centro escolar mantendr\u00e1 acuerdo de colaboraci\u00f3n con <em>La Escuela Universitaria San Isidoro<\/em> para recibir alumnos en pr\u00e1cticas de fisioterapia, para lo cual nos comprometemos a:<\/p>\n<ul>\n<li>Recibir a los alumnos\/as asignados para realizar las pr\u00e1cticas en nuestro Centro, facilit\u00e1ndoles todo aquello que le sea necesario para llevar a cabo dichas pr\u00e1cticas.<\/li>\n<li>Tener un tutor\/a de aula para el seguimiento y evaluaci\u00f3n de sus pr\u00e1cticas, as\u00ed como para orientarlo en el desarrollo de estas.<\/li>\n<\/ul>\n<p>o El Centro escolar mantendr\u00e1 acuerdo de colaboraci\u00f3n con la <em>Universidad Internacional de La Rioja (UNIR)<\/em> para recibir alumnos en pr\u00e1cticas, para lo cual nos comprometemos a:<\/p>\n<ul>\n<li>Recibir a los alumnos\/as asignados para realizar las pr\u00e1cticas en nuestro Centro, facilit\u00e1ndoles todo aquello que le sea necesario para llevar a cabo dichas pr\u00e1cticas.<\/li>\n<li>Tener un tutor\/a de aula para el seguimiento y evaluaci\u00f3n de sus pr\u00e1cticas, as\u00ed como para orientarlo en el desarrollo de estas.<\/li>\n<\/ul>\n<p>o Convenio con el<em> Excmo Ayuntamiento de Utrera<\/em> para el PROGRAMA DE EXPERIENCIAS PROFESIONALES PARA EL EMPLEO:<\/p>\n<ul>\n<li>Coordinaci\u00f3n con el Equipo de Orientaci\u00f3n Educativa de la Zona.<\/li>\n<li>Coordinaci\u00f3n con el Equipo de Orientaci\u00f3n Educativa de Conducta.<\/li>\n<li>Coordinaci\u00f3n con el Equipo de Orientaci\u00f3n Educativa de Mot\u00f3rico.<\/li>\n<li>Coordinaci\u00f3n con el Equipo de Orientaci\u00f3n Educativa de Autismo.<\/li>\n<li>Coordinaci\u00f3n con el Equipo de la ONCE.<\/li>\n<li>Plena inclusi\u00f3n<\/li>\n<\/ul>\n<p>&nbsp;<\/p>\n","protected":false},"excerpt":{"rendered":"<p>El Centro escolar mantiene acuerdos de colaboraci\u00f3n con: o El Centro escolar mantendr\u00e1 acuerdo de colaboraci\u00f3n con La Facultad de Ciencias y de Educaci\u00f3n para recibir alumnos\/as en pr\u00e1cticas pertenecientes al Grado de Magisterio&#46;&#46;&#46;<\/p>\n","protected":false},"author":11784,"featured_media":0,"parent":0,"menu_order":0,"comment_status":"closed","ping_status":"closed","template":"","meta":{"ngg_post_thumbnail":0,"footnotes":"","_mc_calendar":[]},"aioseo_notices":[],"_links":{"self":[{"href":"https:\/\/blogsaverroes.juntadeandalucia.es\/cdpeemarujadequinta\/wp-json\/wp\/v2\/pages\/2472"}],"collection":[{"href":"https:\/\/blogsaverroes.juntadeandalucia.es\/cdpeemarujadequinta\/wp-json\/wp\/v2\/pages"}],"about":[{"href":"https:\/\/blogsaverroes.juntadeandalucia.es\/cdpeemarujadequinta\/wp-json\/wp\/v2\/types\/page"}],"author":[{"embeddable":true,"href":"https:\/\/blogsaverroes.juntadeandalucia.es\/cdpeemarujadequinta\/wp-json\/wp\/v2\/users\/11784"}],"replies":[{"embeddable":true,"href":"https:\/\/blogsaverroes.juntadeandalucia.es\/cdpeemarujadequinta\/wp-json\/wp\/v2\/comments?post=2472"}],"version-history":[{"count":8,"href":"https:\/\/blogsaverroes.juntadeandalucia.es\/cdpeemarujadequinta\/wp-json\/wp\/v2\/pages\/2472\/revisions"}],"predecessor-version":[{"id":3188,"href":"https:\/\/blogsaverroes.juntadeandalucia.es\/cdpeemarujadequinta\/wp-json\/wp\/v2\/pages\/2472\/revisions\/3188"}],"wp:attachment":[{"href":"https:\/\/blogsaverroes.juntadeandalucia.es\/cdpeemarujadequinta\/wp-json\/wp\/v2\/media?parent=2472"}],"curies":[{"name":"wp","href":"https:\/\/api.w.org\/{rel}","templated":true}]}}