{"id":2477,"date":"2020-12-15T12:15:08","date_gmt":"2020-12-15T12:15:08","guid":{"rendered":"https:\/\/blogsaverroes.juntadeandalucia.es\/cdpeemarujadequinta\/?page_id=2477"},"modified":"2024-02-12T09:01:05","modified_gmt":"2024-02-12T09:01:05","slug":"informacion-2","status":"publish","type":"page","link":"https:\/\/blogsaverroes.juntadeandalucia.es\/cdpeemarujadequinta\/informacion-2\/","title":{"rendered":"Informaci\u00f3n b\u00e1sica de inter\u00e9s"},"content":{"rendered":"<p><strong>Ubicaci\u00f3n de nuestro Centro:&nbsp;<\/strong><\/p>\n<p><iframe loading=\"lazy\" src=\"https:\/\/www.google.com\/maps\/embed?pb=!1m18!1m12!1m3!1d1589.2672293831176!2d-5.765946341787977!3d37.18753313178124!2m3!1f0!2f0!3f0!3m2!1i1024!2i768!4f13.1!3m3!1m2!1s0x0%3A0x0!2zMzfCsDExJzE1LjEiTiA1wrA0NSc1My41Ilc!5e0!3m2!1ses!2ses!4v1607937608697!5m2!1ses!2ses\" width=\"600\" height=\"450\" frameborder=\"0\"><\/iframe><\/p>\n<p><strong>Direcci\u00f3n:<\/strong>&nbsp; Avenida Arroyo del B\u00faho n\u00ba6, Utrera (Sevilla), C.P: 41710<\/p>\n<p><strong>Tel\u00e9fonos:<\/strong><\/p>\n<p>671 52 12 47<\/p>\n<p>954 86 08 22<\/p>\n<p><strong>Email:<\/strong> marujadequinta@apudes.es<\/p>\n<p><strong>Email corporativo: <\/strong>41008441.edu@juntadeandalucia.es<\/p>\n<p><strong>Horario<\/strong><\/p>\n<p>Horario lectivo de 9:00 a 14:00 horas de lunes a viernes.<\/p>\n<p>Tutor\u00edas martes de 16:00-18:00 horas.<\/p>\n<p><strong>Oferta Educativa<\/strong><\/p>\n<p>El centro cuenta con 5 aulas de Educaci\u00f3n Especial, adem\u00e1s de ofrecer varios servicios. A continuaci\u00f3n se detalla:<\/p>\n<ul>\n<li>Tres aulas de Plurideficientes.<\/li>\n<li>Aula de Ps\u00edquicos.<\/li>\n<li>Aula de Autismo<\/li>\n<li>Servicio de Logopedia.<\/li>\n<li>Servicio de Fisioterapia.<\/li>\n<li>Servicio de Estimulaci\u00f3n Multisensorial.<\/li>\n<\/ul>\n<p><a href=\"https:\/\/blogsaverroes.juntadeandalucia.es\/cdpeemarujadequinta\/files\/2024\/02\/cartel-covid.jpg\"><img loading=\"lazy\" decoding=\"async\" class=\"alignnone wp-image-3217\" src=\"https:\/\/blogsaverroes.juntadeandalucia.es\/cdpeemarujadequinta\/files\/2024\/02\/cartel-covid.jpg\" alt=\"\" width=\"460\" height=\"288\"><\/a><\/p>\n","protected":false},"excerpt":{"rendered":"<p>Ubicaci\u00f3n de nuestro Centro:&nbsp; Direcci\u00f3n:&nbsp; Avenida Arroyo del B\u00faho n\u00ba6, Utrera (Sevilla), C.P: 41710 Tel\u00e9fonos: 671 52 12 47 954 86 08 22 Email: marujadequinta@apudes.es Email corporativo: 41008441.edu@juntadeandalucia.es Horario Horario lectivo de 9:00 a&#46;&#46;&#46;<\/p>\n","protected":false},"author":11784,"featured_media":0,"parent":0,"menu_order":0,"comment_status":"closed","ping_status":"closed","template":"","meta":{"ngg_post_thumbnail":0,"footnotes":"","_mc_calendar":[]},"aioseo_notices":[],"_links":{"self":[{"href":"https:\/\/blogsaverroes.juntadeandalucia.es\/cdpeemarujadequinta\/wp-json\/wp\/v2\/pages\/2477"}],"collection":[{"href":"https:\/\/blogsaverroes.juntadeandalucia.es\/cdpeemarujadequinta\/wp-json\/wp\/v2\/pages"}],"about":[{"href":"https:\/\/blogsaverroes.juntadeandalucia.es\/cdpeemarujadequinta\/wp-json\/wp\/v2\/types\/page"}],"author":[{"embeddable":true,"href":"https:\/\/blogsaverroes.juntadeandalucia.es\/cdpeemarujadequinta\/wp-json\/wp\/v2\/users\/11784"}],"replies":[{"embeddable":true,"href":"https:\/\/blogsaverroes.juntadeandalucia.es\/cdpeemarujadequinta\/wp-json\/wp\/v2\/comments?post=2477"}],"version-history":[{"count":34,"href":"https:\/\/blogsaverroes.juntadeandalucia.es\/cdpeemarujadequinta\/wp-json\/wp\/v2\/pages\/2477\/revisions"}],"predecessor-version":[{"id":3219,"href":"https:\/\/blogsaverroes.juntadeandalucia.es\/cdpeemarujadequinta\/wp-json\/wp\/v2\/pages\/2477\/revisions\/3219"}],"wp:attachment":[{"href":"https:\/\/blogsaverroes.juntadeandalucia.es\/cdpeemarujadequinta\/wp-json\/wp\/v2\/media?parent=2477"}],"curies":[{"name":"wp","href":"https:\/\/api.w.org\/{rel}","templated":true}]}}