{"id":35,"date":"2015-03-13T08:21:43","date_gmt":"2015-03-13T08:21:43","guid":{"rendered":"http:\/\/blogsaverroes.juntadeandalucia.es\/pre\/ceip\/?page_id=35"},"modified":"2023-03-05T11:36:38","modified_gmt":"2023-03-05T11:36:38","slug":"el-centro-2","status":"publish","type":"page","link":"https:\/\/blogsaverroes.juntadeandalucia.es\/cdpeemarujadequinta\/el-centro-2\/","title":{"rendered":"Sobre nuestro Centro"},"content":{"rendered":"<p>En esta pesta\u00f1a correspondiente a <em>\u00abNuestro Centro\u00bb,<\/em> encontrar\u00e1 tres apartados:&nbsp;<\/p>\n<ul>\n<li>El primero de ellos corresponder\u00e1 a informaci\u00f3n b\u00e1sica de inter\u00e9s.<\/li>\n<li>El segundo de ellos indicar\u00e1 los profesionales y equipo directivo que conforman nuestro Centro.<\/li>\n<li>El tercero de ellos mostrar\u00e1 una breve galer\u00eda fotogr\u00e1fica de las instalaciones con las que contamos.<\/li>\n<\/ul>\n","protected":false},"excerpt":{"rendered":"<p>En esta pesta\u00f1a correspondiente a \u00abNuestro Centro\u00bb, encontrar\u00e1 tres apartados:&nbsp; El primero de ellos corresponder\u00e1 a informaci\u00f3n b\u00e1sica de inter\u00e9s. El segundo de ellos indicar\u00e1 los profesionales y equipo directivo que conforman nuestro Centro.&#46;&#46;&#46;<\/p>\n","protected":false},"author":1,"featured_media":0,"parent":0,"menu_order":0,"comment_status":"closed","ping_status":"open","template":"","meta":{"ngg_post_thumbnail":0,"footnotes":"","_mc_calendar":[]},"aioseo_notices":[],"_links":{"self":[{"href":"https:\/\/blogsaverroes.juntadeandalucia.es\/cdpeemarujadequinta\/wp-json\/wp\/v2\/pages\/35"}],"collection":[{"href":"https:\/\/blogsaverroes.juntadeandalucia.es\/cdpeemarujadequinta\/wp-json\/wp\/v2\/pages"}],"about":[{"href":"https:\/\/blogsaverroes.juntadeandalucia.es\/cdpeemarujadequinta\/wp-json\/wp\/v2\/types\/page"}],"author":[{"embeddable":true,"href":"https:\/\/blogsaverroes.juntadeandalucia.es\/cdpeemarujadequinta\/wp-json\/wp\/v2\/users\/1"}],"replies":[{"embeddable":true,"href":"https:\/\/blogsaverroes.juntadeandalucia.es\/cdpeemarujadequinta\/wp-json\/wp\/v2\/comments?post=35"}],"version-history":[{"count":28,"href":"https:\/\/blogsaverroes.juntadeandalucia.es\/cdpeemarujadequinta\/wp-json\/wp\/v2\/pages\/35\/revisions"}],"predecessor-version":[{"id":2922,"href":"https:\/\/blogsaverroes.juntadeandalucia.es\/cdpeemarujadequinta\/wp-json\/wp\/v2\/pages\/35\/revisions\/2922"}],"wp:attachment":[{"href":"https:\/\/blogsaverroes.juntadeandalucia.es\/cdpeemarujadequinta\/wp-json\/wp\/v2\/media?parent=35"}],"curies":[{"name":"wp","href":"https:\/\/api.w.org\/{rel}","templated":true}]}}