{"id":42,"date":"2015-03-13T08:40:47","date_gmt":"2015-03-13T08:40:47","guid":{"rendered":"http:\/\/blogsaverroes.juntadeandalucia.es\/pre\/ceip\/?page_id=42"},"modified":"2023-09-23T17:31:27","modified_gmt":"2023-09-23T17:31:27","slug":"equipo-directivo","status":"publish","type":"page","link":"https:\/\/blogsaverroes.juntadeandalucia.es\/cdpeemarujadequinta\/equipo-directivo\/","title":{"rendered":"Personal del Centro y Equipo Directivo"},"content":{"rendered":"<p>Nuestro CDPEE Maruja de Quinta cuenta con el siguiente equipo de profesionales:<\/p>\n<ul>\n<li>Tutores de aula:\n<ul>\n<li>Aula Plurideficientes I: Escalona Garc\u00eda, Mar\u00eda Soledad.&nbsp;<\/li>\n<li>Aula Plurideficientes II: Fern\u00e1ndez Lora, Tamara.&nbsp;<\/li>\n<li>Aula Plurideficientes III: Pe\u00f1a Rueda, Nieves \/\/ Ortiz Mu\u00f1oz, Margarita.<\/li>\n<li>Aula Ps\u00edquicos: Araujo Migu\u00e9lez, Antonio \/\/ Solano Rodr\u00edguez, Alberto.<\/li>\n<li>Aula Autismo: Anaya \u00c1lvarez, A. Jes\u00fas.<\/li>\n<\/ul>\n<\/li>\n<li>Maestra de apoyo: Mariscal Onrubia, Marisol.<\/li>\n<li>Fisioterapeuta: Carmona Fern\u00e1ndez, Miguel \u00c1ngel.<\/li>\n<li>Logopeda: Romero Carmona, Montserrat.<\/li>\n<li>Auxiliares educativas:&nbsp;\n<ul style=\"list-style-type: square\">\n<li>P\u00e9rez Rom\u00e1n, Encarnaci\u00f3n.<\/li>\n<li>Salvago S\u00e1nchez, Ana.<\/li>\n<\/ul>\n<\/li>\n<\/ul>\n<ul>\n<li>Administraci\u00f3n: Guisado Ram\u00edrez, Patricia.<\/li>\n<\/ul>\n<p>El Equipo Directivo del Centro, al contar con 5 unidades, lo forma \u00fanicamente la figura del director\/a.<\/p>\n<ul>\n<li>Directora: Escalona Garc\u00eda, Mar\u00eda Soledad.&nbsp;<\/li>\n<\/ul>\n","protected":false},"excerpt":{"rendered":"<p>Nuestro CDPEE Maruja de Quinta cuenta con el siguiente equipo de profesionales: Tutores de aula: Aula Plurideficientes I: Escalona Garc\u00eda, Mar\u00eda Soledad.&nbsp; Aula Plurideficientes II: Fern\u00e1ndez Lora, Tamara.&nbsp; Aula Plurideficientes III: Pe\u00f1a Rueda, Nieves&#46;&#46;&#46;<\/p>\n","protected":false},"author":1,"featured_media":0,"parent":0,"menu_order":0,"comment_status":"closed","ping_status":"open","template":"","meta":{"ngg_post_thumbnail":0,"footnotes":"","_mc_calendar":[]},"aioseo_notices":[],"_links":{"self":[{"href":"https:\/\/blogsaverroes.juntadeandalucia.es\/cdpeemarujadequinta\/wp-json\/wp\/v2\/pages\/42"}],"collection":[{"href":"https:\/\/blogsaverroes.juntadeandalucia.es\/cdpeemarujadequinta\/wp-json\/wp\/v2\/pages"}],"about":[{"href":"https:\/\/blogsaverroes.juntadeandalucia.es\/cdpeemarujadequinta\/wp-json\/wp\/v2\/types\/page"}],"author":[{"embeddable":true,"href":"https:\/\/blogsaverroes.juntadeandalucia.es\/cdpeemarujadequinta\/wp-json\/wp\/v2\/users\/1"}],"replies":[{"embeddable":true,"href":"https:\/\/blogsaverroes.juntadeandalucia.es\/cdpeemarujadequinta\/wp-json\/wp\/v2\/comments?post=42"}],"version-history":[{"count":16,"href":"https:\/\/blogsaverroes.juntadeandalucia.es\/cdpeemarujadequinta\/wp-json\/wp\/v2\/pages\/42\/revisions"}],"predecessor-version":[{"id":3172,"href":"https:\/\/blogsaverroes.juntadeandalucia.es\/cdpeemarujadequinta\/wp-json\/wp\/v2\/pages\/42\/revisions\/3172"}],"wp:attachment":[{"href":"https:\/\/blogsaverroes.juntadeandalucia.es\/cdpeemarujadequinta\/wp-json\/wp\/v2\/media?parent=42"}],"curies":[{"name":"wp","href":"https:\/\/api.w.org\/{rel}","templated":true}]}}