{"id":35,"date":"2015-03-13T08:21:43","date_gmt":"2015-03-13T08:21:43","guid":{"rendered":"http:\/\/blogsaverroes.juntadeandalucia.es\/pre\/ceip\/?page_id=35"},"modified":"2020-06-04T18:31:12","modified_gmt":"2020-06-04T18:31:12","slug":"el-centro-2","status":"publish","type":"page","link":"https:\/\/blogsaverroes.juntadeandalucia.es\/ceeepueblosblancos\/el-centro-2\/","title":{"rendered":"DATOS DEL CENTRO"},"content":{"rendered":"<p>&nbsp;<\/p>\n<h4><strong>Datos de contacto<\/strong><\/h4>\n<p>CEEE Pueblos&nbsp; Blancos<\/p>\n<p><strong>Direcci\u00f3n:<\/strong> &nbsp;Carretera Jerez-Antequera S\/N 11650&nbsp; Villamart\u00edn&nbsp; C\u00e1diz<\/p>\n<p><strong>Tel\u00e9fonos: <\/strong> <span class=\"LrzXr zdqRlf kno-fv\"><span data-dtype=\"d3ifr\" data-local-attribute=\"d3ph\">956 70 96 24 \/ 671565330 <\/span><\/span><\/p>\n<p><strong>Email:<\/strong> 11008306.edu@juntadeandalucia.es<\/p>\n<h4><strong>Horarios<\/strong><\/h4>\n<p>De 9.30 a 14.30<\/p>\n<h4><strong>Oferta educativa<\/strong><\/h4>\n<p>Educaci\u00f3n Infantil: de 3 a 6 a\u00f1os<\/p>\n<p>Educaci\u00f3n B\u00e1sica Obligatoria (EBO): de 6 a 15 a\u00f1os<\/p>\n<p>Programa de Transici\u00f3n a la Vida Adulta y Laboral (PTVAL): de 16 a 20 a\u00f1os<\/p>\n<p>El centro cuenta con dos programas, uno relacionado con la agricultura (Operaciones y equipos de producci\u00f3n agraria) y otro relacionado con el \u00e1mbito textil (Patronaje y confecci\u00f3n).<\/p>\n<p>Ofrece servicio de comedor escolar y transporte adaptado para los alumnos que lo necesiten con&nbsp; un 100% de bonificaci\u00f3n.<\/p>\n<p>&nbsp;<\/p>\n","protected":false},"excerpt":{"rendered":"<p>&nbsp; Datos de contacto CEEE Pueblos&nbsp; Blancos Direcci\u00f3n: &nbsp;Carretera Jerez-Antequera S\/N 11650&nbsp; Villamart\u00edn&nbsp; C\u00e1diz Tel\u00e9fonos: 956 70 96 24 \/ 671565330 Email: 11008306.edu@juntadeandalucia.es Horarios De 9.30 a 14.30 Oferta educativa Educaci\u00f3n Infantil: de 3&#46;&#46;&#46;<\/p>\n","protected":false},"author":1,"featured_media":0,"parent":0,"menu_order":0,"comment_status":"closed","ping_status":"open","template":"page-cs.php","meta":{"ngg_post_thumbnail":0,"footnotes":"","_mc_calendar":[]},"aioseo_notices":[],"_links":{"self":[{"href":"https:\/\/blogsaverroes.juntadeandalucia.es\/ceeepueblosblancos\/wp-json\/wp\/v2\/pages\/35"}],"collection":[{"href":"https:\/\/blogsaverroes.juntadeandalucia.es\/ceeepueblosblancos\/wp-json\/wp\/v2\/pages"}],"about":[{"href":"https:\/\/blogsaverroes.juntadeandalucia.es\/ceeepueblosblancos\/wp-json\/wp\/v2\/types\/page"}],"author":[{"embeddable":true,"href":"https:\/\/blogsaverroes.juntadeandalucia.es\/ceeepueblosblancos\/wp-json\/wp\/v2\/users\/1"}],"replies":[{"embeddable":true,"href":"https:\/\/blogsaverroes.juntadeandalucia.es\/ceeepueblosblancos\/wp-json\/wp\/v2\/comments?post=35"}],"version-history":[{"count":25,"href":"https:\/\/blogsaverroes.juntadeandalucia.es\/ceeepueblosblancos\/wp-json\/wp\/v2\/pages\/35\/revisions"}],"predecessor-version":[{"id":2238,"href":"https:\/\/blogsaverroes.juntadeandalucia.es\/ceeepueblosblancos\/wp-json\/wp\/v2\/pages\/35\/revisions\/2238"}],"wp:attachment":[{"href":"https:\/\/blogsaverroes.juntadeandalucia.es\/ceeepueblosblancos\/wp-json\/wp\/v2\/media?parent=35"}],"curies":[{"name":"wp","href":"https:\/\/api.w.org\/{rel}","templated":true}]}}