{"id":44,"date":"2015-03-13T08:42:15","date_gmt":"2015-03-13T08:42:15","guid":{"rendered":"http:\/\/blogsaverroes.juntadeandalucia.es\/pre\/ceip\/?page_id=44"},"modified":"2020-09-17T17:19:20","modified_gmt":"2020-09-17T17:19:20","slug":"planes-y-proyectos","status":"publish","type":"page","link":"https:\/\/blogsaverroes.juntadeandalucia.es\/ceeepueblosblancos\/planes-y-proyectos\/","title":{"rendered":"Planes y Programas"},"content":{"rendered":"<p><img loading=\"lazy\" decoding=\"async\" class=\"alignnone size-medium wp-image-1667\" src=\"https:\/\/blogsaverroes.juntadeandalucia.es\/ceeepueblosblancos\/files\/2015\/03\/planes-300x150.png\" alt=\"planes\" width=\"300\" height=\"150\" srcset=\"https:\/\/blogsaverroes.juntadeandalucia.es\/ceeepueblosblancos\/files\/2015\/03\/planes-300x150.png 300w, https:\/\/blogsaverroes.juntadeandalucia.es\/ceeepueblosblancos\/files\/2015\/03\/planes.png 640w\" sizes=\"(max-width: 300px) 100vw, 300px\" \/><\/p>\n<p>Cada centro personaliza y adapta su Proyecto Educativo adheriendose a diferentes <strong>Planes y Programas<\/strong> promovidos desde la Consejer\u00eda de Educaci\u00f3n, Cultura y Deporte.<\/p>\n<p>Nuestro Centro participa en los siguientes:<\/p>\n<ul>\n<li><strong>Plan de Igualdad. <\/strong>En este se detallan un conjunto de actuaciones, medidas y acciones cuyo objetivo principal es implementar la coeducaci\u00f3n en la pr\u00e1ctica pedag\u00f3gica del centro educativo.<\/li>\n<\/ul>\n<p>&nbsp;&nbsp;&nbsp;&nbsp;&nbsp;&nbsp;&nbsp;&nbsp;&nbsp;&nbsp;<em> Coordinadora<\/em>: Estefan\u00eda Mart\u00edn P\u00e9rez<\/p>\n<ul style=\"list-style-type: disc\">\n<li><strong>Escuela Espacio de Paz. <\/strong>Los \u00e1mbitos de actuaci\u00f3n para el curso escolar 20\/21 son:<\/li>\n<\/ul>\n<ul style=\"list-style-type: square\">\n<li>Mejora desde la gesti\u00f3n y la organizaci\u00f3n.<\/li>\n<li>Desarrollo de valores, actitudes, habilidades y h\u00e1bitos.<\/li>\n<\/ul>\n<p><em>&nbsp;&nbsp;&nbsp;&nbsp;&nbsp;&nbsp;&nbsp;&nbsp; Coordinadora<\/em>: Sonia Salud Ortega Borja<\/p>\n<ul>\n<li><strong>INNICIA. <\/strong>Un programa para ayudar al alumnado a ser creativo, innovador y emprendedor.<\/li>\n<\/ul>\n<p>&nbsp;&nbsp;&nbsp; &nbsp; &nbsp;&nbsp; <em> Coordinador: <\/em>Jos\u00e9 Francisco Torices Romero<\/p>\n<ul>\n<li><strong>ComunicA. <\/strong>Este programa nos sirve de apoyo para la mejora de la lectura, la escritura y la lengua oral.<\/li>\n<\/ul>\n<p>&nbsp;&nbsp;&nbsp;&nbsp;&nbsp;&nbsp;&nbsp;&nbsp;&nbsp; <em> Coordinadora<\/em>: Josefa Carrasco Pajuelo<\/p>\n<ul>\n<li><strong>Creciendo en Salud.<\/strong> Las l\u00edneas de intervenci\u00f3n son:<\/li>\n<\/ul>\n<ul style=\"list-style-type: square\">\n<li>&nbsp;&nbsp;&nbsp;&nbsp;&nbsp;&nbsp;&nbsp; Estilos de vida saludable (deporte y dieta equilibrada).<\/li>\n<li>&nbsp;&nbsp;&nbsp;&nbsp;&nbsp;&nbsp;&nbsp;&nbsp; Educaci\u00f3n emocional.<\/li>\n<\/ul>\n<p>&nbsp;&nbsp;&nbsp;&nbsp;&nbsp;&nbsp;&nbsp;&nbsp; <em> Coordinadora<\/em>: M\u00aa de la Cinta Alonso Calvente. &nbsp;<\/p>\n<ul>\n<li><strong>Transformaci\u00f3n Digital Educativa.<\/strong> Este nuevo programa prentende facilitar la adquisici\u00f3n y desarrollo de competencias y habilidades digitales. Mediante la&nbsp; #TDE se ponen las bases para el paso a una educaci\u00f3n m\u00e1s inclusiva y digital, acorde con las necesidades actuales y futuras.<\/li>\n<\/ul>\n<p><em>&nbsp;&nbsp;&nbsp;&nbsp;&nbsp;&nbsp;&nbsp; Coordinadora<\/em>: Ana Fern\u00e1ndez Riverola<\/p>\n<ul>\n<li><strong>Plan de Salud Laboral y P.R.L. <\/strong>La prevenci\u00f3n de riesgos laborales deber\u00e1 integrarse en su sistema general de gesti\u00f3n, comprendiendo tanto al conjunto de las actividades como atodos sus niveles jer\u00e1rquicos, a trav\u00e9s de la implantaci\u00f3n y aplicaci\u00f3n de un plan de prevenci\u00f3n de riesgos laborales.<\/li>\n<\/ul>\n<p>&nbsp;&nbsp;&nbsp;&nbsp;&nbsp;&nbsp;&nbsp; <em> Coordinadora<\/em>: M\u00aa Del Mar Rubiales Trujillano<\/p>\n<ul>\n<li><strong>Escuelas Deportivas.<\/strong><\/li>\n<\/ul>\n<p>&nbsp;&nbsp;&nbsp;&nbsp;&nbsp;&nbsp;&nbsp;&nbsp;<em> Coordinador: <\/em>R\u00faben Mancera Ortega<\/p>\n<p>&nbsp;<\/p>\n","protected":false},"excerpt":{"rendered":"<p>Cada centro personaliza y adapta su Proyecto Educativo adheriendose a diferentes Planes y Programas promovidos desde la Consejer\u00eda de Educaci\u00f3n, Cultura y Deporte. Nuestro Centro participa en los siguientes: Plan de Igualdad. En este&#46;&#46;&#46;<\/p>\n","protected":false},"author":1,"featured_media":0,"parent":0,"menu_order":0,"comment_status":"closed","ping_status":"closed","template":"page-cs.php","meta":{"ngg_post_thumbnail":0,"footnotes":"","_mc_calendar":[]},"aioseo_notices":[],"_links":{"self":[{"href":"https:\/\/blogsaverroes.juntadeandalucia.es\/ceeepueblosblancos\/wp-json\/wp\/v2\/pages\/44"}],"collection":[{"href":"https:\/\/blogsaverroes.juntadeandalucia.es\/ceeepueblosblancos\/wp-json\/wp\/v2\/pages"}],"about":[{"href":"https:\/\/blogsaverroes.juntadeandalucia.es\/ceeepueblosblancos\/wp-json\/wp\/v2\/types\/page"}],"author":[{"embeddable":true,"href":"https:\/\/blogsaverroes.juntadeandalucia.es\/ceeepueblosblancos\/wp-json\/wp\/v2\/users\/1"}],"replies":[{"embeddable":true,"href":"https:\/\/blogsaverroes.juntadeandalucia.es\/ceeepueblosblancos\/wp-json\/wp\/v2\/comments?post=44"}],"version-history":[{"count":6,"href":"https:\/\/blogsaverroes.juntadeandalucia.es\/ceeepueblosblancos\/wp-json\/wp\/v2\/pages\/44\/revisions"}],"predecessor-version":[{"id":2261,"href":"https:\/\/blogsaverroes.juntadeandalucia.es\/ceeepueblosblancos\/wp-json\/wp\/v2\/pages\/44\/revisions\/2261"}],"wp:attachment":[{"href":"https:\/\/blogsaverroes.juntadeandalucia.es\/ceeepueblosblancos\/wp-json\/wp\/v2\/media?parent=44"}],"curies":[{"name":"wp","href":"https:\/\/api.w.org\/{rel}","templated":true}]}}