{"id":14271,"date":"2020-03-23T21:02:27","date_gmt":"2020-03-23T21:02:27","guid":{"rendered":"https:\/\/blogsaverroes.juntadeandalucia.es\/ceeesagradafamilia\/?page_id=14271"},"modified":"2020-04-16T07:17:59","modified_gmt":"2020-04-16T07:17:59","slug":"tea","status":"publish","type":"page","link":"https:\/\/blogsaverroes.juntadeandalucia.es\/ceeesagradafamilia\/tea\/","title":{"rendered":"TEA"},"content":{"rendered":"<h3><em>15-04-2020<\/em><\/h3>\n<h4><img loading=\"lazy\" decoding=\"async\" class=\"alignnone wp-image-2341\" src=\"https:\/\/blogsaverroes.juntadeandalucia.es\/ceeesagradafamilia\/files\/2015\/03\/images.jpg\" alt=\"\" width=\"32\" height=\"32\" srcset=\"https:\/\/blogsaverroes.juntadeandalucia.es\/ceeesagradafamilia\/files\/2015\/03\/images.jpg 225w, https:\/\/blogsaverroes.juntadeandalucia.es\/ceeesagradafamilia\/files\/2015\/03\/images-150x150.jpg 150w, https:\/\/blogsaverroes.juntadeandalucia.es\/ceeesagradafamilia\/files\/2015\/03\/images-100x100.jpg 100w\" sizes=\"(max-width: 32px) 100vw, 32px\" \/> <a href=\"https:\/\/blogsaverroes.juntadeandalucia.es\/ceeesagradafamilia\/files\/2020\/04\/Consejos-Pr\u00e1cticos-C\u00f3mo-Mejorar-el-Sue\u00f1o-en-Ni\u00f1os-Autistas.pdf\">Consejos-Pr\u00e1cticos-C\u00f3mo-Mejorar-el-Sue\u00f1o-en-Ni\u00f1os-Autistas<\/a><\/h4>\n<h3><em>23-03-2020<\/em><\/h3>\n<h4><img loading=\"lazy\" decoding=\"async\" class=\"alignnone wp-image-2341\" src=\"https:\/\/blogsaverroes.juntadeandalucia.es\/ceeesagradafamilia\/files\/2015\/03\/images.jpg\" alt=\"\" width=\"32\" height=\"32\" srcset=\"https:\/\/blogsaverroes.juntadeandalucia.es\/ceeesagradafamilia\/files\/2015\/03\/images.jpg 225w, https:\/\/blogsaverroes.juntadeandalucia.es\/ceeesagradafamilia\/files\/2015\/03\/images-150x150.jpg 150w, https:\/\/blogsaverroes.juntadeandalucia.es\/ceeesagradafamilia\/files\/2015\/03\/images-100x100.jpg 100w\" sizes=\"(max-width: 32px) 100vw, 32px\" \/>&nbsp;<a href=\"https:\/\/blogsaverroes.juntadeandalucia.es\/ceeesagradafamilia\/files\/2020\/03\/10-pautas-coronavirus.pdf\">10-pautas-coronavirus<\/a><\/h4>\n<h4><img loading=\"lazy\" decoding=\"async\" class=\"alignnone wp-image-2341\" src=\"https:\/\/blogsaverroes.juntadeandalucia.es\/ceeesagradafamilia\/files\/2015\/03\/images.jpg\" alt=\"\" width=\"32\" height=\"32\" srcset=\"https:\/\/blogsaverroes.juntadeandalucia.es\/ceeesagradafamilia\/files\/2015\/03\/images.jpg 225w, https:\/\/blogsaverroes.juntadeandalucia.es\/ceeesagradafamilia\/files\/2015\/03\/images-150x150.jpg 150w, https:\/\/blogsaverroes.juntadeandalucia.es\/ceeesagradafamilia\/files\/2015\/03\/images-100x100.jpg 100w\" sizes=\"(max-width: 32px) 100vw, 32px\" \/>&nbsp;<a href=\"https:\/\/blogsaverroes.juntadeandalucia.es\/ceeesagradafamilia\/files\/2020\/03\/Bater\u00eda-ejercicios-f\u00edsicos.pdf\">Bater\u00eda-ejercicios-f\u00edsicos<\/a><\/h4>\n<h4><img loading=\"lazy\" decoding=\"async\" class=\"alignnone wp-image-2341\" src=\"https:\/\/blogsaverroes.juntadeandalucia.es\/ceeesagradafamilia\/files\/2015\/03\/images.jpg\" alt=\"\" width=\"32\" height=\"32\" srcset=\"https:\/\/blogsaverroes.juntadeandalucia.es\/ceeesagradafamilia\/files\/2015\/03\/images.jpg 225w, https:\/\/blogsaverroes.juntadeandalucia.es\/ceeesagradafamilia\/files\/2015\/03\/images-150x150.jpg 150w, https:\/\/blogsaverroes.juntadeandalucia.es\/ceeesagradafamilia\/files\/2015\/03\/images-100x100.jpg 100w\" sizes=\"(max-width: 32px) 100vw, 32px\" \/>&nbsp;<a href=\"https:\/\/blogsaverroes.juntadeandalucia.es\/ceeesagradafamilia\/files\/2020\/03\/Que-hacer-en-casa-tea.pdf\">Que-hacer-en-casa-tea<\/a><\/h4>\n","protected":false},"excerpt":{"rendered":"<p>15-04-2020 Consejos-Pr\u00e1cticos-C\u00f3mo-Mejorar-el-Sue\u00f1o-en-Ni\u00f1os-Autistas 23-03-2020 &nbsp;10-pautas-coronavirus &nbsp;Bater\u00eda-ejercicios-f\u00edsicos &nbsp;Que-hacer-en-casa-tea<\/p>\n","protected":false},"author":3822,"featured_media":0,"parent":0,"menu_order":0,"comment_status":"closed","ping_status":"closed","template":"","meta":{"ngg_post_thumbnail":0,"footnotes":"","_mc_calendar":[]},"aioseo_notices":[],"_links":{"self":[{"href":"https:\/\/blogsaverroes.juntadeandalucia.es\/ceeesagradafamilia\/wp-json\/wp\/v2\/pages\/14271"}],"collection":[{"href":"https:\/\/blogsaverroes.juntadeandalucia.es\/ceeesagradafamilia\/wp-json\/wp\/v2\/pages"}],"about":[{"href":"https:\/\/blogsaverroes.juntadeandalucia.es\/ceeesagradafamilia\/wp-json\/wp\/v2\/types\/page"}],"author":[{"embeddable":true,"href":"https:\/\/blogsaverroes.juntadeandalucia.es\/ceeesagradafamilia\/wp-json\/wp\/v2\/users\/3822"}],"replies":[{"embeddable":true,"href":"https:\/\/blogsaverroes.juntadeandalucia.es\/ceeesagradafamilia\/wp-json\/wp\/v2\/comments?post=14271"}],"version-history":[{"count":8,"href":"https:\/\/blogsaverroes.juntadeandalucia.es\/ceeesagradafamilia\/wp-json\/wp\/v2\/pages\/14271\/revisions"}],"predecessor-version":[{"id":14533,"href":"https:\/\/blogsaverroes.juntadeandalucia.es\/ceeesagradafamilia\/wp-json\/wp\/v2\/pages\/14271\/revisions\/14533"}],"wp:attachment":[{"href":"https:\/\/blogsaverroes.juntadeandalucia.es\/ceeesagradafamilia\/wp-json\/wp\/v2\/media?parent=14271"}],"curies":[{"name":"wp","href":"https:\/\/api.w.org\/{rel}","templated":true}]}}