{"id":2466,"date":"2016-08-23T21:28:55","date_gmt":"2016-08-23T21:28:55","guid":{"rendered":"http:\/\/blogsaverroes.juntadeandalucia.es\/ceeesagradafamilia\/?page_id=2466"},"modified":"2017-04-19T08:04:18","modified_gmt":"2017-04-19T08:04:18","slug":"audicion-y-lenguaje","status":"publish","type":"page","link":"https:\/\/blogsaverroes.juntadeandalucia.es\/ceeesagradafamilia\/audicion-y-lenguaje\/","title":{"rendered":"Audici\u00f3n y Lenguaje"},"content":{"rendered":"<p>DOCUMENTACI\u00d3N<\/p>\n<p>1. <a href=\"http:\/\/blogsaverroes.juntadeandalucia.es\/ceeesagradafamilia\/files\/2016\/08\/INTRODUCCI\u00d3N.odt\" target=\"_blank\">Introducci\u00f3n<\/a><\/p>\n<p>2. <a href=\"http:\/\/blogsaverroes.juntadeandalucia.es\/ceeesagradafamilia\/files\/2016\/08\/CONSEJOS-PARA-ESTIMULAR-LA-COMUNICACI\u00d3N-Y-EL-LENGUAJE.odt\" target=\"_blank\">Consejos para estimular el lenguaje y la comunicaci\u00f3n en ni\u00f1os peque\u00f1os<\/a><\/p>\n<p>3. <a href=\"http:\/\/blogsaverroes.juntadeandalucia.es\/ceeesagradafamilia\/files\/2016\/08\/PETICIONES.odt\" target=\"_blank\">Peticiones<\/a><\/p>\n<p>4. <a href=\"http:\/\/blogsaverroes.juntadeandalucia.es\/ceeesagradafamilia\/files\/2016\/08\/RECURSOS-EN-LA-RED.odt\" target=\"_blank\">Recursos en la Red<\/a><\/p>\n<p>5. <a href=\"http:\/\/blogsaverroes.juntadeandalucia.es\/ceeesagradafamilia\/files\/2016\/08\/SISTEMAS-ALTERNATIVO-Y-O-COMPLEMENTARIOS-DE-COMUNICACI\u00d3N.odt\" target=\"_blank\">Sistemas alternativos y\/o complementarios de comunicaci\u00f3n<\/a><\/p>\n<p><a href=\"http:\/\/blogsaverroes.juntadeandalucia.es\/ceeesagradafamilia\/files\/2016\/08\/INTERVENCI\u00d3N-DE-AUDICI\u00d3N-Y-LENGUAJE-EN-NUESTRO-COLE.pdf\">6. Intervenci\u00f3n de audici\u00f3n y lenguaje en nuestro cole<\/a><\/p>\n","protected":false},"excerpt":{"rendered":"<p>DOCUMENTACI\u00d3N 1. Introducci\u00f3n 2. Consejos para estimular el lenguaje y la comunicaci\u00f3n en ni\u00f1os peque\u00f1os 3. Peticiones 4. Recursos en la Red 5. Sistemas alternativos y\/o complementarios de comunicaci\u00f3n 6. Intervenci\u00f3n de audici\u00f3n y&#46;&#46;&#46;<\/p>\n","protected":false},"author":3822,"featured_media":0,"parent":0,"menu_order":0,"comment_status":"open","ping_status":"open","template":"","meta":{"ngg_post_thumbnail":0,"footnotes":"","_mc_calendar":[]},"aioseo_notices":[],"_links":{"self":[{"href":"https:\/\/blogsaverroes.juntadeandalucia.es\/ceeesagradafamilia\/wp-json\/wp\/v2\/pages\/2466"}],"collection":[{"href":"https:\/\/blogsaverroes.juntadeandalucia.es\/ceeesagradafamilia\/wp-json\/wp\/v2\/pages"}],"about":[{"href":"https:\/\/blogsaverroes.juntadeandalucia.es\/ceeesagradafamilia\/wp-json\/wp\/v2\/types\/page"}],"author":[{"embeddable":true,"href":"https:\/\/blogsaverroes.juntadeandalucia.es\/ceeesagradafamilia\/wp-json\/wp\/v2\/users\/3822"}],"replies":[{"embeddable":true,"href":"https:\/\/blogsaverroes.juntadeandalucia.es\/ceeesagradafamilia\/wp-json\/wp\/v2\/comments?post=2466"}],"version-history":[{"count":6,"href":"https:\/\/blogsaverroes.juntadeandalucia.es\/ceeesagradafamilia\/wp-json\/wp\/v2\/pages\/2466\/revisions"}],"predecessor-version":[{"id":6078,"href":"https:\/\/blogsaverroes.juntadeandalucia.es\/ceeesagradafamilia\/wp-json\/wp\/v2\/pages\/2466\/revisions\/6078"}],"wp:attachment":[{"href":"https:\/\/blogsaverroes.juntadeandalucia.es\/ceeesagradafamilia\/wp-json\/wp\/v2\/media?parent=2466"}],"curies":[{"name":"wp","href":"https:\/\/api.w.org\/{rel}","templated":true}]}}