{"id":3215,"date":"2017-01-19T13:33:22","date_gmt":"2017-01-19T13:33:22","guid":{"rendered":"http:\/\/blogsaverroes.juntadeandalucia.es\/ceeesagradafamilia\/?page_id=3215"},"modified":"2025-10-28T18:30:22","modified_gmt":"2025-10-28T18:30:22","slug":"componentes","status":"publish","type":"page","link":"https:\/\/blogsaverroes.juntadeandalucia.es\/ceeesagradafamilia\/componentes\/","title":{"rendered":"Componentes"},"content":{"rendered":"<h1 style=\"text-align: center\"><span style=\"color: #ff6600\">CLAUSTRO 2025\/2026<\/span><\/h1>\n<p><strong>CLASE 1 FBO<\/strong><br \/>\n\u2013 Maestra pedagog\u00eda terap\u00e9utica: M.\u00aa Alonso Rodr\u00edguez Gonz\u00e1lez<br \/>\n\u2013 Educadora: Maite Gonz\u00e1lez Gallego<br \/>\n<strong>CLASE 2 FBO<\/strong><br \/>\n\u2013 Maestra pedagog\u00eda terap\u00e9utica: Esperanza P\u00e9rez D\u00edaz<br \/>\n\u2013 PTIS: Juana Mora N\u00fa\u00f1ez<br \/>\n<strong>CLASE 3 FBO<\/strong><br \/>\n\u2013 Maestra pedagog\u00eda terap\u00e9utica: Mar\u00eda Mora Ruiz<br \/>\n\u2013 PTIS: Merchi Dom\u00ednguez Varela<br \/>\n<strong>CLASE 4 FBO<\/strong><br \/>\n\u2013 Maestra pedagog\u00eda terap\u00e9utica: Yuri Meza Ram\u00edrez<br \/>\n\u2013 Educadora:<br \/>\n<strong>CLASE 5 FBO<\/strong><br \/>\n\u2013 Maestra pedagog\u00eda terap\u00e9utica: Paula Doblas G\u00f3mez<br \/>\n\u2013 PTIS:<br \/>\n<strong>CLASE 6 FBO<\/strong><br \/>\n\u2013 Maestra pedagog\u00eda terap\u00e9utica: Elena Pineda Guti\u00e9rrez<br \/>\n\u2013 PTIS: Fernando Castro Rodr\u00edguez<br \/>\n<strong>CLASE 7 FBO<\/strong><br \/>\n\u2013 Maestra pedagog\u00eda terap\u00e9utica: Patricia Rodr\u00edguez Fern\u00e1ndez<\/p>\n<p>\u2013 PTIS: Mar\u00eda P\u00e9rez Sampedro<br \/>\n<strong>CLASE 8 FBO<\/strong><\/p>\n<p>\u2013 Maestra pedagog\u00eda terap\u00e9utica: Mar\u00eda Carmen G\u00f3mez Prieto<br \/>\n\u2013 PTIS: Laura Rodr\u00edguez Redondo<br \/>\n<strong>CLASE 9 FBO<\/strong><br \/>\n\u2013 Maestra pedagog\u00eda terap\u00e9utica: Ana Bel\u00e9n Vicente \u00c1lvarez<br \/>\n\u2013 PTIS: Rosa S\u00e1nchez Correa<br \/>\n<strong>CLASE 10 FBO<\/strong><br \/>\n\u2013 Maestra pedagog\u00eda terap\u00e9utica: Mar\u00eda del Mar Bermejo Gil<br \/>\n\u2013 PTIS: Roc\u00edo Robles Rodr\u00edguez<\/p>\n<p><strong>CLASE 11 FBO<\/strong><br \/>\n\u2013 Maestra pedagog\u00eda terap\u00e9utica: Ana Mar\u00eda Gonz\u00e1lez Jim\u00e9nez<br \/>\n\u2013 PTIS: Laura Romero Blanco<br \/>\n<strong>CLASE 12 FBO<\/strong><\/p>\n<p>\u2013 Maestra pedagog\u00eda terap\u00e9utica: Xiomara M\u00e1rquez Requerey<br \/>\n\u2013 PTIS: Mar\u00eda Jos\u00e9 Barrios Guerrero<\/p>\n<p><strong>CLASE 13 FBO<\/strong><br \/>\n\u2013 Maestra pedagog\u00eda terap\u00e9utica: Beatriz Ar\u00e9valo Acevedo<br \/>\n\u2013 PTIS: Lola Beltr\u00e1n Mac\u00edas<br \/>\n<strong>CLASE 14 FBO<\/strong><br \/>\n\u2013 Maestra pedagog\u00eda terap\u00e9utica: Sandra Requena Escobar<br \/>\n\u2013 PTIS:<br \/>\n<strong>CLASE 15 FBO<\/strong><br \/>\n\u2013 Maestra pedagog\u00eda terap\u00e9utica: Gloria Navarro S\u00e1nchez<br \/>\n\u2013 PTIS: Sarai Domingo Chaparro<br \/>\n<strong>CLASE 16 FBO<\/strong><br \/>\n\u2013 Maestra pedagog\u00eda terap\u00e9utica: Beatriz Mesas L\u00f3pez<br \/>\n\u2013 PTIS: Mar\u00eda Borrero Pe\u00f1a<\/p>\n<p><strong>CLASE 17 FBO<\/strong><\/p>\n<p>\u2013 Maestra pedagog\u00eda terap\u00e9utica: Rub\u00e9n Garrido Cidoncha<br \/>\n\u2013 PTIS: Sonia Moreno Sonia<\/p>\n<p><strong>MAESTRAS DE APOYO<\/strong>: Roc\u00edo Carrizo M\u00e1rquez<br \/>\n<strong>MAESTRAS DE APOYO:<\/strong>&nbsp;Adela V\u00e9lez Salguero<\/p>\n<p><strong>PRETRANSICION 1<\/strong><br \/>\n\u2013 Maestra pedagog\u00eda terap\u00e9utica: Cinta Lim\u00f3n Casta\u00f1o<br \/>\n\u2013 PTIS: Roc\u00edo Vicente Escala<br \/>\n<strong>PRETRANSICI\u00d3N 2<\/strong><br \/>\n\u2013 Maestra pedagog\u00eda terap\u00e9utica: Yolanda Castillo Paniagua<br \/>\n\u2013 PTIS: Mariano Garrido Iscar<\/p>\n<p><strong>PRETRANSICI\u00d3N A LA VIDA ADULTA Y LABORAL 1 (PTVAL)<\/strong><br \/>\n\u2013 Maestra pedagog\u00eda terap\u00e9utica: Pastora B\u00e1ez V\u00e9lez<br \/>\n<strong>PRETRANSICI\u00d3N A LA VIDA ADULTA Y LABORAL 2 (PTVAL)<\/strong><br \/>\n\u2013 Maestra pedagog\u00eda terap\u00e9utica: Emilia Toro P\u00e9rez<\/p>\n<p><strong>AUDICI\u00d3N Y LENGUAJE<\/strong><br \/>\n\u2013 Maite Hern\u00e1ndez Merino<br \/>\n\u2013 Sonia Remedios Ramiro Gordo<br \/>\n\u2013 M.\u00aa del Mar Castro Salazar<br \/>\n<strong>FABRIC. E INST. CARPINT. MUEBLE (PTVAL)<\/strong><br \/>\n\u2013 Enrique Tallero Garc\u00eda<br \/>\n<strong>OPERACIONES Y EQUIP PROD. AGR. (PTVAL)<\/strong><br \/>\n\u2013 Claudio Jos\u00e9 Arribas G\u00f3mez<br \/>\n<strong>PTIS PTVAL<\/strong><br \/>\n\u2013 Roc\u00edo Garc\u00eda Ruiz<br \/>\n\u2013 Leonor Mora Mora<br \/>\n<strong>ORIENTADORA EOE<\/strong><br \/>\n\u2013 M.\u00aa Andrea Williams Bejarano<\/p>\n<h2 style=\"text-align: center\"><span style=\"color: #ff9900\">PERSONAL DE ADMINISTRACI\u00d3N Y SERVICIOS<\/span><\/h2>\n<p><strong>CONSERJE<\/strong><br \/>\n\u2013 Pedro de Diego Mart\u00edn<br \/>\n<strong>MONITORA ESCOLAR<\/strong><br \/>\n\u2013 Ana M.\u00aa Tovar Mart\u00edn<br \/>\n<strong>AUXILIAR DE COCINA (COCINERO\/A)<\/strong><br \/>\n\u2013 Javier Mu\u00f1iz Cuesta<br \/>\n\u2013 Gema S\u00e1nchez Hern\u00e1ndez<br \/>\n<strong>PERSONAL ASISTENTE EN RESTAURACI\u00d3N (AYUDANTE DE COCINA)<\/strong><br \/>\n\u2013 Margarita L\u00f3pez Rodr\u00edguez<br \/>\n<strong>PERSONAL DE LIMPIEZA Y ALOJAMIENTO<\/strong><br \/>\n\u2013 Rosa Mar\u00eda Guevara Rodr\u00edguez<br \/>\n\u2013 Mar\u00eda del Carmen Jaime Cordero<br \/>\n<strong>MEDICA EOE<\/strong><\/p>\n<ul>\n<li>Sara Naranjo Alem\u00e1n<\/li>\n<\/ul>\n<p><strong>ENFERMERA<\/strong><\/p>\n<ul>\n<li>Flor Rico Cuevas<\/li>\n<\/ul>\n<p><strong>FISIOTERAPEUTAS<\/strong><br \/>\n\u2013 Silvia D\u00edaz Cruzado<br \/>\n\u2013 Natalia Oliva Cabrera<\/p>\n","protected":false},"excerpt":{"rendered":"<p>CLAUSTRO 2025\/2026 CLASE 1 FBO \u2013 Maestra pedagog\u00eda terap\u00e9utica: M.\u00aa Alonso Rodr\u00edguez Gonz\u00e1lez \u2013 Educadora: Maite Gonz\u00e1lez Gallego CLASE 2 FBO \u2013 Maestra pedagog\u00eda terap\u00e9utica: Esperanza P\u00e9rez D\u00edaz \u2013 PTIS: Juana Mora N\u00fa\u00f1ez CLASE&#46;&#46;&#46;<\/p>\n","protected":false},"author":3822,"featured_media":0,"parent":0,"menu_order":0,"comment_status":"open","ping_status":"open","template":"","meta":{"ngg_post_thumbnail":0,"footnotes":"","_mc_calendar":[]},"aioseo_notices":[],"_links":{"self":[{"href":"https:\/\/blogsaverroes.juntadeandalucia.es\/ceeesagradafamilia\/wp-json\/wp\/v2\/pages\/3215"}],"collection":[{"href":"https:\/\/blogsaverroes.juntadeandalucia.es\/ceeesagradafamilia\/wp-json\/wp\/v2\/pages"}],"about":[{"href":"https:\/\/blogsaverroes.juntadeandalucia.es\/ceeesagradafamilia\/wp-json\/wp\/v2\/types\/page"}],"author":[{"embeddable":true,"href":"https:\/\/blogsaverroes.juntadeandalucia.es\/ceeesagradafamilia\/wp-json\/wp\/v2\/users\/3822"}],"replies":[{"embeddable":true,"href":"https:\/\/blogsaverroes.juntadeandalucia.es\/ceeesagradafamilia\/wp-json\/wp\/v2\/comments?post=3215"}],"version-history":[{"count":88,"href":"https:\/\/blogsaverroes.juntadeandalucia.es\/ceeesagradafamilia\/wp-json\/wp\/v2\/pages\/3215\/revisions"}],"predecessor-version":[{"id":23623,"href":"https:\/\/blogsaverroes.juntadeandalucia.es\/ceeesagradafamilia\/wp-json\/wp\/v2\/pages\/3215\/revisions\/23623"}],"wp:attachment":[{"href":"https:\/\/blogsaverroes.juntadeandalucia.es\/ceeesagradafamilia\/wp-json\/wp\/v2\/media?parent=3215"}],"curies":[{"name":"wp","href":"https:\/\/api.w.org\/{rel}","templated":true}]}}