{"id":35,"date":"2015-03-13T08:21:43","date_gmt":"2015-03-13T08:21:43","guid":{"rendered":"http:\/\/blogsaverroes.juntadeandalucia.es\/pre\/ceip\/?page_id=35"},"modified":"2016-07-31T22:51:51","modified_gmt":"2016-07-31T22:51:51","slug":"datos-del-centro","status":"publish","type":"page","link":"https:\/\/blogsaverroes.juntadeandalucia.es\/ceeesagradafamilia\/datos-del-centro\/","title":{"rendered":"Datos del centro"},"content":{"rendered":"<p><iframe loading=\"lazy\" src=\"https:\/\/www.google.com\/maps\/embed?pb=!1m14!1m8!1m3!1d12698.540817816203!2d-6.9094406!3d37.2800767!3m2!1i1024!2i768!4f13.1!3m3!1m2!1s0x0%3A0xf73ff9e33dfec745!2sColegio+P%C3%BAblico+de+Educaci%C3%B3n+Especial+Sagrada+Familia!5e0!3m2!1ses!2ses!4v1468857965912\" width=\"400\" height=\"300\" frameborder=\"0\"><\/iframe><\/p>\n<p><strong>Direcci\u00f3n del centro: <\/strong><span class=\"_Xbe\">Carretera Huelva &#8211; Sevilla, 0 km 636 Aptdo 53, 21007 Huelva<\/span><\/p>\n<p><strong>Tel\u00e9fono: <\/strong><span class=\"_Xbe _ZWk kno-fv\"><a class=\"fl r-iQ_mCh0ZhX_I\" title=\"Llamar a trav\u00e9s de Hangouts\">959 52 45 00<\/a><\/span><\/p>\n<p><strong>Correo electr\u00f3nico: <\/strong>21001545.edu@juntadeandalucia.es<\/p>\n","protected":false},"excerpt":{"rendered":"<p>Direcci\u00f3n del centro: Carretera Huelva &#8211; Sevilla, 0 km 636 Aptdo 53, 21007 Huelva Tel\u00e9fono: 959 52 45 00 Correo electr\u00f3nico: 21001545.edu@juntadeandalucia.es<\/p>\n","protected":false},"author":1,"featured_media":0,"parent":0,"menu_order":0,"comment_status":"closed","ping_status":"open","template":"","meta":{"ngg_post_thumbnail":0,"footnotes":"","_mc_calendar":[]},"aioseo_notices":[],"_links":{"self":[{"href":"https:\/\/blogsaverroes.juntadeandalucia.es\/ceeesagradafamilia\/wp-json\/wp\/v2\/pages\/35"}],"collection":[{"href":"https:\/\/blogsaverroes.juntadeandalucia.es\/ceeesagradafamilia\/wp-json\/wp\/v2\/pages"}],"about":[{"href":"https:\/\/blogsaverroes.juntadeandalucia.es\/ceeesagradafamilia\/wp-json\/wp\/v2\/types\/page"}],"author":[{"embeddable":true,"href":"https:\/\/blogsaverroes.juntadeandalucia.es\/ceeesagradafamilia\/wp-json\/wp\/v2\/users\/1"}],"replies":[{"embeddable":true,"href":"https:\/\/blogsaverroes.juntadeandalucia.es\/ceeesagradafamilia\/wp-json\/wp\/v2\/comments?post=35"}],"version-history":[{"count":12,"href":"https:\/\/blogsaverroes.juntadeandalucia.es\/ceeesagradafamilia\/wp-json\/wp\/v2\/pages\/35\/revisions"}],"predecessor-version":[{"id":2315,"href":"https:\/\/blogsaverroes.juntadeandalucia.es\/ceeesagradafamilia\/wp-json\/wp\/v2\/pages\/35\/revisions\/2315"}],"wp:attachment":[{"href":"https:\/\/blogsaverroes.juntadeandalucia.es\/ceeesagradafamilia\/wp-json\/wp\/v2\/media?parent=35"}],"curies":[{"name":"wp","href":"https:\/\/api.w.org\/{rel}","templated":true}]}}